{"id":6136,"date":"2025-12-31T16:27:53","date_gmt":"2025-12-31T08:27:53","guid":{"rendered":"https:\/\/uniasen.com\/?page_id=6136"},"modified":"2025-12-31T17:15:00","modified_gmt":"2025-12-31T09:15:00","slug":"privacy-policy","status":"publish","type":"page","link":"https:\/\/uniasen.com\/tr\/gizlilik-politikasi\/","title":{"rendered":"Gizlilik Politikas\u0131"},"content":{"rendered":"<section class=\"section\" id=\"section_1169238017\">\n\t\t<div class=\"section-bg fill\" >\n\t\t\t\t\t\t\t\t\t\n\t\t\t\n\n\t\t<\/div>\n\n\t\t\n\n\t\t<div class=\"section-content relative\">\n\t\t\t\n<div class=\"row\"  id=\"row-337362877\">\n\n\t<div id=\"col-1523358427\" class=\"col small-12 large-12\"  >\n\t\t\t\t<div class=\"col-inner\"  >\n\t\t\t\n\t\t\t\n<p><a href=\"https:\/\/uniasen.com\/tr\/\">Ev<\/a> \/ Hizmet Ko\u015fullar\u0131<\/p>\n<h1>Gizlilik Politikas\u0131<\/h1>\n<p><strong>Ge\u00e7erlilik Tarihi: Aral\u0131k <span class=\"g0-inline-suggestion\" data-g0-suggetion-diff-id=\"modification-25-29\" data-feedback-type=\"grammar\">30, <\/span>2025<\/strong><\/p>\n<p>Ho\u015f geldiniz <a href=\"https:\/\/uniasen.com\/tr\/\">https:\/\/uniasen.com\/<\/a> (bundan b\u00f6yle \"bu web sitesi\" olarak an\u0131lacakt\u0131r). Bu web sitesi Uniasen (Tianjin) Co., Ltd. taraf\u0131ndan y\u00f6netilmekte ve i\u015fletilmektedir. (bundan b\u00f6yle \"biz\" veya \"\u015firketimiz\" olarak an\u0131lacakt\u0131r) taraf\u0131ndan y\u00f6netilmekte ve i\u015fletilmektedir. Gizlili\u011fin sizin i\u00e7in \u00f6nemini anl\u0131yoruz ve bu web sitesinde g\u00f6nderdi\u011finiz ki\u015fisel bilgileri korumak i\u00e7in elimizden geleni yapaca\u011f\u0131z.<\/p>\n<p>Bu Gizlilik Politikas\u0131 (bundan b\u00f6yle \"bu Politika\" olarak an\u0131lacakt\u0131r), toplanmas\u0131, kullan\u0131lmas\u0131, if\u015fa edilmesi, saklanmas\u0131 ve korunmas\u0131na ili\u015fkin kurallar da dahil olmak \u00fczere ki\u015fisel bilgilerinizi nas\u0131l ele ald\u0131\u011f\u0131m\u0131z\u0131 a\u00e7\u0131klamaktad\u0131r. Bu web sitesine eri\u015ferek, web i\u00e7eri\u011fine g\u00f6z atarak, sorgulama formlar\u0131 g\u00f6ndererek, fiyat teklifi isteyerek veya web sitesi arac\u0131l\u0131\u011f\u0131yla bizimle ileti\u015fime ge\u00e7erek, bu Politikan\u0131n t\u00fcm ko\u015fullar\u0131n\u0131 okumu\u015f, anlam\u0131\u015f ve bunlara ba\u011fl\u0131 kalmay\u0131 kabul etmi\u015f say\u0131l\u0131rs\u0131n\u0131z. Bu Politikadaki \u015fartlardan herhangi birini kabul etmiyorsan\u0131z, l\u00fctfen bu web sitesini kullanmay\u0131 derhal b\u0131rak\u0131n.<\/p>\n<p>Bu Politikay\u0131 zaman zaman g\u00fcncelleme hakk\u0131m\u0131z sakl\u0131d\u0131r ve g\u00fcncellenmi\u015f versiyon bu web sitesinde yay\u0131nlanacak ve yay\u0131nlanma tarihinden itibaren ge\u00e7erli olacakt\u0131r. Bu web sitesini kullanmaya devam etmeniz, revize edilmi\u015f politikay\u0131 kabul etti\u011finiz anlam\u0131na gelir. En son politika ile g\u00fcncel kalmak i\u00e7in l\u00fctfen bu sayfay\u0131 d\u00fczenli olarak kontrol edin.<\/p>\n<h2>1. Bilgileri Nas\u0131l Topluyoruz<\/h2>\n<p>Bilgilerinizi a\u015fa\u011f\u0131daki \u015fekillerde toplayabiliriz:<\/p>\n<p>(1) G\u00f6n\u00fcll\u00fc olarak sa\u011flad\u0131\u011f\u0131n\u0131z bilgiler<\/p>\n<p>Bu web sitesindeki ileti\u015fim formunu, sorgulama formunu, fiyat teklifi isteme i\u015flevini kulland\u0131\u011f\u0131n\u0131zda veya bizimle e-posta yoluyla ileti\u015fim kurdu\u011funuzda, a\u015fa\u011f\u0131daki ki\u015fisel bilgileri sa\u011flayabilirsiniz:<\/p>\n<ul>\n<li><span class=\"g0-inline-suggestion\" data-g0-suggetion-diff-id=\"insertion-1491-1495\" data-feedback-type=\"grammar\">Na<\/span>Ben<\/li>\n<li><span class=\"g0-inline-suggestion\" data-g0-suggetion-diff-id=\"insertion-1497-1501\" data-feedback-type=\"grammar\">Co<\/span>\u015eirket Ad\u0131<\/li>\n<li><span class=\"g0-inline-suggestion\" data-g0-suggetion-diff-id=\"insertion-1511-1515\" data-feedback-type=\"grammar\">Em<\/span>ail Adresi<\/li>\n<li><span class=\"g0-inline-suggestion\" data-g0-suggetion-diff-id=\"insertion-1526-1530\" data-feedback-type=\"grammar\">Ph<\/span>bir Numara<\/li>\n<li><span class=\"g0-inline-suggestion\" data-g0-suggetion-diff-id=\"insertion-1540-1544\" data-feedback-type=\"grammar\">Jo<\/span>b Unvan veya di\u011fer ileti\u015fim bilgileri<\/li>\n<li><span class=\"g0-inline-suggestion\" data-g0-suggetion-diff-id=\"insertion-1576-1580\" data-feedback-type=\"grammar\">\u0130\u00e7inde<\/span>quiry i\u00e7eri\u011fi (\u00fcr\u00fcn \u00f6zellikleri, miktar, teslimat gereksinimleri vb. gibi)<\/li>\n<\/ul>\n<p>Belirli bilgileri vermemeyi tercih edebilirsiniz, ancak bu size fiyat teklifi, dan\u0131\u015fmanl\u0131k veya sipari\u015f hizmetleri sunma becerimizin eksiksizli\u011fini etkileyebilir.<\/p>\n<p><span class=\"g0-inline-suggestion\" data-g0-suggetion-diff-id=\"deletion-1832-1872\" data-feedback-type=\"grammar\">(2) Otomatik Olarak Toplanan Bilgiler <\/span><\/p>\n<p>Bu web sitesini ziyaret etti\u011finizde, sunucular\u0131m\u0131z a\u015fa\u011f\u0131dakiler de dahil olmak \u00fczere belirli ki\u015fisel olmayan bilgileri otomatik olarak kaydeder:<\/p>\n<ul>\n<li><span class=\"g0-inline-suggestion\" data-g0-suggetion-diff-id=\"insertion-1978-1982\" data-feedback-type=\"grammar\">IP<\/span> <span class=\"g0-inline-suggestion\" data-g0-suggetion-diff-id=\"modification-1983-1992\" data-feedback-type=\"grammar\">addre<\/span><span class=\"g0-inline-suggestion\" data-g0-suggetion-diff-id=\"modification-1983-1992\" data-feedback-type=\"grammar\">ss<\/span><\/li>\n<li><span class=\"g0-inline-suggestion\" data-g0-suggetion-diff-id=\"insertion-1992-1996\" data-feedback-type=\"grammar\">Br<\/span>owser t\u00fcr\u00fc ve s\u00fcr\u00fcm\u00fc<\/li>\n<li><span class=\"g0-inline-suggestion\" data-g0-suggetion-diff-id=\"insertion-2018-2022\" data-feedback-type=\"grammar\">Op<\/span>erating system<\/li>\n<li><span class=\"g0-inline-suggestion\" data-g0-suggetion-diff-id=\"insertion-2036-2040\" data-feedback-type=\"grammar\">Ac<\/span>Kesinti saati ve tarihi<\/li>\n<li><span class=\"g0-inline-suggestion\" data-g0-suggetion-diff-id=\"insertion-2058-2062\" data-feedback-type=\"grammar\">Pa<\/span>ges ziyaret edildi<\/li>\n<li><span class=\"g0-inline-suggestion\" data-g0-suggetion-diff-id=\"insertion-2073-2077\" data-feedback-type=\"grammar\">Yeniden<\/span>ferring web sitesi (bu web sitesine eri\u015fti\u011finiz sayfa)<\/li>\n<\/ul>\n<p><span class=\"g0-inline-suggestion\" data-g0-suggetion-diff-id=\"deletion-2142-2179\" data-feedback-type=\"grammar\">(3) \u00c7erezler ve Benzer Teknolojiler <\/span><\/p>\n<p>Web sitesi deneyimini iyile\u015ftirmek, kullan\u0131m\u0131 analiz etmek ve ziyaretleri izlemek i\u00e7in \u00e7erezler, web i\u015faret\u00e7ileri veya benzer izleme teknolojileri kullanabiliriz. Bu teknolojiler a\u015fa\u011f\u0131dakilere yard\u0131mc\u0131 olur:<\/p>\n<ul>\n<li><span class=\"g0-inline-suggestion\" data-g0-suggetion-diff-id=\"insertion-2340-2344\" data-feedback-type=\"grammar\">Yeniden<\/span>\u00fcye tercihleriniz<\/li>\n<li><span class=\"g0-inline-suggestion\" data-g0-suggetion-diff-id=\"insertion-2367-2371\" data-feedback-type=\"grammar\">Bir<\/span>web sitesi trafi\u011fini alyze<\/li>\n<li><span class=\"g0-inline-suggestion\" data-g0-suggetion-diff-id=\"insertion-2392-2396\" data-feedback-type=\"grammar\">Im<\/span>web sitesi i\u015flevselli\u011fini kan\u0131tlay\u0131n<\/li>\n<\/ul>\n<p>Yayg\u0131n taray\u0131c\u0131lar genellikle varsay\u0131lan olarak \u00e7erez depolamay\u0131 etkinle\u015ftirir. Taray\u0131c\u0131n\u0131z\u0131n gizlilik ayarlar\u0131ndan \u00e7erezleri reddetmeyi veya silmeyi se\u00e7ebilirsiniz, ancak bu baz\u0131 web sitesi hizmetlerini d\u00fczg\u00fcn kullanman\u0131z\u0131 engelleyebilir. \u00c7erezleri ki\u015fiselle\u015ftirilmi\u015f reklamc\u0131l\u0131k i\u00e7in kullanmayaca\u011f\u0131z veya \u00e7erezlere dayal\u0131 \u00fc\u00e7\u00fcnc\u00fc taraf reklam a\u011flar\u0131yla derin veri entegrasyonu ger\u00e7ekle\u015ftirmeyece\u011fiz.<\/p>\n<h3>2. <span class=\"g0-inline-suggestion\" data-g0-suggetion-diff-id=\"deletion-2798-2826\" data-feedback-type=\"grammar\">Bilgilerinizi Nas\u0131l Kullan\u0131yoruz <\/span><\/h3>\n<p>Toplad\u0131\u011f\u0131m\u0131z bilgiler \u00f6ncelikle a\u015fa\u011f\u0131daki ama\u00e7lar i\u00e7in kullan\u0131l\u0131r:<\/p>\n<ul>\n<li><span class=\"g0-inline-suggestion\" data-g0-suggetion-diff-id=\"insertion-2898-2902\" data-feedback-type=\"grammar\">Pr<\/span>Sorular\u0131n\u0131z\u0131 i\u015fleme koymak, fiyat teklifi ve \u00fcr\u00fcn bilgisi sa\u011flamak<\/li>\n<li><span class=\"g0-inline-suggestion\" data-g0-suggetion-diff-id=\"insertion-2967-2971\" data-feedback-type=\"grammar\">Yeniden<\/span>sorular\u0131n\u0131za yan\u0131t vermek, teknik destek veya m\u00fc\u015fteri hizmetleri sa\u011flamak<\/li>\n<li><span class=\"g0-inline-suggestion\" data-g0-suggetion-diff-id=\"insertion-3046-3050\" data-feedback-type=\"grammar\">Fu<\/span>Sipari\u015flerin doldurulmas\u0131, \u00fcretim ve lojisti\u011fin d\u00fczenlenmesi (varsa)<\/li>\n<li><span class=\"g0-inline-suggestion\" data-g0-suggetion-diff-id=\"insertion-3117-3121\" data-feedback-type=\"grammar\">Im<\/span>Web sitesi i\u00e7eri\u011finin, i\u015flevselli\u011finin ve kullan\u0131c\u0131 deneyiminin kan\u0131tlanmas\u0131<\/li>\n<li><span class=\"g0-inline-suggestion\" data-g0-suggetion-diff-id=\"insertion-3180-3184\" data-feedback-type=\"grammar\">Bir<\/span>dahili istatistikler ve ara\u015ft\u0131rmalar i\u00e7in web sitesi kullan\u0131m\u0131n\u0131n analiz edilmesi<\/li>\n<li><span class=\"g0-inline-suggestion\" data-g0-suggetion-diff-id=\"insertion-3242-3246\" data-feedback-type=\"grammar\">Se<\/span>\u0130\u015flemsel ileti\u015fimlerin sa\u011flanmas\u0131 (teklif onaylar\u0131, sipari\u015f g\u00fcncellemeleri gibi)<\/li>\n<li><span class=\"g0-inline-suggestion\" data-g0-suggetion-diff-id=\"insertion-3325-3329\" data-feedback-type=\"grammar\">Co<\/span>yasal y\u00fck\u00fcml\u00fcl\u00fckleri yerine getirmek veya me\u015fru menfaatlerimizi korumak<\/li>\n<\/ul>\n<p>A\u00e7\u0131k\u00e7a izin vermedi\u011finiz s\u00fcrece ki\u015fisel bilgilerinizi do\u011frudan pazarlama veya tan\u0131t\u0131m amac\u0131yla kullanmayaca\u011f\u0131z (bu web sitesinin \u015fu anda sunmad\u0131\u011f\u0131 haber b\u00fcltenlerine abone olmak gibi).<\/p>\n<h2><span class=\"g0-inline-suggestion\" data-g0-suggetion-diff-id=\"deletion-3601-3639\" data-feedback-type=\"grammar\">3. Bilgi Payla\u015f\u0131m\u0131 ve \u0130f\u015fa <\/span><\/h2>\n<p>Ki\u015fisel bilgilerinizi satmay\u0131z, kiralamay\u0131z veya takas etmeyiz. Bilgileri yaln\u0131zca a\u015fa\u011f\u0131daki durumlarda payla\u015f\u0131r\u0131z:<\/p>\n<ul>\n<li><span class=\"g0-inline-suggestion\" data-g0-suggetion-diff-id=\"insertion-3756-3760\" data-feedback-type=\"grammar\">Sh<\/span>Bilgileri yaln\u0131zca bize hizmet sa\u011flamak amac\u0131yla kullanmakla s\u0131n\u0131rl\u0131 olan ve gizlilik y\u00fck\u00fcml\u00fcl\u00fcklerine ba\u011fl\u0131 olan g\u00fcvenilir hizmet sa\u011flay\u0131c\u0131larla (web sitesi bar\u0131nd\u0131rma, e-posta hizmetleri, lojistik ortaklar\u0131 gibi).<\/li>\n<li><span class=\"g0-inline-suggestion\" data-g0-suggetion-diff-id=\"insertion-3995-3999\" data-feedback-type=\"grammar\">Sh<\/span>i\u015f ortaklar\u0131yla (\u00f6rne\u011fin sipari\u015fin yerine getirilmesi s\u0131ras\u0131nda) yaln\u0131zca gerekli oldu\u011fu \u00f6l\u00e7\u00fcde ileti\u015fim kurmak.<\/li>\n<li><span class=\"g0-inline-suggestion\" data-g0-suggetion-diff-id=\"insertion-4093-4097\" data-feedback-type=\"grammar\">Di<\/span>Yasalar gerektirdi\u011finde devlet kurumlar\u0131na, d\u00fczenleyici kurumlara veya kolluk kuvvetlerine if\u015fa etmek.<\/li>\n<li><span class=\"g0-inline-suggestion\" data-g0-suggetion-diff-id=\"insertion-4198-4202\" data-feedback-type=\"grammar\">Tr<\/span>\u015eirket birle\u015fmeleri, sat\u0131n almalar veya varl\u0131k devirleri gibi ticari i\u015flemlerde bir varl\u0131\u011f\u0131n par\u00e7as\u0131 olarak aktar\u0131lmas\u0131.<\/li>\n<li><span class=\"g0-inline-suggestion\" data-g0-suggetion-diff-id=\"insertion-4316-4320\" data-feedback-type=\"grammar\">Bir<\/span>tekil veya toplu bilgiler istatistiksel veya ara\u015ft\u0131rma ama\u00e7l\u0131 kullan\u0131labilir ve bireyleri tan\u0131mlamaz.<\/li>\n<li>\u00dc\u00e7\u00fcnc\u00fc taraf web sitelerinin (\u00f6deme veya lojistik platformlar\u0131na ba\u011flant\u0131lar gibi) gizlilik uygulamalar\u0131 bu politikaya tabi de\u011fildir; l\u00fctfen politikalar\u0131n\u0131 ayr\u0131ca inceleyin.<\/li>\n<\/ul>\n<h2><span class=\"g0-inline-suggestion\" data-g0-suggetion-diff-id=\"deletion-4610-4627\" data-feedback-type=\"grammar\">4. Veri G\u00fcvenli\u011fi <\/span><\/h2>\n<p>Ki\u015fisel bilgilerinizi korumak i\u00e7in g\u00fcvenlik duvarlar\u0131, \u015fifreli veri iletimi ve eri\u015fim kontrolleri gibi makul y\u00f6netim, teknik ve fiziksel ara\u00e7lar kullan\u0131yoruz. Bu <span class=\"g0-inline-suggestion\" data-g0-suggetion-diff-id=\"modification-4801-4811\" data-feedback-type=\"grammar\">\u00f6nemli <\/span>\u0130nternet ortam\u0131n\u0131n kesinlikle g\u00fcvenli olmad\u0131\u011f\u0131n\u0131 ve bu nedenle veri aktar\u0131m\u0131 i\u00e7in 100% g\u00fcvenli\u011fini garanti edemeyece\u011fimizi unutmay\u0131n. Bu web sitesini kullan\u0131rken ki\u015fisel bilgilerinizi korumak i\u00e7in uygun \u00f6nlemleri alman\u0131z\u0131 da \u00f6neririz. E\u011fer <span class=\"g0-inline-suggestion\" data-g0-suggetion-diff-id=\"modification-5068-5076\" data-feedback-type=\"grammar\">var. <\/span>bir veri ihlalinde, etkilenen kullan\u0131c\u0131lar\u0131 h\u0131zl\u0131 bir \u015fekilde bilgilendirece\u011fiz. Yasal gereklilikleri takip edecek ve etkiyi s\u0131n\u0131rland\u0131rmak i\u00e7in ad\u0131mlar ataca\u011f\u0131z.<\/p>\n<h2>5. Uluslararas\u0131 Veri Transferi<\/h2>\n<p>Web sitesi sunucular\u0131m\u0131z \u00c7in'de bulunmaktad\u0131r. Bu, bu web sitesinde sa\u011flad\u0131\u011f\u0131n\u0131z verilerin \u00c7in'de depolanabilece\u011fi ve i\u015flenebilece\u011fi anlam\u0131na gelir. Avrupa Birli\u011fi'nden, \u00c7in d\u0131\u015f\u0131ndan veya kat\u0131 veri koruma yasalar\u0131na sahip di\u011fer b\u00f6lgelerden iseniz, verilerinizin s\u0131n\u0131r \u00f6tesine aktar\u0131lmas\u0131 gerekebilir. Bilgilerinizin makul bir \u015fekilde korunmas\u0131n\u0131 sa\u011flamak i\u00e7in standart s\u00f6zle\u015fme maddeleri gibi uygun y\u00f6ntemleri kullanaca\u011f\u0131z.<\/p>\n<h3><span class=\"g0-inline-suggestion\" data-g0-suggetion-diff-id=\"deletion-5660-5663\" data-feedback-type=\"grammar\">6. <\/span> Sizin Haklar\u0131n\u0131z<\/h3>\n<p>B\u00f6lgenizdeki ge\u00e7erli yasalara (Genel Veri Koruma Y\u00f6netmeli\u011fi (GDPR), Kaliforniya T\u00fcketici Gizlili\u011fi Yasas\u0131 (CCPA) veya di\u011fer veri koruma y\u00f6netmelikleri gibi) ba\u011fl\u0131 olarak a\u015fa\u011f\u0131daki haklara sahip olabilirsiniz:<\/p>\n<ul>\n<li><span class=\"g0-inline-suggestion\" data-g0-suggetion-diff-id=\"insertion-5893-5897\" data-feedback-type=\"grammar\">Ac<\/span>elimizde bulunan ki\u015fisel bilgilerinize eri\u015fim<\/li>\n<li><span class=\"g0-inline-suggestion\" data-g0-suggetion-diff-id=\"insertion-5943-5947\" data-feedback-type=\"grammar\">Co<\/span>yanl\u0131\u015f bilgilerin d\u00fczeltilmesi<\/li>\n<li><span class=\"g0-inline-suggestion\" data-g0-suggetion-diff-id=\"insertion-5981-5985\" data-feedback-type=\"grammar\">Yeniden<\/span>ki\u015fisel bilgilerinizin silinmesi talebi (yasal saklama gerekliliklerine tabi olarak)<\/li>\n<li><span class=\"g0-inline-suggestion\" data-g0-suggetion-diff-id=\"insertion-6074-6078\" data-feedback-type=\"grammar\">Ob<\/span>belirli i\u015fleme faaliyetlerine son verilmesi veya bunlar\u0131n k\u0131s\u0131tlanmas\u0131<\/li>\n<li><span class=\"g0-inline-suggestion\" data-g0-suggetion-diff-id=\"insertion-6125-6129\" data-feedback-type=\"grammar\">Da<\/span>ta ta\u015f\u0131nabilirli\u011fi (verilerin yap\u0131land\u0131r\u0131lm\u0131\u015f bir formatta elde edilmesi)<\/li>\n<li>Bu haklar\u0131 kullanmak i\u00e7in l\u00fctfen bu web sitesindeki ileti\u015fim formu arac\u0131l\u0131\u011f\u0131yla veya a\u015fa\u011f\u0131daki ileti\u015fim bilgilerini kullanarak bizimle ileti\u015fime ge\u00e7in. Kimli\u011finizi do\u011frulayaca\u011f\u0131z ve makul bir s\u00fcre i\u00e7inde (genellikle 30 g\u00fcn i\u00e7inde) yan\u0131t verece\u011fiz.<\/li>\n<\/ul>\n<h2><span class=\"g0-inline-suggestion\" data-g0-suggetion-diff-id=\"modification-6408-6410\" data-feedback-type=\"grammar\">7.<\/span> <span class=\"g0-inline-suggestion\" data-g0-suggetion-diff-id=\"deletion-6411-6430\" data-feedback-type=\"grammar\">\u00c7ocuklar\u0131n Gizlili\u011fi <\/span><\/h2>\n<p>Bu web sitesi 13 ya\u015f\u0131n alt\u0131ndaki \u00e7ocuklar i\u00e7in tasarlanmam\u0131\u015ft\u0131r ve \u00e7ocuklardan bilerek ki\u015fisel bilgi toplam\u0131yoruz. Yanl\u0131\u015fl\u0131kla bir \u00e7ocuktan bilgi toplad\u0131\u011f\u0131m\u0131z\u0131 d\u00fc\u015f\u00fcn\u00fcyorsan\u0131z, l\u00fctfen silinmesi i\u00e7in derhal bizimle ileti\u015fime ge\u00e7in.<\/p>\n<h2>8. \u00dc\u00e7\u00fcnc\u00fc Taraf Ba\u011flant\u0131lar\u0131<\/h2>\n<p>Bu site baz\u0131 \u00fc\u00e7\u00fcnc\u00fc taraf web sitelerine ba\u011flant\u0131lar i\u00e7erebilir. Bu web sitelerinin kendi gizlilik politikalar\u0131 oldu\u011funu ve gizlilik uygulamalar\u0131ndan sorumlu olmad\u0131\u011f\u0131m\u0131z\u0131 l\u00fctfen unutmay\u0131n. Bu web sitelerini kullanmadan \u00f6nce politikalar\u0131 hakk\u0131nda bilgi edinmenizi tavsiye ederiz.<\/p>\n<h2>9. Politika De\u011fi\u015fiklikleri<\/h2>\n<p>Bu politika gerekti\u011finde g\u00fcncellenebilir. \u00d6nemli politika de\u011fi\u015fiklikleri i\u00e7in sizi web sitesi duyurular\u0131 veya e-posta yoluyla bilgilendirece\u011fiz. Politika g\u00fcncellemesinden sonra bu web sitesini kullanmaya devam ederseniz, g\u00fcncellenen t\u00fcm i\u00e7eri\u011fi okudu\u011funuz ve kabul etti\u011finiz kabul edilecektir.<\/p>\n<h2><span class=\"g0-inline-suggestion\" data-g0-suggetion-diff-id=\"deletion-7249-7264\" data-feedback-type=\"grammar\">10. Bize Ula\u015f\u0131n <\/span><\/h2>\n<p>Herhangi bir sorunuz, yorumunuz varsa veya bu politikayla ilgili haklar\u0131n\u0131z\u0131 kullanmak istiyorsan\u0131z, l\u00fctfen a\u015fa\u011f\u0131daki bilgileri kullanarak bizimle ileti\u015fime ge\u00e7in: Unisen (Tianjin) Co, Ltd.<\/p>\n<p><span class=\"g0-inline-suggestion\" data-g0-suggetion-diff-id=\"deletion-7434-7458\" data-feedback-type=\"grammar\">Adres Tianjin, \u00c7in <\/span><\/p>\n<p>E-posta: <a href=\"mailto:export@uniasen.com\">export@uniasen.com<\/a> (veya web sitesi <a href=\"https:\/\/uniasen.com\/tr\/iletisim\/\">\u0130leti\u015fim Formu<\/a>)<\/p>\n<p><span class=\"g0-inline-suggestion\" data-g0-suggetion-diff-id=\"modification-7508-7516\" data-feedback-type=\"grammar\">Web sitesi:<\/span> <a href=\"https:\/\/uniasen.com\/tr\/\"><span class=\"g0-inline-suggestion\" data-g0-suggetion-diff-id=\"deletion-7517-7538\" data-feedback-type=\"grammar\">https:\/\/uniasen.com\/<\/span><\/a><\/p>\n<p>Unisen (Tianjin) Co, Ltd'ye g\u00fcvendi\u011finiz i\u00e7in te\u015fekk\u00fcr ederiz! Ki\u015fisel bilgilerinizi sorumlu bir \u015fekilde ele almaya kararl\u0131y\u0131z.<\/p>\n\t\t<\/div>\n\t\t\t\t\t<\/div>\n\n\t\n<\/div>\n\t\t<\/div>\n\n\t\t\n<style>\n#section_1169238017 {\n  padding-top: 60px;\n  padding-bottom: 60px;\n}\n<\/style>\n\t<\/section>","protected":false},"excerpt":{"rendered":"","protected":false},"author":10,"featured_media":0,"parent":0,"menu_order":0,"comment_status":"closed","ping_status":"closed","template":"page-blank.php","meta":{"footnotes":""},"class_list":["post-6136","page","type-page","status-publish","hentry"],"yoast_head":"<!-- This site is optimized with the Yoast SEO plugin v23.6 - https:\/\/yoast.com\/wordpress\/plugins\/seo\/ -->\n<title>Privacy Policy - UNIASEN<\/title>\n<meta name=\"robots\" content=\"index, follow, max-snippet:-1, max-image-preview:large, max-video-preview:-1\" \/>\n<link rel=\"canonical\" href=\"https:\/\/uniasen.com\/tr\/gizlilik-politikasi\/\" \/>\n<meta property=\"og:locale\" content=\"tr_TR\" \/>\n<meta property=\"og:type\" content=\"article\" \/>\n<meta property=\"og:title\" content=\"Privacy Policy - UNIASEN\" \/>\n<meta property=\"og:url\" content=\"https:\/\/uniasen.com\/tr\/gizlilik-politikasi\/\" \/>\n<meta property=\"og:site_name\" content=\"UNIASEN\" \/>\n<meta property=\"article:modified_time\" content=\"2025-12-31T09:15:00+00:00\" \/>\n<meta name=\"twitter:card\" content=\"summary_large_image\" \/>\n<meta name=\"twitter:label1\" content=\"Tahmini okuma s\u00fcresi\" \/>\n\t<meta name=\"twitter:data1\" content=\"6 dakika\" \/>\n<script type=\"application\/ld+json\" class=\"yoast-schema-graph\">{\"@context\":\"https:\/\/schema.org\",\"@graph\":[{\"@type\":\"WebPage\",\"@id\":\"https:\/\/uniasen.com\/privacy-policy\/\",\"url\":\"https:\/\/uniasen.com\/privacy-policy\/\",\"name\":\"Privacy Policy - UNIASEN\",\"isPartOf\":{\"@id\":\"https:\/\/uniasen.com\/#website\"},\"datePublished\":\"2025-12-31T08:27:53+00:00\",\"dateModified\":\"2025-12-31T09:15:00+00:00\",\"breadcrumb\":{\"@id\":\"https:\/\/uniasen.com\/privacy-policy\/#breadcrumb\"},\"inLanguage\":\"tr\",\"potentialAction\":[{\"@type\":\"ReadAction\",\"target\":[\"https:\/\/uniasen.com\/privacy-policy\/\"]}]},{\"@type\":\"BreadcrumbList\",\"@id\":\"https:\/\/uniasen.com\/privacy-policy\/#breadcrumb\",\"itemListElement\":[{\"@type\":\"ListItem\",\"position\":1,\"name\":\"Home\",\"item\":\"https:\/\/uniasen.com\/\"},{\"@type\":\"ListItem\",\"position\":2,\"name\":\"Privacy Policy\"}]},{\"@type\":\"WebSite\",\"@id\":\"https:\/\/uniasen.com\/#website\",\"url\":\"https:\/\/uniasen.com\/\",\"name\":\"UNIASEN\",\"description\":\"\",\"publisher\":{\"@id\":\"https:\/\/uniasen.com\/#organization\"},\"potentialAction\":[{\"@type\":\"SearchAction\",\"target\":{\"@type\":\"EntryPoint\",\"urlTemplate\":\"https:\/\/uniasen.com\/?s={search_term_string}\"},\"query-input\":{\"@type\":\"PropertyValueSpecification\",\"valueRequired\":true,\"valueName\":\"search_term_string\"}}],\"inLanguage\":\"tr\"},{\"@type\":\"Organization\",\"@id\":\"https:\/\/uniasen.com\/#organization\",\"name\":\"UniAsen\",\"alternateName\":\"UniAsen (Tianjin) Co., Ltd.\",\"url\":\"https:\/\/uniasen.com\/\",\"logo\":{\"@type\":\"ImageObject\",\"inLanguage\":\"tr\",\"@id\":\"https:\/\/uniasen.com\/#\/schema\/logo\/image\/\",\"url\":\"https:\/\/uniasen.com\/wp-content\/uploads\/2023\/11\/UNIASEN-carbon-steel-supplier-and-expertor-in-china-LOGO.webp\",\"contentUrl\":\"https:\/\/uniasen.com\/wp-content\/uploads\/2023\/11\/UNIASEN-carbon-steel-supplier-and-expertor-in-china-LOGO.webp\",\"width\":300,\"height\":300,\"caption\":\"UniAsen\"},\"image\":{\"@id\":\"https:\/\/uniasen.com\/#\/schema\/logo\/image\/\"}}]}<\/script>\n<!-- \/ Yoast SEO plugin. -->","yoast_head_json":{"title":"Privacy Policy - UNIASEN","robots":{"index":"index","follow":"follow","max-snippet":"max-snippet:-1","max-image-preview":"max-image-preview:large","max-video-preview":"max-video-preview:-1"},"canonical":"https:\/\/uniasen.com\/tr\/gizlilik-politikasi\/","og_locale":"tr_TR","og_type":"article","og_title":"Privacy Policy - UNIASEN","og_url":"https:\/\/uniasen.com\/tr\/gizlilik-politikasi\/","og_site_name":"UNIASEN","article_modified_time":"2025-12-31T09:15:00+00:00","twitter_card":"summary_large_image","twitter_misc":{"Tahmini okuma s\u00fcresi":"6 dakika"},"schema":{"@context":"https:\/\/schema.org","@graph":[{"@type":"WebPage","@id":"https:\/\/uniasen.com\/privacy-policy\/","url":"https:\/\/uniasen.com\/privacy-policy\/","name":"Privacy Policy - UNIASEN","isPartOf":{"@id":"https:\/\/uniasen.com\/#website"},"datePublished":"2025-12-31T08:27:53+00:00","dateModified":"2025-12-31T09:15:00+00:00","breadcrumb":{"@id":"https:\/\/uniasen.com\/privacy-policy\/#breadcrumb"},"inLanguage":"tr","potentialAction":[{"@type":"ReadAction","target":["https:\/\/uniasen.com\/privacy-policy\/"]}]},{"@type":"BreadcrumbList","@id":"https:\/\/uniasen.com\/privacy-policy\/#breadcrumb","itemListElement":[{"@type":"ListItem","position":1,"name":"Home","item":"https:\/\/uniasen.com\/"},{"@type":"ListItem","position":2,"name":"Privacy Policy"}]},{"@type":"WebSite","@id":"https:\/\/uniasen.com\/#website","url":"https:\/\/uniasen.com\/","name":"UNIASEN","description":"","publisher":{"@id":"https:\/\/uniasen.com\/#organization"},"potentialAction":[{"@type":"SearchAction","target":{"@type":"EntryPoint","urlTemplate":"https:\/\/uniasen.com\/?s={search_term_string}"},"query-input":{"@type":"PropertyValueSpecification","valueRequired":true,"valueName":"search_term_string"}}],"inLanguage":"tr"},{"@type":"Organization","@id":"https:\/\/uniasen.com\/#organization","name":"UniAsen","alternateName":"UniAsen (Tianjin) Co., Ltd.","url":"https:\/\/uniasen.com\/","logo":{"@type":"ImageObject","inLanguage":"tr","@id":"https:\/\/uniasen.com\/#\/schema\/logo\/image\/","url":"https:\/\/uniasen.com\/wp-content\/uploads\/2023\/11\/UNIASEN-carbon-steel-supplier-and-expertor-in-china-LOGO.webp","contentUrl":"https:\/\/uniasen.com\/wp-content\/uploads\/2023\/11\/UNIASEN-carbon-steel-supplier-and-expertor-in-china-LOGO.webp","width":300,"height":300,"caption":"UniAsen"},"image":{"@id":"https:\/\/uniasen.com\/#\/schema\/logo\/image\/"}}]}},"_links":{"self":[{"href":"https:\/\/uniasen.com\/tr\/wp-json\/wp\/v2\/pages\/6136","targetHints":{"allow":["GET"]}}],"collection":[{"href":"https:\/\/uniasen.com\/tr\/wp-json\/wp\/v2\/pages"}],"about":[{"href":"https:\/\/uniasen.com\/tr\/wp-json\/wp\/v2\/types\/page"}],"author":[{"embeddable":true,"href":"https:\/\/uniasen.com\/tr\/wp-json\/wp\/v2\/users\/10"}],"replies":[{"embeddable":true,"href":"https:\/\/uniasen.com\/tr\/wp-json\/wp\/v2\/comments?post=6136"}],"version-history":[{"count":5,"href":"https:\/\/uniasen.com\/tr\/wp-json\/wp\/v2\/pages\/6136\/revisions"}],"predecessor-version":[{"id":6144,"href":"https:\/\/uniasen.com\/tr\/wp-json\/wp\/v2\/pages\/6136\/revisions\/6144"}],"wp:attachment":[{"href":"https:\/\/uniasen.com\/tr\/wp-json\/wp\/v2\/media?parent=6136"}],"curies":[{"name":"wp","href":"https:\/\/api.w.org\/{rel}","templated":true}]}}