{"id":6127,"date":"2025-12-31T09:46:13","date_gmt":"2025-12-31T01:46:13","guid":{"rendered":"https:\/\/uniasen.com\/?page_id=6127"},"modified":"2025-12-31T09:53:18","modified_gmt":"2025-12-31T01:53:18","slug":"terms-of-service","status":"publish","type":"page","link":"https:\/\/uniasen.com\/tr\/hi\u0307zmet-sartlari\/","title":{"rendered":"Hizmet Ko\u015fullar\u0131"},"content":{"rendered":"<section class=\"section\" id=\"section_503083709\">\n\t\t<div class=\"section-bg fill\" >\n\t\t\t\t\t\t\t\t\t\n\t\t\t\n\n\t\t<\/div>\n\n\t\t\n\n\t\t<div class=\"section-content relative\">\n\t\t\t\n<div class=\"row\"  id=\"row-890171582\">\n\n\t<div id=\"col-873639584\" class=\"col small-12 large-12\"  >\n\t\t\t\t<div class=\"col-inner\"  >\n\t\t\t\n\t\t\t\n<p><a href=\"https:\/\/uniasen.com\/tr\/\">Ev<\/a> \/ Hizmet Ko\u015fullar\u0131<\/p>\n<h1>Hizmet Ko\u015fullar\u0131<\/h1>\n<p><strong>Y\u00fcr\u00fcrl\u00fck Tarihi: 30 Aral\u0131k 2025<\/strong><\/p>\n<p>Ho\u015f geldiniz <span style=\"color: #000080;\"><a style=\"color: #000080;\" href=\"https:\/\/uniasen.com\/tr\/\">https:\/\/uniasen.com\/ <\/a><\/span><span class=\"g0-inline-suggestion\" data-g0-suggetion-diff-id=\"modification-67-81\" data-feedback-type=\"grammar\">(bundan b\u00f6yle, <\/span>\"bu web sitesi\"). Bu web sitesi Uniasen (Tianjin) Co., Ltd. taraf\u0131ndan i\u015fletilmektedir. (bundan b\u00f6yle \"biz\", \"\u015firket\" veya \"Uniasen\" olarak an\u0131lacakt\u0131r). Bu Hizmet Ko\u015fullar\u0131 <span class=\"g0-inline-suggestion\" data-g0-suggetion-diff-id=\"modification-240-248\" data-feedback-type=\"grammar\">(aranan <\/span>\"bu \u015eartlar\") bu web sitesini kulland\u0131\u011f\u0131n\u0131zda haklar\u0131n\u0131z\u0131 ve g\u00f6revlerinizi ana hatlar\u0131yla belirtir. Bunlar \u015funlar\u0131 i\u00e7erir <span class=\"g0-inline-suggestion\" data-g0-suggetion-diff-id=\"modification-335-342\" data-feedback-type=\"grammar\">sormak <\/span>\u00fcr\u00fcnler hakk\u0131nda bilgi almak, soru g\u00f6ndermek veya sat\u0131n alma yapmak.<\/p>\n<p>Bu web sitesini kullanarak, i\u00e7eri\u011fe g\u00f6z atarak, ileti\u015fim formlar\u0131n\u0131 doldurarak, teklif isteyerek veya sipari\u015f vererek, bu \u015eartlar\u0131 okudu\u011funuzu, anlad\u0131\u011f\u0131n\u0131z\u0131 ve kabul etti\u011finizi g\u00f6stermi\u015f olursunuz. Bu \u015eartlar\u0131n herhangi bir b\u00f6l\u00fcm\u00fcn\u00fc kabul etmiyorsan\u0131z, l\u00fctfen bu web sitesini kullanmay\u0131 derhal b\u0131rak\u0131n.<\/p>\n<p>Bu Hizmet Ko\u015fullar\u0131n\u0131 diledi\u011fimiz zaman de\u011fi\u015ftirme veya g\u00fcncelleme hakk\u0131m\u0131z sakl\u0131d\u0131r. De\u011fi\u015ftirilen \u015fartlar bu web sitesinde yay\u0131nlanacak ve yay\u0131nland\u0131ktan hemen sonra y\u00fcr\u00fcrl\u00fc\u011fe girecektir. \u015eartlar g\u00fcncellendikten sonra bu web sitesine eri\u015fmeye veya kullanmaya devam ederseniz, yeni \u015fartlar\u0131 okudu\u011funuzu ve kabul etti\u011finizi belirtmi\u015f olursunuz. Yanl\u0131\u015f anla\u015f\u0131lmalar\u0131 \u00f6nlemek i\u00e7in, l\u00fctfen \u015fartlar\u0131n en son s\u00fcr\u00fcm\u00fc i\u00e7in bu sayfay\u0131 d\u00fczenli olarak kontrol edin.<\/p>\n<h2>1. \u015eirket Bilgileri ve Hizmetlere Genel Bak\u0131\u015f<\/h2>\n<p>Uniasen (Tianjin) Co., Ltd. (bundan b\u00f6yle <span class=\"g0-inline-suggestion\" data-g0-suggetion-diff-id=\"modification-1181-1192\" data-feedback-type=\"grammar\">\"UNIASEN\") <\/span>Tianjin'de bulunan profesyonel bir karbon \u00e7elik boru \u00fcreticisi, tedarik\u00e7isi ve ihracat\u00e7\u0131s\u0131d\u0131r, <span class=\"g0-inline-suggestion\" data-g0-suggetion-diff-id=\"modification-1289-1294\" data-feedback-type=\"grammar\">\u00c7in<\/span>. 1998 y\u0131l\u0131nda kurulan \u015firketimiz, yirmi y\u0131l\u0131 a\u015fk\u0131n s\u00fcredir karbon \u00e7elik boru ve ba\u011flant\u0131 par\u00e7alar\u0131n\u0131n ara\u015ft\u0131rma, geli\u015ftirme, \u00fcretim ve sat\u0131\u015f\u0131na odaklanmaktad\u0131r:<\/p>\n<ul>\n<li><span style=\"color: #000080;\"><a style=\"color: #000080;\" href=\"https:\/\/uniasen.com\/tr\/urunler\/dikissiz-boru\/\"><span class=\"g0-inline-suggestion\" data-g0-suggetion-diff-id=\"insertion-1474-1478\" data-feedback-type=\"grammar\">Se<\/span>amless \u00c7elik Borular<\/a><\/span><\/li>\n<li><span style=\"color: #000080;\"><a style=\"color: #000080;\" href=\"https:\/\/uniasen.com\/tr\/urunler\/erw-boru\/\"><span class=\"g0-inline-suggestion\" data-g0-suggetion-diff-id=\"insertion-1496-1500\" data-feedback-type=\"grammar\">ER<\/span>W Borular<\/a><\/span><\/li>\n<li><span style=\"color: #000080;\"><a style=\"color: #000080;\" href=\"https:\/\/uniasen.com\/tr\/urunler\/lsaw-boru\/\"><span class=\"g0-inline-suggestion\" data-g0-suggetion-diff-id=\"insertion-1507-1511\" data-feedback-type=\"grammar\">LS<\/span>AW Borular<\/a><\/span><\/li>\n<li><span style=\"color: #000080;\"><a style=\"color: #000080;\" href=\"https:\/\/uniasen.com\/tr\/urunler\/testere-borusu\/\"><span class=\"g0-inline-suggestion\" data-g0-suggetion-diff-id=\"insertion-1519-1523\" data-feedback-type=\"grammar\">SS<\/span>AW Borular<\/a><\/span><\/li>\n<li><span style=\"color: #000080;\"><a style=\"color: #000080;\" href=\"https:\/\/uniasen.com\/tr\/urunler\/hat-borusu\/\"><span class=\"g0-inline-suggestion\" data-g0-suggetion-diff-id=\"insertion-1531-1535\" data-feedback-type=\"grammar\">Li<\/span>ne Borular<\/a><\/span><\/li>\n<li><span style=\"color: #000080;\"><a style=\"color: #000080;\" href=\"https:\/\/uniasen.com\/tr\/urunler\/yangin-sprinkler-borusu\/\"><span class=\"g0-inline-suggestion\" data-g0-suggetion-diff-id=\"insertion-1543-1547\" data-feedback-type=\"grammar\">Sp<\/span>Ya\u011fmurlama Borular\u0131<\/a><\/span><\/li>\n<li><span style=\"color: #000080;\"><a style=\"color: #000080;\" href=\"https:\/\/uniasen.com\/tr\/urunler\/yapisal-celik-boru\/\"><span class=\"g0-inline-suggestion\" data-g0-suggetion-diff-id=\"insertion-1560-1564\" data-feedback-type=\"grammar\">St<\/span>r\u00fckt\u00fcrel \u00c7elik Borular<\/a><\/span><\/li>\n<li><span style=\"color: #000080;\"><a style=\"color: #000080;\" href=\"https:\/\/uniasen.com\/tr\/urunler\/ici-bos-bolumler\/\"><span class=\"g0-inline-suggestion\" data-g0-suggetion-diff-id=\"insertion-1584-1588\" data-feedback-type=\"grammar\">Ho<\/span>A\u015fa\u011f\u0131 B\u00f6l\u00fcmler<\/a><\/span><\/li>\n<li><span style=\"color: #000080;\"><a style=\"color: #000080;\" href=\"https:\/\/uniasen.com\/tr\/urunler\/boru-baglanti-parcalari\/\"><span class=\"g0-inline-suggestion\" data-g0-suggetion-diff-id=\"insertion-1601-1605\" data-feedback-type=\"grammar\">Pi<\/span>pe Ba\u011flant\u0131 Par\u00e7alar\u0131<\/a><\/span><\/li>\n<li><span style=\"color: #000080;\"><a style=\"color: #000080;\" href=\"https:\/\/uniasen.com\/tr\/urunler\/kaplamali-boru\/\"><span class=\"g0-inline-suggestion\" data-g0-suggetion-diff-id=\"insertion-1616-1620\" data-feedback-type=\"grammar\">Co<\/span>ated Borular<\/a><\/span><\/li>\n<\/ul>\n<p>\u00dcr\u00fcnlerimiz a\u015fa\u011f\u0131daki gibi uluslararas\u0131 standartlara uygun olarak \u00fcretilmektedir <span style=\"color: #000080;\"><a style=\"color: #000080;\" href=\"https:\/\/uniasen.com\/tr\/standartlar\/api-5l\/\">API 5L<\/a><\/span>, <span style=\"color: #000080;\"><a style=\"color: #000080;\" href=\"https:\/\/uniasen.com\/tr\/standartlar\/astm-a53\/\">ASTM A53<\/a><\/span>ve <span style=\"color: #000080;\"><a style=\"color: #000080;\" href=\"https:\/\/uniasen.com\/tr\/standartlar\/en-10219\/\">EN10219<\/a><\/span>ve \u00f6ncelikle petrol ve gaz, kimya, in\u015faat, su koruma ve k\u00f6m\u00fcr madencili\u011fi end\u00fcstrilerine tedarik edilmektedir. Sadece standart \u00fcr\u00fcnler sunmakla kalm\u0131yor, ayn\u0131 zamanda m\u00fc\u015fteri gereksinimlerine g\u00f6re \u00f6zelle\u015ftirilmi\u015f i\u015flemler de sunuyoruz. Ayr\u0131ca teknik se\u00e7im deste\u011fi, kalite dan\u0131\u015fmanl\u0131\u011f\u0131 ve k\u00fcresel lojistik ve ihracat hizmetleri de sa\u011fl\u0131yoruz. Bu web sitesi \u00f6ncelikle \u00fcr\u00fcn bilgilerini, teknik \u00f6zellikleri ve uygulama \u00f6rneklerini g\u00f6stermektedir. \u0130stedi\u011finiz zaman \u00e7evrimi\u00e7i g\u00f6z atabilir, sorular\u0131n\u0131z\u0131 g\u00f6nderebilir, teknik sorular sorabilir veya do\u011frudan bizimle ileti\u015fime ge\u00e7ebilirsiniz.<\/p>\n<p>\u0130\u015fimiz B2B toplu ihracata odaklanmaktad\u0131r ve tipik i\u015flem s\u00fcreci \u015f\u00f6yledir: m\u00fc\u015fteri sorgusu \u2192 bir teklif sunuyoruz \u2192 her iki taraf da sipari\u015f ayr\u0131nt\u0131lar\u0131n\u0131 onayl\u0131yor \u2192 resmi bir s\u00f6zle\u015fme imzal\u0131yor \u2192 \u00fcretim ve sevkiyat\u0131 ayarl\u0131yoruz.<\/p>\n<h2>2. Sipari\u015fler ve Teklifler<\/h2>\n<p>Web sitesinde g\u00f6sterilen \u00fcr\u00fcn bilgileri, teknik \u00f6zellikler ve fiyatlar yaln\u0131zca referans ama\u00e7l\u0131d\u0131r ve resmi bir fiyat teklifi te\u015fkil etmez. \u0130\u015flem fiyat\u0131 yaz\u0131l\u0131 teklifimize ba\u011fl\u0131d\u0131r. Piyasa ko\u015fullar\u0131, hammadde maliyetleri, d\u00f6viz kuru dalgalanmalar\u0131 ve di\u011fer fakt\u00f6rlere ba\u011fl\u0131 olarak herhangi bir zamanda de\u011fi\u015febilir.<\/p>\n<p>T\u00fcm sipari\u015fler y\u00fcr\u00fcrl\u00fc\u011fe girmeden \u00f6nce taraf\u0131m\u0131zdan yaz\u0131l\u0131 olarak onaylanmal\u0131d\u0131r (fiyat teklifi veya sipari\u015f onay\u0131). Herhangi bir sipari\u015fi sebep g\u00f6stermeksizin reddetme hakk\u0131m\u0131z sakl\u0131d\u0131r. Teklifin ge\u00e7erlilik s\u00fcresi yaz\u0131l\u0131 olarak belirtildi\u011fi gibidir; teklifte herhangi bir ge\u00e7erlilik s\u00fcresi belirtilmemi\u015fse, fiyat \u00f6nceden haber verilmeksizin herhangi bir zamanda de\u011fi\u015ftirilebilir. Bir sipari\u015f taraf\u0131m\u0131zdan onayland\u0131ktan sonra, bu hizmet \u015fartlar\u0131na tabidir.<\/p>\n<p>Al\u0131c\u0131 (bundan b\u00f6yle \"siz\" olarak an\u0131lacakt\u0131r) onaylanm\u0131\u015f bir sipari\u015fi tek tarafl\u0131 olarak iptal edemez. Siz yapmal\u0131s\u0131n\u0131z <span class=\"g0-inline-suggestion\" data-g0-suggetion-diff-id=\"modification-3364-3368\" data-feedback-type=\"grammar\">olsun <\/span>iptal etmek i\u00e7in yaz\u0131l\u0131 iznimizi almal\u0131s\u0131n\u0131z. Bunu yapmazsan\u0131z, t\u00fcm kay\u0131plardan siz sorumlu olursunuz. <span class=\"g0-inline-suggestion\" data-g0-suggetion-diff-id=\"modification-3454-3485\" data-feedback-type=\"grammar\">Buna \u00fcretim maliyetleri de dahildir <\/span>ve <span class=\"g0-inline-suggestion\" data-g0-suggetion-diff-id=\"modification-3489-3505\" data-feedback-type=\"grammar\">envanter maliyetleri.<\/span><\/p>\n<h2>3. Fiyat ve \u00d6deme<\/h2>\n<p>T\u00fcm fiyatlar net fiyatlard\u0131r ve vergiler dahil de\u011fildir. Fiyat teklifinde aksi belirtilmedik\u00e7e, nakliye masraflar\u0131, sigorta \u00fccretleri, g\u00fcmr\u00fck vergileri ve g\u00fcmr\u00fckleme \u00fccretleri de hari\u00e7tir. Bu ek \u00fccretlerden al\u0131c\u0131 sorumludur.<\/p>\n<p>\u00d6deme y\u00f6ntemleri genellikle sipari\u015f onay\u0131 veya s\u00f6zle\u015fmede belirtildi\u011fi gibi pe\u015fin telgraf havalesi (T\/T), vadesiz poli\u00e7e veya akreditif (L\/C) i\u00e7erir. \u00d6deme genellikle sevkiyattan \u00f6nce gereklidir. Riski azaltmak i\u00e7in, m\u00fc\u015fterilerden \u00f6demenin bir k\u0131sm\u0131n\u0131 veya tamam\u0131n\u0131 \u00f6nceden \u00f6demelerini veya banka garantisi\/kredi garantisi vermelerini talep etme hakk\u0131m\u0131z\u0131 sakl\u0131 tutar\u0131z. Kredi de\u011ferlili\u011finize karar verirsek <span class=\"g0-inline-suggestion\" data-g0-suggetion-diff-id=\"modification-4153-4161\" data-feedback-type=\"grammar\">de\u011fil <\/span>standartlar\u0131m\u0131z\u0131 kar\u015f\u0131lam\u0131yorsa, i\u015fi durdurabilir veya sipari\u015fi iptal edebiliriz. Biz <span class=\"g0-inline-suggestion\" data-g0-suggetion-diff-id=\"modification-4225-4231\" data-feedback-type=\"grammar\">olmaz <\/span>ortaya \u00e7\u0131kan herhangi bir sorundan sorumlu olmayacakt\u0131r.<\/p>\n<h2>4. Teslimat ve Nakliye<\/h2>\n<p>Teslimat ko\u015fullar\u0131, aksi yaz\u0131l\u0131 olarak kararla\u015ft\u0131r\u0131lmad\u0131k\u00e7a, genellikle FOB \u00c7in liman\u0131d\u0131r (\u00f6rne\u011fin, Tianjin Liman\u0131). Mallar\u0131n sevkiyat\u0131 \u00fczerine risk ve m\u00fclkiyet size ge\u00e7er.<\/p>\n<p>Teslimat tarihleri tahminidir ve \u00fcretim, nakliye veya m\u00fccbir sebeplere tabidir. Zaman\u0131nda teslim etmek i\u00e7in \u00e7aba g\u00f6sterece\u011fiz ancak gecikmelerden sorumlu de\u011filiz.<\/p>\n<p>Stokta bulunan \u00fcr\u00fcnler i\u00e7in 7 g\u00fcn i\u00e7inde limana sevkiyat ayarlayabiliriz. \u00d6zelle\u015ftirilmi\u015f \u00fcr\u00fcnler i\u00e7in teslimat s\u00fcresi a\u015fa\u011f\u0131dakilere tabidir <span class=\"g0-inline-suggestion\" data-g0-suggetion-diff-id=\"deletion-4746-4750\" data-feedback-type=\"grammar\">ve <\/span>Onay.<\/p>\n<p>Nakliye bizim taraf\u0131m\u0131zdan veya sizin taraf\u0131n\u0131zdan belirlenen bir ta\u015f\u0131y\u0131c\u0131 taraf\u0131ndan d\u00fczenlenecektir. \u0130thalat g\u00fcmr\u00fck i\u015flemleri, vergiler ve di\u011fer ithalat \u00fccretlerinden siz sorumlusunuz.<\/p>\n<h2>5. Muayene, Talepler ve \u0130adeler<\/h2>\n<p>Teslimattan sonra, makul bir s\u00fcre i\u00e7inde mallar\u0131 incelemelisiniz. Kusurlar veya tutars\u0131zl\u0131klar varsa, l\u00fctfen derhal bize e-posta veya ba\u015fka yollarla yaz\u0131l\u0131 olarak bildirin ve kan\u0131t sa\u011flay\u0131n.<\/p>\n<p>Belirtilen s\u00fcre i\u00e7inde yaz\u0131l\u0131 itirazda bulunulmamas\u0131, mallar\u0131n kabul edildi\u011fi anlam\u0131na gelecektir.<\/p>\n<p>\u0130adeler i\u00e7in \u00f6nceden yaz\u0131l\u0131 izin almam\u0131z gerekir. Kalite sorunlar\u0131 d\u0131\u015f\u0131ndaki nedenlerle yap\u0131lan iadelerde i\u015flem \u00fccretleri ve nakliye masraflar\u0131 s\u00f6z konusu olabilir. \u00d6zelle\u015ftirilmi\u015f \u00fcr\u00fcnler genellikle iade edilemez.<\/p>\n<h2>6. Garanti ve Sorumlulu\u011fun S\u0131n\u0131rland\u0131r\u0131lmas\u0131<\/h2>\n<p>\u00dcr\u00fcnlerimiz teklifte belirtilen standartlara uygundur ve \u00fcreticinin standart garantisi (devredilebilir tedarik\u00e7i garantisi) kapsam\u0131ndad\u0131r.<\/p>\n<p>Ekstra a\u00e7\u0131k veya z\u0131mni garanti sunmuyoruz. Buna sat\u0131labilirlik, belirli bir amaca uygunluk veya ihlal etmeme garantileri de dahildir. Hi\u00e7bir durumda sorumlulu\u011fumuz ilgili \u00fcr\u00fcn\u00fcn fiyat\u0131n\u0131 a\u015fmayacakt\u0131r. Biz <span class=\"g0-inline-suggestion\" data-g0-suggetion-diff-id=\"modification-5869-5876\" data-feedback-type=\"grammar\">de\u011fil <\/span>dolayl\u0131, ar\u0131zi, cezai veya sonu\u00e7 olarak ortaya \u00e7\u0131kan zararlardan sorumlu de\u011fildir. Buna, a\u015fa\u011f\u0131dakilerden ba\u011f\u0131ms\u0131z olarak, kar kay\u0131plar\u0131 veya i\u015f kesintileri de dahildir <span class=\"g0-inline-suggestion\" data-g0-suggetion-diff-id=\"modification-6035-6043\" data-feedback-type=\"grammar\">onlar <\/span>s\u00f6zle\u015fme, haks\u0131z fiil veya di\u011fer gerek\u00e7elere dayanmaktad\u0131r.<\/p>\n<p>\u00dcr\u00fcnleri do\u011fru se\u00e7meli ve kullanmal\u0131s\u0131n\u0131z. Yanl\u0131\u015f kullan\u0131mdan kaynaklanan herhangi bir hak talebi olursa, a\u015fa\u011f\u0131dakileri korumay\u0131 kabul edersiniz <span class=\"g0-inline-suggestion\" data-g0-suggetion-diff-id=\"modification-6198-6201\" data-feedback-type=\"grammar\">Biz.<\/span><\/p>\n<h2>7. M\u00fccbir Sebepler<\/h2>\n<p>Grevler, do\u011fal afetler, sava\u015f, h\u00fck\u00fcmet eylemleri, tedarik\u00e7i gecikmeleri veya makul kontrol\u00fcm\u00fcz d\u0131\u015f\u0131ndaki di\u011fer olaylar nedeniyle herhangi bir gecikme veya ifa edememe durumundan sorumlu olmayaca\u011f\u0131z.<\/p>\n<h2>8. Fikri M\u00fclkiyet<\/h2>\n<p>Bu web sitesindeki t\u00fcm i\u00e7erik (metinler, resimler, ticari markalar ve logolar dahil) bize veya ba\u011fl\u0131 kurulu\u015flar\u0131m\u0131za aittir. Yaz\u0131l\u0131 iznimiz olmadan kopyalayamaz, de\u011fi\u015ftiremez, da\u011f\u0131tamaz veya ticari ama\u00e7larla kullanamazs\u0131n\u0131z.<\/p>\n<h2>9. Gizlilik ve Ki\u015fisel Bilgiler<\/h2>\n<p>Ki\u015fisel bilgilerinizin i\u015flenmesi Gizlilik Politikam\u0131za tabidir. Bilgilerinizi koruyacak ve yaln\u0131zca sipari\u015f i\u015fleme, ileti\u015fim ve me\u015fru ama\u00e7lar i\u00e7in kullanaca\u011f\u0131z.<\/p>\n<h2>10. Yasaklanm\u0131\u015f Kullan\u0131m<\/h2>\n<p>Bu web sitesini yasa d\u0131\u015f\u0131 ama\u00e7larla, vir\u00fcs yaymak, ba\u015fkalar\u0131n\u0131n haklar\u0131n\u0131 ihlal etmek veya web sitesinin normal \u00e7al\u0131\u015fmas\u0131na m\u00fcdahale etmek i\u00e7in kullanamazs\u0131n\u0131z. \u0130hlal edenlerin eri\u015fimleri sonland\u0131r\u0131labilir.<\/p>\n<h2>11. Ge\u00e7erli Hukuk ve Uyu\u015fmazl\u0131klar\u0131n \u00c7\u00f6z\u00fcm\u00fc<\/h2>\n<p>Bu h\u00fck\u00fcm ve ko\u015fullar \u00c7in Halk Cumhuriyeti yasalar\u0131na tabidir. Bu \u015fartlardan veya bu web sitesinin kullan\u0131m\u0131ndan kaynaklanan herhangi bir anla\u015fmazl\u0131k \u00f6ncelikle dostane m\u00fczakere yoluyla \u00e7\u00f6z\u00fclecektir; m\u00fczakerenin ba\u015far\u0131s\u0131z olmas\u0131 durumunda, anla\u015fmazl\u0131k \u015firketin bulundu\u011fu yerdeki (Tianjin) yetkili Halk Mahkemesine sunulacakt\u0131r.<\/p>\n<h2>12. \u00c7e\u015fitli<\/h2>\n<p>Bu h\u00fck\u00fcm ve ko\u015fullar taraflar aras\u0131ndaki anla\u015fman\u0131n tamam\u0131n\u0131 olu\u015fturur ve \u00f6nceki t\u00fcm s\u00f6zl\u00fc veya yaz\u0131l\u0131 ileti\u015fimlerin yerine ge\u00e7er.<\/p>\n<p>Bu h\u00fck\u00fcm ve ko\u015fullar\u0131n herhangi bir k\u0131sm\u0131n\u0131n ge\u00e7ersiz olmas\u0131 halinde, kalan k\u0131s\u0131mlar ge\u00e7erlili\u011fini koruyacakt\u0131r.<\/p>\n<p>Haklar\u0131m\u0131z\u0131 ve y\u00fck\u00fcml\u00fcl\u00fcklerimizi ba\u011fl\u0131 kurulu\u015flar\u0131m\u0131za devredebiliriz; haklar\u0131n\u0131z\u0131 ve y\u00fck\u00fcml\u00fcl\u00fcklerinizi bizim iznimiz olmadan devredemezsiniz.<\/p>\n<p>Herhangi bir sorunuz varsa, l\u00fctfen <span style=\"color: #000080;\"><a style=\"color: #000080;\" href=\"https:\/\/uniasen.com\/tr\/iletisim\/\">Bize ula\u015f\u0131n<\/a><\/span> bu web sitesindeki ileti\u015fim formu arac\u0131l\u0131\u011f\u0131yla. Uniasen (Tianjin) Co, Ltd'yi se\u00e7ti\u011finiz i\u00e7in te\u015fekk\u00fcr ederiz!<\/p>\n<p><strong>Uniasen (Tianjin) Co, Ltd.<\/strong><\/p>\n<p><strong>Tianjin, \u00c7in<\/strong><\/p>\n\t\t<\/div>\n\t\t\t\t\t<\/div>\n\n\t\n<\/div>\n\t\t<\/div>\n\n\t\t\n<style>\n#section_503083709 {\n  padding-top: 60px;\n  padding-bottom: 60px;\n}\n<\/style>\n\t<\/section>","protected":false},"excerpt":{"rendered":"","protected":false},"author":10,"featured_media":0,"parent":0,"menu_order":0,"comment_status":"closed","ping_status":"closed","template":"page-blank.php","meta":{"footnotes":""},"class_list":["post-6127","page","type-page","status-publish","hentry"],"yoast_head":"<!-- This site is optimized with the Yoast SEO plugin v23.6 - https:\/\/yoast.com\/wordpress\/plugins\/seo\/ -->\n<title>Terms of Service - UNIASEN<\/title>\n<meta name=\"robots\" content=\"index, follow, max-snippet:-1, max-image-preview:large, max-video-preview:-1\" \/>\n<link rel=\"canonical\" href=\"https:\/\/uniasen.com\/tr\/hi\u0307zmet-sartlari\/\" \/>\n<meta property=\"og:locale\" content=\"tr_TR\" \/>\n<meta property=\"og:type\" content=\"article\" \/>\n<meta property=\"og:title\" content=\"Terms of Service - UNIASEN\" \/>\n<meta property=\"og:url\" content=\"https:\/\/uniasen.com\/tr\/hi\u0307zmet-sartlari\/\" \/>\n<meta property=\"og:site_name\" content=\"UNIASEN\" \/>\n<meta property=\"article:modified_time\" content=\"2025-12-31T01:53:18+00:00\" \/>\n<meta name=\"twitter:card\" content=\"summary_large_image\" \/>\n<meta name=\"twitter:label1\" content=\"Tahmini okuma s\u00fcresi\" \/>\n\t<meta name=\"twitter:data1\" content=\"6 dakika\" \/>\n<script type=\"application\/ld+json\" class=\"yoast-schema-graph\">{\"@context\":\"https:\/\/schema.org\",\"@graph\":[{\"@type\":\"WebPage\",\"@id\":\"https:\/\/uniasen.com\/terms-of-service\/\",\"url\":\"https:\/\/uniasen.com\/terms-of-service\/\",\"name\":\"Terms of Service - UNIASEN\",\"isPartOf\":{\"@id\":\"https:\/\/uniasen.com\/#website\"},\"datePublished\":\"2025-12-31T01:46:13+00:00\",\"dateModified\":\"2025-12-31T01:53:18+00:00\",\"breadcrumb\":{\"@id\":\"https:\/\/uniasen.com\/terms-of-service\/#breadcrumb\"},\"inLanguage\":\"tr\",\"potentialAction\":[{\"@type\":\"ReadAction\",\"target\":[\"https:\/\/uniasen.com\/terms-of-service\/\"]}]},{\"@type\":\"BreadcrumbList\",\"@id\":\"https:\/\/uniasen.com\/terms-of-service\/#breadcrumb\",\"itemListElement\":[{\"@type\":\"ListItem\",\"position\":1,\"name\":\"Home\",\"item\":\"https:\/\/uniasen.com\/\"},{\"@type\":\"ListItem\",\"position\":2,\"name\":\"Terms of Service\"}]},{\"@type\":\"WebSite\",\"@id\":\"https:\/\/uniasen.com\/#website\",\"url\":\"https:\/\/uniasen.com\/\",\"name\":\"UNIASEN\",\"description\":\"\",\"publisher\":{\"@id\":\"https:\/\/uniasen.com\/#organization\"},\"potentialAction\":[{\"@type\":\"SearchAction\",\"target\":{\"@type\":\"EntryPoint\",\"urlTemplate\":\"https:\/\/uniasen.com\/?s={search_term_string}\"},\"query-input\":{\"@type\":\"PropertyValueSpecification\",\"valueRequired\":true,\"valueName\":\"search_term_string\"}}],\"inLanguage\":\"tr\"},{\"@type\":\"Organization\",\"@id\":\"https:\/\/uniasen.com\/#organization\",\"name\":\"UniAsen\",\"alternateName\":\"UniAsen (Tianjin) Co., Ltd.\",\"url\":\"https:\/\/uniasen.com\/\",\"logo\":{\"@type\":\"ImageObject\",\"inLanguage\":\"tr\",\"@id\":\"https:\/\/uniasen.com\/#\/schema\/logo\/image\/\",\"url\":\"https:\/\/uniasen.com\/wp-content\/uploads\/2023\/11\/UNIASEN-carbon-steel-supplier-and-expertor-in-china-LOGO.webp\",\"contentUrl\":\"https:\/\/uniasen.com\/wp-content\/uploads\/2023\/11\/UNIASEN-carbon-steel-supplier-and-expertor-in-china-LOGO.webp\",\"width\":300,\"height\":300,\"caption\":\"UniAsen\"},\"image\":{\"@id\":\"https:\/\/uniasen.com\/#\/schema\/logo\/image\/\"}}]}<\/script>\n<!-- \/ Yoast SEO plugin. -->","yoast_head_json":{"title":"Terms of Service - UNIASEN","robots":{"index":"index","follow":"follow","max-snippet":"max-snippet:-1","max-image-preview":"max-image-preview:large","max-video-preview":"max-video-preview:-1"},"canonical":"https:\/\/uniasen.com\/tr\/hi\u0307zmet-sartlari\/","og_locale":"tr_TR","og_type":"article","og_title":"Terms of Service - UNIASEN","og_url":"https:\/\/uniasen.com\/tr\/hi\u0307zmet-sartlari\/","og_site_name":"UNIASEN","article_modified_time":"2025-12-31T01:53:18+00:00","twitter_card":"summary_large_image","twitter_misc":{"Tahmini okuma s\u00fcresi":"6 dakika"},"schema":{"@context":"https:\/\/schema.org","@graph":[{"@type":"WebPage","@id":"https:\/\/uniasen.com\/terms-of-service\/","url":"https:\/\/uniasen.com\/terms-of-service\/","name":"Terms of Service - UNIASEN","isPartOf":{"@id":"https:\/\/uniasen.com\/#website"},"datePublished":"2025-12-31T01:46:13+00:00","dateModified":"2025-12-31T01:53:18+00:00","breadcrumb":{"@id":"https:\/\/uniasen.com\/terms-of-service\/#breadcrumb"},"inLanguage":"tr","potentialAction":[{"@type":"ReadAction","target":["https:\/\/uniasen.com\/terms-of-service\/"]}]},{"@type":"BreadcrumbList","@id":"https:\/\/uniasen.com\/terms-of-service\/#breadcrumb","itemListElement":[{"@type":"ListItem","position":1,"name":"Home","item":"https:\/\/uniasen.com\/"},{"@type":"ListItem","position":2,"name":"Terms of Service"}]},{"@type":"WebSite","@id":"https:\/\/uniasen.com\/#website","url":"https:\/\/uniasen.com\/","name":"UNIASEN","description":"","publisher":{"@id":"https:\/\/uniasen.com\/#organization"},"potentialAction":[{"@type":"SearchAction","target":{"@type":"EntryPoint","urlTemplate":"https:\/\/uniasen.com\/?s={search_term_string}"},"query-input":{"@type":"PropertyValueSpecification","valueRequired":true,"valueName":"search_term_string"}}],"inLanguage":"tr"},{"@type":"Organization","@id":"https:\/\/uniasen.com\/#organization","name":"UniAsen","alternateName":"UniAsen (Tianjin) Co., Ltd.","url":"https:\/\/uniasen.com\/","logo":{"@type":"ImageObject","inLanguage":"tr","@id":"https:\/\/uniasen.com\/#\/schema\/logo\/image\/","url":"https:\/\/uniasen.com\/wp-content\/uploads\/2023\/11\/UNIASEN-carbon-steel-supplier-and-expertor-in-china-LOGO.webp","contentUrl":"https:\/\/uniasen.com\/wp-content\/uploads\/2023\/11\/UNIASEN-carbon-steel-supplier-and-expertor-in-china-LOGO.webp","width":300,"height":300,"caption":"UniAsen"},"image":{"@id":"https:\/\/uniasen.com\/#\/schema\/logo\/image\/"}}]}},"_links":{"self":[{"href":"https:\/\/uniasen.com\/tr\/wp-json\/wp\/v2\/pages\/6127","targetHints":{"allow":["GET"]}}],"collection":[{"href":"https:\/\/uniasen.com\/tr\/wp-json\/wp\/v2\/pages"}],"about":[{"href":"https:\/\/uniasen.com\/tr\/wp-json\/wp\/v2\/types\/page"}],"author":[{"embeddable":true,"href":"https:\/\/uniasen.com\/tr\/wp-json\/wp\/v2\/users\/10"}],"replies":[{"embeddable":true,"href":"https:\/\/uniasen.com\/tr\/wp-json\/wp\/v2\/comments?post=6127"}],"version-history":[{"count":8,"href":"https:\/\/uniasen.com\/tr\/wp-json\/wp\/v2\/pages\/6127\/revisions"}],"predecessor-version":[{"id":6135,"href":"https:\/\/uniasen.com\/tr\/wp-json\/wp\/v2\/pages\/6127\/revisions\/6135"}],"wp:attachment":[{"href":"https:\/\/uniasen.com\/tr\/wp-json\/wp\/v2\/media?parent=6127"}],"curies":[{"name":"wp","href":"https:\/\/api.w.org\/{rel}","templated":true}]}}