{"id":4032,"date":"2024-02-02T10:48:05","date_gmt":"2024-02-02T02:48:05","guid":{"rendered":"https:\/\/uniasen.com\/?page_id=4032"},"modified":"2025-09-26T12:01:19","modified_gmt":"2025-09-26T04:01:19","slug":"gas-transmission-project-in-bangladesh","status":"publish","type":"page","link":"https:\/\/uniasen.com\/tr\/bangladeste-gaz-i\u0307leti\u0307m-projesi\u0307\/","title":{"rendered":"Banglade\u015f'te Gaz \u0130letim Projesi"},"content":{"rendered":"<div class=\"banner has-hover\" id=\"banner-1579367804\">\n          <div class=\"banner-inner fill\">\n        <div class=\"banner-bg fill\" >\n            <img loading=\"lazy\" decoding=\"async\" width=\"2560\" height=\"267\" src=\"https:\/\/uniasen.com\/wp-content\/uploads\/2023\/11\/Uniasen-carbon-steel-pipe-manufacturer-header.webp\" class=\"bg\" alt=\"karbon \u00e7elik boru tedarik\u00e7isi-\u00e7elik boru imalat\u0131-Uniasen\" srcset=\"https:\/\/uniasen.com\/wp-content\/uploads\/2023\/11\/Uniasen-carbon-steel-pipe-manufacturer-header.webp 2560w, https:\/\/uniasen.com\/wp-content\/uploads\/2023\/11\/Uniasen-carbon-steel-pipe-manufacturer-header-300x31.webp 300w, https:\/\/uniasen.com\/wp-content\/uploads\/2023\/11\/Uniasen-carbon-steel-pipe-manufacturer-header-1030x107.webp 1030w, https:\/\/uniasen.com\/wp-content\/uploads\/2023\/11\/Uniasen-carbon-steel-pipe-manufacturer-header-768x80.webp 768w, https:\/\/uniasen.com\/wp-content\/uploads\/2023\/11\/Uniasen-carbon-steel-pipe-manufacturer-header-1536x160.webp 1536w, https:\/\/uniasen.com\/wp-content\/uploads\/2023\/11\/Uniasen-carbon-steel-pipe-manufacturer-header-2048x214.webp 2048w\" sizes=\"auto, (max-width: 2560px) 100vw, 2560px\" \/>                        <div class=\"overlay\"><\/div>            \n                    <\/div>\n\t\t\n        <div class=\"banner-layers container\">\n            <div class=\"fill banner-link\"><\/div>            \n   <div id=\"text-box-2097054116\" class=\"text-box banner-layer x0 md-x0 lg-x0 y50 md-y50 lg-y50 res-text\">\n                                <div class=\"text-box-content text dark\">\n              \n              <div class=\"text-inner text-center\">\n                  \n<p>Anasayfa \/ Projeler<\/p>\n              <\/div>\n           <\/div>\n                            \n<style>\n#text-box-2097054116 {\n  width: 45%;\n}\n#text-box-2097054116 .text-box-content {\n  font-size: 100%;\n}\n@media (min-width:550px) {\n  #text-box-2097054116 {\n    width: 28%;\n  }\n}\n@media (min-width:850px) {\n  #text-box-2097054116 {\n    width: 14%;\n  }\n}\n<\/style>\n    <\/div>\n \n        <\/div>\n      <\/div>\n\n            \n<style>\n#banner-1579367804 {\n  padding-top: 80px;\n}\n#banner-1579367804 .overlay {\n  background-color: rgba(0, 0, 0, 0.372);\n}\n<\/style>\n  <\/div>\n\n\n\n\t<section class=\"section\" id=\"section_570499202\">\n\t\t<div class=\"section-bg fill\" >\n\t\t\t\t\t\t\t\t\t\n\t\t\t\n\n\t\t<\/div>\n\n\t\t\n\n\t\t<div class=\"section-content relative\">\n\t\t\t\n<div class=\"row align-middle\"  id=\"row-1228882624\">\n\n\t<div id=\"col-658744137\" class=\"col medium-6 small-12 large-6\"  >\n\t\t\t\t<div class=\"col-inner\"  >\n\t\t\t\n\t\t\t\n\t<div class=\"img has-hover x md-x lg-x y md-y lg-y\" id=\"image_1932801389\">\n\t\t\t\t\t\t\t\t<div class=\"img-inner dark\" >\n\t\t\t<img loading=\"lazy\" decoding=\"async\" width=\"1000\" height=\"750\" src=\"https:\/\/uniasen.com\/wp-content\/uploads\/2024\/02\/Gas-Transmission-Project-in-Bangladesh-UNIASEN.webp\" class=\"attachment-original size-original\" alt=\"Banglade\u015f&#039;te Gaz \u0130letim Projesi-UNIASEN\" srcset=\"https:\/\/uniasen.com\/wp-content\/uploads\/2024\/02\/Gas-Transmission-Project-in-Bangladesh-UNIASEN.webp 1000w, https:\/\/uniasen.com\/wp-content\/uploads\/2024\/02\/Gas-Transmission-Project-in-Bangladesh-UNIASEN-300x225.webp 300w, https:\/\/uniasen.com\/wp-content\/uploads\/2024\/02\/Gas-Transmission-Project-in-Bangladesh-UNIASEN-768x576.webp 768w\" sizes=\"auto, (max-width: 1000px) 100vw, 1000px\" \/>\t\t\t\t\t\t\n\t\t\t\t\t<\/div>\n\t\t\t\t\t\t\t\t\n<style>\n#image_1932801389 {\n  width: 100%;\n}\n<\/style>\n\t<\/div>\n\t\n\t\t<\/div>\n\t\t\t\t\t<\/div>\n\n\t\n\n\t<div id=\"col-1909937401\" class=\"col medium-6 small-12 large-6\"  >\n\t\t\t\t<div class=\"col-inner\"  >\n\t\t\t\n\t\t\t\n<h1>Banglade\u015f'te Gaz \u0130letim Projesi<\/h1>\n<ul>\n<li><strong>Standart ve S\u0131n\u0131f:<\/strong> API 5L PSL1 X42<\/li>\n<li><strong>\u00dcr\u00fcn:<\/strong> ERW GALVANIZLI \u00c7ELIK BORU<\/li>\n<li><strong>\u00d6zellikler:<\/strong> 168.3-508mmx12M<\/li>\n<li><strong>A\u011f\u0131rl\u0131k:<\/strong> 1063 Ton<\/li>\n<li><strong>Sat\u0131n alma zaman\u0131:<\/strong> 2021<\/li>\n<\/ul>\n\t\t<\/div>\n\t\t\t\t\t<\/div>\n\n\t\n<\/div>\n\t\t<\/div>\n\n\t\t\n<style>\n#section_570499202 {\n  padding-top: 40px;\n  padding-bottom: 40px;\n}\n<\/style>\n\t<\/section>","protected":false},"excerpt":{"rendered":"","protected":false},"author":10,"featured_media":0,"parent":0,"menu_order":0,"comment_status":"closed","ping_status":"closed","template":"page-blank.php","meta":{"footnotes":""},"class_list":["post-4032","page","type-page","status-publish","hentry"],"yoast_head":"<!-- This site is optimized with the Yoast SEO plugin v23.6 - https:\/\/yoast.com\/wordpress\/plugins\/seo\/ -->\n<title>Gas Transmission Project in Bangladesh - UNIASEN<\/title>\n<meta name=\"robots\" content=\"index, follow, max-snippet:-1, max-image-preview:large, max-video-preview:-1\" \/>\n<link rel=\"canonical\" href=\"https:\/\/uniasen.com\/tr\/bangladeste-gaz-i\u0307leti\u0307m-projesi\u0307\/\" \/>\n<meta property=\"og:locale\" content=\"tr_TR\" \/>\n<meta property=\"og:type\" content=\"article\" \/>\n<meta property=\"og:title\" content=\"Gas Transmission Project in Bangladesh - UNIASEN\" \/>\n<meta property=\"og:url\" content=\"https:\/\/uniasen.com\/tr\/bangladeste-gaz-i\u0307leti\u0307m-projesi\u0307\/\" \/>\n<meta property=\"og:site_name\" content=\"UNIASEN\" \/>\n<meta property=\"article:modified_time\" content=\"2025-09-26T04:01:19+00:00\" \/>\n<meta name=\"twitter:card\" content=\"summary_large_image\" \/>\n<meta name=\"twitter:label1\" content=\"Tahmini okuma s\u00fcresi\" \/>\n\t<meta name=\"twitter:data1\" content=\"1 dakika\" \/>\n<script type=\"application\/ld+json\" class=\"yoast-schema-graph\">{\"@context\":\"https:\/\/schema.org\",\"@graph\":[{\"@type\":\"WebPage\",\"@id\":\"https:\/\/uniasen.com\/gas-transmission-project-in-bangladesh\/\",\"url\":\"https:\/\/uniasen.com\/gas-transmission-project-in-bangladesh\/\",\"name\":\"Gas Transmission Project in Bangladesh - UNIASEN\",\"isPartOf\":{\"@id\":\"https:\/\/uniasen.com\/#website\"},\"datePublished\":\"2024-02-02T02:48:05+00:00\",\"dateModified\":\"2025-09-26T04:01:19+00:00\",\"breadcrumb\":{\"@id\":\"https:\/\/uniasen.com\/gas-transmission-project-in-bangladesh\/#breadcrumb\"},\"inLanguage\":\"tr\",\"potentialAction\":[{\"@type\":\"ReadAction\",\"target\":[\"https:\/\/uniasen.com\/gas-transmission-project-in-bangladesh\/\"]}]},{\"@type\":\"BreadcrumbList\",\"@id\":\"https:\/\/uniasen.com\/gas-transmission-project-in-bangladesh\/#breadcrumb\",\"itemListElement\":[{\"@type\":\"ListItem\",\"position\":1,\"name\":\"Home\",\"item\":\"https:\/\/uniasen.com\/\"},{\"@type\":\"ListItem\",\"position\":2,\"name\":\"Gas Transmission Project in Bangladesh\"}]},{\"@type\":\"WebSite\",\"@id\":\"https:\/\/uniasen.com\/#website\",\"url\":\"https:\/\/uniasen.com\/\",\"name\":\"UNIASEN\",\"description\":\"\",\"publisher\":{\"@id\":\"https:\/\/uniasen.com\/#organization\"},\"potentialAction\":[{\"@type\":\"SearchAction\",\"target\":{\"@type\":\"EntryPoint\",\"urlTemplate\":\"https:\/\/uniasen.com\/?s={search_term_string}\"},\"query-input\":{\"@type\":\"PropertyValueSpecification\",\"valueRequired\":true,\"valueName\":\"search_term_string\"}}],\"inLanguage\":\"tr\"},{\"@type\":\"Organization\",\"@id\":\"https:\/\/uniasen.com\/#organization\",\"name\":\"UniAsen\",\"alternateName\":\"UniAsen (Tianjin) Co., Ltd.\",\"url\":\"https:\/\/uniasen.com\/\",\"logo\":{\"@type\":\"ImageObject\",\"inLanguage\":\"tr\",\"@id\":\"https:\/\/uniasen.com\/#\/schema\/logo\/image\/\",\"url\":\"https:\/\/uniasen.com\/wp-content\/uploads\/2023\/11\/UNIASEN-carbon-steel-supplier-and-expertor-in-china-LOGO.webp\",\"contentUrl\":\"https:\/\/uniasen.com\/wp-content\/uploads\/2023\/11\/UNIASEN-carbon-steel-supplier-and-expertor-in-china-LOGO.webp\",\"width\":300,\"height\":300,\"caption\":\"UniAsen\"},\"image\":{\"@id\":\"https:\/\/uniasen.com\/#\/schema\/logo\/image\/\"}}]}<\/script>\n<!-- \/ Yoast SEO plugin. -->","yoast_head_json":{"title":"Gas Transmission Project in Bangladesh - UNIASEN","robots":{"index":"index","follow":"follow","max-snippet":"max-snippet:-1","max-image-preview":"max-image-preview:large","max-video-preview":"max-video-preview:-1"},"canonical":"https:\/\/uniasen.com\/tr\/bangladeste-gaz-i\u0307leti\u0307m-projesi\u0307\/","og_locale":"tr_TR","og_type":"article","og_title":"Gas Transmission Project in Bangladesh - UNIASEN","og_url":"https:\/\/uniasen.com\/tr\/bangladeste-gaz-i\u0307leti\u0307m-projesi\u0307\/","og_site_name":"UNIASEN","article_modified_time":"2025-09-26T04:01:19+00:00","twitter_card":"summary_large_image","twitter_misc":{"Tahmini okuma s\u00fcresi":"1 dakika"},"schema":{"@context":"https:\/\/schema.org","@graph":[{"@type":"WebPage","@id":"https:\/\/uniasen.com\/gas-transmission-project-in-bangladesh\/","url":"https:\/\/uniasen.com\/gas-transmission-project-in-bangladesh\/","name":"Gas Transmission Project in Bangladesh - UNIASEN","isPartOf":{"@id":"https:\/\/uniasen.com\/#website"},"datePublished":"2024-02-02T02:48:05+00:00","dateModified":"2025-09-26T04:01:19+00:00","breadcrumb":{"@id":"https:\/\/uniasen.com\/gas-transmission-project-in-bangladesh\/#breadcrumb"},"inLanguage":"tr","potentialAction":[{"@type":"ReadAction","target":["https:\/\/uniasen.com\/gas-transmission-project-in-bangladesh\/"]}]},{"@type":"BreadcrumbList","@id":"https:\/\/uniasen.com\/gas-transmission-project-in-bangladesh\/#breadcrumb","itemListElement":[{"@type":"ListItem","position":1,"name":"Home","item":"https:\/\/uniasen.com\/"},{"@type":"ListItem","position":2,"name":"Gas Transmission Project in Bangladesh"}]},{"@type":"WebSite","@id":"https:\/\/uniasen.com\/#website","url":"https:\/\/uniasen.com\/","name":"UNIASEN","description":"","publisher":{"@id":"https:\/\/uniasen.com\/#organization"},"potentialAction":[{"@type":"SearchAction","target":{"@type":"EntryPoint","urlTemplate":"https:\/\/uniasen.com\/?s={search_term_string}"},"query-input":{"@type":"PropertyValueSpecification","valueRequired":true,"valueName":"search_term_string"}}],"inLanguage":"tr"},{"@type":"Organization","@id":"https:\/\/uniasen.com\/#organization","name":"UniAsen","alternateName":"UniAsen (Tianjin) Co., Ltd.","url":"https:\/\/uniasen.com\/","logo":{"@type":"ImageObject","inLanguage":"tr","@id":"https:\/\/uniasen.com\/#\/schema\/logo\/image\/","url":"https:\/\/uniasen.com\/wp-content\/uploads\/2023\/11\/UNIASEN-carbon-steel-supplier-and-expertor-in-china-LOGO.webp","contentUrl":"https:\/\/uniasen.com\/wp-content\/uploads\/2023\/11\/UNIASEN-carbon-steel-supplier-and-expertor-in-china-LOGO.webp","width":300,"height":300,"caption":"UniAsen"},"image":{"@id":"https:\/\/uniasen.com\/#\/schema\/logo\/image\/"}}]}},"_links":{"self":[{"href":"https:\/\/uniasen.com\/tr\/wp-json\/wp\/v2\/pages\/4032","targetHints":{"allow":["GET"]}}],"collection":[{"href":"https:\/\/uniasen.com\/tr\/wp-json\/wp\/v2\/pages"}],"about":[{"href":"https:\/\/uniasen.com\/tr\/wp-json\/wp\/v2\/types\/page"}],"author":[{"embeddable":true,"href":"https:\/\/uniasen.com\/tr\/wp-json\/wp\/v2\/users\/10"}],"replies":[{"embeddable":true,"href":"https:\/\/uniasen.com\/tr\/wp-json\/wp\/v2\/comments?post=4032"}],"version-history":[{"count":4,"href":"https:\/\/uniasen.com\/tr\/wp-json\/wp\/v2\/pages\/4032\/revisions"}],"predecessor-version":[{"id":5840,"href":"https:\/\/uniasen.com\/tr\/wp-json\/wp\/v2\/pages\/4032\/revisions\/5840"}],"wp:attachment":[{"href":"https:\/\/uniasen.com\/tr\/wp-json\/wp\/v2\/media?parent=4032"}],"curies":[{"name":"wp","href":"https:\/\/api.w.org\/{rel}","templated":true}]}}