{"id":3016,"date":"2023-10-25T15:11:48","date_gmt":"2023-10-25T07:11:48","guid":{"rendered":"https:\/\/uniasen.com\/?page_id=3016"},"modified":"2024-05-29T13:20:40","modified_gmt":"2024-05-29T05:20:40","slug":"line-pipe","status":"publish","type":"page","link":"https:\/\/uniasen.com\/tr\/urunler\/hat-borusu\/","title":{"rendered":"Hat Borusu"},"content":{"rendered":"<div id=\"page-header-566262514\" class=\"page-header-wrapper\">\n  <div class=\"page-title dark featured-title\">\n\n        <div class=\"page-title-bg\">\n      <div class=\"title-bg fill bg-fill\"\n        data-parallax-container=\".page-title\"\n        data-parallax-background\n data-parallax=\"-\">\n      <\/div>\n      <div class=\"title-overlay fill\"><\/div>\n    <\/div>\n    \n    <div class=\"page-title-inner container align-center flex-row medium-flex-wrap\" >\n              <div class=\"title-wrapper flex-col text-left medium-text-center\">\n          <h1 class=\"entry-title mb-0\">\n            Hat Borusu          <\/h1>\n        <\/div>\n                    <div class=\"title-content flex-col flex-right text-right medium-text-center\">\n        <div class=\"title-breadcrumbs pb-half pt-half\"><\/div>      <\/div>\n    <\/div>\n\n     \n<style>\n#page-header-566262514 .title-bg {\n  background-image: url(https:\/\/uniasen.com\/wp-content\/uploads\/2023\/11\/Uniasen-carbon-steel-pipe-manufacturer-header.webp);\n}\n<\/style>\n  <\/div>\n    <\/div>\n  \n\t<div id=\"gap-1273025357\" class=\"gap-element clearfix\" style=\"display:block; height:auto;\">\n\t\t\n<style>\n#gap-1273025357 {\n  padding-top: 4%;\n}\n<\/style>\n\t<\/div>\n\t\n\n\t<section class=\"section\" id=\"section_1453184600\">\n\t\t<div class=\"section-bg fill\" >\n\t\t\t\t\t\t\t\t\t\n\t\t\t\n\n\t\t<\/div>\n\n\t\t\n\n\t\t<div class=\"section-content relative\">\n\t\t\t\n<div class=\"row align-middle\"  id=\"row-1453462707\">\n\n\t<div id=\"col-338674818\" class=\"col medium-6 small-12 large-6\"  >\n\t\t\t\t<div class=\"col-inner\"  >\n\t\t\t\n\t\t\t\n\t<div class=\"img has-hover x md-x lg-x y md-y lg-y\" id=\"image_1000462994\">\n\t\t\t\t\t\t\t\t<div class=\"img-inner image-cover dark\" style=\"padding-top:56.25%;\">\n\t\t\t<img loading=\"lazy\" decoding=\"async\" width=\"1000\" height=\"666\" src=\"https:\/\/uniasen.com\/wp-content\/uploads\/2023\/11\/p201706261630440400348.webp\" class=\"attachment-original size-original\" alt=\"\" srcset=\"https:\/\/uniasen.com\/wp-content\/uploads\/2023\/11\/p201706261630440400348.webp 1000w, https:\/\/uniasen.com\/wp-content\/uploads\/2023\/11\/p201706261630440400348-300x200.webp 300w, https:\/\/uniasen.com\/wp-content\/uploads\/2023\/11\/p201706261630440400348-768x511.webp 768w\" sizes=\"auto, (max-width: 1000px) 100vw, 1000px\" \/>\t\t\t\t\t\t\n\t\t\t\t\t<\/div>\n\t\t\t\t\t\t\t\t\n<style>\n#image_1000462994 {\n  width: 100%;\n}\n<\/style>\n\t<\/div>\n\t\n\t\t<\/div>\n\t\t\t\t\t<\/div>\n\n\t\n\n\t<div id=\"col-1001715715\" class=\"col medium-6 small-12 large-6\"  >\n\t\t\t\t<div class=\"col-inner\"  >\n\t\t\t\n\t\t\t\n\t<div id=\"text-3276227487\" class=\"text\">\n\t\t\n<h2>\u00c7in'de Hat Borusu \u00fcreticisi<\/h2>\n\t\t\n<style>\n#text-3276227487 {\n  text-align: center;\n}\n@media (min-width:550px) {\n  #text-3276227487 {\n    text-align: left;\n  }\n}\n<\/style>\n\t<\/div>\n\t\n<p>Hat Borumuz, hayati \u00f6nem ta\u015f\u0131yan malzemelerin geni\u015f arazilerde ta\u015f\u0131nmas\u0131 i\u00e7in titizlikle tasarlanm\u0131\u015ft\u0131r ve petrol, do\u011fal gaz, petrol ve su ta\u015f\u0131mac\u0131l\u0131\u011f\u0131nda tercih edilen bir se\u00e7enektir.<\/p>\n<p>Y\u00fcksek mukavemetli karbon \u00e7eli\u011finden \u00fcretilen ve API SPEC 5L, ISO 3183 ve GB\/T 9711 gibi sayg\u0131n standartlara titizlikle ba\u011fl\u0131 kalan Hat Borumuz, dayan\u0131kl\u0131l\u0131k ve esnekli\u011fin bir kan\u0131t\u0131d\u0131r.<\/p>\n<p>Y\u00fcksek bas\u0131n\u00e7lara dayanma kapasitesiyle UNIASEN'in Hat Borusunu tercih etti\u011finizde, sadece bir \u00fcr\u00fcn se\u00e7miyorsunuz; g\u00fcvenilirlik, uzun \u00f6m\u00fcrl\u00fcl\u00fck ve benzersiz performans miras\u0131na yat\u0131r\u0131m yap\u0131yorsunuz.<\/p>\n\t\t<\/div>\n\t\t\t\t\t<\/div>\n\n\t\n<\/div>\n\t\t<\/div>\n\n\t\t\n<style>\n#section_1453184600 {\n  padding-top: 30px;\n  padding-bottom: 30px;\n}\n<\/style>\n\t<\/section>\n\t\n\n\t<section class=\"section\" id=\"section_76515073\">\n\t\t<div class=\"section-bg fill\" >\n\t\t\t\t\t\t\t\t\t\n\t\t\t\n\n\t\t<\/div>\n\n\t\t\n\n\t\t<div class=\"section-content relative\">\n\t\t\t\n<div class=\"row align-middle\"  id=\"row-1275175559\">\n\n\t<div id=\"col-626488104\" class=\"col small-12 large-12\"  >\n\t\t\t\t<div class=\"col-inner\"  >\n\t\t\t\n\t\t\t\n<h2>Hat Borusu \u00d6l\u00e7\u00fcleri<\/h2>\n<p>UNIASEN'in Hat Borusu, farkl\u0131 ta\u015f\u0131mac\u0131l\u0131k ihtiya\u00e7lar\u0131n\u0131 kar\u015f\u0131lamak i\u00e7in \u00f6zel olarak tasarlanm\u0131\u015ft\u0131r.<\/p>\n<p>\u00c7aplar\u0131 2 in\u00e7 ile 48 in\u00e7 aras\u0131nda de\u011fi\u015fen Hat Borumuz, hem b\u00fcy\u00fck \u00f6l\u00e7ekli hem de daha k\u00fc\u00e7\u00fck projelere hitap edebilecek kadar \u00e7ok y\u00f6nl\u00fcd\u00fcr.<\/p>\n<p>\u0130ster do\u011fal gaz da\u011f\u0131t\u0131m\u0131 i\u00e7in bir ana hat ister ana hattan ayr\u0131lan daha k\u00fc\u00e7\u00fck boru hatlar\u0131 in\u015fa ediyor olun, Hat Borumuz m\u00fckemmel uyumu sunar.<\/p>\n<p>Hat Borumuzun kal\u0131nl\u0131\u011f\u0131, gerekli maksimum \u00e7al\u0131\u015fma bas\u0131nc\u0131na g\u00f6re titizlikle belirlenir ve \u00fcr\u00fcn\u00fcm\u00fcz\u00fcn her santimetresinin en y\u00fcksek g\u00fcvenlik ve verimlilik standartlar\u0131n\u0131 kar\u015f\u0131lamas\u0131n\u0131 sa\u011flar.<\/p>\n\t\t<\/div>\n\t\t\t\t\t<\/div>\n\n\t\n<\/div>\n\t\t<\/div>\n\n\t\t\n<style>\n#section_76515073 {\n  padding-top: 6px;\n  padding-bottom: 6px;\n}\n@media (min-width:550px) {\n  #section_76515073 {\n    padding-top: 30px;\n    padding-bottom: 30px;\n  }\n}\n<\/style>\n\t<\/section>\n\t\n\n\t<section class=\"section\" id=\"section_1989242763\">\n\t\t<div class=\"section-bg fill\" >\n\t\t\t\t\t\t\t\t\t\n\t\t\t\n\n\t\t<\/div>\n\n\t\t\n\n\t\t<div class=\"section-content relative\">\n\t\t\t\n<div class=\"row align-middle\"  id=\"row-2090995865\">\n\n\t<div id=\"col-62471763\" class=\"col medium-6 small-12 large-6\"  >\n\t\t\t\t<div class=\"col-inner\"  >\n\t\t\t\n\t\t\t\n<h2>Hat Borusu Standartlar\u0131<\/h2>\n<p>Hat Borumuz, API SPEC 5L, ISO 3183 ve GB\/T 9711 dahil olmak \u00fczere d\u00fcnya \u00e7ap\u0131nda tan\u0131nan metal\u00fcrjik spesifikasyonlara tam olarak uygun \u015fekilde titizlikle \u00fcretilmektedir.<\/p>\n<p>API SPEC 5L, Amerikan Petrol Enstit\u00fcs\u00fc taraf\u0131ndan geli\u015ftirilen ve yayg\u0131n olarak kabul g\u00f6ren bir spesifikasyon olsa da ISO 3183 ve GB\/T 9711, uluslararas\u0131 standartlara ve kalite g\u00fcvencesine olan ba\u011fl\u0131l\u0131\u011f\u0131m\u0131z\u0131n alt\u0131n\u0131 \u00e7izmektedir.<\/p>\n<p>Ancak \u015feffafl\u0131\u011fa olan ba\u011fl\u0131l\u0131\u011f\u0131m\u0131z burada bitmiyor. Bu b\u00f6l\u00fcm\u00fcn alt\u0131nda, \u00fcr\u00fcn\u00fcm\u00fcze uygulanan t\u00fcm \u00fcretim standartlar\u0131n\u0131n kapsaml\u0131 bir listesini bulacak ve bilin\u00e7li bir karar vermek i\u00e7in ihtiyac\u0131n\u0131z olan t\u00fcm bilgilere sahip olman\u0131z\u0131 sa\u011flayacaks\u0131n\u0131z.<\/p>\n\t\t<\/div>\n\t\t\t\t\t<\/div>\n\n\t\n\n\t<div id=\"col-1451686650\" class=\"col medium-6 small-12 large-6\"  >\n\t\t\t\t<div class=\"col-inner\"  >\n\t\t\t\n\t\t\t\n\t<div class=\"img has-hover x md-x lg-x y md-y lg-y\" id=\"image_555217052\">\n\t\t\t\t\t\t\t\t<div class=\"img-inner dark\" >\n\t\t\t<img loading=\"lazy\" decoding=\"async\" width=\"1000\" height=\"583\" src=\"https:\/\/uniasen.com\/wp-content\/uploads\/2023\/11\/The-Angola-Zambia-Refined-Petroleum-Multi-Product-AZOP-Pipeline-Project.webp\" class=\"attachment-original size-original\" alt=\"hat borusu \u00fcreticisi_boru hatt\u0131\" srcset=\"https:\/\/uniasen.com\/wp-content\/uploads\/2023\/11\/The-Angola-Zambia-Refined-Petroleum-Multi-Product-AZOP-Pipeline-Project.webp 1000w, https:\/\/uniasen.com\/wp-content\/uploads\/2023\/11\/The-Angola-Zambia-Refined-Petroleum-Multi-Product-AZOP-Pipeline-Project-300x175.webp 300w, https:\/\/uniasen.com\/wp-content\/uploads\/2023\/11\/The-Angola-Zambia-Refined-Petroleum-Multi-Product-AZOP-Pipeline-Project-768x448.webp 768w\" sizes=\"auto, (max-width: 1000px) 100vw, 1000px\" \/>\t\t\t\t\t\t\n\t\t\t\t\t<\/div>\n\t\t\t\t\t\t\t\t\n<style>\n#image_555217052 {\n  width: 100%;\n}\n<\/style>\n\t<\/div>\n\t\n\t\t<\/div>\n\t\t\t\t\t<\/div>\n\n\t\n<\/div>\n\t\t<\/div>\n\n\t\t\n<style>\n#section_1989242763 {\n  padding-top: 10px;\n  padding-bottom: 10px;\n}\n@media (min-width:550px) {\n  #section_1989242763 {\n    padding-top: 30px;\n    padding-bottom: 30px;\n  }\n}\n<\/style>\n\t<\/section>\n\t\n\n\t<section class=\"section\" id=\"section_1364308410\">\n\t\t<div class=\"section-bg fill\" >\n\t\t\t\t\t\t\t\t\t<div class=\"section-bg-overlay absolute fill\"><\/div>\n\t\t\t\n\n\t\t<\/div>\n\n\t\t\n\n\t\t<div class=\"section-content relative\">\n\t\t\t\n<div class=\"row\"  id=\"row-174007681\">\n\n\t<div id=\"col-91281856\" class=\"col medium-9 small-11 large-9\"  >\n\t\t\t\t<div class=\"col-inner text-center\"  >\n\t\t\t\n\t\t\t\n\t<div id=\"text-4007561963\" class=\"text\">\n\t\t\n<p><strong>UNIASEN, sekt\u00f6rdeki \u00fcretim standartlar\u0131n\u0131n zirvesini korumaya kararl\u0131d\u0131r.<\/strong><br \/>\n\t\t\n<style>\n#text-4007561963 {\n  text-align: center;\n  color: rgb(255, 255, 255);\n}\n#text-4007561963 > * {\n  color: rgb(255, 255, 255);\n}\n<\/style>\n\t<\/div>\n\t\n\t\t<\/div>\n\t\t\t\t\n<style>\n#col-91281856 > .col-inner {\n  margin: 22px 0px 0px 20px;\n}\n<\/style>\n\t<\/div>\n\n\t\n\n\t<div id=\"col-1450483322\" class=\"col medium-3 small-12 large-3\"  >\n\t\t\t\t<div class=\"col-inner text-center\"  >\n\t\t\t\n\t\t\t\n<a href=\"#is-pop\" class=\"button primary\"  >\n\t\t<span>Teklif Al\u0131n!<\/span>\n\t<\/a>\n\n\t\t<\/div>\n\t\t\t\t\n<style>\n#col-1450483322 > .col-inner {\n  margin: 20px 0px 0px 0px;\n}\n<\/style>\n\t<\/div>\n\n\t\n<\/div>\n\t\t<\/div>\n\n\t\t\n<style>\n#section_1364308410 {\n  padding-top: 10px;\n  padding-bottom: 10px;\n}\n#section_1364308410 .section-bg-overlay {\n  background-color: rgba(115, 109, 109, 0.5);\n}\n<\/style>\n\t<\/section>\n\t\n\n\t<section class=\"section\" id=\"section_1367702001\">\n\t\t<div class=\"section-bg fill\" >\n\t\t\t\t\t\t\t\t\t\n\t\t\t\n\n\t\t<\/div>\n\n\t\t\n\n\t\t<div class=\"section-content relative\">\n\t\t\t\n<div class=\"row\"  id=\"row-1530965857\">\n\n\t<div id=\"col-1433639163\" class=\"col small-12 large-12\"  >\n\t\t\t\t<div class=\"col-inner\"  >\n\t\t\t\n\t\t\t\n<h2>Hat Borusu \u00dcretim S\u00fcre\u00e7leri<\/h2>\n<p>SMLS (Diki\u015fsiz), ERW (Elektrik Diren\u00e7 Kayna\u011f\u0131), SSAW (Spiral Tozalt\u0131 Kayna\u011f\u0131) ve LSAW (Boyuna Tozalt\u0131 Kayna\u011f\u0131) dahil olmak \u00fczere \u00fcretim s\u00fcre\u00e7lerimiz, farkl\u0131 uygulamalara hassasiyetle yan\u0131t vermemizi sa\u011flar.<\/p>\n<p>Uzunlamas\u0131na kaynak ve y\u00fcksek bas\u0131n\u00e7 dayan\u0131m\u0131 ile bilinen LSAW borular, hidrokarbonlar\u0131n uzun mesafelere verimli bir \u015fekilde ta\u015f\u0131nmas\u0131 i\u00e7in idealdir.<\/p>\n<p>\u00d6te yandan, SSAW borular, helisel kayna\u011f\u0131 ile kesmeye gerek kalmadan \u00e7ap esnekli\u011fi sunar.<\/p>\n<p>ERW borular, elektrik diren\u00e7 kayna\u011f\u0131 ile verimlili\u011fi \u00f6n plana \u00e7\u0131kararak sa\u011flam bir yap\u0131 sa\u011flar.<\/p>\n<p>SSAW ve LSAW borular\u0131n her ikisi de \"JCOE ve UOE \u015fekillendirme s\u00fcrecinden\" ge\u00e7erken, kaynak y\u00f6nleri farkl\u0131d\u0131r; SSAW borular spiral pozisyonda, LSAW borular ise uzunlamas\u0131na y\u00f6nde kaynaklan\u0131r.<\/p>\n<p>Bu ayr\u0131m, art\u0131k gerilme, kaynak hatt\u0131 uzunlu\u011fu ve geometri do\u011frulu\u011fu gibi di\u011fer fakt\u00f6rlerle birlikte, LSAW borular\u0131n\u0131 belirli uygulamalarda SSAW borular\u0131ndan biraz daha \u00fcst\u00fcn k\u0131lar.<\/p>\n\t\t<\/div>\n\t\t\t\t\t<\/div>\n\n\t\n<\/div>\n\t\t<\/div>\n\n\t\t\n<style>\n#section_1367702001 {\n  padding-top: 30px;\n  padding-bottom: 30px;\n}\n<\/style>\n\t<\/section>\n\t\n\n\t<section class=\"section\" id=\"section_11251171\">\n\t\t<div class=\"section-bg fill\" >\n\t\t\t\t\t\t\t\t\t\n\t\t\t\n\n\t\t<\/div>\n\n\t\t\n\n\t\t<div class=\"section-content relative\">\n\t\t\t\n<div class=\"row\"  id=\"row-412948966\">\n\n\t<div id=\"col-1616011896\" class=\"col small-12 large-12\"  >\n\t\t\t\t<div class=\"col-inner\"  >\n\t\t\t\n\t\t\t\n<h2>Do\u011fru Hat Borusu Nas\u0131l Se\u00e7ilir<\/h2>\n<p>Do\u011fru Hat Borusunu se\u00e7mek, projenizin ba\u015far\u0131s\u0131 ve g\u00fcvenli\u011fi i\u00e7in \u00e7ok \u00f6nemlidir.<\/p>\n<p>Bir Hat Borusu se\u00e7erken, ta\u015f\u0131yaca\u011f\u0131 malzemenin hacmini ve dayanmas\u0131 gereken bas\u0131nc\u0131 g\u00f6z \u00f6n\u00fcnde bulundurun.<\/p>\n<p>Do\u011fal gaz sa\u011flayan bir ana hat gibi b\u00fcy\u00fck \u00f6l\u00e7ekli projeler i\u00e7in 16 ila 48 in\u00e7 aras\u0131nda bir \u00e7apa sahip bir Hat Borusu tercih edin. 6 ila 16 in\u00e7lik bir \u00e7ap, ana hattan dallanan daha k\u00fc\u00e7\u00fck boru hatlar\u0131 i\u00e7in yeterli olacakt\u0131r. Her zaman g\u00fcvenli\u011fe \u00f6ncelik verin Se\u00e7ti\u011finiz Hat Borusunun t\u00fcm \u00e7elik kimyas\u0131, mukavemet, tokluk ve boyutsal \u00f6zellikleri kar\u015f\u0131lad\u0131\u011f\u0131ndan emin olun. UNIASEN ile sadece bir \u00fcr\u00fcn sat\u0131n alm\u0131yorsunuz; g\u00f6n\u00fcl rahatl\u0131\u011f\u0131na yat\u0131r\u0131m yap\u0131yorsunuz.<\/p>\n\t\t<\/div>\n\t\t\t\t\t<\/div>\n\n\t\n<\/div>\n\t\t<\/div>\n\n\t\t\n<style>\n#section_11251171 {\n  padding-top: 3px;\n  padding-bottom: 3px;\n}\n@media (min-width:550px) {\n  #section_11251171 {\n    padding-top: 30px;\n    padding-bottom: 30px;\n  }\n}\n<\/style>\n\t<\/section>","protected":false},"excerpt":{"rendered":"","protected":false},"author":3,"featured_media":0,"parent":912,"menu_order":0,"comment_status":"closed","ping_status":"closed","template":"page-blank.php","meta":{"footnotes":""},"class_list":["post-3016","page","type-page","status-publish","hentry"],"yoast_head":"<!-- This site is optimized with the Yoast SEO plugin v23.6 - https:\/\/yoast.com\/wordpress\/plugins\/seo\/ -->\n<title>ERW&amp;LSAW Line Pipe Manufacturer in China - UNIASEN<\/title>\n<meta name=\"description\" content=\"UNIASEN provides line pipes. It is usually made of high-strength steel, which is resistant to high pressure and corrosion. It is suitable for long distance transportation. Mainly used for oil, natural gas and water transportation.\" \/>\n<meta name=\"robots\" content=\"index, follow, max-snippet:-1, max-image-preview:large, max-video-preview:-1\" \/>\n<link rel=\"canonical\" href=\"https:\/\/uniasen.com\/tr\/urunler\/hat-borusu\/\" \/>\n<meta property=\"og:locale\" content=\"tr_TR\" \/>\n<meta property=\"og:type\" content=\"article\" \/>\n<meta property=\"og:title\" content=\"ERW&amp;LSAW Line Pipe Manufacturer in China - UNIASEN\" \/>\n<meta property=\"og:description\" content=\"UNIASEN provides line pipes. It is usually made of high-strength steel, which is resistant to high pressure and corrosion. It is suitable for long distance transportation. Mainly used for oil, natural gas and water transportation.\" \/>\n<meta property=\"og:url\" content=\"https:\/\/uniasen.com\/tr\/urunler\/hat-borusu\/\" \/>\n<meta property=\"og:site_name\" content=\"UNIASEN\" \/>\n<meta property=\"article:modified_time\" content=\"2024-05-29T05:20:40+00:00\" \/>\n<meta name=\"twitter:card\" content=\"summary_large_image\" \/>\n<meta name=\"twitter:label1\" content=\"Tahmini okuma s\u00fcresi\" \/>\n\t<meta name=\"twitter:data1\" content=\"3 dakika\" \/>\n<script type=\"application\/ld+json\" class=\"yoast-schema-graph\">{\"@context\":\"https:\/\/schema.org\",\"@graph\":[{\"@type\":\"WebPage\",\"@id\":\"https:\/\/uniasen.com\/products\/line-pipe\/\",\"url\":\"https:\/\/uniasen.com\/products\/line-pipe\/\",\"name\":\"ERW&LSAW Line Pipe Manufacturer in China - UNIASEN\",\"isPartOf\":{\"@id\":\"https:\/\/uniasen.com\/#website\"},\"datePublished\":\"2023-10-25T07:11:48+00:00\",\"dateModified\":\"2024-05-29T05:20:40+00:00\",\"description\":\"UNIASEN provides line pipes. It is usually made of high-strength steel, which is resistant to high pressure and corrosion. It is suitable for long distance transportation. Mainly used for oil, natural gas and water transportation.\",\"breadcrumb\":{\"@id\":\"https:\/\/uniasen.com\/products\/line-pipe\/#breadcrumb\"},\"inLanguage\":\"tr\",\"potentialAction\":[{\"@type\":\"ReadAction\",\"target\":[\"https:\/\/uniasen.com\/products\/line-pipe\/\"]}]},{\"@type\":\"BreadcrumbList\",\"@id\":\"https:\/\/uniasen.com\/products\/line-pipe\/#breadcrumb\",\"itemListElement\":[{\"@type\":\"ListItem\",\"position\":1,\"name\":\"Home\",\"item\":\"https:\/\/uniasen.com\/\"},{\"@type\":\"ListItem\",\"position\":2,\"name\":\"products\",\"item\":\"https:\/\/uniasen.com\/products\/\"},{\"@type\":\"ListItem\",\"position\":3,\"name\":\"Line Pipe\"}]},{\"@type\":\"WebSite\",\"@id\":\"https:\/\/uniasen.com\/#website\",\"url\":\"https:\/\/uniasen.com\/\",\"name\":\"UNIASEN\",\"description\":\"\",\"publisher\":{\"@id\":\"https:\/\/uniasen.com\/#organization\"},\"potentialAction\":[{\"@type\":\"SearchAction\",\"target\":{\"@type\":\"EntryPoint\",\"urlTemplate\":\"https:\/\/uniasen.com\/?s={search_term_string}\"},\"query-input\":{\"@type\":\"PropertyValueSpecification\",\"valueRequired\":true,\"valueName\":\"search_term_string\"}}],\"inLanguage\":\"tr\"},{\"@type\":\"Organization\",\"@id\":\"https:\/\/uniasen.com\/#organization\",\"name\":\"UniAsen\",\"alternateName\":\"UniAsen (Tianjin) Co., Ltd.\",\"url\":\"https:\/\/uniasen.com\/\",\"logo\":{\"@type\":\"ImageObject\",\"inLanguage\":\"tr\",\"@id\":\"https:\/\/uniasen.com\/#\/schema\/logo\/image\/\",\"url\":\"https:\/\/uniasen.com\/wp-content\/uploads\/2023\/11\/UNIASEN-carbon-steel-supplier-and-expertor-in-china-LOGO.webp\",\"contentUrl\":\"https:\/\/uniasen.com\/wp-content\/uploads\/2023\/11\/UNIASEN-carbon-steel-supplier-and-expertor-in-china-LOGO.webp\",\"width\":300,\"height\":300,\"caption\":\"UniAsen\"},\"image\":{\"@id\":\"https:\/\/uniasen.com\/#\/schema\/logo\/image\/\"}}]}<\/script>\n<!-- \/ Yoast SEO plugin. -->","yoast_head_json":{"title":"ERW&LSAW Line Pipe Manufacturer in China - UNIASEN","description":"UNIASEN provides line pipes. It is usually made of high-strength steel, which is resistant to high pressure and corrosion. It is suitable for long distance transportation. Mainly used for oil, natural gas and water transportation.","robots":{"index":"index","follow":"follow","max-snippet":"max-snippet:-1","max-image-preview":"max-image-preview:large","max-video-preview":"max-video-preview:-1"},"canonical":"https:\/\/uniasen.com\/tr\/urunler\/hat-borusu\/","og_locale":"tr_TR","og_type":"article","og_title":"ERW&LSAW Line Pipe Manufacturer in China - UNIASEN","og_description":"UNIASEN provides line pipes. It is usually made of high-strength steel, which is resistant to high pressure and corrosion. It is suitable for long distance transportation. Mainly used for oil, natural gas and water transportation.","og_url":"https:\/\/uniasen.com\/tr\/urunler\/hat-borusu\/","og_site_name":"UNIASEN","article_modified_time":"2024-05-29T05:20:40+00:00","twitter_card":"summary_large_image","twitter_misc":{"Tahmini okuma s\u00fcresi":"3 dakika"},"schema":{"@context":"https:\/\/schema.org","@graph":[{"@type":"WebPage","@id":"https:\/\/uniasen.com\/products\/line-pipe\/","url":"https:\/\/uniasen.com\/products\/line-pipe\/","name":"ERW&LSAW Line Pipe Manufacturer in China - UNIASEN","isPartOf":{"@id":"https:\/\/uniasen.com\/#website"},"datePublished":"2023-10-25T07:11:48+00:00","dateModified":"2024-05-29T05:20:40+00:00","description":"UNIASEN provides line pipes. It is usually made of high-strength steel, which is resistant to high pressure and corrosion. It is suitable for long distance transportation. Mainly used for oil, natural gas and water transportation.","breadcrumb":{"@id":"https:\/\/uniasen.com\/products\/line-pipe\/#breadcrumb"},"inLanguage":"tr","potentialAction":[{"@type":"ReadAction","target":["https:\/\/uniasen.com\/products\/line-pipe\/"]}]},{"@type":"BreadcrumbList","@id":"https:\/\/uniasen.com\/products\/line-pipe\/#breadcrumb","itemListElement":[{"@type":"ListItem","position":1,"name":"Home","item":"https:\/\/uniasen.com\/"},{"@type":"ListItem","position":2,"name":"products","item":"https:\/\/uniasen.com\/products\/"},{"@type":"ListItem","position":3,"name":"Line Pipe"}]},{"@type":"WebSite","@id":"https:\/\/uniasen.com\/#website","url":"https:\/\/uniasen.com\/","name":"UNIASEN","description":"","publisher":{"@id":"https:\/\/uniasen.com\/#organization"},"potentialAction":[{"@type":"SearchAction","target":{"@type":"EntryPoint","urlTemplate":"https:\/\/uniasen.com\/?s={search_term_string}"},"query-input":{"@type":"PropertyValueSpecification","valueRequired":true,"valueName":"search_term_string"}}],"inLanguage":"tr"},{"@type":"Organization","@id":"https:\/\/uniasen.com\/#organization","name":"UniAsen","alternateName":"UniAsen (Tianjin) Co., Ltd.","url":"https:\/\/uniasen.com\/","logo":{"@type":"ImageObject","inLanguage":"tr","@id":"https:\/\/uniasen.com\/#\/schema\/logo\/image\/","url":"https:\/\/uniasen.com\/wp-content\/uploads\/2023\/11\/UNIASEN-carbon-steel-supplier-and-expertor-in-china-LOGO.webp","contentUrl":"https:\/\/uniasen.com\/wp-content\/uploads\/2023\/11\/UNIASEN-carbon-steel-supplier-and-expertor-in-china-LOGO.webp","width":300,"height":300,"caption":"UniAsen"},"image":{"@id":"https:\/\/uniasen.com\/#\/schema\/logo\/image\/"}}]}},"_links":{"self":[{"href":"https:\/\/uniasen.com\/tr\/wp-json\/wp\/v2\/pages\/3016","targetHints":{"allow":["GET"]}}],"collection":[{"href":"https:\/\/uniasen.com\/tr\/wp-json\/wp\/v2\/pages"}],"about":[{"href":"https:\/\/uniasen.com\/tr\/wp-json\/wp\/v2\/types\/page"}],"author":[{"embeddable":true,"href":"https:\/\/uniasen.com\/tr\/wp-json\/wp\/v2\/users\/3"}],"replies":[{"embeddable":true,"href":"https:\/\/uniasen.com\/tr\/wp-json\/wp\/v2\/comments?post=3016"}],"version-history":[{"count":24,"href":"https:\/\/uniasen.com\/tr\/wp-json\/wp\/v2\/pages\/3016\/revisions"}],"predecessor-version":[{"id":4357,"href":"https:\/\/uniasen.com\/tr\/wp-json\/wp\/v2\/pages\/3016\/revisions\/4357"}],"up":[{"embeddable":true,"href":"https:\/\/uniasen.com\/tr\/wp-json\/wp\/v2\/pages\/912"}],"wp:attachment":[{"href":"https:\/\/uniasen.com\/tr\/wp-json\/wp\/v2\/media?parent=3016"}],"curies":[{"name":"wp","href":"https:\/\/api.w.org\/{rel}","templated":true}]}}