{"id":6136,"date":"2025-12-31T16:27:53","date_gmt":"2025-12-31T08:27:53","guid":{"rendered":"https:\/\/uniasen.com\/?page_id=6136"},"modified":"2025-12-31T17:15:00","modified_gmt":"2025-12-31T09:15:00","slug":"privacy-policy","status":"publish","type":"page","link":"https:\/\/uniasen.com\/pt\/politica-de-privacidade\/","title":{"rendered":"Pol\u00edtica de privacidade"},"content":{"rendered":"<section class=\"section\" id=\"section_403031018\">\n\t\t<div class=\"section-bg fill\" >\n\t\t\t\t\t\t\t\t\t\n\t\t\t\n\n\t\t<\/div>\n\n\t\t\n\n\t\t<div class=\"section-content relative\">\n\t\t\t\n<div class=\"row\"  id=\"row-160801802\">\n\n\t<div id=\"col-561448371\" class=\"col small-12 large-12\"  >\n\t\t\t\t<div class=\"col-inner\"  >\n\t\t\t\n\t\t\t\n<p><a href=\"https:\/\/uniasen.com\/pt\/\">In\u00edcio<\/a> \/ Termos de Servi\u00e7o<\/p>\n<h1>Pol\u00edtica de privacidade<\/h1>\n<p><strong>Data de vig\u00eancia: Dezembro de <span class=\"g0-inline-suggestion\" data-g0-suggetion-diff-id=\"modification-25-29\" data-feedback-type=\"grammar\">30, <\/span>2025<\/strong><\/p>\n<p>Bem-vindo ao <a href=\"https:\/\/uniasen.com\/pt\/\">https:\/\/uniasen.com\/<\/a> (doravante, \"este site\"). Este site \u00e9 gerenciado e operado pela Uniasen (Tianjin) Co., Ltd. (doravante denominada \"n\u00f3s\" ou \"nossa empresa\"). Entendemos a import\u00e2ncia da privacidade para voc\u00ea e faremos o poss\u00edvel para proteger as informa\u00e7\u00f5es pessoais que voc\u00ea enviar neste site.<\/p>\n<p>Esta Pol\u00edtica de Privacidade (doravante, \"esta Pol\u00edtica\") explica como lidamos com suas informa\u00e7\u00f5es pessoais, incluindo as regras que regem sua coleta, uso, divulga\u00e7\u00e3o, armazenamento e prote\u00e7\u00e3o. Ao acessar este site, navegar pelo conte\u00fado da Web, enviar formul\u00e1rios de consulta, solicitar cota\u00e7\u00f5es ou entrar em contato conosco por meio do site, considera-se que voc\u00ea leu, entendeu e concordou em se vincular a todos os termos desta Pol\u00edtica. Se voc\u00ea n\u00e3o concordar com qualquer um dos termos desta Pol\u00edtica, pare de usar este site imediatamente.<\/p>\n<p>Reservamo-nos o direito de atualizar esta Pol\u00edtica de tempos em tempos, e a vers\u00e3o atualizada ser\u00e1 publicada neste site e entrar\u00e1 em vigor a partir da data de publica\u00e7\u00e3o. Seu uso cont\u00ednuo deste site constitui sua aceita\u00e7\u00e3o da pol\u00edtica revisada. Consulte esta p\u00e1gina regularmente para se manter atualizado com a pol\u00edtica mais recente.<\/p>\n<h2>1. Como coletamos informa\u00e7\u00f5es<\/h2>\n<p>Podemos coletar suas informa\u00e7\u00f5es das seguintes maneiras:<\/p>\n<p>(1) Informa\u00e7\u00f5es que voc\u00ea fornece voluntariamente<\/p>\n<p>Ao usar o formul\u00e1rio de contato, o formul\u00e1rio de consulta, a fun\u00e7\u00e3o de solicita\u00e7\u00e3o de or\u00e7amento neste site ou ao se comunicar conosco por e-mail, voc\u00ea poder\u00e1 fornecer as seguintes informa\u00e7\u00f5es pessoais:<\/p>\n<ul>\n<li><span class=\"g0-inline-suggestion\" data-g0-suggetion-diff-id=\"insertion-1491-1495\" data-feedback-type=\"grammar\">Na<\/span>eu<\/li>\n<li><span class=\"g0-inline-suggestion\" data-g0-suggetion-diff-id=\"insertion-1497-1501\" data-feedback-type=\"grammar\">Co<\/span>Nome da empresa<\/li>\n<li><span class=\"g0-inline-suggestion\" data-g0-suggetion-diff-id=\"insertion-1511-1515\" data-feedback-type=\"grammar\">Em<\/span>Endere\u00e7o de e-mail<\/li>\n<li><span class=\"g0-inline-suggestion\" data-g0-suggetion-diff-id=\"insertion-1526-1530\" data-feedback-type=\"grammar\">Ph<\/span>Um n\u00famero<\/li>\n<li><span class=\"g0-inline-suggestion\" data-g0-suggetion-diff-id=\"insertion-1540-1544\" data-feedback-type=\"grammar\">Jo<\/span>b T\u00edtulo ou outros detalhes de contato<\/li>\n<li><span class=\"g0-inline-suggestion\" data-g0-suggetion-diff-id=\"insertion-1576-1580\" data-feedback-type=\"grammar\">Em<\/span>conte\u00fado de perguntas (como especifica\u00e7\u00f5es do produto, quantidade, requisitos de entrega, etc.)<\/li>\n<\/ul>\n<p>Voc\u00ea pode optar por n\u00e3o fornecer determinadas informa\u00e7\u00f5es, mas isso pode afetar a integridade de nossa capacidade de fornecer cota\u00e7\u00f5es, consultas ou solicitar servi\u00e7os.<\/p>\n<p><span class=\"g0-inline-suggestion\" data-g0-suggetion-diff-id=\"deletion-1832-1872\" data-feedback-type=\"grammar\">(2) Informa\u00e7\u00f5es coletadas automaticamente <\/span><\/p>\n<p>Quando voc\u00ea visita este site, nossos servidores registram automaticamente determinadas informa\u00e7\u00f5es n\u00e3o pessoais, inclusive:<\/p>\n<ul>\n<li><span class=\"g0-inline-suggestion\" data-g0-suggetion-diff-id=\"insertion-1978-1982\" data-feedback-type=\"grammar\">IP<\/span> <span class=\"g0-inline-suggestion\" data-g0-suggetion-diff-id=\"modification-1983-1992\" data-feedback-type=\"grammar\">endere\u00e7o<\/span><span class=\"g0-inline-suggestion\" data-g0-suggetion-diff-id=\"modification-1983-1992\" data-feedback-type=\"grammar\">ss<\/span><\/li>\n<li><span class=\"g0-inline-suggestion\" data-g0-suggetion-diff-id=\"insertion-1992-1996\" data-feedback-type=\"grammar\">Br<\/span>tipo e vers\u00e3o do navegador<\/li>\n<li><span class=\"g0-inline-suggestion\" data-g0-suggetion-diff-id=\"insertion-2018-2022\" data-feedback-type=\"grammar\">Op<\/span>sistema operacional<\/li>\n<li><span class=\"g0-inline-suggestion\" data-g0-suggetion-diff-id=\"insertion-2036-2040\" data-feedback-type=\"grammar\">Ac<\/span>hora e data do processo<\/li>\n<li><span class=\"g0-inline-suggestion\" data-g0-suggetion-diff-id=\"insertion-2058-2062\" data-feedback-type=\"grammar\">Pa<\/span>ges visitados<\/li>\n<li><span class=\"g0-inline-suggestion\" data-g0-suggetion-diff-id=\"insertion-2073-2077\" data-feedback-type=\"grammar\">Re<\/span>site de origem (a p\u00e1gina a partir da qual voc\u00ea acessou este site)<\/li>\n<\/ul>\n<p><span class=\"g0-inline-suggestion\" data-g0-suggetion-diff-id=\"deletion-2142-2179\" data-feedback-type=\"grammar\">(3) Cookies e tecnologias similares <\/span><\/p>\n<p>Podemos usar cookies, web beacons ou tecnologias de rastreamento semelhantes para melhorar a experi\u00eancia no site, analisar o uso e rastrear visitas. Essas tecnologias ajudam a:<\/p>\n<ul>\n<li><span class=\"g0-inline-suggestion\" data-g0-suggetion-diff-id=\"insertion-2340-2344\" data-feedback-type=\"grammar\">Re<\/span>membro suas prefer\u00eancias<\/li>\n<li><span class=\"g0-inline-suggestion\" data-g0-suggetion-diff-id=\"insertion-2367-2371\" data-feedback-type=\"grammar\">Um<\/span>Analisar o tr\u00e1fego do site<\/li>\n<li><span class=\"g0-inline-suggestion\" data-g0-suggetion-diff-id=\"insertion-2392-2396\" data-feedback-type=\"grammar\">Im<\/span>comprovar a funcionalidade do site<\/li>\n<\/ul>\n<p>Os principais navegadores geralmente t\u00eam o armazenamento de cookies ativado por padr\u00e3o. Voc\u00ea pode optar por recusar ou excluir os cookies nas configura\u00e7\u00f5es de privacidade do seu navegador, mas isso pode impedi-lo de usar alguns servi\u00e7os do site adequadamente. N\u00e3o usaremos cookies para publicidade personalizada, nem realizaremos integra\u00e7\u00e3o profunda de dados com redes de publicidade de terceiros com base em cookies.<\/p>\n<h3>2. <span class=\"g0-inline-suggestion\" data-g0-suggetion-diff-id=\"deletion-2798-2826\" data-feedback-type=\"grammar\">Como usamos suas informa\u00e7\u00f5es <\/span><\/h3>\n<p>As informa\u00e7\u00f5es que coletamos s\u00e3o usadas principalmente para as seguintes finalidades:<\/p>\n<ul>\n<li><span class=\"g0-inline-suggestion\" data-g0-suggetion-diff-id=\"insertion-2898-2902\" data-feedback-type=\"grammar\">Pr<\/span>processar suas consultas, fornecer cota\u00e7\u00f5es e informa\u00e7\u00f5es sobre produtos<\/li>\n<li><span class=\"g0-inline-suggestion\" data-g0-suggetion-diff-id=\"insertion-2967-2971\" data-feedback-type=\"grammar\">Re<\/span>responder \u00e0s suas perguntas, fornecer suporte t\u00e9cnico ou atendimento ao cliente<\/li>\n<li><span class=\"g0-inline-suggestion\" data-g0-suggetion-diff-id=\"insertion-3046-3050\" data-feedback-type=\"grammar\">Fu<\/span>Preenchimento de pedidos, organiza\u00e7\u00e3o da produ\u00e7\u00e3o e log\u00edstica (se aplic\u00e1vel)<\/li>\n<li><span class=\"g0-inline-suggestion\" data-g0-suggetion-diff-id=\"insertion-3117-3121\" data-feedback-type=\"grammar\">Im<\/span>comprova\u00e7\u00e3o do conte\u00fado, da funcionalidade e da experi\u00eancia do usu\u00e1rio do site<\/li>\n<li><span class=\"g0-inline-suggestion\" data-g0-suggetion-diff-id=\"insertion-3180-3184\" data-feedback-type=\"grammar\">Um<\/span>Analisar o uso do site para estat\u00edsticas e pesquisas internas<\/li>\n<li><span class=\"g0-inline-suggestion\" data-g0-suggetion-diff-id=\"insertion-3242-3246\" data-feedback-type=\"grammar\">Se<\/span>nding comunica\u00e7\u00f5es transacionais (como confirma\u00e7\u00f5es de cota\u00e7\u00f5es, atualiza\u00e7\u00f5es de pedidos)<\/li>\n<li><span class=\"g0-inline-suggestion\" data-g0-suggetion-diff-id=\"insertion-3325-3329\" data-feedback-type=\"grammar\">Co<\/span>Cumprir com obriga\u00e7\u00f5es legais ou proteger nossos interesses leg\u00edtimos<\/li>\n<\/ul>\n<p>N\u00e3o usaremos suas informa\u00e7\u00f5es pessoais para fins de marketing direto ou promocionais, a menos que voc\u00ea consinta explicitamente (como a assinatura de boletins informativos, que este site n\u00e3o oferece no momento).<\/p>\n<h2><span class=\"g0-inline-suggestion\" data-g0-suggetion-diff-id=\"deletion-3601-3639\" data-feedback-type=\"grammar\">3. Compartilhamento e divulga\u00e7\u00e3o de informa\u00e7\u00f5es <\/span><\/h2>\n<p>N\u00e3o venderemos, alugaremos ou trocaremos suas informa\u00e7\u00f5es pessoais. Somente compartilhamos informa\u00e7\u00f5es nas seguintes circunst\u00e2ncias:<\/p>\n<ul>\n<li><span class=\"g0-inline-suggestion\" data-g0-suggetion-diff-id=\"insertion-3756-3760\" data-feedback-type=\"grammar\">Sh<\/span>aring com provedores de servi\u00e7os confi\u00e1veis (como hospedagem de sites, servi\u00e7os de e-mail, parceiros de log\u00edstica), que se limitam a usar as informa\u00e7\u00f5es apenas para fins de presta\u00e7\u00e3o de servi\u00e7os para n\u00f3s e est\u00e3o vinculados a obriga\u00e7\u00f5es de confidencialidade.<\/li>\n<li><span class=\"g0-inline-suggestion\" data-g0-suggetion-diff-id=\"insertion-3995-3999\" data-feedback-type=\"grammar\">Sh<\/span>aring com parceiros comerciais (como durante o atendimento de pedidos), somente na medida do necess\u00e1rio.<\/li>\n<li><span class=\"g0-inline-suggestion\" data-g0-suggetion-diff-id=\"insertion-4093-4097\" data-feedback-type=\"grammar\">Di<\/span>divulga\u00e7\u00e3o a ag\u00eancias governamentais, \u00f3rg\u00e3os reguladores ou ag\u00eancias de aplica\u00e7\u00e3o da lei quando exigido por lei.<\/li>\n<li><span class=\"g0-inline-suggestion\" data-g0-suggetion-diff-id=\"insertion-4198-4202\" data-feedback-type=\"grammar\">Tr<\/span>Oferecer como parte de um ativo em transa\u00e7\u00f5es comerciais, como fus\u00f5es de empresas, aquisi\u00e7\u00f5es ou transfer\u00eancias de ativos.<\/li>\n<li><span class=\"g0-inline-suggestion\" data-g0-suggetion-diff-id=\"insertion-4316-4320\" data-feedback-type=\"grammar\">Um<\/span>As informa\u00e7\u00f5es on\u00edmicas ou agregadas podem ser usadas para fins estat\u00edsticos ou de pesquisa e n\u00e3o identificam indiv\u00edduos.<\/li>\n<li>As pr\u00e1ticas de privacidade de sites de terceiros (como links para plataformas de pagamento ou log\u00edstica) n\u00e3o s\u00e3o regidas por esta pol\u00edtica; consulte as pol\u00edticas deles separadamente.<\/li>\n<\/ul>\n<h2><span class=\"g0-inline-suggestion\" data-g0-suggetion-diff-id=\"deletion-4610-4627\" data-feedback-type=\"grammar\">4. Seguran\u00e7a de dados <\/span><\/h2>\n<p>Usamos meios gerenciais, t\u00e9cnicos e f\u00edsicos razo\u00e1veis, como firewalls, transmiss\u00e3o de dados criptografados e controles de acesso, para proteger suas informa\u00e7\u00f5es pessoais. Isso \u00e9 <span class=\"g0-inline-suggestion\" data-g0-suggetion-diff-id=\"modification-4801-4811\" data-feedback-type=\"grammar\">importante <\/span>Observe que o ambiente da Internet n\u00e3o \u00e9 absolutamente seguro e, portanto, n\u00e3o podemos garantir a seguran\u00e7a da transmiss\u00e3o de dados. Recomendamos que voc\u00ea tamb\u00e9m tome as devidas precau\u00e7\u00f5es para proteger suas informa\u00e7\u00f5es pessoais ao usar este site. Se <span class=\"g0-inline-suggestion\" data-g0-suggetion-diff-id=\"modification-5068-5076\" data-feedback-type=\"grammar\">h\u00e1 <\/span>Se houver uma viola\u00e7\u00e3o de dados, notificaremos rapidamente os usu\u00e1rios afetados. Seguiremos os requisitos legais e tomaremos medidas para limitar o impacto.<\/p>\n<h2>5. Transfer\u00eancia internacional de dados<\/h2>\n<p>Os servidores do nosso site est\u00e3o localizados na China. Isso significa que os dados que voc\u00ea fornece neste site podem ser armazenados e processados na China. Se voc\u00ea for da Uni\u00e3o Europeia, de fora da China ou de outras regi\u00f5es com leis r\u00edgidas de prote\u00e7\u00e3o de dados, seus dados talvez precisem ser transferidos entre fronteiras. Usaremos m\u00e9todos apropriados, como cl\u00e1usulas contratuais padr\u00e3o, para garantir que suas informa\u00e7\u00f5es recebam prote\u00e7\u00e3o razo\u00e1vel.<\/p>\n<h3><span class=\"g0-inline-suggestion\" data-g0-suggetion-diff-id=\"deletion-5660-5663\" data-feedback-type=\"grammar\">6. <\/span> Seus direitos<\/h3>\n<p>Com base nas leis aplic\u00e1veis em sua regi\u00e3o (como o Regulamento Geral de Prote\u00e7\u00e3o de Dados (GDPR), a Lei de Privacidade do Consumidor da Calif\u00f3rnia (CCPA) ou outros regulamentos de prote\u00e7\u00e3o de dados), voc\u00ea pode ter os seguintes direitos:<\/p>\n<ul>\n<li><span class=\"g0-inline-suggestion\" data-g0-suggetion-diff-id=\"insertion-5893-5897\" data-feedback-type=\"grammar\">Ac<\/span>acesso a suas informa\u00e7\u00f5es pessoais que mantemos<\/li>\n<li><span class=\"g0-inline-suggestion\" data-g0-suggetion-diff-id=\"insertion-5943-5947\" data-feedback-type=\"grammar\">Co<\/span>rre\u00e7\u00e3o de informa\u00e7\u00f5es imprecisas<\/li>\n<li><span class=\"g0-inline-suggestion\" data-g0-suggetion-diff-id=\"insertion-5981-5985\" data-feedback-type=\"grammar\">Re<\/span>solicitar a exclus\u00e3o de suas informa\u00e7\u00f5es pessoais (sujeito a requisitos legais de reten\u00e7\u00e3o)<\/li>\n<li><span class=\"g0-inline-suggestion\" data-g0-suggetion-diff-id=\"insertion-6074-6078\" data-feedback-type=\"grammar\">Ob<\/span>jei\u00e7\u00e3o ou restri\u00e7\u00e3o de determinado processamento<\/li>\n<li><span class=\"g0-inline-suggestion\" data-g0-suggetion-diff-id=\"insertion-6125-6129\" data-feedback-type=\"grammar\">Da<\/span>Portabilidade de dados (obten\u00e7\u00e3o de dados em um formato estruturado)<\/li>\n<li>Para exercer esses direitos, entre em contato conosco por meio do formul\u00e1rio de contato neste site ou usando as informa\u00e7\u00f5es de contato abaixo. Verificaremos sua identidade e responderemos dentro de um prazo razo\u00e1vel (geralmente em 30 dias).<\/li>\n<\/ul>\n<h2><span class=\"g0-inline-suggestion\" data-g0-suggetion-diff-id=\"modification-6408-6410\" data-feedback-type=\"grammar\">7.<\/span> <span class=\"g0-inline-suggestion\" data-g0-suggetion-diff-id=\"deletion-6411-6430\" data-feedback-type=\"grammar\">Privacidade das crian\u00e7as <\/span><\/h2>\n<p>Este site n\u00e3o se destina a crian\u00e7as com menos de 13 anos de idade, e n\u00e3o coletamos intencionalmente informa\u00e7\u00f5es pessoais de crian\u00e7as. Se voc\u00ea acredita que coletamos inadvertidamente informa\u00e7\u00f5es de uma crian\u00e7a, entre em contato conosco imediatamente para que possamos exclu\u00ed-las.<\/p>\n<h2>8. Links de terceiros<\/h2>\n<p>Este site pode conter links para alguns sites de terceiros. Observe que esses sites t\u00eam suas pr\u00f3prias pol\u00edticas de privacidade, e n\u00e3o somos respons\u00e1veis por suas pr\u00e1ticas de privacidade. Recomendamos que voc\u00ea se familiarize com suas pol\u00edticas antes de us\u00e1-los.<\/p>\n<h2>9. Altera\u00e7\u00f5es de pol\u00edticas<\/h2>\n<p>Esta pol\u00edtica pode ser atualizada conforme necess\u00e1rio. Para altera\u00e7\u00f5es importantes na pol\u00edtica, n\u00f3s o notificaremos por meio de an\u00fancios no site ou por e-mail. Se voc\u00ea continuar a usar este site ap\u00f3s a atualiza\u00e7\u00e3o da pol\u00edtica, ser\u00e1 considerado que voc\u00ea leu e concordou com todo o conte\u00fado atualizado.<\/p>\n<h2><span class=\"g0-inline-suggestion\" data-g0-suggetion-diff-id=\"deletion-7249-7264\" data-feedback-type=\"grammar\">10. Entre em contato conosco <\/span><\/h2>\n<p>Caso tenha d\u00favidas, coment\u00e1rios ou deseje exercer seus direitos em rela\u00e7\u00e3o a esta pol\u00edtica, entre em contato conosco usando as informa\u00e7\u00f5es a seguir: Unisen (Tianjin) Co., Ltd.<\/p>\n<p><span class=\"g0-inline-suggestion\" data-g0-suggetion-diff-id=\"deletion-7434-7458\" data-feedback-type=\"grammar\">Endere\u00e7o: Tianjin, China <\/span><\/p>\n<p>E-mail: <a href=\"mailto:export@uniasen.com\">export@uniasen.com<\/a> (ou site <a href=\"https:\/\/uniasen.com\/pt\/contato\/\">formul\u00e1rio de contato<\/a>)<\/p>\n<p><span class=\"g0-inline-suggestion\" data-g0-suggetion-diff-id=\"modification-7508-7516\" data-feedback-type=\"grammar\">Site:<\/span> <a href=\"https:\/\/uniasen.com\/pt\/\"><span class=\"g0-inline-suggestion\" data-g0-suggetion-diff-id=\"deletion-7517-7538\" data-feedback-type=\"grammar\">https:\/\/uniasen.com\/<\/span><\/a><\/p>\n<p>Obrigado por confiar na Unisen (Tianjin) Co., Ltd. Temos o compromisso de lidar com suas informa\u00e7\u00f5es pessoais de forma respons\u00e1vel.<\/p>\n\t\t<\/div>\n\t\t\t\t\t<\/div>\n\n\t\n<\/div>\n\t\t<\/div>\n\n\t\t\n<style>\n#section_403031018 {\n  padding-top: 60px;\n  padding-bottom: 60px;\n}\n<\/style>\n\t<\/section>","protected":false},"excerpt":{"rendered":"","protected":false},"author":10,"featured_media":0,"parent":0,"menu_order":0,"comment_status":"closed","ping_status":"closed","template":"page-blank.php","meta":{"footnotes":""},"class_list":["post-6136","page","type-page","status-publish","hentry"],"yoast_head":"<!-- This site is optimized with the Yoast SEO plugin v23.6 - https:\/\/yoast.com\/wordpress\/plugins\/seo\/ -->\n<title>Privacy Policy - UNIASEN<\/title>\n<meta name=\"robots\" content=\"index, follow, max-snippet:-1, max-image-preview:large, max-video-preview:-1\" \/>\n<link rel=\"canonical\" href=\"https:\/\/uniasen.com\/pt\/politica-de-privacidade\/\" \/>\n<meta property=\"og:locale\" content=\"pt_BR\" \/>\n<meta property=\"og:type\" content=\"article\" \/>\n<meta property=\"og:title\" content=\"Privacy Policy - UNIASEN\" \/>\n<meta property=\"og:url\" content=\"https:\/\/uniasen.com\/pt\/politica-de-privacidade\/\" \/>\n<meta property=\"og:site_name\" content=\"UNIASEN\" \/>\n<meta property=\"article:modified_time\" content=\"2025-12-31T09:15:00+00:00\" \/>\n<meta name=\"twitter:card\" content=\"summary_large_image\" \/>\n<meta name=\"twitter:label1\" content=\"Est. tempo de leitura\" \/>\n\t<meta name=\"twitter:data1\" content=\"6 minutos\" \/>\n<script type=\"application\/ld+json\" class=\"yoast-schema-graph\">{\"@context\":\"https:\/\/schema.org\",\"@graph\":[{\"@type\":\"WebPage\",\"@id\":\"https:\/\/uniasen.com\/privacy-policy\/\",\"url\":\"https:\/\/uniasen.com\/privacy-policy\/\",\"name\":\"Privacy Policy - UNIASEN\",\"isPartOf\":{\"@id\":\"https:\/\/uniasen.com\/#website\"},\"datePublished\":\"2025-12-31T08:27:53+00:00\",\"dateModified\":\"2025-12-31T09:15:00+00:00\",\"breadcrumb\":{\"@id\":\"https:\/\/uniasen.com\/privacy-policy\/#breadcrumb\"},\"inLanguage\":\"pt-BR\",\"potentialAction\":[{\"@type\":\"ReadAction\",\"target\":[\"https:\/\/uniasen.com\/privacy-policy\/\"]}]},{\"@type\":\"BreadcrumbList\",\"@id\":\"https:\/\/uniasen.com\/privacy-policy\/#breadcrumb\",\"itemListElement\":[{\"@type\":\"ListItem\",\"position\":1,\"name\":\"Home\",\"item\":\"https:\/\/uniasen.com\/\"},{\"@type\":\"ListItem\",\"position\":2,\"name\":\"Privacy Policy\"}]},{\"@type\":\"WebSite\",\"@id\":\"https:\/\/uniasen.com\/#website\",\"url\":\"https:\/\/uniasen.com\/\",\"name\":\"UNIASEN\",\"description\":\"\",\"publisher\":{\"@id\":\"https:\/\/uniasen.com\/#organization\"},\"potentialAction\":[{\"@type\":\"SearchAction\",\"target\":{\"@type\":\"EntryPoint\",\"urlTemplate\":\"https:\/\/uniasen.com\/?s={search_term_string}\"},\"query-input\":{\"@type\":\"PropertyValueSpecification\",\"valueRequired\":true,\"valueName\":\"search_term_string\"}}],\"inLanguage\":\"pt-BR\"},{\"@type\":\"Organization\",\"@id\":\"https:\/\/uniasen.com\/#organization\",\"name\":\"UniAsen\",\"alternateName\":\"UniAsen (Tianjin) Co., Ltd.\",\"url\":\"https:\/\/uniasen.com\/\",\"logo\":{\"@type\":\"ImageObject\",\"inLanguage\":\"pt-BR\",\"@id\":\"https:\/\/uniasen.com\/#\/schema\/logo\/image\/\",\"url\":\"https:\/\/uniasen.com\/wp-content\/uploads\/2023\/11\/UNIASEN-carbon-steel-supplier-and-expertor-in-china-LOGO.webp\",\"contentUrl\":\"https:\/\/uniasen.com\/wp-content\/uploads\/2023\/11\/UNIASEN-carbon-steel-supplier-and-expertor-in-china-LOGO.webp\",\"width\":300,\"height\":300,\"caption\":\"UniAsen\"},\"image\":{\"@id\":\"https:\/\/uniasen.com\/#\/schema\/logo\/image\/\"}}]}<\/script>\n<!-- \/ Yoast SEO plugin. -->","yoast_head_json":{"title":"Privacy Policy - UNIASEN","robots":{"index":"index","follow":"follow","max-snippet":"max-snippet:-1","max-image-preview":"max-image-preview:large","max-video-preview":"max-video-preview:-1"},"canonical":"https:\/\/uniasen.com\/pt\/politica-de-privacidade\/","og_locale":"pt_BR","og_type":"article","og_title":"Privacy Policy - UNIASEN","og_url":"https:\/\/uniasen.com\/pt\/politica-de-privacidade\/","og_site_name":"UNIASEN","article_modified_time":"2025-12-31T09:15:00+00:00","twitter_card":"summary_large_image","twitter_misc":{"Est. tempo de leitura":"6 minutos"},"schema":{"@context":"https:\/\/schema.org","@graph":[{"@type":"WebPage","@id":"https:\/\/uniasen.com\/privacy-policy\/","url":"https:\/\/uniasen.com\/privacy-policy\/","name":"Privacy Policy - UNIASEN","isPartOf":{"@id":"https:\/\/uniasen.com\/#website"},"datePublished":"2025-12-31T08:27:53+00:00","dateModified":"2025-12-31T09:15:00+00:00","breadcrumb":{"@id":"https:\/\/uniasen.com\/privacy-policy\/#breadcrumb"},"inLanguage":"pt-BR","potentialAction":[{"@type":"ReadAction","target":["https:\/\/uniasen.com\/privacy-policy\/"]}]},{"@type":"BreadcrumbList","@id":"https:\/\/uniasen.com\/privacy-policy\/#breadcrumb","itemListElement":[{"@type":"ListItem","position":1,"name":"Home","item":"https:\/\/uniasen.com\/"},{"@type":"ListItem","position":2,"name":"Privacy Policy"}]},{"@type":"WebSite","@id":"https:\/\/uniasen.com\/#website","url":"https:\/\/uniasen.com\/","name":"UNIASEN","description":"","publisher":{"@id":"https:\/\/uniasen.com\/#organization"},"potentialAction":[{"@type":"SearchAction","target":{"@type":"EntryPoint","urlTemplate":"https:\/\/uniasen.com\/?s={search_term_string}"},"query-input":{"@type":"PropertyValueSpecification","valueRequired":true,"valueName":"search_term_string"}}],"inLanguage":"pt-BR"},{"@type":"Organization","@id":"https:\/\/uniasen.com\/#organization","name":"UniAsen","alternateName":"UniAsen (Tianjin) Co., Ltd.","url":"https:\/\/uniasen.com\/","logo":{"@type":"ImageObject","inLanguage":"pt-BR","@id":"https:\/\/uniasen.com\/#\/schema\/logo\/image\/","url":"https:\/\/uniasen.com\/wp-content\/uploads\/2023\/11\/UNIASEN-carbon-steel-supplier-and-expertor-in-china-LOGO.webp","contentUrl":"https:\/\/uniasen.com\/wp-content\/uploads\/2023\/11\/UNIASEN-carbon-steel-supplier-and-expertor-in-china-LOGO.webp","width":300,"height":300,"caption":"UniAsen"},"image":{"@id":"https:\/\/uniasen.com\/#\/schema\/logo\/image\/"}}]}},"_links":{"self":[{"href":"https:\/\/uniasen.com\/pt\/wp-json\/wp\/v2\/pages\/6136","targetHints":{"allow":["GET"]}}],"collection":[{"href":"https:\/\/uniasen.com\/pt\/wp-json\/wp\/v2\/pages"}],"about":[{"href":"https:\/\/uniasen.com\/pt\/wp-json\/wp\/v2\/types\/page"}],"author":[{"embeddable":true,"href":"https:\/\/uniasen.com\/pt\/wp-json\/wp\/v2\/users\/10"}],"replies":[{"embeddable":true,"href":"https:\/\/uniasen.com\/pt\/wp-json\/wp\/v2\/comments?post=6136"}],"version-history":[{"count":5,"href":"https:\/\/uniasen.com\/pt\/wp-json\/wp\/v2\/pages\/6136\/revisions"}],"predecessor-version":[{"id":6144,"href":"https:\/\/uniasen.com\/pt\/wp-json\/wp\/v2\/pages\/6136\/revisions\/6144"}],"wp:attachment":[{"href":"https:\/\/uniasen.com\/pt\/wp-json\/wp\/v2\/media?parent=6136"}],"curies":[{"name":"wp","href":"https:\/\/api.w.org\/{rel}","templated":true}]}}