{"id":6127,"date":"2025-12-31T09:46:13","date_gmt":"2025-12-31T01:46:13","guid":{"rendered":"https:\/\/uniasen.com\/?page_id=6127"},"modified":"2025-12-31T09:53:18","modified_gmt":"2025-12-31T01:53:18","slug":"terms-of-service","status":"publish","type":"page","link":"https:\/\/uniasen.com\/pt\/termos-de-servico\/","title":{"rendered":"Termos de Servi\u00e7o"},"content":{"rendered":"<section class=\"section\" id=\"section_1588761285\">\n\t\t<div class=\"section-bg fill\" >\n\t\t\t\t\t\t\t\t\t\n\t\t\t\n\n\t\t<\/div>\n\n\t\t\n\n\t\t<div class=\"section-content relative\">\n\t\t\t\n<div class=\"row\"  id=\"row-1538112171\">\n\n\t<div id=\"col-223082270\" class=\"col small-12 large-12\"  >\n\t\t\t\t<div class=\"col-inner\"  >\n\t\t\t\n\t\t\t\n<p><a href=\"https:\/\/uniasen.com\/pt\/\">In\u00edcio<\/a> \/ Termos de Servi\u00e7o<\/p>\n<h1>Termos de Servi\u00e7o<\/h1>\n<p><strong>Data de vig\u00eancia: 30 de dezembro de 2025<\/strong><\/p>\n<p>Bem-vindo ao <span style=\"color: #000080;\"><a style=\"color: #000080;\" href=\"https:\/\/uniasen.com\/pt\/\">https:\/\/uniasen.com\/ <\/a><\/span><span class=\"g0-inline-suggestion\" data-g0-suggetion-diff-id=\"modification-67-81\" data-feedback-type=\"grammar\">(doravante, <\/span>\"este site\"). Este site \u00e9 operado pela Uniasen (Tianjin) Co., Ltd. (doravante denominada \"n\u00f3s\", \"a empresa\" ou \"Uniasen\"). Estes Termos de Servi\u00e7o <span class=\"g0-inline-suggestion\" data-g0-suggetion-diff-id=\"modification-240-248\" data-feedback-type=\"grammar\">(chamado <\/span>\"estes Termos\") descrevem seus direitos e deveres ao usar este site. Isso inclui <span class=\"g0-inline-suggestion\" data-g0-suggetion-diff-id=\"modification-335-342\" data-feedback-type=\"grammar\">perguntando <\/span>sobre produtos, enviar consultas ou fazer compras.<\/p>\n<p>Ao usar este site, navegar pelo conte\u00fado, preencher formul\u00e1rios de contato, solicitar cota\u00e7\u00f5es ou fazer pedidos, voc\u00ea demonstra que leu, entendeu e concorda com estes Termos. Se voc\u00ea n\u00e3o concordar com qualquer parte destes Termos, pare de usar este site imediatamente.<\/p>\n<p>Reservamo-nos o direito de modificar ou atualizar estes Termos de Servi\u00e7o a qualquer momento. Os termos modificados ser\u00e3o publicados neste site e entrar\u00e3o em vigor imediatamente ap\u00f3s a publica\u00e7\u00e3o. Se continuar a acessar ou usar este site depois que os termos forem atualizados, voc\u00ea indica que leu e aceitou os novos termos. Para evitar mal-entendidos, consulte esta p\u00e1gina regularmente para obter a vers\u00e3o mais recente dos termos.<\/p>\n<h2>1. Informa\u00e7\u00f5es sobre a empresa e vis\u00e3o geral dos servi\u00e7os<\/h2>\n<p>Uniasen (Tianjin) Co., Ltd. (doravante denominada <span class=\"g0-inline-suggestion\" data-g0-suggetion-diff-id=\"modification-1181-1192\" data-feedback-type=\"grammar\">\"UNIASEN\") <\/span>\u00e9 um fabricante, fornecedor e exportador profissional de tubos de a\u00e7o carbono localizado em Tianjin, <span class=\"g0-inline-suggestion\" data-g0-suggetion-diff-id=\"modification-1289-1294\" data-feedback-type=\"grammar\">China<\/span>. Fundada em 1998, h\u00e1 mais de vinte anos nos concentramos em pesquisa, desenvolvimento, produ\u00e7\u00e3o e vendas de tubos e conex\u00f5es de a\u00e7o carbono, incluindo, mas n\u00e3o se limitando a:<\/p>\n<ul>\n<li><span style=\"color: #000080;\"><a style=\"color: #000080;\" href=\"https:\/\/uniasen.com\/pt\/produtos\/tubo-sem-costura\/\"><span class=\"g0-inline-suggestion\" data-g0-suggetion-diff-id=\"insertion-1474-1478\" data-feedback-type=\"grammar\">Se<\/span>Tubos de a\u00e7o sem am\u00f4nia<\/a><\/span><\/li>\n<li><span style=\"color: #000080;\"><a style=\"color: #000080;\" href=\"https:\/\/uniasen.com\/pt\/produtos\/tubo-erw\/\"><span class=\"g0-inline-suggestion\" data-g0-suggetion-diff-id=\"insertion-1496-1500\" data-feedback-type=\"grammar\">ER<\/span>Tubos W<\/a><\/span><\/li>\n<li><span style=\"color: #000080;\"><a style=\"color: #000080;\" href=\"https:\/\/uniasen.com\/pt\/produtos\/tubo-de-serra-2\/\"><span class=\"g0-inline-suggestion\" data-g0-suggetion-diff-id=\"insertion-1507-1511\" data-feedback-type=\"grammar\">LS<\/span>Tubos AW<\/a><\/span><\/li>\n<li><span style=\"color: #000080;\"><a style=\"color: #000080;\" href=\"https:\/\/uniasen.com\/pt\/produtos\/tubo-de-serra\/\"><span class=\"g0-inline-suggestion\" data-g0-suggetion-diff-id=\"insertion-1519-1523\" data-feedback-type=\"grammar\">SS<\/span>Tubos AW<\/a><\/span><\/li>\n<li><span style=\"color: #000080;\"><a style=\"color: #000080;\" href=\"https:\/\/uniasen.com\/pt\/produtos\/tubulacao-de-linha\/\"><span class=\"g0-inline-suggestion\" data-g0-suggetion-diff-id=\"insertion-1531-1535\" data-feedback-type=\"grammar\">Li<\/span>ne Tubos<\/a><\/span><\/li>\n<li><span style=\"color: #000080;\"><a style=\"color: #000080;\" href=\"https:\/\/uniasen.com\/pt\/produtos\/tubulacao-de-sprinklers-contra-incendio\/\"><span class=\"g0-inline-suggestion\" data-g0-suggetion-diff-id=\"insertion-1543-1547\" data-feedback-type=\"grammar\">Sp<\/span>Tubos de aspers\u00e3o<\/a><\/span><\/li>\n<li><span style=\"color: #000080;\"><a style=\"color: #000080;\" href=\"https:\/\/uniasen.com\/pt\/produtos\/tubo-de-aco-estrutural\/\"><span class=\"g0-inline-suggestion\" data-g0-suggetion-diff-id=\"insertion-1560-1564\" data-feedback-type=\"grammar\">St<\/span>Tubos de a\u00e7o estrutural<\/a><\/span><\/li>\n<li><span style=\"color: #000080;\"><a style=\"color: #000080;\" href=\"https:\/\/uniasen.com\/pt\/produtos\/secoes-ocas\/\"><span class=\"g0-inline-suggestion\" data-g0-suggetion-diff-id=\"insertion-1584-1588\" data-feedback-type=\"grammar\">Ho<\/span>Se\u00e7\u00f5es inferiores<\/a><\/span><\/li>\n<li><span style=\"color: #000080;\"><a style=\"color: #000080;\" href=\"https:\/\/uniasen.com\/pt\/produtos\/acessorios-para-tubos\/\"><span class=\"g0-inline-suggestion\" data-g0-suggetion-diff-id=\"insertion-1601-1605\" data-feedback-type=\"grammar\">Pi<\/span>Conex\u00f5es pe<\/a><\/span><\/li>\n<li><span style=\"color: #000080;\"><a style=\"color: #000080;\" href=\"https:\/\/uniasen.com\/pt\/produtos\/tubo-revestido\/\"><span class=\"g0-inline-suggestion\" data-g0-suggetion-diff-id=\"insertion-1616-1620\" data-feedback-type=\"grammar\">Co<\/span>Tubos atados<\/a><\/span><\/li>\n<\/ul>\n<p>Nossos produtos s\u00e3o fabricados de acordo com padr\u00f5es internacionais, como <span style=\"color: #000080;\"><a style=\"color: #000080;\" href=\"https:\/\/uniasen.com\/pt\/padroes\/api-5l\/\">API 5L<\/a><\/span>, <span style=\"color: #000080;\"><a style=\"color: #000080;\" href=\"https:\/\/uniasen.com\/pt\/padroes\/astm-a53\/\">ASTM A53<\/a><\/span>e <span style=\"color: #000080;\"><a style=\"color: #000080;\" href=\"https:\/\/uniasen.com\/pt\/padroes\/en-10219\/\">EN10219<\/a><\/span>e fornecemos principalmente para os setores de petr\u00f3leo e g\u00e1s, qu\u00edmico, constru\u00e7\u00e3o, conserva\u00e7\u00e3o de \u00e1gua e minera\u00e7\u00e3o de carv\u00e3o. N\u00e3o apenas fornecemos produtos padr\u00e3o, mas tamb\u00e9m oferecemos processamento personalizado de acordo com as necessidades do cliente. Tamb\u00e9m fornecemos suporte de sele\u00e7\u00e3o t\u00e9cnica, consultoria de qualidade e servi\u00e7os globais de log\u00edstica e exporta\u00e7\u00e3o. Este site exibe principalmente informa\u00e7\u00f5es sobre produtos, especifica\u00e7\u00f5es e casos de aplica\u00e7\u00e3o. Voc\u00ea pode navegar on-line, enviar consultas, fazer perguntas t\u00e9cnicas ou entrar em contato conosco diretamente a qualquer momento.<\/p>\n<p>Nosso neg\u00f3cio se concentra em exporta\u00e7\u00f5es a granel B2B, e o processo de transa\u00e7\u00e3o t\u00edpico \u00e9: consulta do cliente \u2192 fornecemos uma cota\u00e7\u00e3o \u2192 ambas as partes confirmam os detalhes do pedido \u2192 assinam um contrato formal \u2192 organizam a produ\u00e7\u00e3o e o envio.<\/p>\n<h2>2. Pedidos e cota\u00e7\u00f5es<\/h2>\n<p>As informa\u00e7\u00f5es sobre o produto, as especifica\u00e7\u00f5es e os pre\u00e7os exibidos no site s\u00e3o apenas para refer\u00eancia e n\u00e3o constituem uma cota\u00e7\u00e3o formal. O pre\u00e7o da transa\u00e7\u00e3o depende de nossa cota\u00e7\u00e3o por escrito. Ele pode mudar a qualquer momento com base nas condi\u00e7\u00f5es de mercado, nos custos de mat\u00e9ria-prima, nas flutua\u00e7\u00f5es da taxa de c\u00e2mbio e em outros fatores.<\/p>\n<p>Todos os pedidos devem ser confirmados por escrito por n\u00f3s (cota\u00e7\u00e3o ou confirma\u00e7\u00e3o de pedido) antes de entrarem em vigor. Reservamo-nos o direito de recusar qualquer pedido sem apresentar um motivo. O per\u00edodo de validade da cota\u00e7\u00e3o \u00e9 aquele declarado por escrito; se nenhum per\u00edodo de validade for especificamente declarado na cota\u00e7\u00e3o, o pre\u00e7o poder\u00e1 ser alterado a qualquer momento sem aviso pr\u00e9vio. Quando um pedido \u00e9 confirmado por n\u00f3s, ele est\u00e1 sujeito a estes termos de servi\u00e7o.<\/p>\n<p>O comprador (doravante denominado \"voc\u00ea\") n\u00e3o pode cancelar unilateralmente um pedido confirmado. O usu\u00e1rio deve <span class=\"g0-inline-suggestion\" data-g0-suggetion-diff-id=\"modification-3364-3368\" data-feedback-type=\"grammar\">obter <\/span>nossa permiss\u00e3o por escrito para cancelar. Se n\u00e3o o fizer, voc\u00ea ser\u00e1 respons\u00e1vel por quaisquer perdas. <span class=\"g0-inline-suggestion\" data-g0-suggetion-diff-id=\"modification-3454-3485\" data-feedback-type=\"grammar\">Isso inclui os custos de produ\u00e7\u00e3o <\/span>e <span class=\"g0-inline-suggestion\" data-g0-suggetion-diff-id=\"modification-3489-3505\" data-feedback-type=\"grammar\">custos de estoque.<\/span><\/p>\n<h2>3. Pre\u00e7o e pagamento<\/h2>\n<p>Todos os pre\u00e7os s\u00e3o pre\u00e7os l\u00edquidos e n\u00e3o incluem impostos. Salvo indica\u00e7\u00e3o em contr\u00e1rio na cota\u00e7\u00e3o, os custos de envio, as taxas de seguro, os direitos alfandeg\u00e1rios e as taxas de libera\u00e7\u00e3o alfandeg\u00e1ria tamb\u00e9m est\u00e3o exclu\u00eddos. O comprador \u00e9 respons\u00e1vel por esses encargos adicionais.<\/p>\n<p>Os m\u00e9todos de pagamento geralmente incluem transfer\u00eancia telegr\u00e1fica antecipada (T\/T), saque \u00e0 vista ou carta de cr\u00e9dito (L\/C), conforme especificado na confirma\u00e7\u00e3o do pedido ou no contrato. Geralmente, o pagamento \u00e9 exigido antes do envio. Para reduzir o risco, reservamo-nos o direito de exigir que os clientes paguem antecipadamente parte ou a totalidade do pagamento ou forne\u00e7am uma garantia banc\u00e1ria\/garantia de cr\u00e9dito. Se decidirmos que sua capacidade de cr\u00e9dito <span class=\"g0-inline-suggestion\" data-g0-suggetion-diff-id=\"modification-4153-4161\" data-feedback-type=\"grammar\">n\u00e3o <\/span>atender aos nossos padr\u00f5es, poderemos pausar o trabalho ou cancelar o pedido. N\u00f3s <span class=\"g0-inline-suggestion\" data-g0-suggetion-diff-id=\"modification-4225-4231\" data-feedback-type=\"grammar\">n\u00e3o vai <\/span>se responsabiliza por quaisquer problemas resultantes.<\/p>\n<h2>4. Entrega e transporte<\/h2>\n<p>Os termos de entrega s\u00e3o geralmente FOB porto chin\u00eas (por exemplo, porto de Tianjin), salvo acordo em contr\u00e1rio por escrito. O risco e a titularidade s\u00e3o transferidos para o cliente no momento do envio das mercadorias.<\/p>\n<p>As datas de entrega s\u00e3o estimadas e est\u00e3o sujeitas a produ\u00e7\u00e3o, transporte ou for\u00e7a maior. Faremos o poss\u00edvel para entregar no prazo, mas n\u00e3o nos responsabilizamos por atrasos.<\/p>\n<p>Para produtos em estoque, podemos providenciar o envio para o porto em at\u00e9 7 dias. O prazo de entrega de produtos personalizados est\u00e1 sujeito a <span class=\"g0-inline-suggestion\" data-g0-suggetion-diff-id=\"deletion-4746-4750\" data-feedback-type=\"grammar\">o <\/span>confirma\u00e7\u00e3o.<\/p>\n<p>O transporte ser\u00e1 providenciado por n\u00f3s ou por uma transportadora designada por voc\u00ea. Voc\u00ea \u00e9 respons\u00e1vel pelo desembara\u00e7o aduaneiro de importa\u00e7\u00e3o, taxas e outros encargos de importa\u00e7\u00e3o.<\/p>\n<h2>5. Inspe\u00e7\u00e3o, reclama\u00e7\u00f5es e devolu\u00e7\u00f5es<\/h2>\n<p>Ap\u00f3s a entrega, voc\u00ea dever\u00e1 inspecionar as mercadorias dentro de um prazo razo\u00e1vel. Se houver defeitos ou discrep\u00e2ncias, notifique-nos imediatamente por escrito, por e-mail ou por outros meios, e forne\u00e7a provas.<\/p>\n<p>A n\u00e3o apresenta\u00e7\u00e3o de obje\u00e7\u00f5es por escrito dentro do prazo especificado ser\u00e1 considerada como aceita\u00e7\u00e3o dos produtos.<\/p>\n<p>As devolu\u00e7\u00f5es requerem nossa autoriza\u00e7\u00e3o pr\u00e9via por escrito. As devolu\u00e7\u00f5es por motivos que n\u00e3o sejam problemas de qualidade podem incorrer em taxas de manuseio e custos de envio. Produtos personalizados geralmente n\u00e3o podem ser devolvidos.<\/p>\n<h2>6. Garantia e limita\u00e7\u00e3o de responsabilidade<\/h2>\n<p>Nossos produtos est\u00e3o em conformidade com os padr\u00f5es especificados na cota\u00e7\u00e3o e s\u00e3o cobertos pela garantia padr\u00e3o do fabricante (garantia transfer\u00edvel do fornecedor).<\/p>\n<p>N\u00e3o oferecemos garantias adicionais, expressas ou impl\u00edcitas. Isso inclui garantias de comercializa\u00e7\u00e3o, adequa\u00e7\u00e3o a uma finalidade espec\u00edfica ou n\u00e3o viola\u00e7\u00e3o. Em nenhuma hip\u00f3tese nossa responsabilidade exceder\u00e1 o pre\u00e7o do produto envolvido. N\u00f3s <span class=\"g0-inline-suggestion\" data-g0-suggetion-diff-id=\"modification-5869-5876\" data-feedback-type=\"grammar\">n\u00e3o s\u00e3o <\/span>respons\u00e1vel por quaisquer danos indiretos, incidentais, punitivos ou consequenciais. Isso inclui perdas de lucros ou interrup\u00e7\u00f5es de neg\u00f3cios, independentemente de <span class=\"g0-inline-suggestion\" data-g0-suggetion-diff-id=\"modification-6035-6043\" data-feedback-type=\"grammar\">eles s\u00e3o <\/span>com base em contrato, ato il\u00edcito ou outros motivos.<\/p>\n<p>Voc\u00ea deve escolher e usar os produtos corretamente. Se houver alguma reclama\u00e7\u00e3o por uso inadequado, voc\u00ea concorda em proteger <span class=\"g0-inline-suggestion\" data-g0-suggetion-diff-id=\"modification-6198-6201\" data-feedback-type=\"grammar\">n\u00f3s.<\/span><\/p>\n<h2>7. For\u00e7a maior<\/h2>\n<p>N\u00e3o seremos respons\u00e1veis por qualquer atraso ou falha no desempenho devido a greves, desastres naturais, guerra, a\u00e7\u00f5es governamentais, atrasos de fornecedores ou outros eventos al\u00e9m do nosso controle razo\u00e1vel.<\/p>\n<h2>8. Propriedade intelectual<\/h2>\n<p>Todo o conte\u00fado deste site (incluindo texto, imagens, marcas registradas e logotipos) \u00e9 de nossa propriedade ou de nossas afiliadas. N\u00e3o \u00e9 permitido copiar, modificar, distribuir ou usar esse conte\u00fado para fins comerciais sem nossa permiss\u00e3o por escrito.<\/p>\n<h2>9. Privacidade e informa\u00e7\u00f5es pessoais<\/h2>\n<p>O processamento de suas informa\u00e7\u00f5es pessoais est\u00e1 sujeito \u00e0 nossa Pol\u00edtica de Privacidade. Protegeremos suas informa\u00e7\u00f5es e as usaremos somente para processamento de pedidos, comunica\u00e7\u00e3o e fins leg\u00edtimos.<\/p>\n<h2>10. Uso proibido<\/h2>\n<p>Voc\u00ea n\u00e3o pode usar este site para fins ilegais, para espalhar v\u00edrus, infringir os direitos de terceiros ou interferir na opera\u00e7\u00e3o normal do site. Os infratores poder\u00e3o ter seu acesso cancelado.<\/p>\n<h2>11. Lei Aplic\u00e1vel e Resolu\u00e7\u00e3o de Disputas<\/h2>\n<p>Estes termos e condi\u00e7\u00f5es s\u00e3o regidos pelas leis da Rep\u00fablica Popular da China. Quaisquer controv\u00e9rsias decorrentes destes termos ou do uso deste site dever\u00e3o ser resolvidas primeiramente por meio de negocia\u00e7\u00e3o amig\u00e1vel; se a negocia\u00e7\u00e3o n\u00e3o der certo, a controv\u00e9rsia dever\u00e1 ser submetida ao Tribunal Popular competente no local da empresa (Tianjin).<\/p>\n<h2>12. Diversos<\/h2>\n<p>Estes termos e condi\u00e7\u00f5es constituem o acordo integral entre as partes e substituem todas as comunica\u00e7\u00f5es orais ou escritas anteriores.<\/p>\n<p>Se qualquer parte destes termos e condi\u00e7\u00f5es for inv\u00e1lida, as demais partes permanecer\u00e3o v\u00e1lidas.<\/p>\n<p>Podemos ceder nossos direitos e obriga\u00e7\u00f5es a nossas afiliadas; voc\u00ea n\u00e3o pode ceder seus direitos e obriga\u00e7\u00f5es sem nosso consentimento.<\/p>\n<p>Se voc\u00ea tiver alguma d\u00favida, por favor <span style=\"color: #000080;\"><a style=\"color: #000080;\" href=\"https:\/\/uniasen.com\/pt\/contato\/\">Entre em contato conosco<\/a><\/span> por meio do formul\u00e1rio de contato neste site. Obrigado por escolher a Uniasen (Tianjin) Co., Ltd.<\/p>\n<p><strong>Uniasen (Tianjin) Co., Ltd.<\/strong><\/p>\n<p><strong>Tianjin, China<\/strong><\/p>\n\t\t<\/div>\n\t\t\t\t\t<\/div>\n\n\t\n<\/div>\n\t\t<\/div>\n\n\t\t\n<style>\n#section_1588761285 {\n  padding-top: 60px;\n  padding-bottom: 60px;\n}\n<\/style>\n\t<\/section>","protected":false},"excerpt":{"rendered":"","protected":false},"author":10,"featured_media":0,"parent":0,"menu_order":0,"comment_status":"closed","ping_status":"closed","template":"page-blank.php","meta":{"footnotes":""},"class_list":["post-6127","page","type-page","status-publish","hentry"],"yoast_head":"<!-- This site is optimized with the Yoast SEO plugin v23.6 - https:\/\/yoast.com\/wordpress\/plugins\/seo\/ -->\n<title>Terms of Service - UNIASEN<\/title>\n<meta name=\"robots\" content=\"index, follow, max-snippet:-1, max-image-preview:large, max-video-preview:-1\" \/>\n<link rel=\"canonical\" href=\"https:\/\/uniasen.com\/pt\/termos-de-servico\/\" \/>\n<meta property=\"og:locale\" content=\"pt_BR\" \/>\n<meta property=\"og:type\" content=\"article\" \/>\n<meta property=\"og:title\" content=\"Terms of Service - UNIASEN\" \/>\n<meta property=\"og:url\" content=\"https:\/\/uniasen.com\/pt\/termos-de-servico\/\" \/>\n<meta property=\"og:site_name\" content=\"UNIASEN\" \/>\n<meta property=\"article:modified_time\" content=\"2025-12-31T01:53:18+00:00\" \/>\n<meta name=\"twitter:card\" content=\"summary_large_image\" \/>\n<meta name=\"twitter:label1\" content=\"Est. tempo de leitura\" \/>\n\t<meta name=\"twitter:data1\" content=\"6 minutos\" \/>\n<script type=\"application\/ld+json\" class=\"yoast-schema-graph\">{\"@context\":\"https:\/\/schema.org\",\"@graph\":[{\"@type\":\"WebPage\",\"@id\":\"https:\/\/uniasen.com\/terms-of-service\/\",\"url\":\"https:\/\/uniasen.com\/terms-of-service\/\",\"name\":\"Terms of Service - UNIASEN\",\"isPartOf\":{\"@id\":\"https:\/\/uniasen.com\/#website\"},\"datePublished\":\"2025-12-31T01:46:13+00:00\",\"dateModified\":\"2025-12-31T01:53:18+00:00\",\"breadcrumb\":{\"@id\":\"https:\/\/uniasen.com\/terms-of-service\/#breadcrumb\"},\"inLanguage\":\"pt-BR\",\"potentialAction\":[{\"@type\":\"ReadAction\",\"target\":[\"https:\/\/uniasen.com\/terms-of-service\/\"]}]},{\"@type\":\"BreadcrumbList\",\"@id\":\"https:\/\/uniasen.com\/terms-of-service\/#breadcrumb\",\"itemListElement\":[{\"@type\":\"ListItem\",\"position\":1,\"name\":\"Home\",\"item\":\"https:\/\/uniasen.com\/\"},{\"@type\":\"ListItem\",\"position\":2,\"name\":\"Terms of Service\"}]},{\"@type\":\"WebSite\",\"@id\":\"https:\/\/uniasen.com\/#website\",\"url\":\"https:\/\/uniasen.com\/\",\"name\":\"UNIASEN\",\"description\":\"\",\"publisher\":{\"@id\":\"https:\/\/uniasen.com\/#organization\"},\"potentialAction\":[{\"@type\":\"SearchAction\",\"target\":{\"@type\":\"EntryPoint\",\"urlTemplate\":\"https:\/\/uniasen.com\/?s={search_term_string}\"},\"query-input\":{\"@type\":\"PropertyValueSpecification\",\"valueRequired\":true,\"valueName\":\"search_term_string\"}}],\"inLanguage\":\"pt-BR\"},{\"@type\":\"Organization\",\"@id\":\"https:\/\/uniasen.com\/#organization\",\"name\":\"UniAsen\",\"alternateName\":\"UniAsen (Tianjin) Co., Ltd.\",\"url\":\"https:\/\/uniasen.com\/\",\"logo\":{\"@type\":\"ImageObject\",\"inLanguage\":\"pt-BR\",\"@id\":\"https:\/\/uniasen.com\/#\/schema\/logo\/image\/\",\"url\":\"https:\/\/uniasen.com\/wp-content\/uploads\/2023\/11\/UNIASEN-carbon-steel-supplier-and-expertor-in-china-LOGO.webp\",\"contentUrl\":\"https:\/\/uniasen.com\/wp-content\/uploads\/2023\/11\/UNIASEN-carbon-steel-supplier-and-expertor-in-china-LOGO.webp\",\"width\":300,\"height\":300,\"caption\":\"UniAsen\"},\"image\":{\"@id\":\"https:\/\/uniasen.com\/#\/schema\/logo\/image\/\"}}]}<\/script>\n<!-- \/ Yoast SEO plugin. -->","yoast_head_json":{"title":"Terms of Service - UNIASEN","robots":{"index":"index","follow":"follow","max-snippet":"max-snippet:-1","max-image-preview":"max-image-preview:large","max-video-preview":"max-video-preview:-1"},"canonical":"https:\/\/uniasen.com\/pt\/termos-de-servico\/","og_locale":"pt_BR","og_type":"article","og_title":"Terms of Service - UNIASEN","og_url":"https:\/\/uniasen.com\/pt\/termos-de-servico\/","og_site_name":"UNIASEN","article_modified_time":"2025-12-31T01:53:18+00:00","twitter_card":"summary_large_image","twitter_misc":{"Est. tempo de leitura":"6 minutos"},"schema":{"@context":"https:\/\/schema.org","@graph":[{"@type":"WebPage","@id":"https:\/\/uniasen.com\/terms-of-service\/","url":"https:\/\/uniasen.com\/terms-of-service\/","name":"Terms of Service - UNIASEN","isPartOf":{"@id":"https:\/\/uniasen.com\/#website"},"datePublished":"2025-12-31T01:46:13+00:00","dateModified":"2025-12-31T01:53:18+00:00","breadcrumb":{"@id":"https:\/\/uniasen.com\/terms-of-service\/#breadcrumb"},"inLanguage":"pt-BR","potentialAction":[{"@type":"ReadAction","target":["https:\/\/uniasen.com\/terms-of-service\/"]}]},{"@type":"BreadcrumbList","@id":"https:\/\/uniasen.com\/terms-of-service\/#breadcrumb","itemListElement":[{"@type":"ListItem","position":1,"name":"Home","item":"https:\/\/uniasen.com\/"},{"@type":"ListItem","position":2,"name":"Terms of Service"}]},{"@type":"WebSite","@id":"https:\/\/uniasen.com\/#website","url":"https:\/\/uniasen.com\/","name":"UNIASEN","description":"","publisher":{"@id":"https:\/\/uniasen.com\/#organization"},"potentialAction":[{"@type":"SearchAction","target":{"@type":"EntryPoint","urlTemplate":"https:\/\/uniasen.com\/?s={search_term_string}"},"query-input":{"@type":"PropertyValueSpecification","valueRequired":true,"valueName":"search_term_string"}}],"inLanguage":"pt-BR"},{"@type":"Organization","@id":"https:\/\/uniasen.com\/#organization","name":"UniAsen","alternateName":"UniAsen (Tianjin) Co., Ltd.","url":"https:\/\/uniasen.com\/","logo":{"@type":"ImageObject","inLanguage":"pt-BR","@id":"https:\/\/uniasen.com\/#\/schema\/logo\/image\/","url":"https:\/\/uniasen.com\/wp-content\/uploads\/2023\/11\/UNIASEN-carbon-steel-supplier-and-expertor-in-china-LOGO.webp","contentUrl":"https:\/\/uniasen.com\/wp-content\/uploads\/2023\/11\/UNIASEN-carbon-steel-supplier-and-expertor-in-china-LOGO.webp","width":300,"height":300,"caption":"UniAsen"},"image":{"@id":"https:\/\/uniasen.com\/#\/schema\/logo\/image\/"}}]}},"_links":{"self":[{"href":"https:\/\/uniasen.com\/pt\/wp-json\/wp\/v2\/pages\/6127","targetHints":{"allow":["GET"]}}],"collection":[{"href":"https:\/\/uniasen.com\/pt\/wp-json\/wp\/v2\/pages"}],"about":[{"href":"https:\/\/uniasen.com\/pt\/wp-json\/wp\/v2\/types\/page"}],"author":[{"embeddable":true,"href":"https:\/\/uniasen.com\/pt\/wp-json\/wp\/v2\/users\/10"}],"replies":[{"embeddable":true,"href":"https:\/\/uniasen.com\/pt\/wp-json\/wp\/v2\/comments?post=6127"}],"version-history":[{"count":8,"href":"https:\/\/uniasen.com\/pt\/wp-json\/wp\/v2\/pages\/6127\/revisions"}],"predecessor-version":[{"id":6135,"href":"https:\/\/uniasen.com\/pt\/wp-json\/wp\/v2\/pages\/6127\/revisions\/6135"}],"wp:attachment":[{"href":"https:\/\/uniasen.com\/pt\/wp-json\/wp\/v2\/media?parent=6127"}],"curies":[{"name":"wp","href":"https:\/\/api.w.org\/{rel}","templated":true}]}}