{"id":5937,"date":"2025-10-13T13:11:08","date_gmt":"2025-10-13T05:11:08","guid":{"rendered":"https:\/\/uniasen.com\/?page_id=5937"},"modified":"2025-10-13T13:33:27","modified_gmt":"2025-10-13T05:33:27","slug":"pdvsa-oil-gas-extraction-project","status":"publish","type":"page","link":"https:\/\/uniasen.com\/pt\/projeto-de-extracao-de-gas-de-petroleo-da-pdvsa\/","title":{"rendered":"Projeto de extra\u00e7\u00e3o de petr\u00f3leo e g\u00e1s da PDVSA"},"content":{"rendered":"<div class=\"banner has-hover\" id=\"banner-561043878\">\n          <div class=\"banner-inner fill\">\n        <div class=\"banner-bg fill\" >\n            <img loading=\"lazy\" decoding=\"async\" width=\"2560\" height=\"267\" src=\"https:\/\/uniasen.com\/wp-content\/uploads\/2023\/11\/Uniasen-carbon-steel-pipe-manufacturer-header.webp\" class=\"bg\" alt=\"Fornecedor de tubos de a\u00e7o carbono - fabrica\u00e7\u00e3o de tubos de a\u00e7o - Uniasen\" srcset=\"https:\/\/uniasen.com\/wp-content\/uploads\/2023\/11\/Uniasen-carbon-steel-pipe-manufacturer-header.webp 2560w, https:\/\/uniasen.com\/wp-content\/uploads\/2023\/11\/Uniasen-carbon-steel-pipe-manufacturer-header-300x31.webp 300w, https:\/\/uniasen.com\/wp-content\/uploads\/2023\/11\/Uniasen-carbon-steel-pipe-manufacturer-header-1030x107.webp 1030w, https:\/\/uniasen.com\/wp-content\/uploads\/2023\/11\/Uniasen-carbon-steel-pipe-manufacturer-header-768x80.webp 768w, https:\/\/uniasen.com\/wp-content\/uploads\/2023\/11\/Uniasen-carbon-steel-pipe-manufacturer-header-1536x160.webp 1536w, https:\/\/uniasen.com\/wp-content\/uploads\/2023\/11\/Uniasen-carbon-steel-pipe-manufacturer-header-2048x214.webp 2048w\" sizes=\"auto, (max-width: 2560px) 100vw, 2560px\" \/>                        <div class=\"overlay\"><\/div>            \n                    <\/div>\n\t\t\n        <div class=\"banner-layers container\">\n            <div class=\"fill banner-link\"><\/div>            \n   <div id=\"text-box-76348277\" class=\"text-box banner-layer x0 md-x0 lg-x0 y50 md-y50 lg-y50 res-text\">\n                                <div class=\"text-box-content text dark\">\n              \n              <div class=\"text-inner text-center\">\n                  \n<p><a href=\"https:\/\/uniasen.com\/pt\/\">In\u00edcio<\/a>\u00a0 \/ \u00a0<a href=\"https:\/\/uniasen.com\/pt\/projetos\/\">Projetos<\/a><\/p>\n              <\/div>\n           <\/div>\n                            \n<style>\n#text-box-76348277 {\n  width: 45%;\n}\n#text-box-76348277 .text-box-content {\n  font-size: 100%;\n}\n@media (min-width:550px) {\n  #text-box-76348277 {\n    width: 28%;\n  }\n}\n@media (min-width:850px) {\n  #text-box-76348277 {\n    width: 14%;\n  }\n}\n<\/style>\n    <\/div>\n \n        <\/div>\n      <\/div>\n\n            \n<style>\n#banner-561043878 {\n  padding-top: 80px;\n}\n#banner-561043878 .overlay {\n  background-color: rgba(0, 0, 0, 0.372);\n}\n<\/style>\n  <\/div>\n\n\n\n\t<section class=\"section\" id=\"section_1325101180\">\n\t\t<div class=\"section-bg fill\" >\n\t\t\t\t\t\t\t\t\t\n\t\t\t\n\n\t\t<\/div>\n\n\t\t\n\n\t\t<div class=\"section-content relative\">\n\t\t\t\n<div class=\"row align-middle\"  id=\"row-124626476\">\n\n\t<div id=\"col-1889546695\" class=\"col medium-6 small-12 large-6\"  >\n\t\t\t\t<div class=\"col-inner\"  >\n\t\t\t\n\t\t\t\n\t<div class=\"img has-hover x md-x lg-x y md-y lg-y\" id=\"image_978024075\">\n\t\t\t\t\t\t\t\t<div class=\"img-inner dark\" >\n\t\t\t<img loading=\"lazy\" decoding=\"async\" width=\"1000\" height=\"750\" src=\"https:\/\/uniasen.com\/wp-content\/uploads\/2025\/10\/UNIASEN-projects-PDVSA-Oil-Gas-Extraction.webp\" class=\"attachment-original size-original\" alt=\"\" srcset=\"https:\/\/uniasen.com\/wp-content\/uploads\/2025\/10\/UNIASEN-projects-PDVSA-Oil-Gas-Extraction.webp 1000w, https:\/\/uniasen.com\/wp-content\/uploads\/2025\/10\/UNIASEN-projects-PDVSA-Oil-Gas-Extraction-300x225.webp 300w, https:\/\/uniasen.com\/wp-content\/uploads\/2025\/10\/UNIASEN-projects-PDVSA-Oil-Gas-Extraction-768x576.webp 768w, https:\/\/uniasen.com\/wp-content\/uploads\/2025\/10\/UNIASEN-projects-PDVSA-Oil-Gas-Extraction-16x12.webp 16w\" sizes=\"auto, (max-width: 1000px) 100vw, 1000px\" \/>\t\t\t\t\t\t\n\t\t\t\t\t<\/div>\n\t\t\t\t\t\t\t\t\n<style>\n#image_978024075 {\n  width: 100%;\n}\n<\/style>\n\t<\/div>\n\t\n\t\t<\/div>\n\t\t\t\t\t<\/div>\n\n\t\n\n\t<div id=\"col-1759098534\" class=\"col medium-6 small-12 large-6\"  >\n\t\t\t\t<div class=\"col-inner\"  >\n\t\t\t\n\t\t\t\n<h1>Projeto de extra\u00e7\u00e3o de petr\u00f3leo e g\u00e1s da PDVSA<\/h1>\n<ul>\n<li><strong>Localiza\u00e7\u00e3o:<\/strong> Venezuela<\/li>\n<li><strong>Padr\u00e3o: <\/strong><span style=\"color: #000080;\"><a style=\"color: #000080;\" href=\"https:\/\/uniasen.com\/pt\/padroes\/api-5ct\/\">API 5CT<\/a><\/span> PSL-1, J55 LTC<\/li>\n<li><strong>Especifica\u00e7\u00e3o:<\/strong> 139,7 mm (di\u00e2metro externo)<\/li>\n<li><strong>Quantidade (MT):<\/strong> 7716<\/li>\n<li><strong>Tempo de compra:<\/strong> 2023<\/li>\n<\/ul>\n\t\t<\/div>\n\t\t\t\t\t<\/div>\n\n\t\n<\/div>\n\t\t<\/div>\n\n\t\t\n<style>\n#section_1325101180 {\n  padding-top: 40px;\n  padding-bottom: 40px;\n}\n<\/style>\n\t<\/section>","protected":false},"excerpt":{"rendered":"","protected":false},"author":10,"featured_media":0,"parent":0,"menu_order":0,"comment_status":"closed","ping_status":"closed","template":"page-blank.php","meta":{"footnotes":""},"class_list":["post-5937","page","type-page","status-publish","hentry"],"yoast_head":"<!-- This site is optimized with the Yoast SEO plugin v23.6 - https:\/\/yoast.com\/wordpress\/plugins\/seo\/ -->\n<title>PDVSA Oil &amp; Gas Extraction Project - UNIASEN<\/title>\n<meta name=\"robots\" content=\"index, follow, max-snippet:-1, max-image-preview:large, max-video-preview:-1\" \/>\n<link rel=\"canonical\" href=\"https:\/\/uniasen.com\/pt\/projeto-de-extracao-de-gas-de-petroleo-da-pdvsa\/\" \/>\n<meta property=\"og:locale\" content=\"pt_BR\" \/>\n<meta property=\"og:type\" content=\"article\" \/>\n<meta property=\"og:title\" content=\"PDVSA Oil &amp; Gas Extraction Project - UNIASEN\" \/>\n<meta property=\"og:url\" content=\"https:\/\/uniasen.com\/pt\/projeto-de-extracao-de-gas-de-petroleo-da-pdvsa\/\" \/>\n<meta property=\"og:site_name\" content=\"UNIASEN\" \/>\n<meta property=\"article:modified_time\" content=\"2025-10-13T05:33:27+00:00\" \/>\n<meta name=\"twitter:card\" content=\"summary_large_image\" \/>\n<meta name=\"twitter:label1\" content=\"Est. tempo de leitura\" \/>\n\t<meta name=\"twitter:data1\" content=\"1 minuto\" \/>\n<script type=\"application\/ld+json\" class=\"yoast-schema-graph\">{\"@context\":\"https:\/\/schema.org\",\"@graph\":[{\"@type\":\"WebPage\",\"@id\":\"https:\/\/uniasen.com\/pdvsa-oil-gas-extraction-project\/\",\"url\":\"https:\/\/uniasen.com\/pdvsa-oil-gas-extraction-project\/\",\"name\":\"PDVSA Oil & Gas Extraction Project - UNIASEN\",\"isPartOf\":{\"@id\":\"https:\/\/uniasen.com\/#website\"},\"datePublished\":\"2025-10-13T05:11:08+00:00\",\"dateModified\":\"2025-10-13T05:33:27+00:00\",\"breadcrumb\":{\"@id\":\"https:\/\/uniasen.com\/pdvsa-oil-gas-extraction-project\/#breadcrumb\"},\"inLanguage\":\"pt-BR\",\"potentialAction\":[{\"@type\":\"ReadAction\",\"target\":[\"https:\/\/uniasen.com\/pdvsa-oil-gas-extraction-project\/\"]}]},{\"@type\":\"BreadcrumbList\",\"@id\":\"https:\/\/uniasen.com\/pdvsa-oil-gas-extraction-project\/#breadcrumb\",\"itemListElement\":[{\"@type\":\"ListItem\",\"position\":1,\"name\":\"Home\",\"item\":\"https:\/\/uniasen.com\/\"},{\"@type\":\"ListItem\",\"position\":2,\"name\":\"PDVSA Oil &#038; Gas Extraction Project\"}]},{\"@type\":\"WebSite\",\"@id\":\"https:\/\/uniasen.com\/#website\",\"url\":\"https:\/\/uniasen.com\/\",\"name\":\"UNIASEN\",\"description\":\"\",\"publisher\":{\"@id\":\"https:\/\/uniasen.com\/#organization\"},\"potentialAction\":[{\"@type\":\"SearchAction\",\"target\":{\"@type\":\"EntryPoint\",\"urlTemplate\":\"https:\/\/uniasen.com\/?s={search_term_string}\"},\"query-input\":{\"@type\":\"PropertyValueSpecification\",\"valueRequired\":true,\"valueName\":\"search_term_string\"}}],\"inLanguage\":\"pt-BR\"},{\"@type\":\"Organization\",\"@id\":\"https:\/\/uniasen.com\/#organization\",\"name\":\"UniAsen\",\"alternateName\":\"UniAsen (Tianjin) Co., Ltd.\",\"url\":\"https:\/\/uniasen.com\/\",\"logo\":{\"@type\":\"ImageObject\",\"inLanguage\":\"pt-BR\",\"@id\":\"https:\/\/uniasen.com\/#\/schema\/logo\/image\/\",\"url\":\"https:\/\/uniasen.com\/wp-content\/uploads\/2023\/11\/UNIASEN-carbon-steel-supplier-and-expertor-in-china-LOGO.webp\",\"contentUrl\":\"https:\/\/uniasen.com\/wp-content\/uploads\/2023\/11\/UNIASEN-carbon-steel-supplier-and-expertor-in-china-LOGO.webp\",\"width\":300,\"height\":300,\"caption\":\"UniAsen\"},\"image\":{\"@id\":\"https:\/\/uniasen.com\/#\/schema\/logo\/image\/\"}}]}<\/script>\n<!-- \/ Yoast SEO plugin. -->","yoast_head_json":{"title":"PDVSA Oil & Gas Extraction Project - UNIASEN","robots":{"index":"index","follow":"follow","max-snippet":"max-snippet:-1","max-image-preview":"max-image-preview:large","max-video-preview":"max-video-preview:-1"},"canonical":"https:\/\/uniasen.com\/pt\/projeto-de-extracao-de-gas-de-petroleo-da-pdvsa\/","og_locale":"pt_BR","og_type":"article","og_title":"PDVSA Oil & Gas Extraction Project - UNIASEN","og_url":"https:\/\/uniasen.com\/pt\/projeto-de-extracao-de-gas-de-petroleo-da-pdvsa\/","og_site_name":"UNIASEN","article_modified_time":"2025-10-13T05:33:27+00:00","twitter_card":"summary_large_image","twitter_misc":{"Est. tempo de leitura":"1 minuto"},"schema":{"@context":"https:\/\/schema.org","@graph":[{"@type":"WebPage","@id":"https:\/\/uniasen.com\/pdvsa-oil-gas-extraction-project\/","url":"https:\/\/uniasen.com\/pdvsa-oil-gas-extraction-project\/","name":"PDVSA Oil & Gas Extraction Project - UNIASEN","isPartOf":{"@id":"https:\/\/uniasen.com\/#website"},"datePublished":"2025-10-13T05:11:08+00:00","dateModified":"2025-10-13T05:33:27+00:00","breadcrumb":{"@id":"https:\/\/uniasen.com\/pdvsa-oil-gas-extraction-project\/#breadcrumb"},"inLanguage":"pt-BR","potentialAction":[{"@type":"ReadAction","target":["https:\/\/uniasen.com\/pdvsa-oil-gas-extraction-project\/"]}]},{"@type":"BreadcrumbList","@id":"https:\/\/uniasen.com\/pdvsa-oil-gas-extraction-project\/#breadcrumb","itemListElement":[{"@type":"ListItem","position":1,"name":"Home","item":"https:\/\/uniasen.com\/"},{"@type":"ListItem","position":2,"name":"PDVSA Oil &#038; Gas Extraction Project"}]},{"@type":"WebSite","@id":"https:\/\/uniasen.com\/#website","url":"https:\/\/uniasen.com\/","name":"UNIASEN","description":"","publisher":{"@id":"https:\/\/uniasen.com\/#organization"},"potentialAction":[{"@type":"SearchAction","target":{"@type":"EntryPoint","urlTemplate":"https:\/\/uniasen.com\/?s={search_term_string}"},"query-input":{"@type":"PropertyValueSpecification","valueRequired":true,"valueName":"search_term_string"}}],"inLanguage":"pt-BR"},{"@type":"Organization","@id":"https:\/\/uniasen.com\/#organization","name":"UniAsen","alternateName":"UniAsen (Tianjin) Co., Ltd.","url":"https:\/\/uniasen.com\/","logo":{"@type":"ImageObject","inLanguage":"pt-BR","@id":"https:\/\/uniasen.com\/#\/schema\/logo\/image\/","url":"https:\/\/uniasen.com\/wp-content\/uploads\/2023\/11\/UNIASEN-carbon-steel-supplier-and-expertor-in-china-LOGO.webp","contentUrl":"https:\/\/uniasen.com\/wp-content\/uploads\/2023\/11\/UNIASEN-carbon-steel-supplier-and-expertor-in-china-LOGO.webp","width":300,"height":300,"caption":"UniAsen"},"image":{"@id":"https:\/\/uniasen.com\/#\/schema\/logo\/image\/"}}]}},"_links":{"self":[{"href":"https:\/\/uniasen.com\/pt\/wp-json\/wp\/v2\/pages\/5937","targetHints":{"allow":["GET"]}}],"collection":[{"href":"https:\/\/uniasen.com\/pt\/wp-json\/wp\/v2\/pages"}],"about":[{"href":"https:\/\/uniasen.com\/pt\/wp-json\/wp\/v2\/types\/page"}],"author":[{"embeddable":true,"href":"https:\/\/uniasen.com\/pt\/wp-json\/wp\/v2\/users\/10"}],"replies":[{"embeddable":true,"href":"https:\/\/uniasen.com\/pt\/wp-json\/wp\/v2\/comments?post=5937"}],"version-history":[{"count":3,"href":"https:\/\/uniasen.com\/pt\/wp-json\/wp\/v2\/pages\/5937\/revisions"}],"predecessor-version":[{"id":5953,"href":"https:\/\/uniasen.com\/pt\/wp-json\/wp\/v2\/pages\/5937\/revisions\/5953"}],"wp:attachment":[{"href":"https:\/\/uniasen.com\/pt\/wp-json\/wp\/v2\/media?parent=5937"}],"curies":[{"name":"wp","href":"https:\/\/api.w.org\/{rel}","templated":true}]}}