{"id":3016,"date":"2023-10-25T15:11:48","date_gmt":"2023-10-25T07:11:48","guid":{"rendered":"https:\/\/uniasen.com\/?page_id=3016"},"modified":"2024-05-29T13:20:40","modified_gmt":"2024-05-29T05:20:40","slug":"line-pipe","status":"publish","type":"page","link":"https:\/\/uniasen.com\/pt\/produtos\/tubulacao-de-linha\/","title":{"rendered":"Tubo de linha"},"content":{"rendered":"<div id=\"page-header-1980347001\" class=\"page-header-wrapper\">\n  <div class=\"page-title dark featured-title\">\n\n        <div class=\"page-title-bg\">\n      <div class=\"title-bg fill bg-fill\"\n        data-parallax-container=\".page-title\"\n        data-parallax-background\n data-parallax=\"-\">\n      <\/div>\n      <div class=\"title-overlay fill\"><\/div>\n    <\/div>\n    \n    <div class=\"page-title-inner container align-center flex-row medium-flex-wrap\" >\n              <div class=\"title-wrapper flex-col text-left medium-text-center\">\n          <h1 class=\"entry-title mb-0\">\n            Tubo de linha          <\/h1>\n        <\/div>\n                    <div class=\"title-content flex-col flex-right text-right medium-text-center\">\n        <div class=\"title-breadcrumbs pb-half pt-half\"><\/div>      <\/div>\n    <\/div>\n\n     \n<style>\n#page-header-1980347001 .title-bg {\n  background-image: url(https:\/\/uniasen.com\/wp-content\/uploads\/2023\/11\/Uniasen-carbon-steel-pipe-manufacturer-header.webp);\n}\n<\/style>\n  <\/div>\n    <\/div>\n  \n\t<div id=\"gap-142501662\" class=\"gap-element clearfix\" style=\"display:block; height:auto;\">\n\t\t\n<style>\n#gap-142501662 {\n  padding-top: 4%;\n}\n<\/style>\n\t<\/div>\n\t\n\n\t<section class=\"section\" id=\"section_654737154\">\n\t\t<div class=\"section-bg fill\" >\n\t\t\t\t\t\t\t\t\t\n\t\t\t\n\n\t\t<\/div>\n\n\t\t\n\n\t\t<div class=\"section-content relative\">\n\t\t\t\n<div class=\"row align-middle\"  id=\"row-1347363190\">\n\n\t<div id=\"col-460009502\" class=\"col medium-6 small-12 large-6\"  >\n\t\t\t\t<div class=\"col-inner\"  >\n\t\t\t\n\t\t\t\n\t<div class=\"img has-hover x md-x lg-x y md-y lg-y\" id=\"image_476201618\">\n\t\t\t\t\t\t\t\t<div class=\"img-inner image-cover dark\" style=\"padding-top:56.25%;\">\n\t\t\t<img loading=\"lazy\" decoding=\"async\" width=\"1000\" height=\"666\" src=\"https:\/\/uniasen.com\/wp-content\/uploads\/2023\/11\/p201706261630440400348.webp\" class=\"attachment-original size-original\" alt=\"\" srcset=\"https:\/\/uniasen.com\/wp-content\/uploads\/2023\/11\/p201706261630440400348.webp 1000w, https:\/\/uniasen.com\/wp-content\/uploads\/2023\/11\/p201706261630440400348-300x200.webp 300w, https:\/\/uniasen.com\/wp-content\/uploads\/2023\/11\/p201706261630440400348-768x511.webp 768w\" sizes=\"auto, (max-width: 1000px) 100vw, 1000px\" \/>\t\t\t\t\t\t\n\t\t\t\t\t<\/div>\n\t\t\t\t\t\t\t\t\n<style>\n#image_476201618 {\n  width: 100%;\n}\n<\/style>\n\t<\/div>\n\t\n\t\t<\/div>\n\t\t\t\t\t<\/div>\n\n\t\n\n\t<div id=\"col-6759122\" class=\"col medium-6 small-12 large-6\"  >\n\t\t\t\t<div class=\"col-inner\"  >\n\t\t\t\n\t\t\t\n\t<div id=\"text-3330783105\" class=\"text\">\n\t\t\n<h2>Fabricante de tubos de linha na China<\/h2>\n\t\t\n<style>\n#text-3330783105 {\n  text-align: center;\n}\n@media (min-width:550px) {\n  #text-3330783105 {\n    text-align: left;\n  }\n}\n<\/style>\n\t<\/div>\n\t\n<p>Nosso Line Pipe \u00e9 meticulosamente projetado para o transporte de materiais vitais em vastos terrenos, o que o torna a escolha preferida para o transporte de petr\u00f3leo, g\u00e1s natural, \u00f3leo e \u00e1gua.<\/p>\n<p>Fabricado com a\u00e7o carbono de alta resist\u00eancia e rigorosamente aderente a padr\u00f5es estimados, como API SPEC 5L, ISO 3183 e GB\/T 9711, nosso Line Pipe \u00e9 uma prova de durabilidade e resist\u00eancia.<\/p>\n<p>Com a capacidade de suportar altas press\u00f5es, ao optar pelo Line Pipe da UNIASEN, voc\u00ea n\u00e3o est\u00e1 apenas escolhendo um produto; est\u00e1 investindo em um legado de confiabilidade, longevidade e desempenho inigual\u00e1vel.<\/p>\n\t\t<\/div>\n\t\t\t\t\t<\/div>\n\n\t\n<\/div>\n\t\t<\/div>\n\n\t\t\n<style>\n#section_654737154 {\n  padding-top: 30px;\n  padding-bottom: 30px;\n}\n<\/style>\n\t<\/section>\n\t\n\n\t<section class=\"section\" id=\"section_292238445\">\n\t\t<div class=\"section-bg fill\" >\n\t\t\t\t\t\t\t\t\t\n\t\t\t\n\n\t\t<\/div>\n\n\t\t\n\n\t\t<div class=\"section-content relative\">\n\t\t\t\n<div class=\"row align-middle\"  id=\"row-1287070301\">\n\n\t<div id=\"col-1366848326\" class=\"col small-12 large-12\"  >\n\t\t\t\t<div class=\"col-inner\"  >\n\t\t\t\n\t\t\t\n<h2>Tamanhos de tubos de linha<\/h2>\n<p>O Line Pipe da UNIASEN \u00e9 feito sob medida para atender a diversas necessidades de transporte.<\/p>\n<p>Dispon\u00edvel em di\u00e2metros que variam de 2 polegadas a 48 polegadas, nosso Line Pipe \u00e9 vers\u00e1til o suficiente para atender a projetos de grande e pequena escala.<\/p>\n<p>N\u00e3o importa se voc\u00ea est\u00e1 construindo uma linha principal para fornecer g\u00e1s natural ou tubula\u00e7\u00f5es menores que se ramificam a partir da linha principal, nosso Line Pipe oferece o ajuste perfeito.<\/p>\n<p>A espessura de nossos Line Pipe \u00e9 meticulosamente determinada pela press\u00e3o operacional m\u00e1xima necess\u00e1ria, garantindo que cada cent\u00edmetro de nosso produto atenda aos mais altos padr\u00f5es de seguran\u00e7a e efici\u00eancia.<\/p>\n\t\t<\/div>\n\t\t\t\t\t<\/div>\n\n\t\n<\/div>\n\t\t<\/div>\n\n\t\t\n<style>\n#section_292238445 {\n  padding-top: 6px;\n  padding-bottom: 6px;\n}\n@media (min-width:550px) {\n  #section_292238445 {\n    padding-top: 30px;\n    padding-bottom: 30px;\n  }\n}\n<\/style>\n\t<\/section>\n\t\n\n\t<section class=\"section\" id=\"section_43705610\">\n\t\t<div class=\"section-bg fill\" >\n\t\t\t\t\t\t\t\t\t\n\t\t\t\n\n\t\t<\/div>\n\n\t\t\n\n\t\t<div class=\"section-content relative\">\n\t\t\t\n<div class=\"row align-middle\"  id=\"row-478436867\">\n\n\t<div id=\"col-763765457\" class=\"col medium-6 small-12 large-6\"  >\n\t\t\t\t<div class=\"col-inner\"  >\n\t\t\t\n\t\t\t\n<h2>Padr\u00f5es de tubos de linha<\/h2>\n<p>Nossos tubos de linha s\u00e3o meticulosamente fabricados em estrita conformidade com especifica\u00e7\u00f5es metal\u00fargicas reconhecidas mundialmente, incluindo API SPEC 5L, ISO 3183 e GB\/T 9711.<\/p>\n<p>Embora a API SPEC 5L seja uma especifica\u00e7\u00e3o amplamente reconhecida, desenvolvida pelo American Petroleum Institute, a ISO 3183 e a GB\/T 9711 destacam ainda mais nossa dedica\u00e7\u00e3o aos padr\u00f5es internacionais e \u00e0 garantia de qualidade.<\/p>\n<p>Mas nosso compromisso com a transpar\u00eancia n\u00e3o para por aqui. Abaixo desta se\u00e7\u00e3o, voc\u00ea encontrar\u00e1 uma lista abrangente de todos os padr\u00f5es de produ\u00e7\u00e3o aplicados ao nosso produto, garantindo que voc\u00ea tenha todas as informa\u00e7\u00f5es necess\u00e1rias para tomar uma decis\u00e3o informada.<\/p>\n\t\t<\/div>\n\t\t\t\t\t<\/div>\n\n\t\n\n\t<div id=\"col-1760720119\" class=\"col medium-6 small-12 large-6\"  >\n\t\t\t\t<div class=\"col-inner\"  >\n\t\t\t\n\t\t\t\n\t<div class=\"img has-hover x md-x lg-x y md-y lg-y\" id=\"image_1461457755\">\n\t\t\t\t\t\t\t\t<div class=\"img-inner dark\" >\n\t\t\t<img loading=\"lazy\" decoding=\"async\" width=\"1000\" height=\"583\" src=\"https:\/\/uniasen.com\/wp-content\/uploads\/2023\/11\/The-Angola-Zambia-Refined-Petroleum-Multi-Product-AZOP-Pipeline-Project.webp\" class=\"attachment-original size-original\" alt=\"fabricante de tubos de linha_linha de tubos\" srcset=\"https:\/\/uniasen.com\/wp-content\/uploads\/2023\/11\/The-Angola-Zambia-Refined-Petroleum-Multi-Product-AZOP-Pipeline-Project.webp 1000w, https:\/\/uniasen.com\/wp-content\/uploads\/2023\/11\/The-Angola-Zambia-Refined-Petroleum-Multi-Product-AZOP-Pipeline-Project-300x175.webp 300w, https:\/\/uniasen.com\/wp-content\/uploads\/2023\/11\/The-Angola-Zambia-Refined-Petroleum-Multi-Product-AZOP-Pipeline-Project-768x448.webp 768w\" sizes=\"auto, (max-width: 1000px) 100vw, 1000px\" \/>\t\t\t\t\t\t\n\t\t\t\t\t<\/div>\n\t\t\t\t\t\t\t\t\n<style>\n#image_1461457755 {\n  width: 100%;\n}\n<\/style>\n\t<\/div>\n\t\n\t\t<\/div>\n\t\t\t\t\t<\/div>\n\n\t\n<\/div>\n\t\t<\/div>\n\n\t\t\n<style>\n#section_43705610 {\n  padding-top: 10px;\n  padding-bottom: 10px;\n}\n@media (min-width:550px) {\n  #section_43705610 {\n    padding-top: 30px;\n    padding-bottom: 30px;\n  }\n}\n<\/style>\n\t<\/section>\n\t\n\n\t<section class=\"section\" id=\"section_650004163\">\n\t\t<div class=\"section-bg fill\" >\n\t\t\t\t\t\t\t\t\t<div class=\"section-bg-overlay absolute fill\"><\/div>\n\t\t\t\n\n\t\t<\/div>\n\n\t\t\n\n\t\t<div class=\"section-content relative\">\n\t\t\t\n<div class=\"row\"  id=\"row-958215102\">\n\n\t<div id=\"col-665944503\" class=\"col medium-9 small-11 large-9\"  >\n\t\t\t\t<div class=\"col-inner text-center\"  >\n\t\t\t\n\t\t\t\n\t<div id=\"text-3377353325\" class=\"text\">\n\t\t\n<p><strong>A UNIASEN tem o compromisso de manter o auge dos padr\u00f5es de produ\u00e7\u00e3o do setor.<\/strong><br \/>\n\t\t\n<style>\n#text-3377353325 {\n  text-align: center;\n  color: rgb(255, 255, 255);\n}\n#text-3377353325 > * {\n  color: rgb(255, 255, 255);\n}\n<\/style>\n\t<\/div>\n\t\n\t\t<\/div>\n\t\t\t\t\n<style>\n#col-665944503 > .col-inner {\n  margin: 22px 0px 0px 20px;\n}\n<\/style>\n\t<\/div>\n\n\t\n\n\t<div id=\"col-362334875\" class=\"col medium-3 small-12 large-3\"  >\n\t\t\t\t<div class=\"col-inner text-center\"  >\n\t\t\t\n\t\t\t\n<a href=\"#is-pop\" class=\"button primary\"  >\n\t\t<span>Obtenha uma cota\u00e7\u00e3o!<\/span>\n\t<\/a>\n\n\t\t<\/div>\n\t\t\t\t\n<style>\n#col-362334875 > .col-inner {\n  margin: 20px 0px 0px 0px;\n}\n<\/style>\n\t<\/div>\n\n\t\n<\/div>\n\t\t<\/div>\n\n\t\t\n<style>\n#section_650004163 {\n  padding-top: 10px;\n  padding-bottom: 10px;\n}\n#section_650004163 .section-bg-overlay {\n  background-color: rgba(115, 109, 109, 0.5);\n}\n<\/style>\n\t<\/section>\n\t\n\n\t<section class=\"section\" id=\"section_2098192934\">\n\t\t<div class=\"section-bg fill\" >\n\t\t\t\t\t\t\t\t\t\n\t\t\t\n\n\t\t<\/div>\n\n\t\t\n\n\t\t<div class=\"section-content relative\">\n\t\t\t\n<div class=\"row\"  id=\"row-491201945\">\n\n\t<div id=\"col-1664279963\" class=\"col small-12 large-12\"  >\n\t\t\t\t<div class=\"col-inner\"  >\n\t\t\t\n\t\t\t\n<h2>Processos de fabrica\u00e7\u00e3o de tubos de linha<\/h2>\n<p>Nossos processos de fabrica\u00e7\u00e3o, incluindo SMLS (sem costura), ERW (soldagem por resist\u00eancia el\u00e9trica), SSAW (soldagem por arco submerso em espiral) e LSAW (soldagem por arco submerso longitudinal), garantem que atendamos a diversas aplica\u00e7\u00f5es com precis\u00e3o.<\/p>\n<p>Os tubos LSAW, conhecidos por sua soldagem longitudinal e resist\u00eancia \u00e0 alta press\u00e3o, s\u00e3o ideais para o transporte eficiente de hidrocarbonetos por longas dist\u00e2ncias.<\/p>\n<p>Por outro lado, os tubos SSAW, com sua soldagem helicoidal, oferecem flexibilidade no di\u00e2metro sem a necessidade de corte.<\/p>\n<p>Os tubos ERW proporcionam efici\u00eancia com sua soldagem por resist\u00eancia el\u00e9trica, garantindo uma constru\u00e7\u00e3o robusta.<\/p>\n<p>Embora os tubos SSAW e LSAW passem pelo \"processo de forma\u00e7\u00e3o JCOE e UOE\", sua dire\u00e7\u00e3o de soldagem \u00e9 diferente, com os tubos SSAW sendo soldados em uma posi\u00e7\u00e3o espiral e os tubos LSAW em uma dire\u00e7\u00e3o longitudinal.<\/p>\n<p>Essa distin\u00e7\u00e3o, juntamente com outros fatores como tens\u00e3o residual, comprimento da linha de solda e precis\u00e3o da geometria, torna os tubos LSAW ligeiramente superiores aos tubos SSAW em determinadas aplica\u00e7\u00f5es.<\/p>\n\t\t<\/div>\n\t\t\t\t\t<\/div>\n\n\t\n<\/div>\n\t\t<\/div>\n\n\t\t\n<style>\n#section_2098192934 {\n  padding-top: 30px;\n  padding-bottom: 30px;\n}\n<\/style>\n\t<\/section>\n\t\n\n\t<section class=\"section\" id=\"section_1624072576\">\n\t\t<div class=\"section-bg fill\" >\n\t\t\t\t\t\t\t\t\t\n\t\t\t\n\n\t\t<\/div>\n\n\t\t\n\n\t\t<div class=\"section-content relative\">\n\t\t\t\n<div class=\"row\"  id=\"row-298028133\">\n\n\t<div id=\"col-81732938\" class=\"col small-12 large-12\"  >\n\t\t\t\t<div class=\"col-inner\"  >\n\t\t\t\n\t\t\t\n<h2>Como selecionar o tubo de linha correto<\/h2>\n<p>A escolha do Line Pipe correto \u00e9 fundamental para o sucesso e a seguran\u00e7a de seu projeto.<\/p>\n<p>Ao selecionar um Line Pipe, considere o volume de material que ele transportar\u00e1 e a press\u00e3o que ele precisa suportar.<\/p>\n<p>Para projetos de grande escala, como uma linha principal de fornecimento de g\u00e1s natural, opte por um Line Pipe com di\u00e2metro entre 16 e 48 polegadas. Para tubula\u00e7\u00f5es menores que se ramificam da linha principal, um di\u00e2metro de 6 a 16 polegadas deve ser suficiente. Sempre priorize a seguran\u00e7a. Certifique-se de que o Line Pipe selecionado atenda a todas as caracter\u00edsticas qu\u00edmicas, de resist\u00eancia, tenacidade e dimensionais do a\u00e7o. Com a UNIASEN, voc\u00ea n\u00e3o est\u00e1 apenas comprando um produto; est\u00e1 investindo em paz de esp\u00edrito.<\/p>\n\t\t<\/div>\n\t\t\t\t\t<\/div>\n\n\t\n<\/div>\n\t\t<\/div>\n\n\t\t\n<style>\n#section_1624072576 {\n  padding-top: 3px;\n  padding-bottom: 3px;\n}\n@media (min-width:550px) {\n  #section_1624072576 {\n    padding-top: 30px;\n    padding-bottom: 30px;\n  }\n}\n<\/style>\n\t<\/section>","protected":false},"excerpt":{"rendered":"","protected":false},"author":3,"featured_media":0,"parent":912,"menu_order":0,"comment_status":"closed","ping_status":"closed","template":"page-blank.php","meta":{"footnotes":""},"class_list":["post-3016","page","type-page","status-publish","hentry"],"yoast_head":"<!-- This site is optimized with the Yoast SEO plugin v23.6 - https:\/\/yoast.com\/wordpress\/plugins\/seo\/ -->\n<title>ERW&amp;LSAW Line Pipe Manufacturer in China - UNIASEN<\/title>\n<meta name=\"description\" content=\"UNIASEN provides line pipes. It is usually made of high-strength steel, which is resistant to high pressure and corrosion. It is suitable for long distance transportation. Mainly used for oil, natural gas and water transportation.\" \/>\n<meta name=\"robots\" content=\"index, follow, max-snippet:-1, max-image-preview:large, max-video-preview:-1\" \/>\n<link rel=\"canonical\" href=\"https:\/\/uniasen.com\/pt\/produtos\/tubulacao-de-linha\/\" \/>\n<meta property=\"og:locale\" content=\"pt_BR\" \/>\n<meta property=\"og:type\" content=\"article\" \/>\n<meta property=\"og:title\" content=\"ERW&amp;LSAW Line Pipe Manufacturer in China - UNIASEN\" \/>\n<meta property=\"og:description\" content=\"UNIASEN provides line pipes. It is usually made of high-strength steel, which is resistant to high pressure and corrosion. It is suitable for long distance transportation. Mainly used for oil, natural gas and water transportation.\" \/>\n<meta property=\"og:url\" content=\"https:\/\/uniasen.com\/pt\/produtos\/tubulacao-de-linha\/\" \/>\n<meta property=\"og:site_name\" content=\"UNIASEN\" \/>\n<meta property=\"article:modified_time\" content=\"2024-05-29T05:20:40+00:00\" \/>\n<meta name=\"twitter:card\" content=\"summary_large_image\" \/>\n<meta name=\"twitter:label1\" content=\"Est. tempo de leitura\" \/>\n\t<meta name=\"twitter:data1\" content=\"3 minutos\" \/>\n<script type=\"application\/ld+json\" class=\"yoast-schema-graph\">{\"@context\":\"https:\/\/schema.org\",\"@graph\":[{\"@type\":\"WebPage\",\"@id\":\"https:\/\/uniasen.com\/products\/line-pipe\/\",\"url\":\"https:\/\/uniasen.com\/products\/line-pipe\/\",\"name\":\"ERW&LSAW Line Pipe Manufacturer in China - UNIASEN\",\"isPartOf\":{\"@id\":\"https:\/\/uniasen.com\/#website\"},\"datePublished\":\"2023-10-25T07:11:48+00:00\",\"dateModified\":\"2024-05-29T05:20:40+00:00\",\"description\":\"UNIASEN provides line pipes. It is usually made of high-strength steel, which is resistant to high pressure and corrosion. It is suitable for long distance transportation. Mainly used for oil, natural gas and water transportation.\",\"breadcrumb\":{\"@id\":\"https:\/\/uniasen.com\/products\/line-pipe\/#breadcrumb\"},\"inLanguage\":\"pt-BR\",\"potentialAction\":[{\"@type\":\"ReadAction\",\"target\":[\"https:\/\/uniasen.com\/products\/line-pipe\/\"]}]},{\"@type\":\"BreadcrumbList\",\"@id\":\"https:\/\/uniasen.com\/products\/line-pipe\/#breadcrumb\",\"itemListElement\":[{\"@type\":\"ListItem\",\"position\":1,\"name\":\"Home\",\"item\":\"https:\/\/uniasen.com\/\"},{\"@type\":\"ListItem\",\"position\":2,\"name\":\"products\",\"item\":\"https:\/\/uniasen.com\/products\/\"},{\"@type\":\"ListItem\",\"position\":3,\"name\":\"Line Pipe\"}]},{\"@type\":\"WebSite\",\"@id\":\"https:\/\/uniasen.com\/#website\",\"url\":\"https:\/\/uniasen.com\/\",\"name\":\"UNIASEN\",\"description\":\"\",\"publisher\":{\"@id\":\"https:\/\/uniasen.com\/#organization\"},\"potentialAction\":[{\"@type\":\"SearchAction\",\"target\":{\"@type\":\"EntryPoint\",\"urlTemplate\":\"https:\/\/uniasen.com\/?s={search_term_string}\"},\"query-input\":{\"@type\":\"PropertyValueSpecification\",\"valueRequired\":true,\"valueName\":\"search_term_string\"}}],\"inLanguage\":\"pt-BR\"},{\"@type\":\"Organization\",\"@id\":\"https:\/\/uniasen.com\/#organization\",\"name\":\"UniAsen\",\"alternateName\":\"UniAsen (Tianjin) Co., Ltd.\",\"url\":\"https:\/\/uniasen.com\/\",\"logo\":{\"@type\":\"ImageObject\",\"inLanguage\":\"pt-BR\",\"@id\":\"https:\/\/uniasen.com\/#\/schema\/logo\/image\/\",\"url\":\"https:\/\/uniasen.com\/wp-content\/uploads\/2023\/11\/UNIASEN-carbon-steel-supplier-and-expertor-in-china-LOGO.webp\",\"contentUrl\":\"https:\/\/uniasen.com\/wp-content\/uploads\/2023\/11\/UNIASEN-carbon-steel-supplier-and-expertor-in-china-LOGO.webp\",\"width\":300,\"height\":300,\"caption\":\"UniAsen\"},\"image\":{\"@id\":\"https:\/\/uniasen.com\/#\/schema\/logo\/image\/\"}}]}<\/script>\n<!-- \/ Yoast SEO plugin. -->","yoast_head_json":{"title":"ERW&LSAW Line Pipe Manufacturer in China - UNIASEN","description":"UNIASEN provides line pipes. It is usually made of high-strength steel, which is resistant to high pressure and corrosion. It is suitable for long distance transportation. Mainly used for oil, natural gas and water transportation.","robots":{"index":"index","follow":"follow","max-snippet":"max-snippet:-1","max-image-preview":"max-image-preview:large","max-video-preview":"max-video-preview:-1"},"canonical":"https:\/\/uniasen.com\/pt\/produtos\/tubulacao-de-linha\/","og_locale":"pt_BR","og_type":"article","og_title":"ERW&LSAW Line Pipe Manufacturer in China - UNIASEN","og_description":"UNIASEN provides line pipes. It is usually made of high-strength steel, which is resistant to high pressure and corrosion. It is suitable for long distance transportation. Mainly used for oil, natural gas and water transportation.","og_url":"https:\/\/uniasen.com\/pt\/produtos\/tubulacao-de-linha\/","og_site_name":"UNIASEN","article_modified_time":"2024-05-29T05:20:40+00:00","twitter_card":"summary_large_image","twitter_misc":{"Est. tempo de leitura":"3 minutos"},"schema":{"@context":"https:\/\/schema.org","@graph":[{"@type":"WebPage","@id":"https:\/\/uniasen.com\/products\/line-pipe\/","url":"https:\/\/uniasen.com\/products\/line-pipe\/","name":"ERW&LSAW Line Pipe Manufacturer in China - UNIASEN","isPartOf":{"@id":"https:\/\/uniasen.com\/#website"},"datePublished":"2023-10-25T07:11:48+00:00","dateModified":"2024-05-29T05:20:40+00:00","description":"UNIASEN provides line pipes. It is usually made of high-strength steel, which is resistant to high pressure and corrosion. It is suitable for long distance transportation. Mainly used for oil, natural gas and water transportation.","breadcrumb":{"@id":"https:\/\/uniasen.com\/products\/line-pipe\/#breadcrumb"},"inLanguage":"pt-BR","potentialAction":[{"@type":"ReadAction","target":["https:\/\/uniasen.com\/products\/line-pipe\/"]}]},{"@type":"BreadcrumbList","@id":"https:\/\/uniasen.com\/products\/line-pipe\/#breadcrumb","itemListElement":[{"@type":"ListItem","position":1,"name":"Home","item":"https:\/\/uniasen.com\/"},{"@type":"ListItem","position":2,"name":"products","item":"https:\/\/uniasen.com\/products\/"},{"@type":"ListItem","position":3,"name":"Line Pipe"}]},{"@type":"WebSite","@id":"https:\/\/uniasen.com\/#website","url":"https:\/\/uniasen.com\/","name":"UNIASEN","description":"","publisher":{"@id":"https:\/\/uniasen.com\/#organization"},"potentialAction":[{"@type":"SearchAction","target":{"@type":"EntryPoint","urlTemplate":"https:\/\/uniasen.com\/?s={search_term_string}"},"query-input":{"@type":"PropertyValueSpecification","valueRequired":true,"valueName":"search_term_string"}}],"inLanguage":"pt-BR"},{"@type":"Organization","@id":"https:\/\/uniasen.com\/#organization","name":"UniAsen","alternateName":"UniAsen (Tianjin) Co., Ltd.","url":"https:\/\/uniasen.com\/","logo":{"@type":"ImageObject","inLanguage":"pt-BR","@id":"https:\/\/uniasen.com\/#\/schema\/logo\/image\/","url":"https:\/\/uniasen.com\/wp-content\/uploads\/2023\/11\/UNIASEN-carbon-steel-supplier-and-expertor-in-china-LOGO.webp","contentUrl":"https:\/\/uniasen.com\/wp-content\/uploads\/2023\/11\/UNIASEN-carbon-steel-supplier-and-expertor-in-china-LOGO.webp","width":300,"height":300,"caption":"UniAsen"},"image":{"@id":"https:\/\/uniasen.com\/#\/schema\/logo\/image\/"}}]}},"_links":{"self":[{"href":"https:\/\/uniasen.com\/pt\/wp-json\/wp\/v2\/pages\/3016","targetHints":{"allow":["GET"]}}],"collection":[{"href":"https:\/\/uniasen.com\/pt\/wp-json\/wp\/v2\/pages"}],"about":[{"href":"https:\/\/uniasen.com\/pt\/wp-json\/wp\/v2\/types\/page"}],"author":[{"embeddable":true,"href":"https:\/\/uniasen.com\/pt\/wp-json\/wp\/v2\/users\/3"}],"replies":[{"embeddable":true,"href":"https:\/\/uniasen.com\/pt\/wp-json\/wp\/v2\/comments?post=3016"}],"version-history":[{"count":24,"href":"https:\/\/uniasen.com\/pt\/wp-json\/wp\/v2\/pages\/3016\/revisions"}],"predecessor-version":[{"id":4357,"href":"https:\/\/uniasen.com\/pt\/wp-json\/wp\/v2\/pages\/3016\/revisions\/4357"}],"up":[{"embeddable":true,"href":"https:\/\/uniasen.com\/pt\/wp-json\/wp\/v2\/pages\/912"}],"wp:attachment":[{"href":"https:\/\/uniasen.com\/pt\/wp-json\/wp\/v2\/media?parent=3016"}],"curies":[{"name":"wp","href":"https:\/\/api.w.org\/{rel}","templated":true}]}}