{"id":6136,"date":"2025-12-31T16:27:53","date_gmt":"2025-12-31T08:27:53","guid":{"rendered":"https:\/\/uniasen.com\/?page_id=6136"},"modified":"2025-12-31T17:15:00","modified_gmt":"2025-12-31T09:15:00","slug":"privacy-policy","status":"publish","type":"page","link":"https:\/\/uniasen.com\/it\/informativa-sulla-privacy\/","title":{"rendered":"Informativa sulla privacy"},"content":{"rendered":"<section class=\"section\" id=\"section_1542554388\">\n\t\t<div class=\"section-bg fill\" >\n\t\t\t\t\t\t\t\t\t\n\t\t\t\n\n\t\t<\/div>\n\n\t\t\n\n\t\t<div class=\"section-content relative\">\n\t\t\t\n<div class=\"row\"  id=\"row-269575681\">\n\n\t<div id=\"col-2121725188\" class=\"col small-12 large-12\"  >\n\t\t\t\t<div class=\"col-inner\"  >\n\t\t\t\n\t\t\t\n<p><a href=\"https:\/\/uniasen.com\/it\/\">Casa<\/a> \/ Termini di servizio<\/p>\n<h1>Informativa sulla privacy<\/h1>\n<p><strong>Data di entrata in vigore: Dicembre <span class=\"g0-inline-suggestion\" data-g0-suggetion-diff-id=\"modification-25-29\" data-feedback-type=\"grammar\">30, <\/span>2025<\/strong><\/p>\n<p>Benvenuti a <a href=\"https:\/\/uniasen.com\/it\/\">https:\/\/uniasen.com\/<\/a> (di seguito, \"questo sito web\"). Il presente sito web \u00e8 gestito e operato da Uniasen (Tianjin) Co. Ltd. (di seguito \"noi\" o \"la nostra azienda\"). Siamo consapevoli dell'importanza della privacy per voi e faremo del nostro meglio per proteggere le informazioni personali che inviate su questo sito web.<\/p>\n<p>La presente Informativa sulla privacy (di seguito \"l'Informativa\") illustra le modalit\u00e0 di gestione dei dati personali dell'utente, comprese le norme che ne regolano la raccolta, l'uso, la divulgazione, la conservazione e la protezione. Accedendo a questo sito web, navigando tra i contenuti, inviando moduli di richiesta, richiedendo preventivi o contattandoci attraverso il sito web, si ritiene che l'utente abbia letto, compreso e accettato di essere vincolato da tutti i termini della presente Informativa. Se non accettate uno qualsiasi dei termini della presente Politica, siete pregati di interrompere immediatamente l'utilizzo di questo sito web.<\/p>\n<p>Ci riserviamo il diritto di aggiornare periodicamente la presente Politica; la versione aggiornata sar\u00e0 pubblicata su questo sito web ed entrer\u00e0 in vigore dalla data di pubblicazione. L'uso continuato di questo sito web implica l'accettazione della politica aggiornata. Si prega di controllare regolarmente questa pagina per rimanere aggiornati sulle ultime norme.<\/p>\n<h2>1. Come raccogliamo le informazioni<\/h2>\n<p>Possiamo raccogliere le vostre informazioni nei seguenti modi:<\/p>\n<p>(1) Informazioni fornite volontariamente<\/p>\n<p>Quando utilizzate il modulo di contatto, il modulo di richiesta, la funzione di richiesta di preventivo su questo sito web o comunicate con noi via e-mail, potete fornire le seguenti informazioni personali:<\/p>\n<ul>\n<li><span class=\"g0-inline-suggestion\" data-g0-suggetion-diff-id=\"insertion-1491-1495\" data-feedback-type=\"grammar\">Na<\/span>me<\/li>\n<li><span class=\"g0-inline-suggestion\" data-g0-suggetion-diff-id=\"insertion-1497-1501\" data-feedback-type=\"grammar\">Co<\/span>Nome dell'azienda<\/li>\n<li><span class=\"g0-inline-suggestion\" data-g0-suggetion-diff-id=\"insertion-1511-1515\" data-feedback-type=\"grammar\">Em<\/span>ail Indirizzo<\/li>\n<li><span class=\"g0-inline-suggestion\" data-g0-suggetion-diff-id=\"insertion-1526-1530\" data-feedback-type=\"grammar\">Ph<\/span>un Numero<\/li>\n<li><span class=\"g0-inline-suggestion\" data-g0-suggetion-diff-id=\"insertion-1540-1544\" data-feedback-type=\"grammar\">Jo<\/span>b Titolo o altri dati di contatto<\/li>\n<li><span class=\"g0-inline-suggestion\" data-g0-suggetion-diff-id=\"insertion-1576-1580\" data-feedback-type=\"grammar\">In<\/span>Contenuto della domanda (come le specifiche del prodotto, la quantit\u00e0, i requisiti di consegna, ecc.)<\/li>\n<\/ul>\n<p>L'utente pu\u00f2 scegliere di non fornire determinate informazioni, ma ci\u00f2 potrebbe influire sulla completezza della nostra capacit\u00e0 di fornire preventivi, consulenze o ordinare servizi.<\/p>\n<p><span class=\"g0-inline-suggestion\" data-g0-suggetion-diff-id=\"deletion-1832-1872\" data-feedback-type=\"grammar\">(2) Informazioni raccolte automaticamente <\/span><\/p>\n<p>Quando visitate questo sito web, i nostri server registrano automaticamente alcune informazioni non personali, tra cui:<\/p>\n<ul>\n<li><span class=\"g0-inline-suggestion\" data-g0-suggetion-diff-id=\"insertion-1978-1982\" data-feedback-type=\"grammar\">IP<\/span> <span class=\"g0-inline-suggestion\" data-g0-suggetion-diff-id=\"modification-1983-1992\" data-feedback-type=\"grammar\">indirizzo<\/span><span class=\"g0-inline-suggestion\" data-g0-suggetion-diff-id=\"modification-1983-1992\" data-feedback-type=\"grammar\">ss<\/span><\/li>\n<li><span class=\"g0-inline-suggestion\" data-g0-suggetion-diff-id=\"insertion-1992-1996\" data-feedback-type=\"grammar\">Br<\/span>tipo e versione di owser<\/li>\n<li><span class=\"g0-inline-suggestion\" data-g0-suggetion-diff-id=\"insertion-2018-2022\" data-feedback-type=\"grammar\">Op<\/span>sistema di erogazio ne<\/li>\n<li><span class=\"g0-inline-suggestion\" data-g0-suggetion-diff-id=\"insertion-2036-2040\" data-feedback-type=\"grammar\">Ac<\/span>ora e data di chiusura<\/li>\n<li><span class=\"g0-inline-suggestion\" data-g0-suggetion-diff-id=\"insertion-2058-2062\" data-feedback-type=\"grammar\">Pa<\/span>ges visitati<\/li>\n<li><span class=\"g0-inline-suggestion\" data-g0-suggetion-diff-id=\"insertion-2073-2077\" data-feedback-type=\"grammar\">Re<\/span>sito web di provenienza (la pagina da cui si \u00e8 acceduto a questo sito web)<\/li>\n<\/ul>\n<p><span class=\"g0-inline-suggestion\" data-g0-suggetion-diff-id=\"deletion-2142-2179\" data-feedback-type=\"grammar\">(3) Cookie e tecnologie simili <\/span><\/p>\n<p>Possiamo utilizzare cookie, web beacon o tecnologie di tracciamento simili per migliorare l'esperienza del sito web, analizzare l'utilizzo e tracciare le visite. Queste tecnologie aiutano a:<\/p>\n<ul>\n<li><span class=\"g0-inline-suggestion\" data-g0-suggetion-diff-id=\"insertion-2340-2344\" data-feedback-type=\"grammar\">Re<\/span>membro le vostre preferenze<\/li>\n<li><span class=\"g0-inline-suggestion\" data-g0-suggetion-diff-id=\"insertion-2367-2371\" data-feedback-type=\"grammar\">Un<\/span>analizzare il traffico del sito web<\/li>\n<li><span class=\"g0-inline-suggestion\" data-g0-suggetion-diff-id=\"insertion-2392-2396\" data-feedback-type=\"grammar\">Im<\/span>dimostrare la funzionalit\u00e0 del sito web<\/li>\n<\/ul>\n<p>I browser pi\u00f9 diffusi hanno generalmente la memorizzazione dei cookie abilitata per impostazione predefinita. \u00c8 possibile scegliere di rifiutare o eliminare i cookie nelle impostazioni sulla privacy del browser, ma ci\u00f2 potrebbe impedire di utilizzare correttamente alcuni servizi del sito web. Non utilizzeremo i cookie per la pubblicit\u00e0 personalizzata, n\u00e9 effettueremo un'integrazione profonda dei dati con reti pubblicitarie di terzi basate sui cookie.<\/p>\n<h3>2. <span class=\"g0-inline-suggestion\" data-g0-suggetion-diff-id=\"deletion-2798-2826\" data-feedback-type=\"grammar\">Come utilizziamo le vostre informazioni <\/span><\/h3>\n<p>Le informazioni raccolte vengono utilizzate principalmente per i seguenti scopi:<\/p>\n<ul>\n<li><span class=\"g0-inline-suggestion\" data-g0-suggetion-diff-id=\"insertion-2898-2902\" data-feedback-type=\"grammar\">Pr<\/span>elaborare le vostre richieste, fornire preventivi e informazioni sui prodotti<\/li>\n<li><span class=\"g0-inline-suggestion\" data-g0-suggetion-diff-id=\"insertion-2967-2971\" data-feedback-type=\"grammar\">Re<\/span>rispondere alle vostre richieste, fornire assistenza tecnica o servizio clienti<\/li>\n<li><span class=\"g0-inline-suggestion\" data-g0-suggetion-diff-id=\"insertion-3046-3050\" data-feedback-type=\"grammar\">Fu<\/span>l'evasione degli ordini, l'organizzazione della produzione e della logistica (se applicabile)<\/li>\n<li><span class=\"g0-inline-suggestion\" data-g0-suggetion-diff-id=\"insertion-3117-3121\" data-feedback-type=\"grammar\">Im<\/span>migliorare il contenuto, la funzionalit\u00e0 e l'esperienza dell'utente del sito web<\/li>\n<li><span class=\"g0-inline-suggestion\" data-g0-suggetion-diff-id=\"insertion-3180-3184\" data-feedback-type=\"grammar\">Un<\/span>analizzare l'utilizzo del sito web per statistiche e ricerche interne<\/li>\n<li><span class=\"g0-inline-suggestion\" data-g0-suggetion-diff-id=\"insertion-3242-3246\" data-feedback-type=\"grammar\">Se<\/span>l'invio di comunicazioni transazionali (come conferme di quotazioni, aggiornamenti di ordini)<\/li>\n<li><span class=\"g0-inline-suggestion\" data-g0-suggetion-diff-id=\"insertion-3325-3329\" data-feedback-type=\"grammar\">Co<\/span>adempiere agli obblighi di legge o proteggere i nostri interessi legittimi<\/li>\n<\/ul>\n<p>Non utilizzeremo i vostri dati personali per scopi promozionali o di marketing diretto, a meno che non abbiate dato il vostro esplicito consenso (come ad esempio l'iscrizione alle newsletter, che attualmente questo sito non offre).<\/p>\n<h2><span class=\"g0-inline-suggestion\" data-g0-suggetion-diff-id=\"deletion-3601-3639\" data-feedback-type=\"grammar\">3. Condivisione e divulgazione delle informazioni <\/span><\/h2>\n<p>Non venderemo, affitteremo o scambieremo le vostre informazioni personali. Condividiamo le informazioni solo nelle seguenti circostanze:<\/p>\n<ul>\n<li><span class=\"g0-inline-suggestion\" data-g0-suggetion-diff-id=\"insertion-3756-3760\" data-feedback-type=\"grammar\">Sh<\/span>con fornitori di servizi di fiducia (come hosting di siti web, servizi di posta elettronica, partner logistici), che si limitano a utilizzare le informazioni solo allo scopo di fornire servizi a noi e sono vincolati da obblighi di riservatezza.<\/li>\n<li><span class=\"g0-inline-suggestion\" data-g0-suggetion-diff-id=\"insertion-3995-3999\" data-feedback-type=\"grammar\">Sh<\/span>con i partner commerciali (ad esempio durante l'evasione degli ordini), solo nella misura necessaria.<\/li>\n<li><span class=\"g0-inline-suggestion\" data-g0-suggetion-diff-id=\"insertion-4093-4097\" data-feedback-type=\"grammar\">Di<\/span>divulgare alle agenzie governative, agli enti normativi o alle forze dell'ordine quando richiesto dalla legge.<\/li>\n<li><span class=\"g0-inline-suggestion\" data-g0-suggetion-diff-id=\"insertion-4198-4202\" data-feedback-type=\"grammar\">Tr<\/span>come parte di un'attivit\u00e0 in transazioni commerciali come fusioni, acquisizioni o trasferimenti di attivit\u00e0.<\/li>\n<li><span class=\"g0-inline-suggestion\" data-g0-suggetion-diff-id=\"insertion-4316-4320\" data-feedback-type=\"grammar\">Un<\/span>Le informazioni anonime o aggregate possono essere utilizzate a fini statistici o di ricerca e non identificano le persone.<\/li>\n<li>Le pratiche in materia di privacy dei siti web di terzi (come i link alle piattaforme di pagamento o logistiche) non sono disciplinate da questa politica; si prega di consultare le loro politiche separatamente.<\/li>\n<\/ul>\n<h2><span class=\"g0-inline-suggestion\" data-g0-suggetion-diff-id=\"deletion-4610-4627\" data-feedback-type=\"grammar\">4. Sicurezza dei dati <\/span><\/h2>\n<p>Utilizziamo ragionevoli mezzi gestionali, tecnici e fisici, come firewall, trasmissione criptata dei dati e controlli di accesso, per proteggere le informazioni personali degli utenti. \u00c8 <span class=\"g0-inline-suggestion\" data-g0-suggetion-diff-id=\"modification-4801-4811\" data-feedback-type=\"grammar\">importante <\/span>Si ricorda che l'ambiente Internet non \u00e8 assolutamente sicuro e pertanto non \u00e8 possibile garantire la sicurezza 100% della trasmissione dei dati. Vi consigliamo di prendere le opportune precauzioni per proteggere i vostri dati personali quando utilizzate questo sito web. Se <span class=\"g0-inline-suggestion\" data-g0-suggetion-diff-id=\"modification-5068-5076\" data-feedback-type=\"grammar\">c'\u00e8 <\/span>una violazione dei dati, informeremo rapidamente gli utenti interessati. Seguiremo i requisiti legali e adotteremo misure per limitare l'impatto.<\/p>\n<h2>5. Trasferimento internazionale dei dati<\/h2>\n<p>I server del nostro sito web si trovano in Cina. Ci\u00f2 significa che i dati forniti dall'utente su questo sito web possono essere memorizzati ed elaborati in Cina. Se l'utente proviene dall'Unione Europea, da paesi al di fuori della Cina o da altre regioni con leggi severe in materia di protezione dei dati, \u00e8 possibile che i suoi dati debbano essere trasferiti oltre confine. Utilizzeremo metodi appropriati, come le clausole contrattuali standard, per garantire che le vostre informazioni ricevano una protezione ragionevole.<\/p>\n<h3><span class=\"g0-inline-suggestion\" data-g0-suggetion-diff-id=\"deletion-5660-5663\" data-feedback-type=\"grammar\">6. <\/span> I vostri diritti<\/h3>\n<p>In base alle leggi applicabili nella vostra regione (come il Regolamento generale sulla protezione dei dati (GDPR), il California Consumer Privacy Act (CCPA) o altre normative sulla protezione dei dati), potreste avere i seguenti diritti:<\/p>\n<ul>\n<li><span class=\"g0-inline-suggestion\" data-g0-suggetion-diff-id=\"insertion-5893-5897\" data-feedback-type=\"grammar\">Ac<\/span>accesso ai vostri dati personali in nostro possesso<\/li>\n<li><span class=\"g0-inline-suggestion\" data-g0-suggetion-diff-id=\"insertion-5943-5947\" data-feedback-type=\"grammar\">Co<\/span>rezione di informazioni inesatte<\/li>\n<li><span class=\"g0-inline-suggestion\" data-g0-suggetion-diff-id=\"insertion-5981-5985\" data-feedback-type=\"grammar\">Re<\/span>richiesta di cancellazione dei propri dati personali (nel rispetto dei requisiti legali di conservazione)<\/li>\n<li><span class=\"g0-inline-suggestion\" data-g0-suggetion-diff-id=\"insertion-6074-6078\" data-feedback-type=\"grammar\">Ob<\/span>l'opposizione o la limitazione di alcuni trattamenti<\/li>\n<li><span class=\"g0-inline-suggestion\" data-g0-suggetion-diff-id=\"insertion-6125-6129\" data-feedback-type=\"grammar\">Da<\/span>ta portabilit\u00e0 (ottenere i dati in un formato strutturato)<\/li>\n<li>Per esercitare tali diritti, vi preghiamo di contattarci attraverso il modulo di contatto presente su questo sito web o utilizzando le informazioni di contatto riportate di seguito. Verificheremo la vostra identit\u00e0 e vi risponderemo entro un termine ragionevole (di solito entro 30 giorni).<\/li>\n<\/ul>\n<h2><span class=\"g0-inline-suggestion\" data-g0-suggetion-diff-id=\"modification-6408-6410\" data-feedback-type=\"grammar\">7.<\/span> <span class=\"g0-inline-suggestion\" data-g0-suggetion-diff-id=\"deletion-6411-6430\" data-feedback-type=\"grammar\">Privacy dei bambini <\/span><\/h2>\n<p>Questo sito web non \u00e8 destinato a bambini di et\u00e0 inferiore ai 13 anni e non raccogliamo consapevolmente informazioni personali da bambini. Se ritenete che abbiamo inavvertitamente raccolto informazioni da un bambino, contattateci immediatamente per la cancellazione.<\/p>\n<h2>8. Link di terze parti<\/h2>\n<p>Questo sito pu\u00f2 contenere collegamenti a siti web di terzi. Si prega di notare che questi siti web hanno una propria politica sulla privacy e noi non siamo responsabili per le loro pratiche sulla privacy. Si consiglia di familiarizzare con le loro politiche prima di utilizzarli.<\/p>\n<h2>9. Modifiche alla politica<\/h2>\n<p>Questa politica pu\u00f2 essere aggiornata in base alle necessit\u00e0. Per le modifiche importanti alle politiche, vi informeremo tramite annunci sul sito web o via e-mail. Se continuate a utilizzare questo sito web dopo l'aggiornamento delle norme, si riterr\u00e0 che abbiate letto e accettato tutti i contenuti aggiornati.<\/p>\n<h2><span class=\"g0-inline-suggestion\" data-g0-suggetion-diff-id=\"deletion-7249-7264\" data-feedback-type=\"grammar\">10. Contatti <\/span><\/h2>\n<p>Se avete domande, commenti o desiderate esercitare i vostri diritti in merito a questa politica, contattateci utilizzando le seguenti informazioni: Unisen (Tianjin) Co., Ltd.<\/p>\n<p><span class=\"g0-inline-suggestion\" data-g0-suggetion-diff-id=\"deletion-7434-7458\" data-feedback-type=\"grammar\">Indirizzo: Tianjin, Cina <\/span><\/p>\n<p>E-mail: <a href=\"mailto:export@uniasen.com\">export@uniasen.com<\/a> (o sito web <a href=\"https:\/\/uniasen.com\/it\/contatto\/\">modulo di contatto<\/a>)<\/p>\n<p><span class=\"g0-inline-suggestion\" data-g0-suggetion-diff-id=\"modification-7508-7516\" data-feedback-type=\"grammar\">Sito web:<\/span> <a href=\"https:\/\/uniasen.com\/it\/\"><span class=\"g0-inline-suggestion\" data-g0-suggetion-diff-id=\"deletion-7517-7538\" data-feedback-type=\"grammar\">https:\/\/uniasen.com\/<\/span><\/a><\/p>\n<p>Grazie per esservi fidati di Unisen (Tianjin) Co., Ltd.! Ci impegniamo a gestire le vostre informazioni personali in modo responsabile.<\/p>\n\t\t<\/div>\n\t\t\t\t\t<\/div>\n\n\t\n<\/div>\n\t\t<\/div>\n\n\t\t\n<style>\n#section_1542554388 {\n  padding-top: 60px;\n  padding-bottom: 60px;\n}\n<\/style>\n\t<\/section>","protected":false},"excerpt":{"rendered":"","protected":false},"author":10,"featured_media":0,"parent":0,"menu_order":0,"comment_status":"closed","ping_status":"closed","template":"page-blank.php","meta":{"footnotes":""},"class_list":["post-6136","page","type-page","status-publish","hentry"],"yoast_head":"<!-- This site is optimized with the Yoast SEO plugin v23.6 - https:\/\/yoast.com\/wordpress\/plugins\/seo\/ -->\n<title>Privacy Policy - UNIASEN<\/title>\n<meta name=\"robots\" content=\"index, follow, max-snippet:-1, max-image-preview:large, max-video-preview:-1\" \/>\n<link rel=\"canonical\" href=\"https:\/\/uniasen.com\/it\/informativa-sulla-privacy\/\" \/>\n<meta property=\"og:locale\" content=\"it_IT\" \/>\n<meta property=\"og:type\" content=\"article\" \/>\n<meta property=\"og:title\" content=\"Privacy Policy - UNIASEN\" \/>\n<meta property=\"og:url\" content=\"https:\/\/uniasen.com\/it\/informativa-sulla-privacy\/\" \/>\n<meta property=\"og:site_name\" content=\"UNIASEN\" \/>\n<meta property=\"article:modified_time\" content=\"2025-12-31T09:15:00+00:00\" \/>\n<meta name=\"twitter:card\" content=\"summary_large_image\" \/>\n<meta name=\"twitter:label1\" content=\"Tempo di lettura stimato\" \/>\n\t<meta name=\"twitter:data1\" content=\"6 minuti\" \/>\n<script type=\"application\/ld+json\" class=\"yoast-schema-graph\">{\"@context\":\"https:\/\/schema.org\",\"@graph\":[{\"@type\":\"WebPage\",\"@id\":\"https:\/\/uniasen.com\/privacy-policy\/\",\"url\":\"https:\/\/uniasen.com\/privacy-policy\/\",\"name\":\"Privacy Policy - UNIASEN\",\"isPartOf\":{\"@id\":\"https:\/\/uniasen.com\/#website\"},\"datePublished\":\"2025-12-31T08:27:53+00:00\",\"dateModified\":\"2025-12-31T09:15:00+00:00\",\"breadcrumb\":{\"@id\":\"https:\/\/uniasen.com\/privacy-policy\/#breadcrumb\"},\"inLanguage\":\"it-IT\",\"potentialAction\":[{\"@type\":\"ReadAction\",\"target\":[\"https:\/\/uniasen.com\/privacy-policy\/\"]}]},{\"@type\":\"BreadcrumbList\",\"@id\":\"https:\/\/uniasen.com\/privacy-policy\/#breadcrumb\",\"itemListElement\":[{\"@type\":\"ListItem\",\"position\":1,\"name\":\"Home\",\"item\":\"https:\/\/uniasen.com\/\"},{\"@type\":\"ListItem\",\"position\":2,\"name\":\"Privacy Policy\"}]},{\"@type\":\"WebSite\",\"@id\":\"https:\/\/uniasen.com\/#website\",\"url\":\"https:\/\/uniasen.com\/\",\"name\":\"UNIASEN\",\"description\":\"\",\"publisher\":{\"@id\":\"https:\/\/uniasen.com\/#organization\"},\"potentialAction\":[{\"@type\":\"SearchAction\",\"target\":{\"@type\":\"EntryPoint\",\"urlTemplate\":\"https:\/\/uniasen.com\/?s={search_term_string}\"},\"query-input\":{\"@type\":\"PropertyValueSpecification\",\"valueRequired\":true,\"valueName\":\"search_term_string\"}}],\"inLanguage\":\"it-IT\"},{\"@type\":\"Organization\",\"@id\":\"https:\/\/uniasen.com\/#organization\",\"name\":\"UniAsen\",\"alternateName\":\"UniAsen (Tianjin) Co., Ltd.\",\"url\":\"https:\/\/uniasen.com\/\",\"logo\":{\"@type\":\"ImageObject\",\"inLanguage\":\"it-IT\",\"@id\":\"https:\/\/uniasen.com\/#\/schema\/logo\/image\/\",\"url\":\"https:\/\/uniasen.com\/wp-content\/uploads\/2023\/11\/UNIASEN-carbon-steel-supplier-and-expertor-in-china-LOGO.webp\",\"contentUrl\":\"https:\/\/uniasen.com\/wp-content\/uploads\/2023\/11\/UNIASEN-carbon-steel-supplier-and-expertor-in-china-LOGO.webp\",\"width\":300,\"height\":300,\"caption\":\"UniAsen\"},\"image\":{\"@id\":\"https:\/\/uniasen.com\/#\/schema\/logo\/image\/\"}}]}<\/script>\n<!-- \/ Yoast SEO plugin. -->","yoast_head_json":{"title":"Privacy Policy - UNIASEN","robots":{"index":"index","follow":"follow","max-snippet":"max-snippet:-1","max-image-preview":"max-image-preview:large","max-video-preview":"max-video-preview:-1"},"canonical":"https:\/\/uniasen.com\/it\/informativa-sulla-privacy\/","og_locale":"it_IT","og_type":"article","og_title":"Privacy Policy - UNIASEN","og_url":"https:\/\/uniasen.com\/it\/informativa-sulla-privacy\/","og_site_name":"UNIASEN","article_modified_time":"2025-12-31T09:15:00+00:00","twitter_card":"summary_large_image","twitter_misc":{"Tempo di lettura stimato":"6 minuti"},"schema":{"@context":"https:\/\/schema.org","@graph":[{"@type":"WebPage","@id":"https:\/\/uniasen.com\/privacy-policy\/","url":"https:\/\/uniasen.com\/privacy-policy\/","name":"Privacy Policy - UNIASEN","isPartOf":{"@id":"https:\/\/uniasen.com\/#website"},"datePublished":"2025-12-31T08:27:53+00:00","dateModified":"2025-12-31T09:15:00+00:00","breadcrumb":{"@id":"https:\/\/uniasen.com\/privacy-policy\/#breadcrumb"},"inLanguage":"it-IT","potentialAction":[{"@type":"ReadAction","target":["https:\/\/uniasen.com\/privacy-policy\/"]}]},{"@type":"BreadcrumbList","@id":"https:\/\/uniasen.com\/privacy-policy\/#breadcrumb","itemListElement":[{"@type":"ListItem","position":1,"name":"Home","item":"https:\/\/uniasen.com\/"},{"@type":"ListItem","position":2,"name":"Privacy Policy"}]},{"@type":"WebSite","@id":"https:\/\/uniasen.com\/#website","url":"https:\/\/uniasen.com\/","name":"UNIASEN","description":"","publisher":{"@id":"https:\/\/uniasen.com\/#organization"},"potentialAction":[{"@type":"SearchAction","target":{"@type":"EntryPoint","urlTemplate":"https:\/\/uniasen.com\/?s={search_term_string}"},"query-input":{"@type":"PropertyValueSpecification","valueRequired":true,"valueName":"search_term_string"}}],"inLanguage":"it-IT"},{"@type":"Organization","@id":"https:\/\/uniasen.com\/#organization","name":"UniAsen","alternateName":"UniAsen (Tianjin) Co., Ltd.","url":"https:\/\/uniasen.com\/","logo":{"@type":"ImageObject","inLanguage":"it-IT","@id":"https:\/\/uniasen.com\/#\/schema\/logo\/image\/","url":"https:\/\/uniasen.com\/wp-content\/uploads\/2023\/11\/UNIASEN-carbon-steel-supplier-and-expertor-in-china-LOGO.webp","contentUrl":"https:\/\/uniasen.com\/wp-content\/uploads\/2023\/11\/UNIASEN-carbon-steel-supplier-and-expertor-in-china-LOGO.webp","width":300,"height":300,"caption":"UniAsen"},"image":{"@id":"https:\/\/uniasen.com\/#\/schema\/logo\/image\/"}}]}},"_links":{"self":[{"href":"https:\/\/uniasen.com\/it\/wp-json\/wp\/v2\/pages\/6136","targetHints":{"allow":["GET"]}}],"collection":[{"href":"https:\/\/uniasen.com\/it\/wp-json\/wp\/v2\/pages"}],"about":[{"href":"https:\/\/uniasen.com\/it\/wp-json\/wp\/v2\/types\/page"}],"author":[{"embeddable":true,"href":"https:\/\/uniasen.com\/it\/wp-json\/wp\/v2\/users\/10"}],"replies":[{"embeddable":true,"href":"https:\/\/uniasen.com\/it\/wp-json\/wp\/v2\/comments?post=6136"}],"version-history":[{"count":5,"href":"https:\/\/uniasen.com\/it\/wp-json\/wp\/v2\/pages\/6136\/revisions"}],"predecessor-version":[{"id":6144,"href":"https:\/\/uniasen.com\/it\/wp-json\/wp\/v2\/pages\/6136\/revisions\/6144"}],"wp:attachment":[{"href":"https:\/\/uniasen.com\/it\/wp-json\/wp\/v2\/media?parent=6136"}],"curies":[{"name":"wp","href":"https:\/\/api.w.org\/{rel}","templated":true}]}}