{"id":6127,"date":"2025-12-31T09:46:13","date_gmt":"2025-12-31T01:46:13","guid":{"rendered":"https:\/\/uniasen.com\/?page_id=6127"},"modified":"2025-12-31T09:53:18","modified_gmt":"2025-12-31T01:53:18","slug":"terms-of-service","status":"publish","type":"page","link":"https:\/\/uniasen.com\/it\/condizioni-di-servizio\/","title":{"rendered":"Termini di servizio"},"content":{"rendered":"<section class=\"section\" id=\"section_1353085685\">\n\t\t<div class=\"section-bg fill\" >\n\t\t\t\t\t\t\t\t\t\n\t\t\t\n\n\t\t<\/div>\n\n\t\t\n\n\t\t<div class=\"section-content relative\">\n\t\t\t\n<div class=\"row\"  id=\"row-2124390898\">\n\n\t<div id=\"col-835545279\" class=\"col small-12 large-12\"  >\n\t\t\t\t<div class=\"col-inner\"  >\n\t\t\t\n\t\t\t\n<p><a href=\"https:\/\/uniasen.com\/it\/\">Casa<\/a> \/ Termini di servizio<\/p>\n<h1>Termini di servizio<\/h1>\n<p><strong>Data di entrata in vigore: 30 dicembre 2025<\/strong><\/p>\n<p>Benvenuti a <span style=\"color: #000080;\"><a style=\"color: #000080;\" href=\"https:\/\/uniasen.com\/it\/\">https:\/\/uniasen.com\/ <\/a><\/span><span class=\"g0-inline-suggestion\" data-g0-suggetion-diff-id=\"modification-67-81\" data-feedback-type=\"grammar\">(di seguito, <\/span>\"questo sito web\"). Il presente sito web \u00e8 gestito da Uniasen (Tianjin) Co. Ltd. (di seguito denominata \"noi\", \"la societ\u00e0\" o \"Uniasen\"). I presenti Termini di servizio <span class=\"g0-inline-suggestion\" data-g0-suggetion-diff-id=\"modification-240-248\" data-feedback-type=\"grammar\">(chiamato <\/span>\"le presenti Condizioni\") delineano i diritti e i doveri dell'utente quando utilizza questo sito web. Essi comprendono <span class=\"g0-inline-suggestion\" data-g0-suggetion-diff-id=\"modification-335-342\" data-feedback-type=\"grammar\">chiedendo <\/span>sui prodotti, di inoltrare richieste di informazioni o di effettuare acquisti.<\/p>\n<p>Utilizzando questo sito web, sfogliando i contenuti, compilando i moduli di contatto, richiedendo preventivi o effettuando ordini, l'utente dimostra di aver letto, compreso e accettato i presenti Termini. Se non accettate una qualsiasi parte delle presenti Condizioni, siete pregati di interrompere immediatamente l'utilizzo di questo sito web.<\/p>\n<p>Ci riserviamo il diritto di modificare o aggiornare i presenti Termini di servizio in qualsiasi momento. I termini modificati saranno pubblicati su questo sito web ed entreranno in vigore immediatamente dopo la loro pubblicazione. Se si continua ad accedere o a utilizzare questo sito web dopo che i termini sono stati aggiornati, si dichiara di aver letto e accettato i nuovi termini. Per evitare malintesi, si prega di controllare regolarmente questa pagina per conoscere l'ultima versione dei termini.<\/p>\n<h2>1. Informazioni sulla societ\u00e0 e panoramica dei servizi<\/h2>\n<p>Uniasen (Tianjin) Co., Ltd. (di seguito denominata <span class=\"g0-inline-suggestion\" data-g0-suggetion-diff-id=\"modification-1181-1192\" data-feedback-type=\"grammar\">\"UNIASEN\") <\/span>\u00e8 un produttore, fornitore ed esportatore professionale di tubi in acciaio al carbonio con sede a Tianjin, <span class=\"g0-inline-suggestion\" data-g0-suggetion-diff-id=\"modification-1289-1294\" data-feedback-type=\"grammar\">Cina<\/span>. Fondata nel 1998, da oltre vent'anni ci concentriamo sulla ricerca, lo sviluppo, la produzione e la vendita di tubi e raccordi in acciaio al carbonio, tra cui, ma non solo:<\/p>\n<ul>\n<li><span style=\"color: #000080;\"><a style=\"color: #000080;\" href=\"https:\/\/uniasen.com\/it\/prodotti\/tubo-senza-saldatura\/\"><span class=\"g0-inline-suggestion\" data-g0-suggetion-diff-id=\"insertion-1474-1478\" data-feedback-type=\"grammar\">Se<\/span>Tubi in acciaio amless<\/a><\/span><\/li>\n<li><span style=\"color: #000080;\"><a style=\"color: #000080;\" href=\"https:\/\/uniasen.com\/it\/prodotti\/tubo-erw\/\"><span class=\"g0-inline-suggestion\" data-g0-suggetion-diff-id=\"insertion-1496-1500\" data-feedback-type=\"grammar\">ER<\/span>W Tubi<\/a><\/span><\/li>\n<li><span style=\"color: #000080;\"><a style=\"color: #000080;\" href=\"https:\/\/uniasen.com\/it\/prodotti\/tubo-lsaw\/\"><span class=\"g0-inline-suggestion\" data-g0-suggetion-diff-id=\"insertion-1507-1511\" data-feedback-type=\"grammar\">LS<\/span>Tubi AW<\/a><\/span><\/li>\n<li><span style=\"color: #000080;\"><a style=\"color: #000080;\" href=\"https:\/\/uniasen.com\/it\/prodotti\/tubo-per-sega\/\"><span class=\"g0-inline-suggestion\" data-g0-suggetion-diff-id=\"insertion-1519-1523\" data-feedback-type=\"grammar\">SS<\/span>Tubi AW<\/a><\/span><\/li>\n<li><span style=\"color: #000080;\"><a style=\"color: #000080;\" href=\"https:\/\/uniasen.com\/it\/prodotti\/tubo-di-linea\/\"><span class=\"g0-inline-suggestion\" data-g0-suggetion-diff-id=\"insertion-1531-1535\" data-feedback-type=\"grammar\">Li<\/span>Tubi ne<\/a><\/span><\/li>\n<li><span style=\"color: #000080;\"><a style=\"color: #000080;\" href=\"https:\/\/uniasen.com\/it\/prodotti\/tubo-sprinkler-antincendio\/\"><span class=\"g0-inline-suggestion\" data-g0-suggetion-diff-id=\"insertion-1543-1547\" data-feedback-type=\"grammar\">Sp<\/span>Tubi per irrigazione<\/a><\/span><\/li>\n<li><span style=\"color: #000080;\"><a style=\"color: #000080;\" href=\"https:\/\/uniasen.com\/it\/prodotti\/tubo-in-acciaio-strutturale\/\"><span class=\"g0-inline-suggestion\" data-g0-suggetion-diff-id=\"insertion-1560-1564\" data-feedback-type=\"grammar\">St<\/span>tubi in acciaio strutturale<\/a><\/span><\/li>\n<li><span style=\"color: #000080;\"><a style=\"color: #000080;\" href=\"https:\/\/uniasen.com\/it\/prodotti\/sezioni-cave\/\"><span class=\"g0-inline-suggestion\" data-g0-suggetion-diff-id=\"insertion-1584-1588\" data-feedback-type=\"grammar\">Ho<\/span>Sezioni di sinistra<\/a><\/span><\/li>\n<li><span style=\"color: #000080;\"><a style=\"color: #000080;\" href=\"https:\/\/uniasen.com\/it\/prodotti\/raccordi-per-tubi\/\"><span class=\"g0-inline-suggestion\" data-g0-suggetion-diff-id=\"insertion-1601-1605\" data-feedback-type=\"grammar\">Pi<\/span>Raccordi pe<\/a><\/span><\/li>\n<li><span style=\"color: #000080;\"><a style=\"color: #000080;\" href=\"https:\/\/uniasen.com\/it\/prodotti\/tubo-rivestito\/\"><span class=\"g0-inline-suggestion\" data-g0-suggetion-diff-id=\"insertion-1616-1620\" data-feedback-type=\"grammar\">Co<\/span>tubi a pressione<\/a><\/span><\/li>\n<\/ul>\n<p>I nostri prodotti sono realizzati in conformit\u00e0 con gli standard internazionali, come ad esempio <span style=\"color: #000080;\"><a style=\"color: #000080;\" href=\"https:\/\/uniasen.com\/it\/standard\/api-5l\/\">API 5L<\/a><\/span>, <span style=\"color: #000080;\"><a style=\"color: #000080;\" href=\"https:\/\/uniasen.com\/it\/standard\/astm-a53\/\">ASTM A53<\/a><\/span>, e <span style=\"color: #000080;\"><a style=\"color: #000080;\" href=\"https:\/\/uniasen.com\/it\/standard\/en-10219\/\">EN10219<\/a><\/span>e forniti principalmente all'industria petrolifera e del gas, chimica, edile, della conservazione dell'acqua e dell'estrazione del carbone. Oltre a fornire prodotti standard, offriamo anche lavorazioni personalizzate in base alle esigenze dei clienti. Forniamo inoltre assistenza tecnica per la selezione, consulenza sulla qualit\u00e0, logistica globale e servizi di esportazione. Questo sito web mostra principalmente informazioni sui prodotti, specifiche e casi di applicazione. \u00c8 possibile navigare online, inviare richieste, porre domande tecniche o contattarci direttamente in qualsiasi momento.<\/p>\n<p>La nostra attivit\u00e0 si concentra sulle esportazioni di prodotti sfusi B2B e il processo di transazione tipico \u00e8: richiesta del cliente \u2192 forniamo un'offerta \u2192 entrambe le parti confermano i dettagli dell'ordine \u2192 firmiamo un contratto formale \u2192 organizziamo la produzione e la spedizione.<\/p>\n<h2>2. Ordini e preventivi<\/h2>\n<p>Le informazioni sui prodotti, le specifiche e i prezzi visualizzati sul sito web sono solo di riferimento e non costituiscono un'offerta formale. Il prezzo della transazione dipende dal nostro preventivo scritto. Pu\u00f2 cambiare in qualsiasi momento in base alle condizioni di mercato, ai costi delle materie prime, alle fluttuazioni dei tassi di cambio e ad altri fattori.<\/p>\n<p>Tutti gli ordini devono essere confermati per iscritto da noi (preventivo o conferma d'ordine) prima di diventare effettivi. Ci riserviamo il diritto di rifiutare qualsiasi ordine senza indicarne il motivo. Il periodo di validit\u00e0 dell'offerta \u00e8 quello indicato per iscritto; se l'offerta non riporta alcun periodo di validit\u00e0, il prezzo pu\u00f2 cambiare in qualsiasi momento senza preavviso. Una volta confermato da noi, l'ordine \u00e8 soggetto ai presenti termini di servizio.<\/p>\n<p>L'acquirente (di seguito denominato \"Lei\") non pu\u00f2 annullare unilateralmente un ordine confermato. Il cliente deve <span class=\"g0-inline-suggestion\" data-g0-suggetion-diff-id=\"modification-3364-3368\" data-feedback-type=\"grammar\">ottenere <\/span>il nostro permesso scritto per la cancellazione. In caso contrario, sarete responsabili di eventuali perdite. <span class=\"g0-inline-suggestion\" data-g0-suggetion-diff-id=\"modification-3454-3485\" data-feedback-type=\"grammar\">Sono compresi i costi di produzione <\/span>e <span class=\"g0-inline-suggestion\" data-g0-suggetion-diff-id=\"modification-3489-3505\" data-feedback-type=\"grammar\">costi di inventario.<\/span><\/p>\n<h2>3. Prezzo e pagamento<\/h2>\n<p>Tutti i prezzi sono netti e non includono le tasse. Se non diversamente indicato nell'offerta, sono esclusi anche i costi di spedizione, le spese di assicurazione, i dazi doganali e le spese di sdoganamento. L'acquirente \u00e8 responsabile di questi costi aggiuntivi.<\/p>\n<p>I metodi di pagamento includono generalmente il trasferimento telegrafico anticipato (T\/T), l'assegno a vista o la lettera di credito (L\/C), come specificato nella conferma d'ordine o nel contratto. Il pagamento \u00e8 solitamente richiesto prima della spedizione. Per ridurre il rischio, ci riserviamo il diritto di richiedere ai clienti di anticipare una parte o la totalit\u00e0 del pagamento o di fornire una garanzia bancaria\/di credito. Se decidiamo che la vostra affidabilit\u00e0 creditizia <span class=\"g0-inline-suggestion\" data-g0-suggetion-diff-id=\"modification-4153-4161\" data-feedback-type=\"grammar\">non <\/span>soddisfano i nostri standard, potremmo sospendere il lavoro o cancellare l'ordine. Noi <span class=\"g0-inline-suggestion\" data-g0-suggetion-diff-id=\"modification-4225-4231\" data-feedback-type=\"grammar\">non <\/span>essere responsabile di eventuali problemi che ne derivano.<\/p>\n<h2>4. Consegna e trasporto<\/h2>\n<p>I termini di consegna sono solitamente FOB porto cinese (ad esempio, porto di Tianjin), se non diversamente concordato per iscritto. Il rischio e il titolo si trasferiscono al cliente al momento della spedizione della merce.<\/p>\n<p>Le date di consegna sono stimate e soggette a produzione, trasporto o cause di forza maggiore. Ci impegniamo a consegnare in tempo, ma non siamo responsabili per eventuali ritardi.<\/p>\n<p>Per i prodotti in stock, possiamo organizzare la spedizione al porto entro 7 giorni. I tempi di consegna dei prodotti personalizzati sono soggetti a <span class=\"g0-inline-suggestion\" data-g0-suggetion-diff-id=\"deletion-4746-4750\" data-feedback-type=\"grammar\">il <\/span>conferma.<\/p>\n<p>Il trasporto sar\u00e0 organizzato da noi o da un vettore da voi designato. Il cliente \u00e8 responsabile dello sdoganamento, dei dazi e delle altre spese di importazione.<\/p>\n<h2>5. Ispezione, reclami e restituzioni<\/h2>\n<p>Dopo la consegna, dovete ispezionare la merce entro un tempo ragionevole. In caso di difetti o discrepanze, vi preghiamo di comunicarcelo immediatamente per iscritto via e-mail o con altri mezzi e di fornirne la prova.<\/p>\n<p>La mancata presentazione di obiezioni scritte entro il termine stabilito sar\u00e0 considerata come accettazione della merce.<\/p>\n<p>I resi richiedono la nostra preventiva autorizzazione scritta. Le restituzioni dovute a motivi diversi da problemi di qualit\u00e0 possono comportare spese di gestione e di spedizione. I prodotti personalizzati non sono generalmente restituibili.<\/p>\n<h2>6. Garanzia e limitazione di responsabilit\u00e0<\/h2>\n<p>I nostri prodotti sono conformi agli standard specificati nell'offerta e sono coperti dalla garanzia standard del produttore (garanzia trasferibile del fornitore).<\/p>\n<p>Non offriamo alcuna garanzia aggiuntiva espressa o implicita. Ci\u00f2 include le garanzie di commerciabilit\u00e0, idoneit\u00e0 per uno scopo specifico o non violazione. In nessun caso la nostra responsabilit\u00e0 superer\u00e0 il prezzo del prodotto in questione. Noi <span class=\"g0-inline-suggestion\" data-g0-suggetion-diff-id=\"modification-5869-5876\" data-feedback-type=\"grammar\">non sono <\/span>responsabile di qualsiasi danno indiretto, incidentale, punitivo o consequenziale. Ci\u00f2 include la perdita di profitti o l'interruzione dell'attivit\u00e0, indipendentemente dal fatto che <span class=\"g0-inline-suggestion\" data-g0-suggetion-diff-id=\"modification-6035-6043\" data-feedback-type=\"grammar\">sono <\/span>basati su contratto, illecito o altri motivi.<\/p>\n<p>\u00c8 necessario scegliere e utilizzare i prodotti in modo corretto. In caso di reclami dovuti a un uso improprio, il cliente si impegna a tutelare <span class=\"g0-inline-suggestion\" data-g0-suggetion-diff-id=\"modification-6198-6201\" data-feedback-type=\"grammar\">noi.<\/span><\/p>\n<h2>7. Forza maggiore<\/h2>\n<p>Non saremo responsabili di eventuali ritardi o mancate prestazioni dovuti a scioperi, disastri naturali, guerre, azioni governative, ritardi dei fornitori o altri eventi al di fuori del nostro ragionevole controllo.<\/p>\n<h2>8. Propriet\u00e0 intellettuale<\/h2>\n<p>Tutti i contenuti di questo sito web (compresi testi, immagini, marchi e loghi) sono di nostra propriet\u00e0 o delle nostre affiliate. Non \u00e8 consentito copiarli, modificarli, distribuirli o utilizzarli per scopi commerciali senza il nostro permesso scritto.<\/p>\n<h2>9. Privacy e informazioni personali<\/h2>\n<p>Il trattamento dei vostri dati personali \u00e8 soggetto alla nostra Politica sulla privacy. Proteggeremo le vostre informazioni e le utilizzeremo solo per l'elaborazione degli ordini, la comunicazione e per scopi legittimi.<\/p>\n<h2>10. Uso vietato<\/h2>\n<p>Non \u00e8 consentito utilizzare questo sito web per scopi illegali, per diffondere virus, violare i diritti di altri o interferire con il normale funzionamento del sito. Ai trasgressori pu\u00f2 essere revocato l'accesso al sito.<\/p>\n<h2>11. Legge applicabile e risoluzione delle controversie<\/h2>\n<p>I presenti termini e condizioni sono disciplinati dalle leggi della Repubblica Popolare Cinese. Eventuali controversie derivanti da questi termini o dall'uso di questo sito web dovranno essere risolte in primo luogo attraverso una negoziazione amichevole; se la negoziazione fallisce, la controversia sar\u00e0 sottoposta al Tribunale del Popolo competente nella sede della societ\u00e0 (Tianjin).<\/p>\n<h2>12. Varie<\/h2>\n<p>I presenti termini e condizioni costituiscono l'intero accordo tra le parti e sostituiscono tutte le precedenti comunicazioni orali o scritte.<\/p>\n<p>Se una parte di questi termini e condizioni non \u00e8 valida, le altre parti rimarranno valide.<\/p>\n<p>Possiamo cedere i nostri diritti e obblighi alle nostre affiliate; l'utente non pu\u00f2 cedere i propri diritti e obblighi senza il nostro consenso.<\/p>\n<p>Se avete domande, vi preghiamo di <span style=\"color: #000080;\"><a style=\"color: #000080;\" href=\"https:\/\/uniasen.com\/it\/contatto\/\">contattateci<\/a><\/span> attraverso il modulo di contatto di questo sito web. Grazie per aver scelto Uniasen (Tianjin) Co., Ltd.!<\/p>\n<p><strong>Uniasen (Tianjin) Co., Ltd.<\/strong><\/p>\n<p><strong>Tianjin, Cina<\/strong><\/p>\n\t\t<\/div>\n\t\t\t\t\t<\/div>\n\n\t\n<\/div>\n\t\t<\/div>\n\n\t\t\n<style>\n#section_1353085685 {\n  padding-top: 60px;\n  padding-bottom: 60px;\n}\n<\/style>\n\t<\/section>","protected":false},"excerpt":{"rendered":"","protected":false},"author":10,"featured_media":0,"parent":0,"menu_order":0,"comment_status":"closed","ping_status":"closed","template":"page-blank.php","meta":{"footnotes":""},"class_list":["post-6127","page","type-page","status-publish","hentry"],"yoast_head":"<!-- This site is optimized with the Yoast SEO plugin v23.6 - https:\/\/yoast.com\/wordpress\/plugins\/seo\/ -->\n<title>Terms of Service - UNIASEN<\/title>\n<meta name=\"robots\" content=\"index, follow, max-snippet:-1, max-image-preview:large, max-video-preview:-1\" \/>\n<link rel=\"canonical\" href=\"https:\/\/uniasen.com\/it\/condizioni-di-servizio\/\" \/>\n<meta property=\"og:locale\" content=\"it_IT\" \/>\n<meta property=\"og:type\" content=\"article\" \/>\n<meta property=\"og:title\" content=\"Terms of Service - UNIASEN\" \/>\n<meta property=\"og:url\" content=\"https:\/\/uniasen.com\/it\/condizioni-di-servizio\/\" \/>\n<meta property=\"og:site_name\" content=\"UNIASEN\" \/>\n<meta property=\"article:modified_time\" content=\"2025-12-31T01:53:18+00:00\" \/>\n<meta name=\"twitter:card\" content=\"summary_large_image\" \/>\n<meta name=\"twitter:label1\" content=\"Tempo di lettura stimato\" \/>\n\t<meta name=\"twitter:data1\" content=\"6 minuti\" \/>\n<script type=\"application\/ld+json\" class=\"yoast-schema-graph\">{\"@context\":\"https:\/\/schema.org\",\"@graph\":[{\"@type\":\"WebPage\",\"@id\":\"https:\/\/uniasen.com\/terms-of-service\/\",\"url\":\"https:\/\/uniasen.com\/terms-of-service\/\",\"name\":\"Terms of Service - UNIASEN\",\"isPartOf\":{\"@id\":\"https:\/\/uniasen.com\/#website\"},\"datePublished\":\"2025-12-31T01:46:13+00:00\",\"dateModified\":\"2025-12-31T01:53:18+00:00\",\"breadcrumb\":{\"@id\":\"https:\/\/uniasen.com\/terms-of-service\/#breadcrumb\"},\"inLanguage\":\"it-IT\",\"potentialAction\":[{\"@type\":\"ReadAction\",\"target\":[\"https:\/\/uniasen.com\/terms-of-service\/\"]}]},{\"@type\":\"BreadcrumbList\",\"@id\":\"https:\/\/uniasen.com\/terms-of-service\/#breadcrumb\",\"itemListElement\":[{\"@type\":\"ListItem\",\"position\":1,\"name\":\"Home\",\"item\":\"https:\/\/uniasen.com\/\"},{\"@type\":\"ListItem\",\"position\":2,\"name\":\"Terms of Service\"}]},{\"@type\":\"WebSite\",\"@id\":\"https:\/\/uniasen.com\/#website\",\"url\":\"https:\/\/uniasen.com\/\",\"name\":\"UNIASEN\",\"description\":\"\",\"publisher\":{\"@id\":\"https:\/\/uniasen.com\/#organization\"},\"potentialAction\":[{\"@type\":\"SearchAction\",\"target\":{\"@type\":\"EntryPoint\",\"urlTemplate\":\"https:\/\/uniasen.com\/?s={search_term_string}\"},\"query-input\":{\"@type\":\"PropertyValueSpecification\",\"valueRequired\":true,\"valueName\":\"search_term_string\"}}],\"inLanguage\":\"it-IT\"},{\"@type\":\"Organization\",\"@id\":\"https:\/\/uniasen.com\/#organization\",\"name\":\"UniAsen\",\"alternateName\":\"UniAsen (Tianjin) Co., Ltd.\",\"url\":\"https:\/\/uniasen.com\/\",\"logo\":{\"@type\":\"ImageObject\",\"inLanguage\":\"it-IT\",\"@id\":\"https:\/\/uniasen.com\/#\/schema\/logo\/image\/\",\"url\":\"https:\/\/uniasen.com\/wp-content\/uploads\/2023\/11\/UNIASEN-carbon-steel-supplier-and-expertor-in-china-LOGO.webp\",\"contentUrl\":\"https:\/\/uniasen.com\/wp-content\/uploads\/2023\/11\/UNIASEN-carbon-steel-supplier-and-expertor-in-china-LOGO.webp\",\"width\":300,\"height\":300,\"caption\":\"UniAsen\"},\"image\":{\"@id\":\"https:\/\/uniasen.com\/#\/schema\/logo\/image\/\"}}]}<\/script>\n<!-- \/ Yoast SEO plugin. -->","yoast_head_json":{"title":"Terms of Service - UNIASEN","robots":{"index":"index","follow":"follow","max-snippet":"max-snippet:-1","max-image-preview":"max-image-preview:large","max-video-preview":"max-video-preview:-1"},"canonical":"https:\/\/uniasen.com\/it\/condizioni-di-servizio\/","og_locale":"it_IT","og_type":"article","og_title":"Terms of Service - UNIASEN","og_url":"https:\/\/uniasen.com\/it\/condizioni-di-servizio\/","og_site_name":"UNIASEN","article_modified_time":"2025-12-31T01:53:18+00:00","twitter_card":"summary_large_image","twitter_misc":{"Tempo di lettura stimato":"6 minuti"},"schema":{"@context":"https:\/\/schema.org","@graph":[{"@type":"WebPage","@id":"https:\/\/uniasen.com\/terms-of-service\/","url":"https:\/\/uniasen.com\/terms-of-service\/","name":"Terms of Service - UNIASEN","isPartOf":{"@id":"https:\/\/uniasen.com\/#website"},"datePublished":"2025-12-31T01:46:13+00:00","dateModified":"2025-12-31T01:53:18+00:00","breadcrumb":{"@id":"https:\/\/uniasen.com\/terms-of-service\/#breadcrumb"},"inLanguage":"it-IT","potentialAction":[{"@type":"ReadAction","target":["https:\/\/uniasen.com\/terms-of-service\/"]}]},{"@type":"BreadcrumbList","@id":"https:\/\/uniasen.com\/terms-of-service\/#breadcrumb","itemListElement":[{"@type":"ListItem","position":1,"name":"Home","item":"https:\/\/uniasen.com\/"},{"@type":"ListItem","position":2,"name":"Terms of Service"}]},{"@type":"WebSite","@id":"https:\/\/uniasen.com\/#website","url":"https:\/\/uniasen.com\/","name":"UNIASEN","description":"","publisher":{"@id":"https:\/\/uniasen.com\/#organization"},"potentialAction":[{"@type":"SearchAction","target":{"@type":"EntryPoint","urlTemplate":"https:\/\/uniasen.com\/?s={search_term_string}"},"query-input":{"@type":"PropertyValueSpecification","valueRequired":true,"valueName":"search_term_string"}}],"inLanguage":"it-IT"},{"@type":"Organization","@id":"https:\/\/uniasen.com\/#organization","name":"UniAsen","alternateName":"UniAsen (Tianjin) Co., Ltd.","url":"https:\/\/uniasen.com\/","logo":{"@type":"ImageObject","inLanguage":"it-IT","@id":"https:\/\/uniasen.com\/#\/schema\/logo\/image\/","url":"https:\/\/uniasen.com\/wp-content\/uploads\/2023\/11\/UNIASEN-carbon-steel-supplier-and-expertor-in-china-LOGO.webp","contentUrl":"https:\/\/uniasen.com\/wp-content\/uploads\/2023\/11\/UNIASEN-carbon-steel-supplier-and-expertor-in-china-LOGO.webp","width":300,"height":300,"caption":"UniAsen"},"image":{"@id":"https:\/\/uniasen.com\/#\/schema\/logo\/image\/"}}]}},"_links":{"self":[{"href":"https:\/\/uniasen.com\/it\/wp-json\/wp\/v2\/pages\/6127","targetHints":{"allow":["GET"]}}],"collection":[{"href":"https:\/\/uniasen.com\/it\/wp-json\/wp\/v2\/pages"}],"about":[{"href":"https:\/\/uniasen.com\/it\/wp-json\/wp\/v2\/types\/page"}],"author":[{"embeddable":true,"href":"https:\/\/uniasen.com\/it\/wp-json\/wp\/v2\/users\/10"}],"replies":[{"embeddable":true,"href":"https:\/\/uniasen.com\/it\/wp-json\/wp\/v2\/comments?post=6127"}],"version-history":[{"count":8,"href":"https:\/\/uniasen.com\/it\/wp-json\/wp\/v2\/pages\/6127\/revisions"}],"predecessor-version":[{"id":6135,"href":"https:\/\/uniasen.com\/it\/wp-json\/wp\/v2\/pages\/6127\/revisions\/6135"}],"wp:attachment":[{"href":"https:\/\/uniasen.com\/it\/wp-json\/wp\/v2\/media?parent=6127"}],"curies":[{"name":"wp","href":"https:\/\/api.w.org\/{rel}","templated":true}]}}