{"id":6136,"date":"2025-12-31T16:27:53","date_gmt":"2025-12-31T08:27:53","guid":{"rendered":"https:\/\/uniasen.com\/?page_id=6136"},"modified":"2025-12-31T17:15:00","modified_gmt":"2025-12-31T09:15:00","slug":"privacy-policy","status":"publish","type":"page","link":"https:\/\/uniasen.com\/fr\/politique-de-confidentialite\/","title":{"rendered":"Politique de confidentialit\u00e9"},"content":{"rendered":"<section class=\"section\" id=\"section_872280852\">\n\t\t<div class=\"section-bg fill\" >\n\t\t\t\t\t\t\t\t\t\n\t\t\t\n\n\t\t<\/div>\n\n\t\t\n\n\t\t<div class=\"section-content relative\">\n\t\t\t\n<div class=\"row\"  id=\"row-381721806\">\n\n\t<div id=\"col-552505570\" class=\"col small-12 large-12\"  >\n\t\t\t\t<div class=\"col-inner\"  >\n\t\t\t\n\t\t\t\n<p><a href=\"https:\/\/uniasen.com\/fr\/\">Accueil<\/a> \/ Conditions d'utilisation<\/p>\n<h1>Politique de confidentialit\u00e9<\/h1>\n<p><strong>Date d'entr\u00e9e en vigueur : D\u00e9cembre <span class=\"g0-inline-suggestion\" data-g0-suggetion-diff-id=\"modification-25-29\" data-feedback-type=\"grammar\">30, <\/span>2025<\/strong><\/p>\n<p>Bienvenue \u00e0 <a href=\"https:\/\/uniasen.com\/fr\/\">https:\/\/uniasen.com\/<\/a> (ci-apr\u00e8s, \"ce site web\"). Ce site est g\u00e9r\u00e9 et exploit\u00e9 par Uniasen (Tianjin) Co, Ltd. (ci-apr\u00e8s d\u00e9nomm\u00e9e \"nous\" ou \"notre soci\u00e9t\u00e9\"). Nous comprenons l'importance que vous accordez \u00e0 la protection de votre vie priv\u00e9e et nous ferons de notre mieux pour prot\u00e9ger les informations personnelles que vous soumettez sur ce site web.<\/p>\n<p>La pr\u00e9sente politique de protection de la vie priv\u00e9e (ci-apr\u00e8s \"la pr\u00e9sente politique\") explique comment nous traitons vos informations personnelles, y compris les r\u00e8gles r\u00e9gissant leur collecte, leur utilisation, leur divulgation, leur stockage et leur protection. En acc\u00e9dant \u00e0 ce site web, en naviguant dans son contenu, en soumettant des formulaires de demande de renseignements, en demandant des devis ou en nous contactant par l'interm\u00e9diaire du site web, vous \u00eates r\u00e9put\u00e9 avoir lu, compris et accept\u00e9 d'\u00eatre li\u00e9 par toutes les conditions de la pr\u00e9sente politique. Si vous n'acceptez pas l'une des conditions de la pr\u00e9sente politique, veuillez cesser imm\u00e9diatement d'utiliser ce site web.<\/p>\n<p>Nous nous r\u00e9servons le droit de mettre \u00e0 jour la pr\u00e9sente politique de temps \u00e0 autre. La version mise \u00e0 jour sera publi\u00e9e sur ce site web et entrera en vigueur \u00e0 la date de sa publication. En continuant \u00e0 utiliser ce site web, vous acceptez la politique r\u00e9vis\u00e9e. Veuillez consulter r\u00e9guli\u00e8rement cette page pour vous tenir au courant de la derni\u00e8re version de la politique.<\/p>\n<h2>1. Comment nous collectons les informations<\/h2>\n<p>Nous pouvons collecter vos informations de la mani\u00e8re suivante :<\/p>\n<p>(1) Les informations que vous fournissez volontairement<\/p>\n<p>Lorsque vous utilisez le formulaire de contact, le formulaire de demande de renseignements, la fonction de demande de devis sur ce site web ou que vous communiquez avec nous par courrier \u00e9lectronique, vous pouvez fournir les informations personnelles suivantes :<\/p>\n<ul>\n<li><span class=\"g0-inline-suggestion\" data-g0-suggetion-diff-id=\"insertion-1491-1495\" data-feedback-type=\"grammar\">Na<\/span>moi<\/li>\n<li><span class=\"g0-inline-suggestion\" data-g0-suggetion-diff-id=\"insertion-1497-1501\" data-feedback-type=\"grammar\">Co<\/span>Nom de l'entreprise<\/li>\n<li><span class=\"g0-inline-suggestion\" data-g0-suggetion-diff-id=\"insertion-1511-1515\" data-feedback-type=\"grammar\">Em<\/span>Adresse \u00e9lectronique<\/li>\n<li><span class=\"g0-inline-suggestion\" data-g0-suggetion-diff-id=\"insertion-1526-1530\" data-feedback-type=\"grammar\">Ph<\/span>un num\u00e9ro<\/li>\n<li><span class=\"g0-inline-suggestion\" data-g0-suggetion-diff-id=\"insertion-1540-1544\" data-feedback-type=\"grammar\">Jo<\/span>b Titre ou autres coordonn\u00e9es<\/li>\n<li><span class=\"g0-inline-suggestion\" data-g0-suggetion-diff-id=\"insertion-1576-1580\" data-feedback-type=\"grammar\">En<\/span>le contenu de la demande (sp\u00e9cifications du produit, quantit\u00e9, exigences de livraison, etc.)<\/li>\n<\/ul>\n<p>Vous pouvez choisir de ne pas fournir certaines informations, mais cela peut affecter l'exhaustivit\u00e9 de notre capacit\u00e9 \u00e0 vous fournir des devis, des consultations ou des services de commande.<\/p>\n<p><span class=\"g0-inline-suggestion\" data-g0-suggetion-diff-id=\"deletion-1832-1872\" data-feedback-type=\"grammar\">(2) Informations collect\u00e9es automatiquement <\/span><\/p>\n<p>Lorsque vous visitez ce site web, nos serveurs enregistrent automatiquement certaines informations non personnelles, notamment :<\/p>\n<ul>\n<li><span class=\"g0-inline-suggestion\" data-g0-suggetion-diff-id=\"insertion-1978-1982\" data-feedback-type=\"grammar\">IP<\/span> <span class=\"g0-inline-suggestion\" data-g0-suggetion-diff-id=\"modification-1983-1992\" data-feedback-type=\"grammar\">adresse<\/span><span class=\"g0-inline-suggestion\" data-g0-suggetion-diff-id=\"modification-1983-1992\" data-feedback-type=\"grammar\">ss<\/span><\/li>\n<li><span class=\"g0-inline-suggestion\" data-g0-suggetion-diff-id=\"insertion-1992-1996\" data-feedback-type=\"grammar\">Br<\/span>Type et version de l'ordinateur<\/li>\n<li><span class=\"g0-inline-suggestion\" data-g0-suggetion-diff-id=\"insertion-2018-2022\" data-feedback-type=\"grammar\">Op<\/span>syst\u00e8me d'exploitation<\/li>\n<li><span class=\"g0-inline-suggestion\" data-g0-suggetion-diff-id=\"insertion-2036-2040\" data-feedback-type=\"grammar\">Ac<\/span>heure et date de la cession<\/li>\n<li><span class=\"g0-inline-suggestion\" data-g0-suggetion-diff-id=\"insertion-2058-2062\" data-feedback-type=\"grammar\">Pa<\/span>ges visit\u00e9s<\/li>\n<li><span class=\"g0-inline-suggestion\" data-g0-suggetion-diff-id=\"insertion-2073-2077\" data-feedback-type=\"grammar\">Re<\/span>le site web d'origine (la page \u00e0 partir de laquelle vous avez acc\u00e9d\u00e9 \u00e0 ce site web)<\/li>\n<\/ul>\n<p><span class=\"g0-inline-suggestion\" data-g0-suggetion-diff-id=\"deletion-2142-2179\" data-feedback-type=\"grammar\">(3) Cookies et technologies similaires <\/span><\/p>\n<p>Nous pouvons utiliser des cookies, des balises web ou des technologies de suivi similaires pour am\u00e9liorer l'exp\u00e9rience du site web, analyser l'utilisation et suivre les visites. Ces technologies nous aident \u00e0 :<\/p>\n<ul>\n<li><span class=\"g0-inline-suggestion\" data-g0-suggetion-diff-id=\"insertion-2340-2344\" data-feedback-type=\"grammar\">Re<\/span>membre vos pr\u00e9f\u00e9rences<\/li>\n<li><span class=\"g0-inline-suggestion\" data-g0-suggetion-diff-id=\"insertion-2367-2371\" data-feedback-type=\"grammar\">Un<\/span>analyser le trafic sur le site web<\/li>\n<li><span class=\"g0-inline-suggestion\" data-g0-suggetion-diff-id=\"insertion-2392-2396\" data-feedback-type=\"grammar\">Im<\/span>prouver la fonctionnalit\u00e9 du site web<\/li>\n<\/ul>\n<p>Le stockage des cookies est g\u00e9n\u00e9ralement activ\u00e9 par d\u00e9faut dans les navigateurs courants. Vous pouvez choisir de refuser ou de supprimer les cookies dans les param\u00e8tres de confidentialit\u00e9 de votre navigateur, mais cela peut vous emp\u00eacher d'utiliser correctement certains services du site web. Nous n'utiliserons pas de cookies \u00e0 des fins de publicit\u00e9 personnalis\u00e9e et nous ne proc\u00e9derons pas \u00e0 une int\u00e9gration approfondie des donn\u00e9es avec des r\u00e9seaux publicitaires tiers bas\u00e9s sur des cookies.<\/p>\n<h3>2. <span class=\"g0-inline-suggestion\" data-g0-suggetion-diff-id=\"deletion-2798-2826\" data-feedback-type=\"grammar\">Comment nous utilisons vos informations <\/span><\/h3>\n<p>Les informations que nous recueillons sont principalement utilis\u00e9es aux fins suivantes :<\/p>\n<ul>\n<li><span class=\"g0-inline-suggestion\" data-g0-suggetion-diff-id=\"insertion-2898-2902\" data-feedback-type=\"grammar\">Pr<\/span>traiter vos demandes, fournir des devis et des informations sur les produits<\/li>\n<li><span class=\"g0-inline-suggestion\" data-g0-suggetion-diff-id=\"insertion-2967-2971\" data-feedback-type=\"grammar\">Re<\/span>r\u00e9pondre \u00e0 vos demandes, fournir une assistance technique ou un service \u00e0 la client\u00e8le<\/li>\n<li><span class=\"g0-inline-suggestion\" data-g0-suggetion-diff-id=\"insertion-3046-3050\" data-feedback-type=\"grammar\">Fu<\/span>remplir les commandes, organiser la production et la logistique (le cas \u00e9ch\u00e9ant)<\/li>\n<li><span class=\"g0-inline-suggestion\" data-g0-suggetion-diff-id=\"insertion-3117-3121\" data-feedback-type=\"grammar\">Im<\/span>v\u00e9rifier le contenu, la fonctionnalit\u00e9 et l'exp\u00e9rience utilisateur du site web<\/li>\n<li><span class=\"g0-inline-suggestion\" data-g0-suggetion-diff-id=\"insertion-3180-3184\" data-feedback-type=\"grammar\">Un<\/span>l'analyse de l'utilisation du site web \u00e0 des fins de statistiques et de recherches internes<\/li>\n<li><span class=\"g0-inline-suggestion\" data-g0-suggetion-diff-id=\"insertion-3242-3246\" data-feedback-type=\"grammar\">Se<\/span>l'envoi de communications transactionnelles (telles que les confirmations de cotation, les mises \u00e0 jour de commandes)<\/li>\n<li><span class=\"g0-inline-suggestion\" data-g0-suggetion-diff-id=\"insertion-3325-3329\" data-feedback-type=\"grammar\">Co<\/span>le respect des obligations l\u00e9gales ou la protection de nos int\u00e9r\u00eats l\u00e9gitimes<\/li>\n<\/ul>\n<p>Nous n'utiliserons pas vos informations personnelles \u00e0 des fins de marketing direct ou de promotion, \u00e0 moins que vous n'y consentiez explicitement (par exemple en vous abonnant \u00e0 des bulletins d'information, ce que ce site Web ne propose pas actuellement).<\/p>\n<h2><span class=\"g0-inline-suggestion\" data-g0-suggetion-diff-id=\"deletion-3601-3639\" data-feedback-type=\"grammar\">3. Partage et divulgation d'informations <\/span><\/h2>\n<p>Nous ne vendons pas, ne louons pas et n'\u00e9changeons pas vos informations personnelles. Nous ne partageons les informations que dans les circonstances suivantes :<\/p>\n<ul>\n<li><span class=\"g0-inline-suggestion\" data-g0-suggetion-diff-id=\"insertion-3756-3760\" data-feedback-type=\"grammar\">Sh<\/span>avec des prestataires de services de confiance (tels que l'h\u00e9bergement de sites web, les services de courrier \u00e9lectronique, les partenaires logistiques), qui sont limit\u00e9s \u00e0 l'utilisation des informations dans le seul but de nous fournir des services et sont li\u00e9s par des obligations de confidentialit\u00e9.<\/li>\n<li><span class=\"g0-inline-suggestion\" data-g0-suggetion-diff-id=\"insertion-3995-3999\" data-feedback-type=\"grammar\">Sh<\/span>l'\u00e9change avec des partenaires commerciaux (par exemple, lors de l'ex\u00e9cution d'une commande), uniquement dans la mesure o\u00f9 cela est n\u00e9cessaire.<\/li>\n<li><span class=\"g0-inline-suggestion\" data-g0-suggetion-diff-id=\"insertion-4093-4097\" data-feedback-type=\"grammar\">Di<\/span>la divulgation aux agences gouvernementales, aux organismes de r\u00e9glementation ou aux autorit\u00e9s charg\u00e9es de l'application de la loi lorsque la loi l'exige.<\/li>\n<li><span class=\"g0-inline-suggestion\" data-g0-suggetion-diff-id=\"insertion-4198-4202\" data-feedback-type=\"grammar\">Tr<\/span>Les produits de l'agriculture et de la sylviculture sont des produits qui sont utilis\u00e9s dans le cadre de transactions commerciales telles que les fusions, les acquisitions ou les transferts d'actifs.<\/li>\n<li><span class=\"g0-inline-suggestion\" data-g0-suggetion-diff-id=\"insertion-4316-4320\" data-feedback-type=\"grammar\">Un<\/span>Les informations onymiques ou agr\u00e9g\u00e9es peuvent \u00eatre utilis\u00e9es \u00e0 des fins statistiques ou de recherche et ne permettent pas d'identifier les personnes.<\/li>\n<li>Les pratiques de confidentialit\u00e9 des sites web de tiers (tels que les liens vers des plateformes de paiement ou de logistique) ne sont pas r\u00e9gies par la pr\u00e9sente politique ; veuillez consulter leurs politiques s\u00e9par\u00e9ment.<\/li>\n<\/ul>\n<h2><span class=\"g0-inline-suggestion\" data-g0-suggetion-diff-id=\"deletion-4610-4627\" data-feedback-type=\"grammar\">4. S\u00e9curit\u00e9 des donn\u00e9es <\/span><\/h2>\n<p>Nous utilisons des moyens de gestion, techniques et physiques raisonnables, tels que des pare-feu, des transmissions de donn\u00e9es crypt\u00e9es et des contr\u00f4les d'acc\u00e8s, pour prot\u00e9ger vos informations personnelles. Il est <span class=\"g0-inline-suggestion\" data-g0-suggetion-diff-id=\"modification-4801-4811\" data-feedback-type=\"grammar\">important <\/span>de noter que l'environnement Internet n'est pas absolument s\u00fbr et que, par cons\u00e9quent, nous ne pouvons pas garantir la s\u00e9curit\u00e9 de la transmission des donn\u00e9es. Nous vous recommandons de prendre les pr\u00e9cautions n\u00e9cessaires pour prot\u00e9ger vos informations personnelles lorsque vous utilisez ce site web. Si <span class=\"g0-inline-suggestion\" data-g0-suggetion-diff-id=\"modification-5068-5076\" data-feedback-type=\"grammar\">il y a <\/span>une violation de donn\u00e9es, nous informerons rapidement les utilisateurs concern\u00e9s. Nous nous conformerons aux exigences l\u00e9gales et prendrons des mesures pour limiter l'impact.<\/p>\n<h2>5. Transfert international de donn\u00e9es<\/h2>\n<p>Les serveurs de notre site web sont situ\u00e9s en Chine. Cela signifie que les donn\u00e9es que vous fournissez sur ce site peuvent \u00eatre stock\u00e9es et trait\u00e9es en Chine. Si vous venez de l'Union europ\u00e9enne, d'un pays autre que la Chine ou d'une r\u00e9gion o\u00f9 les lois sur la protection des donn\u00e9es sont strictes, il se peut que vos donn\u00e9es doivent \u00eatre transf\u00e9r\u00e9es d'un pays \u00e0 l'autre. Nous utiliserons des m\u00e9thodes appropri\u00e9es, telles que des clauses contractuelles standard, pour garantir que vos informations b\u00e9n\u00e9ficient d'une protection raisonnable.<\/p>\n<h3><span class=\"g0-inline-suggestion\" data-g0-suggetion-diff-id=\"deletion-5660-5663\" data-feedback-type=\"grammar\">6. <\/span> Vos droits<\/h3>\n<p>En fonction des lois applicables dans votre r\u00e9gion (telles que le R\u00e8glement g\u00e9n\u00e9ral sur la protection des donn\u00e9es (RGPD), le California Consumer Privacy Act (CCPA), ou d'autres r\u00e9glementations sur la protection des donn\u00e9es), vous pouvez disposer des droits suivants :<\/p>\n<ul>\n<li><span class=\"g0-inline-suggestion\" data-g0-suggetion-diff-id=\"insertion-5893-5897\" data-feedback-type=\"grammar\">Ac<\/span>l'acc\u00e8s aux informations personnelles que nous d\u00e9tenons<\/li>\n<li><span class=\"g0-inline-suggestion\" data-g0-suggetion-diff-id=\"insertion-5943-5947\" data-feedback-type=\"grammar\">Co<\/span>rrection des informations inexactes<\/li>\n<li><span class=\"g0-inline-suggestion\" data-g0-suggetion-diff-id=\"insertion-5981-5985\" data-feedback-type=\"grammar\">Re<\/span>demande de suppression de vos informations personnelles (sous r\u00e9serve des exigences l\u00e9gales en mati\u00e8re de conservation)<\/li>\n<li><span class=\"g0-inline-suggestion\" data-g0-suggetion-diff-id=\"insertion-6074-6078\" data-feedback-type=\"grammar\">Ob<\/span>jection ou restriction de certains traitements<\/li>\n<li><span class=\"g0-inline-suggestion\" data-g0-suggetion-diff-id=\"insertion-6125-6129\" data-feedback-type=\"grammar\">Da<\/span>la portabilit\u00e9 des donn\u00e9es (obtenir des donn\u00e9es dans un format structur\u00e9)<\/li>\n<li>Pour exercer ces droits, veuillez nous contacter par le biais du formulaire de contact sur ce site web ou en utilisant les coordonn\u00e9es ci-dessous. Nous v\u00e9rifierons votre identit\u00e9 et vous r\u00e9pondrons dans un d\u00e9lai raisonnable (g\u00e9n\u00e9ralement dans les 30 jours).<\/li>\n<\/ul>\n<h2><span class=\"g0-inline-suggestion\" data-g0-suggetion-diff-id=\"modification-6408-6410\" data-feedback-type=\"grammar\">7.<\/span> <span class=\"g0-inline-suggestion\" data-g0-suggetion-diff-id=\"deletion-6411-6430\" data-feedback-type=\"grammar\">Vie priv\u00e9e des enfants <\/span><\/h2>\n<p>Ce site web n'est pas destin\u00e9 aux enfants de moins de 13 ans et nous ne collectons pas sciemment d'informations personnelles aupr\u00e8s d'enfants. Si vous pensez que nous avons collect\u00e9 par inadvertance des informations aupr\u00e8s d'un enfant, veuillez nous contacter imm\u00e9diatement pour que nous les supprimions.<\/p>\n<h2>8. Liens avec des tiers<\/h2>\n<p>Ce site peut contenir des liens vers des sites web de tiers. Veuillez noter que ces sites web ont leurs propres politiques de confidentialit\u00e9 et que nous ne sommes pas responsables de leurs pratiques en mati\u00e8re de confidentialit\u00e9. Nous vous recommandons de vous familiariser avec leurs politiques avant de les utiliser.<\/p>\n<h2>9. Changements de politique<\/h2>\n<p>Cette politique peut \u00eatre mise \u00e0 jour si n\u00e9cessaire. Pour les changements de politique importants, nous vous en informerons par le biais d'annonces sur le site web ou par courrier \u00e9lectronique. Si vous continuez \u00e0 utiliser ce site web apr\u00e8s la mise \u00e0 jour de la politique, il sera consid\u00e9r\u00e9 que vous avez lu et accept\u00e9 tout le contenu mis \u00e0 jour.<\/p>\n<h2><span class=\"g0-inline-suggestion\" data-g0-suggetion-diff-id=\"deletion-7249-7264\" data-feedback-type=\"grammar\">10. Nous contacter <\/span><\/h2>\n<p>Si vous avez des questions ou des commentaires, ou si vous souhaitez exercer vos droits concernant cette politique, veuillez nous contacter en utilisant les informations suivantes : Unisen (Tianjin) Co, Ltd.<\/p>\n<p><span class=\"g0-inline-suggestion\" data-g0-suggetion-diff-id=\"deletion-7434-7458\" data-feedback-type=\"grammar\">Adresse : Tianjin, Chine <\/span><\/p>\n<p>Courriel : <a href=\"mailto:export@uniasen.com\">export@uniasen.com<\/a> (ou site web <a href=\"https:\/\/uniasen.com\/fr\/contact\/\">formulaire de contact<\/a>)<\/p>\n<p><span class=\"g0-inline-suggestion\" data-g0-suggetion-diff-id=\"modification-7508-7516\" data-feedback-type=\"grammar\">Site web :<\/span> <a href=\"https:\/\/uniasen.com\/fr\/\"><span class=\"g0-inline-suggestion\" data-g0-suggetion-diff-id=\"deletion-7517-7538\" data-feedback-type=\"grammar\">https:\/\/uniasen.com\/<\/span><\/a><\/p>\n<p>Merci de faire confiance \u00e0 Unisen (Tianjin) Co, Ltd ! Nous nous engageons \u00e0 traiter vos informations personnelles de mani\u00e8re responsable.<\/p>\n\t\t<\/div>\n\t\t\t\t\t<\/div>\n\n\t\n<\/div>\n\t\t<\/div>\n\n\t\t\n<style>\n#section_872280852 {\n  padding-top: 60px;\n  padding-bottom: 60px;\n}\n<\/style>\n\t<\/section>","protected":false},"excerpt":{"rendered":"","protected":false},"author":10,"featured_media":0,"parent":0,"menu_order":0,"comment_status":"closed","ping_status":"closed","template":"page-blank.php","meta":{"footnotes":""},"class_list":["post-6136","page","type-page","status-publish","hentry"],"yoast_head":"<!-- This site is optimized with the Yoast SEO plugin v23.6 - https:\/\/yoast.com\/wordpress\/plugins\/seo\/ -->\n<title>Privacy Policy - UNIASEN<\/title>\n<meta name=\"robots\" content=\"index, follow, max-snippet:-1, max-image-preview:large, max-video-preview:-1\" \/>\n<link rel=\"canonical\" href=\"https:\/\/uniasen.com\/fr\/politique-de-confidentialite\/\" \/>\n<meta property=\"og:locale\" content=\"fr_FR\" \/>\n<meta property=\"og:type\" content=\"article\" \/>\n<meta property=\"og:title\" content=\"Privacy Policy - UNIASEN\" \/>\n<meta property=\"og:url\" content=\"https:\/\/uniasen.com\/fr\/politique-de-confidentialite\/\" \/>\n<meta property=\"og:site_name\" content=\"UNIASEN\" \/>\n<meta property=\"article:modified_time\" content=\"2025-12-31T09:15:00+00:00\" \/>\n<meta name=\"twitter:card\" content=\"summary_large_image\" \/>\n<meta name=\"twitter:label1\" content=\"Dur\u00e9e de lecture estim\u00e9e\" \/>\n\t<meta name=\"twitter:data1\" content=\"6 minutes\" \/>\n<script type=\"application\/ld+json\" class=\"yoast-schema-graph\">{\"@context\":\"https:\/\/schema.org\",\"@graph\":[{\"@type\":\"WebPage\",\"@id\":\"https:\/\/uniasen.com\/privacy-policy\/\",\"url\":\"https:\/\/uniasen.com\/privacy-policy\/\",\"name\":\"Privacy Policy - UNIASEN\",\"isPartOf\":{\"@id\":\"https:\/\/uniasen.com\/#website\"},\"datePublished\":\"2025-12-31T08:27:53+00:00\",\"dateModified\":\"2025-12-31T09:15:00+00:00\",\"breadcrumb\":{\"@id\":\"https:\/\/uniasen.com\/privacy-policy\/#breadcrumb\"},\"inLanguage\":\"fr-FR\",\"potentialAction\":[{\"@type\":\"ReadAction\",\"target\":[\"https:\/\/uniasen.com\/privacy-policy\/\"]}]},{\"@type\":\"BreadcrumbList\",\"@id\":\"https:\/\/uniasen.com\/privacy-policy\/#breadcrumb\",\"itemListElement\":[{\"@type\":\"ListItem\",\"position\":1,\"name\":\"Home\",\"item\":\"https:\/\/uniasen.com\/\"},{\"@type\":\"ListItem\",\"position\":2,\"name\":\"Privacy Policy\"}]},{\"@type\":\"WebSite\",\"@id\":\"https:\/\/uniasen.com\/#website\",\"url\":\"https:\/\/uniasen.com\/\",\"name\":\"UNIASEN\",\"description\":\"\",\"publisher\":{\"@id\":\"https:\/\/uniasen.com\/#organization\"},\"potentialAction\":[{\"@type\":\"SearchAction\",\"target\":{\"@type\":\"EntryPoint\",\"urlTemplate\":\"https:\/\/uniasen.com\/?s={search_term_string}\"},\"query-input\":{\"@type\":\"PropertyValueSpecification\",\"valueRequired\":true,\"valueName\":\"search_term_string\"}}],\"inLanguage\":\"fr-FR\"},{\"@type\":\"Organization\",\"@id\":\"https:\/\/uniasen.com\/#organization\",\"name\":\"UniAsen\",\"alternateName\":\"UniAsen (Tianjin) Co., Ltd.\",\"url\":\"https:\/\/uniasen.com\/\",\"logo\":{\"@type\":\"ImageObject\",\"inLanguage\":\"fr-FR\",\"@id\":\"https:\/\/uniasen.com\/#\/schema\/logo\/image\/\",\"url\":\"https:\/\/uniasen.com\/wp-content\/uploads\/2023\/11\/UNIASEN-carbon-steel-supplier-and-expertor-in-china-LOGO.webp\",\"contentUrl\":\"https:\/\/uniasen.com\/wp-content\/uploads\/2023\/11\/UNIASEN-carbon-steel-supplier-and-expertor-in-china-LOGO.webp\",\"width\":300,\"height\":300,\"caption\":\"UniAsen\"},\"image\":{\"@id\":\"https:\/\/uniasen.com\/#\/schema\/logo\/image\/\"}}]}<\/script>\n<!-- \/ Yoast SEO plugin. -->","yoast_head_json":{"title":"Privacy Policy - UNIASEN","robots":{"index":"index","follow":"follow","max-snippet":"max-snippet:-1","max-image-preview":"max-image-preview:large","max-video-preview":"max-video-preview:-1"},"canonical":"https:\/\/uniasen.com\/fr\/politique-de-confidentialite\/","og_locale":"fr_FR","og_type":"article","og_title":"Privacy Policy - UNIASEN","og_url":"https:\/\/uniasen.com\/fr\/politique-de-confidentialite\/","og_site_name":"UNIASEN","article_modified_time":"2025-12-31T09:15:00+00:00","twitter_card":"summary_large_image","twitter_misc":{"Dur\u00e9e de lecture estim\u00e9e":"6 minutes"},"schema":{"@context":"https:\/\/schema.org","@graph":[{"@type":"WebPage","@id":"https:\/\/uniasen.com\/privacy-policy\/","url":"https:\/\/uniasen.com\/privacy-policy\/","name":"Privacy Policy - UNIASEN","isPartOf":{"@id":"https:\/\/uniasen.com\/#website"},"datePublished":"2025-12-31T08:27:53+00:00","dateModified":"2025-12-31T09:15:00+00:00","breadcrumb":{"@id":"https:\/\/uniasen.com\/privacy-policy\/#breadcrumb"},"inLanguage":"fr-FR","potentialAction":[{"@type":"ReadAction","target":["https:\/\/uniasen.com\/privacy-policy\/"]}]},{"@type":"BreadcrumbList","@id":"https:\/\/uniasen.com\/privacy-policy\/#breadcrumb","itemListElement":[{"@type":"ListItem","position":1,"name":"Home","item":"https:\/\/uniasen.com\/"},{"@type":"ListItem","position":2,"name":"Privacy Policy"}]},{"@type":"WebSite","@id":"https:\/\/uniasen.com\/#website","url":"https:\/\/uniasen.com\/","name":"UNIASEN","description":"","publisher":{"@id":"https:\/\/uniasen.com\/#organization"},"potentialAction":[{"@type":"SearchAction","target":{"@type":"EntryPoint","urlTemplate":"https:\/\/uniasen.com\/?s={search_term_string}"},"query-input":{"@type":"PropertyValueSpecification","valueRequired":true,"valueName":"search_term_string"}}],"inLanguage":"fr-FR"},{"@type":"Organization","@id":"https:\/\/uniasen.com\/#organization","name":"UniAsen","alternateName":"UniAsen (Tianjin) Co., Ltd.","url":"https:\/\/uniasen.com\/","logo":{"@type":"ImageObject","inLanguage":"fr-FR","@id":"https:\/\/uniasen.com\/#\/schema\/logo\/image\/","url":"https:\/\/uniasen.com\/wp-content\/uploads\/2023\/11\/UNIASEN-carbon-steel-supplier-and-expertor-in-china-LOGO.webp","contentUrl":"https:\/\/uniasen.com\/wp-content\/uploads\/2023\/11\/UNIASEN-carbon-steel-supplier-and-expertor-in-china-LOGO.webp","width":300,"height":300,"caption":"UniAsen"},"image":{"@id":"https:\/\/uniasen.com\/#\/schema\/logo\/image\/"}}]}},"_links":{"self":[{"href":"https:\/\/uniasen.com\/fr\/wp-json\/wp\/v2\/pages\/6136","targetHints":{"allow":["GET"]}}],"collection":[{"href":"https:\/\/uniasen.com\/fr\/wp-json\/wp\/v2\/pages"}],"about":[{"href":"https:\/\/uniasen.com\/fr\/wp-json\/wp\/v2\/types\/page"}],"author":[{"embeddable":true,"href":"https:\/\/uniasen.com\/fr\/wp-json\/wp\/v2\/users\/10"}],"replies":[{"embeddable":true,"href":"https:\/\/uniasen.com\/fr\/wp-json\/wp\/v2\/comments?post=6136"}],"version-history":[{"count":5,"href":"https:\/\/uniasen.com\/fr\/wp-json\/wp\/v2\/pages\/6136\/revisions"}],"predecessor-version":[{"id":6144,"href":"https:\/\/uniasen.com\/fr\/wp-json\/wp\/v2\/pages\/6136\/revisions\/6144"}],"wp:attachment":[{"href":"https:\/\/uniasen.com\/fr\/wp-json\/wp\/v2\/media?parent=6136"}],"curies":[{"name":"wp","href":"https:\/\/api.w.org\/{rel}","templated":true}]}}