{"id":3016,"date":"2023-10-25T15:11:48","date_gmt":"2023-10-25T07:11:48","guid":{"rendered":"https:\/\/uniasen.com\/?page_id=3016"},"modified":"2024-05-29T13:20:40","modified_gmt":"2024-05-29T05:20:40","slug":"line-pipe","status":"publish","type":"page","link":"https:\/\/uniasen.com\/fr\/produits\/tube-de-conduite\/","title":{"rendered":"Tuyaux de canalisation"},"content":{"rendered":"<div id=\"page-header-2077719738\" class=\"page-header-wrapper\">\n  <div class=\"page-title dark featured-title\">\n\n        <div class=\"page-title-bg\">\n      <div class=\"title-bg fill bg-fill\"\n        data-parallax-container=\".page-title\"\n        data-parallax-background\n data-parallax=\"-\">\n      <\/div>\n      <div class=\"title-overlay fill\"><\/div>\n    <\/div>\n    \n    <div class=\"page-title-inner container align-center flex-row medium-flex-wrap\" >\n              <div class=\"title-wrapper flex-col text-left medium-text-center\">\n          <h1 class=\"entry-title mb-0\">\n            Tuyaux de canalisation          <\/h1>\n        <\/div>\n                    <div class=\"title-content flex-col flex-right text-right medium-text-center\">\n        <div class=\"title-breadcrumbs pb-half pt-half\"><\/div>      <\/div>\n    <\/div>\n\n     \n<style>\n#page-header-2077719738 .title-bg {\n  background-image: url(https:\/\/uniasen.com\/wp-content\/uploads\/2023\/11\/Uniasen-carbon-steel-pipe-manufacturer-header.webp);\n}\n<\/style>\n  <\/div>\n    <\/div>\n  \n\t<div id=\"gap-1029178362\" class=\"gap-element clearfix\" style=\"display:block; height:auto;\">\n\t\t\n<style>\n#gap-1029178362 {\n  padding-top: 4%;\n}\n<\/style>\n\t<\/div>\n\t\n\n\t<section class=\"section\" id=\"section_193310518\">\n\t\t<div class=\"section-bg fill\" >\n\t\t\t\t\t\t\t\t\t\n\t\t\t\n\n\t\t<\/div>\n\n\t\t\n\n\t\t<div class=\"section-content relative\">\n\t\t\t\n<div class=\"row align-middle\"  id=\"row-1575325569\">\n\n\t<div id=\"col-1176424933\" class=\"col medium-6 small-12 large-6\"  >\n\t\t\t\t<div class=\"col-inner\"  >\n\t\t\t\n\t\t\t\n\t<div class=\"img has-hover x md-x lg-x y md-y lg-y\" id=\"image_133823398\">\n\t\t\t\t\t\t\t\t<div class=\"img-inner image-cover dark\" style=\"padding-top:56.25%;\">\n\t\t\t<img loading=\"lazy\" decoding=\"async\" width=\"1000\" height=\"666\" src=\"https:\/\/uniasen.com\/wp-content\/uploads\/2023\/11\/p201706261630440400348.webp\" class=\"attachment-original size-original\" alt=\"\" srcset=\"https:\/\/uniasen.com\/wp-content\/uploads\/2023\/11\/p201706261630440400348.webp 1000w, https:\/\/uniasen.com\/wp-content\/uploads\/2023\/11\/p201706261630440400348-300x200.webp 300w, https:\/\/uniasen.com\/wp-content\/uploads\/2023\/11\/p201706261630440400348-768x511.webp 768w\" sizes=\"auto, (max-width: 1000px) 100vw, 1000px\" \/>\t\t\t\t\t\t\n\t\t\t\t\t<\/div>\n\t\t\t\t\t\t\t\t\n<style>\n#image_133823398 {\n  width: 100%;\n}\n<\/style>\n\t<\/div>\n\t\n\t\t<\/div>\n\t\t\t\t\t<\/div>\n\n\t\n\n\t<div id=\"col-975596037\" class=\"col medium-6 small-12 large-6\"  >\n\t\t\t\t<div class=\"col-inner\"  >\n\t\t\t\n\t\t\t\n\t<div id=\"text-3675319410\" class=\"text\">\n\t\t\n<h2>Fabricant de tubes de canalisation en Chine<\/h2>\n\t\t\n<style>\n#text-3675319410 {\n  text-align: center;\n}\n@media (min-width:550px) {\n  #text-3675319410 {\n    text-align: left;\n  }\n}\n<\/style>\n\t<\/div>\n\t\n<p>Nos tubes de canalisation sont m\u00e9ticuleusement con\u00e7us pour le transport de mat\u00e9riaux vitaux sur de vastes terrains, ce qui en fait le choix privil\u00e9gi\u00e9 pour le transport du p\u00e9trole, du gaz naturel, de l'huile et de l'eau.<\/p>\n<p>Fabriqu\u00e9s en acier au carbone \u00e0 haute r\u00e9sistance et rigoureusement conformes aux normes r\u00e9put\u00e9es telles que API SPEC 5L, ISO 3183 et GB\/T 9711, nos tuyaux de canalisation sont un t\u00e9moignage de durabilit\u00e9 et de r\u00e9silience.<\/p>\n<p>Capable de r\u00e9sister \u00e0 des pressions \u00e9lev\u00e9es, lorsque vous optez pour les tuyaux de canalisation d'UNIASEN, vous ne choisissez pas seulement un produit, vous investissez dans un h\u00e9ritage de fiabilit\u00e9, de long\u00e9vit\u00e9 et de performances in\u00e9gal\u00e9es.<\/p>\n\t\t<\/div>\n\t\t\t\t\t<\/div>\n\n\t\n<\/div>\n\t\t<\/div>\n\n\t\t\n<style>\n#section_193310518 {\n  padding-top: 30px;\n  padding-bottom: 30px;\n}\n<\/style>\n\t<\/section>\n\t\n\n\t<section class=\"section\" id=\"section_575423776\">\n\t\t<div class=\"section-bg fill\" >\n\t\t\t\t\t\t\t\t\t\n\t\t\t\n\n\t\t<\/div>\n\n\t\t\n\n\t\t<div class=\"section-content relative\">\n\t\t\t\n<div class=\"row align-middle\"  id=\"row-1737248792\">\n\n\t<div id=\"col-1991289257\" class=\"col small-12 large-12\"  >\n\t\t\t\t<div class=\"col-inner\"  >\n\t\t\t\n\t\t\t\n<h2>Dimensions des tubes de canalisation<\/h2>\n<p>Les tuyaux de canalisation d'UNIASEN sont con\u00e7us pour r\u00e9pondre aux divers besoins en mati\u00e8re de transport.<\/p>\n<p>Disponibles dans des diam\u00e8tres allant de 2 pouces \u00e0 48 pouces, nos tuyaux de canalisation sont suffisamment polyvalents pour r\u00e9pondre aux besoins des projets de grande ou de petite envergure.<\/p>\n<p>Que vous construisiez une canalisation principale pour acheminer le gaz naturel ou des canalisations plus petites partant de la canalisation principale, nos tuyaux de canalisation sont parfaitement adapt\u00e9s.<\/p>\n<p>L'\u00e9paisseur de nos tuyaux de canalisation est m\u00e9ticuleusement d\u00e9termin\u00e9e par la pression de service maximale requise, ce qui garantit que chaque centim\u00e8tre de notre produit r\u00e9pond aux normes les plus strictes en mati\u00e8re de s\u00e9curit\u00e9 et d'efficacit\u00e9.<\/p>\n\t\t<\/div>\n\t\t\t\t\t<\/div>\n\n\t\n<\/div>\n\t\t<\/div>\n\n\t\t\n<style>\n#section_575423776 {\n  padding-top: 6px;\n  padding-bottom: 6px;\n}\n@media (min-width:550px) {\n  #section_575423776 {\n    padding-top: 30px;\n    padding-bottom: 30px;\n  }\n}\n<\/style>\n\t<\/section>\n\t\n\n\t<section class=\"section\" id=\"section_48016392\">\n\t\t<div class=\"section-bg fill\" >\n\t\t\t\t\t\t\t\t\t\n\t\t\t\n\n\t\t<\/div>\n\n\t\t\n\n\t\t<div class=\"section-content relative\">\n\t\t\t\n<div class=\"row align-middle\"  id=\"row-905638227\">\n\n\t<div id=\"col-52407548\" class=\"col medium-6 small-12 large-6\"  >\n\t\t\t\t<div class=\"col-inner\"  >\n\t\t\t\n\t\t\t\n<h2>Normes relatives aux tubes de canalisation<\/h2>\n<p>Nos tubes de canalisation sont m\u00e9ticuleusement fabriqu\u00e9s en stricte conformit\u00e9 avec les sp\u00e9cifications m\u00e9tallurgiques mondialement reconnues, notamment API SPEC 5L, ISO 3183 et GB\/T 9711.<\/p>\n<p>Alors que l'API SPEC 5L est une sp\u00e9cification largement reconnue, d\u00e9velopp\u00e9e par l'American Petroleum Institute, les normes ISO 3183 et GB\/T 9711 soulignent notre attachement aux normes internationales et \u00e0 l'assurance qualit\u00e9.<\/p>\n<p>Mais notre engagement en mati\u00e8re de transparence ne s'arr\u00eate pas l\u00e0. Sous cette rubrique, vous trouverez une liste compl\u00e8te de toutes les normes de production appliqu\u00e9es \u00e0 nos produits, afin que vous disposiez de toutes les informations n\u00e9cessaires pour prendre une d\u00e9cision en connaissance de cause.<\/p>\n\t\t<\/div>\n\t\t\t\t\t<\/div>\n\n\t\n\n\t<div id=\"col-160838893\" class=\"col medium-6 small-12 large-6\"  >\n\t\t\t\t<div class=\"col-inner\"  >\n\t\t\t\n\t\t\t\n\t<div class=\"img has-hover x md-x lg-x y md-y lg-y\" id=\"image_1960718077\">\n\t\t\t\t\t\t\t\t<div class=\"img-inner dark\" >\n\t\t\t<img loading=\"lazy\" decoding=\"async\" width=\"1000\" height=\"583\" src=\"https:\/\/uniasen.com\/wp-content\/uploads\/2023\/11\/The-Angola-Zambia-Refined-Petroleum-Multi-Product-AZOP-Pipeline-Project.webp\" class=\"attachment-original size-original\" alt=\"fabricant de tubes de canalisation_tube de canalisation\" srcset=\"https:\/\/uniasen.com\/wp-content\/uploads\/2023\/11\/The-Angola-Zambia-Refined-Petroleum-Multi-Product-AZOP-Pipeline-Project.webp 1000w, https:\/\/uniasen.com\/wp-content\/uploads\/2023\/11\/The-Angola-Zambia-Refined-Petroleum-Multi-Product-AZOP-Pipeline-Project-300x175.webp 300w, https:\/\/uniasen.com\/wp-content\/uploads\/2023\/11\/The-Angola-Zambia-Refined-Petroleum-Multi-Product-AZOP-Pipeline-Project-768x448.webp 768w\" sizes=\"auto, (max-width: 1000px) 100vw, 1000px\" \/>\t\t\t\t\t\t\n\t\t\t\t\t<\/div>\n\t\t\t\t\t\t\t\t\n<style>\n#image_1960718077 {\n  width: 100%;\n}\n<\/style>\n\t<\/div>\n\t\n\t\t<\/div>\n\t\t\t\t\t<\/div>\n\n\t\n<\/div>\n\t\t<\/div>\n\n\t\t\n<style>\n#section_48016392 {\n  padding-top: 10px;\n  padding-bottom: 10px;\n}\n@media (min-width:550px) {\n  #section_48016392 {\n    padding-top: 30px;\n    padding-bottom: 30px;\n  }\n}\n<\/style>\n\t<\/section>\n\t\n\n\t<section class=\"section\" id=\"section_667089318\">\n\t\t<div class=\"section-bg fill\" >\n\t\t\t\t\t\t\t\t\t<div class=\"section-bg-overlay absolute fill\"><\/div>\n\t\t\t\n\n\t\t<\/div>\n\n\t\t\n\n\t\t<div class=\"section-content relative\">\n\t\t\t\n<div class=\"row\"  id=\"row-1465053167\">\n\n\t<div id=\"col-4391834\" class=\"col medium-9 small-11 large-9\"  >\n\t\t\t\t<div class=\"col-inner text-center\"  >\n\t\t\t\n\t\t\t\n\t<div id=\"text-3677955241\" class=\"text\">\n\t\t\n<p><strong>UNIASEN s'engage \u00e0 respecter les normes de production les plus strictes de l'industrie.<\/strong><br \/>\n\t\t\n<style>\n#text-3677955241 {\n  text-align: center;\n  color: rgb(255, 255, 255);\n}\n#text-3677955241 > * {\n  color: rgb(255, 255, 255);\n}\n<\/style>\n\t<\/div>\n\t\n\t\t<\/div>\n\t\t\t\t\n<style>\n#col-4391834 > .col-inner {\n  margin: 22px 0px 0px 20px;\n}\n<\/style>\n\t<\/div>\n\n\t\n\n\t<div id=\"col-1340183440\" class=\"col medium-3 small-12 large-3\"  >\n\t\t\t\t<div class=\"col-inner text-center\"  >\n\t\t\t\n\t\t\t\n<a href=\"#is-pop\" class=\"button primary\"  >\n\t\t<span>Obtenez un devis !<\/span>\n\t<\/a>\n\n\t\t<\/div>\n\t\t\t\t\n<style>\n#col-1340183440 > .col-inner {\n  margin: 20px 0px 0px 0px;\n}\n<\/style>\n\t<\/div>\n\n\t\n<\/div>\n\t\t<\/div>\n\n\t\t\n<style>\n#section_667089318 {\n  padding-top: 10px;\n  padding-bottom: 10px;\n}\n#section_667089318 .section-bg-overlay {\n  background-color: rgba(115, 109, 109, 0.5);\n}\n<\/style>\n\t<\/section>\n\t\n\n\t<section class=\"section\" id=\"section_1805469090\">\n\t\t<div class=\"section-bg fill\" >\n\t\t\t\t\t\t\t\t\t\n\t\t\t\n\n\t\t<\/div>\n\n\t\t\n\n\t\t<div class=\"section-content relative\">\n\t\t\t\n<div class=\"row\"  id=\"row-1486725080\">\n\n\t<div id=\"col-1429325957\" class=\"col small-12 large-12\"  >\n\t\t\t\t<div class=\"col-inner\"  >\n\t\t\t\n\t\t\t\n<h2>Proc\u00e9d\u00e9s de fabrication des tubes de canalisation<\/h2>\n<p>Nos proc\u00e9d\u00e9s de fabrication, notamment SMLS (sans soudure), ERW (soudage par r\u00e9sistance \u00e9lectrique), SSAW (soudage \u00e0 l'arc submerg\u00e9 en spirale) et LSAW (soudage \u00e0 l'arc submerg\u00e9 longitudinal), nous permettent de r\u00e9pondre avec pr\u00e9cision \u00e0 diverses applications.<\/p>\n<p>Les tubes LSAW, connus pour leur soudure longitudinale et leur r\u00e9sistance \u00e0 la haute pression, sont id\u00e9aux pour transporter efficacement des hydrocarbures sur de longues distances.<\/p>\n<p>D'autre part, les tubes SSAW, avec leur soudure h\u00e9lico\u00efdale, offrent une flexibilit\u00e9 au niveau du diam\u00e8tre sans qu'il soit n\u00e9cessaire de les couper.<\/p>\n<p>Les tubes ERW sont efficaces gr\u00e2ce \u00e0 leur soudure par r\u00e9sistance \u00e9lectrique, ce qui garantit une construction robuste.<\/p>\n<p>Les tubes SSAW et LSAW sont tous deux soumis au \"processus de formage JCOE et UOE\", mais leur sens de soudage diff\u00e8re, les tubes SSAW \u00e9tant soud\u00e9s en spirale et les tubes LSAW dans le sens longitudinal.<\/p>\n<p>Cette distinction, ainsi que d'autres facteurs tels que le stress r\u00e9siduel, la longueur de la ligne de soudage et la pr\u00e9cision de la g\u00e9om\u00e9trie, rend les tubes LSAW l\u00e9g\u00e8rement sup\u00e9rieurs aux tubes SSAW dans certaines applications.<\/p>\n\t\t<\/div>\n\t\t\t\t\t<\/div>\n\n\t\n<\/div>\n\t\t<\/div>\n\n\t\t\n<style>\n#section_1805469090 {\n  padding-top: 30px;\n  padding-bottom: 30px;\n}\n<\/style>\n\t<\/section>\n\t\n\n\t<section class=\"section\" id=\"section_474960290\">\n\t\t<div class=\"section-bg fill\" >\n\t\t\t\t\t\t\t\t\t\n\t\t\t\n\n\t\t<\/div>\n\n\t\t\n\n\t\t<div class=\"section-content relative\">\n\t\t\t\n<div class=\"row\"  id=\"row-1617082596\">\n\n\t<div id=\"col-761263990\" class=\"col small-12 large-12\"  >\n\t\t\t\t<div class=\"col-inner\"  >\n\t\t\t\n\t\t\t\n<h2>Comment choisir le bon tuyau de canalisation<\/h2>\n<p>Le choix du bon tuyau de canalisation est crucial pour la r\u00e9ussite et la s\u00e9curit\u00e9 de votre projet.<\/p>\n<p>Lors du choix d'un tuyau de canalisation, il faut tenir compte du volume de mat\u00e9riau qu'il transportera et de la pression qu'il devra supporter.<\/p>\n<p>Pour les projets de grande envergure, comme une canalisation principale de gaz naturel, optez pour un tuyau d'un diam\u00e8tre compris entre 16 et 48 pouces, tandis que pour les petites canalisations d\u00e9riv\u00e9es de la canalisation principale, un diam\u00e8tre de 6 \u00e0 16 pouces devrait suffire. Veillez \u00e0 ce que le tuyau de canalisation que vous choisissez r\u00e9ponde \u00e0 toutes les caract\u00e9ristiques chimiques, de r\u00e9sistance, de t\u00e9nacit\u00e9 et dimensionnelles de l'acier. Avec UNIASEN, vous n'achetez pas seulement un produit, vous investissez dans la tranquillit\u00e9 d'esprit.<\/p>\n\t\t<\/div>\n\t\t\t\t\t<\/div>\n\n\t\n<\/div>\n\t\t<\/div>\n\n\t\t\n<style>\n#section_474960290 {\n  padding-top: 3px;\n  padding-bottom: 3px;\n}\n@media (min-width:550px) {\n  #section_474960290 {\n    padding-top: 30px;\n    padding-bottom: 30px;\n  }\n}\n<\/style>\n\t<\/section>","protected":false},"excerpt":{"rendered":"","protected":false},"author":3,"featured_media":0,"parent":912,"menu_order":0,"comment_status":"closed","ping_status":"closed","template":"page-blank.php","meta":{"footnotes":""},"class_list":["post-3016","page","type-page","status-publish","hentry"],"yoast_head":"<!-- This site is optimized with the Yoast SEO plugin v23.6 - https:\/\/yoast.com\/wordpress\/plugins\/seo\/ -->\n<title>ERW&amp;LSAW Line Pipe Manufacturer in China - UNIASEN<\/title>\n<meta name=\"description\" content=\"UNIASEN provides line pipes. It is usually made of high-strength steel, which is resistant to high pressure and corrosion. It is suitable for long distance transportation. Mainly used for oil, natural gas and water transportation.\" \/>\n<meta name=\"robots\" content=\"index, follow, max-snippet:-1, max-image-preview:large, max-video-preview:-1\" \/>\n<link rel=\"canonical\" href=\"https:\/\/uniasen.com\/fr\/produits\/tube-de-conduite\/\" \/>\n<meta property=\"og:locale\" content=\"fr_FR\" \/>\n<meta property=\"og:type\" content=\"article\" \/>\n<meta property=\"og:title\" content=\"ERW&amp;LSAW Line Pipe Manufacturer in China - UNIASEN\" \/>\n<meta property=\"og:description\" content=\"UNIASEN provides line pipes. It is usually made of high-strength steel, which is resistant to high pressure and corrosion. It is suitable for long distance transportation. Mainly used for oil, natural gas and water transportation.\" \/>\n<meta property=\"og:url\" content=\"https:\/\/uniasen.com\/fr\/produits\/tube-de-conduite\/\" \/>\n<meta property=\"og:site_name\" content=\"UNIASEN\" \/>\n<meta property=\"article:modified_time\" content=\"2024-05-29T05:20:40+00:00\" \/>\n<meta name=\"twitter:card\" content=\"summary_large_image\" \/>\n<meta name=\"twitter:label1\" content=\"Dur\u00e9e de lecture estim\u00e9e\" \/>\n\t<meta name=\"twitter:data1\" content=\"3 minutes\" \/>\n<script type=\"application\/ld+json\" class=\"yoast-schema-graph\">{\"@context\":\"https:\/\/schema.org\",\"@graph\":[{\"@type\":\"WebPage\",\"@id\":\"https:\/\/uniasen.com\/products\/line-pipe\/\",\"url\":\"https:\/\/uniasen.com\/products\/line-pipe\/\",\"name\":\"ERW&LSAW Line Pipe Manufacturer in China - UNIASEN\",\"isPartOf\":{\"@id\":\"https:\/\/uniasen.com\/#website\"},\"datePublished\":\"2023-10-25T07:11:48+00:00\",\"dateModified\":\"2024-05-29T05:20:40+00:00\",\"description\":\"UNIASEN provides line pipes. It is usually made of high-strength steel, which is resistant to high pressure and corrosion. It is suitable for long distance transportation. Mainly used for oil, natural gas and water transportation.\",\"breadcrumb\":{\"@id\":\"https:\/\/uniasen.com\/products\/line-pipe\/#breadcrumb\"},\"inLanguage\":\"fr-FR\",\"potentialAction\":[{\"@type\":\"ReadAction\",\"target\":[\"https:\/\/uniasen.com\/products\/line-pipe\/\"]}]},{\"@type\":\"BreadcrumbList\",\"@id\":\"https:\/\/uniasen.com\/products\/line-pipe\/#breadcrumb\",\"itemListElement\":[{\"@type\":\"ListItem\",\"position\":1,\"name\":\"Home\",\"item\":\"https:\/\/uniasen.com\/\"},{\"@type\":\"ListItem\",\"position\":2,\"name\":\"products\",\"item\":\"https:\/\/uniasen.com\/products\/\"},{\"@type\":\"ListItem\",\"position\":3,\"name\":\"Line Pipe\"}]},{\"@type\":\"WebSite\",\"@id\":\"https:\/\/uniasen.com\/#website\",\"url\":\"https:\/\/uniasen.com\/\",\"name\":\"UNIASEN\",\"description\":\"\",\"publisher\":{\"@id\":\"https:\/\/uniasen.com\/#organization\"},\"potentialAction\":[{\"@type\":\"SearchAction\",\"target\":{\"@type\":\"EntryPoint\",\"urlTemplate\":\"https:\/\/uniasen.com\/?s={search_term_string}\"},\"query-input\":{\"@type\":\"PropertyValueSpecification\",\"valueRequired\":true,\"valueName\":\"search_term_string\"}}],\"inLanguage\":\"fr-FR\"},{\"@type\":\"Organization\",\"@id\":\"https:\/\/uniasen.com\/#organization\",\"name\":\"UniAsen\",\"alternateName\":\"UniAsen (Tianjin) Co., Ltd.\",\"url\":\"https:\/\/uniasen.com\/\",\"logo\":{\"@type\":\"ImageObject\",\"inLanguage\":\"fr-FR\",\"@id\":\"https:\/\/uniasen.com\/#\/schema\/logo\/image\/\",\"url\":\"https:\/\/uniasen.com\/wp-content\/uploads\/2023\/11\/UNIASEN-carbon-steel-supplier-and-expertor-in-china-LOGO.webp\",\"contentUrl\":\"https:\/\/uniasen.com\/wp-content\/uploads\/2023\/11\/UNIASEN-carbon-steel-supplier-and-expertor-in-china-LOGO.webp\",\"width\":300,\"height\":300,\"caption\":\"UniAsen\"},\"image\":{\"@id\":\"https:\/\/uniasen.com\/#\/schema\/logo\/image\/\"}}]}<\/script>\n<!-- \/ Yoast SEO plugin. -->","yoast_head_json":{"title":"ERW&LSAW Line Pipe Manufacturer in China - UNIASEN","description":"UNIASEN provides line pipes. It is usually made of high-strength steel, which is resistant to high pressure and corrosion. It is suitable for long distance transportation. Mainly used for oil, natural gas and water transportation.","robots":{"index":"index","follow":"follow","max-snippet":"max-snippet:-1","max-image-preview":"max-image-preview:large","max-video-preview":"max-video-preview:-1"},"canonical":"https:\/\/uniasen.com\/fr\/produits\/tube-de-conduite\/","og_locale":"fr_FR","og_type":"article","og_title":"ERW&LSAW Line Pipe Manufacturer in China - UNIASEN","og_description":"UNIASEN provides line pipes. It is usually made of high-strength steel, which is resistant to high pressure and corrosion. It is suitable for long distance transportation. Mainly used for oil, natural gas and water transportation.","og_url":"https:\/\/uniasen.com\/fr\/produits\/tube-de-conduite\/","og_site_name":"UNIASEN","article_modified_time":"2024-05-29T05:20:40+00:00","twitter_card":"summary_large_image","twitter_misc":{"Dur\u00e9e de lecture estim\u00e9e":"3 minutes"},"schema":{"@context":"https:\/\/schema.org","@graph":[{"@type":"WebPage","@id":"https:\/\/uniasen.com\/products\/line-pipe\/","url":"https:\/\/uniasen.com\/products\/line-pipe\/","name":"ERW&LSAW Line Pipe Manufacturer in China - UNIASEN","isPartOf":{"@id":"https:\/\/uniasen.com\/#website"},"datePublished":"2023-10-25T07:11:48+00:00","dateModified":"2024-05-29T05:20:40+00:00","description":"UNIASEN provides line pipes. It is usually made of high-strength steel, which is resistant to high pressure and corrosion. It is suitable for long distance transportation. Mainly used for oil, natural gas and water transportation.","breadcrumb":{"@id":"https:\/\/uniasen.com\/products\/line-pipe\/#breadcrumb"},"inLanguage":"fr-FR","potentialAction":[{"@type":"ReadAction","target":["https:\/\/uniasen.com\/products\/line-pipe\/"]}]},{"@type":"BreadcrumbList","@id":"https:\/\/uniasen.com\/products\/line-pipe\/#breadcrumb","itemListElement":[{"@type":"ListItem","position":1,"name":"Home","item":"https:\/\/uniasen.com\/"},{"@type":"ListItem","position":2,"name":"products","item":"https:\/\/uniasen.com\/products\/"},{"@type":"ListItem","position":3,"name":"Line Pipe"}]},{"@type":"WebSite","@id":"https:\/\/uniasen.com\/#website","url":"https:\/\/uniasen.com\/","name":"UNIASEN","description":"","publisher":{"@id":"https:\/\/uniasen.com\/#organization"},"potentialAction":[{"@type":"SearchAction","target":{"@type":"EntryPoint","urlTemplate":"https:\/\/uniasen.com\/?s={search_term_string}"},"query-input":{"@type":"PropertyValueSpecification","valueRequired":true,"valueName":"search_term_string"}}],"inLanguage":"fr-FR"},{"@type":"Organization","@id":"https:\/\/uniasen.com\/#organization","name":"UniAsen","alternateName":"UniAsen (Tianjin) Co., Ltd.","url":"https:\/\/uniasen.com\/","logo":{"@type":"ImageObject","inLanguage":"fr-FR","@id":"https:\/\/uniasen.com\/#\/schema\/logo\/image\/","url":"https:\/\/uniasen.com\/wp-content\/uploads\/2023\/11\/UNIASEN-carbon-steel-supplier-and-expertor-in-china-LOGO.webp","contentUrl":"https:\/\/uniasen.com\/wp-content\/uploads\/2023\/11\/UNIASEN-carbon-steel-supplier-and-expertor-in-china-LOGO.webp","width":300,"height":300,"caption":"UniAsen"},"image":{"@id":"https:\/\/uniasen.com\/#\/schema\/logo\/image\/"}}]}},"_links":{"self":[{"href":"https:\/\/uniasen.com\/fr\/wp-json\/wp\/v2\/pages\/3016","targetHints":{"allow":["GET"]}}],"collection":[{"href":"https:\/\/uniasen.com\/fr\/wp-json\/wp\/v2\/pages"}],"about":[{"href":"https:\/\/uniasen.com\/fr\/wp-json\/wp\/v2\/types\/page"}],"author":[{"embeddable":true,"href":"https:\/\/uniasen.com\/fr\/wp-json\/wp\/v2\/users\/3"}],"replies":[{"embeddable":true,"href":"https:\/\/uniasen.com\/fr\/wp-json\/wp\/v2\/comments?post=3016"}],"version-history":[{"count":24,"href":"https:\/\/uniasen.com\/fr\/wp-json\/wp\/v2\/pages\/3016\/revisions"}],"predecessor-version":[{"id":4357,"href":"https:\/\/uniasen.com\/fr\/wp-json\/wp\/v2\/pages\/3016\/revisions\/4357"}],"up":[{"embeddable":true,"href":"https:\/\/uniasen.com\/fr\/wp-json\/wp\/v2\/pages\/912"}],"wp:attachment":[{"href":"https:\/\/uniasen.com\/fr\/wp-json\/wp\/v2\/media?parent=3016"}],"curies":[{"name":"wp","href":"https:\/\/api.w.org\/{rel}","templated":true}]}}