{"id":6136,"date":"2025-12-31T16:27:53","date_gmt":"2025-12-31T08:27:53","guid":{"rendered":"https:\/\/uniasen.com\/?page_id=6136"},"modified":"2025-12-31T17:15:00","modified_gmt":"2025-12-31T09:15:00","slug":"privacy-policy","status":"publish","type":"page","link":"https:\/\/uniasen.com\/es\/politica-de-privacidad\/","title":{"rendered":"Pol\u00edtica de privacidad"},"content":{"rendered":"<section class=\"section\" id=\"section_526381291\">\n\t\t<div class=\"section-bg fill\" >\n\t\t\t\t\t\t\t\t\t\n\t\t\t\n\n\t\t<\/div>\n\n\t\t\n\n\t\t<div class=\"section-content relative\">\n\t\t\t\n<div class=\"row\"  id=\"row-1926673378\">\n\n\t<div id=\"col-1092109974\" class=\"col small-12 large-12\"  >\n\t\t\t\t<div class=\"col-inner\"  >\n\t\t\t\n\t\t\t\n<p><a href=\"https:\/\/uniasen.com\/es\/\">Hogar<\/a> \/ Condiciones de servicio<\/p>\n<h1>Pol\u00edtica de privacidad<\/h1>\n<p><strong>Fecha de entrada en vigor: Diciembre <span class=\"g0-inline-suggestion\" data-g0-suggetion-diff-id=\"modification-25-29\" data-feedback-type=\"grammar\">30, <\/span>2025<\/strong><\/p>\n<p>Bienvenido a <a href=\"https:\/\/uniasen.com\/es\/\">https:\/\/uniasen.com\/<\/a> (en lo sucesivo, \"este sitio web\"). Este sitio web est\u00e1 gestionado y operado por Uniasen (Tianjin) Co., Ltd. (en adelante, \"nosotros\" o \"nuestra empresa\"). Ltd. (en lo sucesivo, \"nosotros\" o \"nuestra empresa\"). Entendemos la importancia que tiene para usted la privacidad y haremos todo lo posible para proteger la informaci\u00f3n personal que env\u00ede a este sitio web.<\/p>\n<p>Esta Pol\u00edtica de Privacidad (en adelante, \"esta Pol\u00edtica\") explica c\u00f3mo tratamos su informaci\u00f3n personal, incluidas las normas que rigen su recogida, uso, divulgaci\u00f3n, almacenamiento y protecci\u00f3n. Al acceder a este sitio web, navegar por su contenido, enviar formularios de consulta, solicitar presupuestos o ponerse en contacto con nosotros a trav\u00e9s del sitio web, se considera que ha le\u00eddo, comprendido y aceptado todos los t\u00e9rminos de esta Pol\u00edtica. Si no est\u00e1 de acuerdo con alguno de los t\u00e9rminos de esta Pol\u00edtica, deje de utilizar este sitio web inmediatamente.<\/p>\n<p>Nos reservamos el derecho a actualizar esta Pol\u00edtica de vez en cuando, y la versi\u00f3n actualizada se publicar\u00e1 en este sitio web y entrar\u00e1 en vigor a partir de la fecha de su publicaci\u00f3n. El uso continuado de este sitio web implica la aceptaci\u00f3n de la pol\u00edtica revisada. Por favor, consulte esta p\u00e1gina con regularidad para mantenerse al d\u00eda con la \u00faltima pol\u00edtica.<\/p>\n<h2>1. C\u00f3mo recopilamos la informaci\u00f3n<\/h2>\n<p>Podemos recopilar su informaci\u00f3n de las siguientes maneras:<\/p>\n<p>(1) Informaci\u00f3n que facilite voluntariamente<\/p>\n<p>Cuando utiliza el formulario de contacto, el formulario de consulta o la funci\u00f3n de solicitud de presupuesto de este sitio web, o se comunica con nosotros por correo electr\u00f3nico, puede facilitarnos la siguiente informaci\u00f3n personal:<\/p>\n<ul>\n<li><span class=\"g0-inline-suggestion\" data-g0-suggetion-diff-id=\"insertion-1491-1495\" data-feedback-type=\"grammar\">Na<\/span>me<\/li>\n<li><span class=\"g0-inline-suggestion\" data-g0-suggetion-diff-id=\"insertion-1497-1501\" data-feedback-type=\"grammar\">Co<\/span>Nombre de la empresa<\/li>\n<li><span class=\"g0-inline-suggestion\" data-g0-suggetion-diff-id=\"insertion-1511-1515\" data-feedback-type=\"grammar\">Em<\/span>ail Direcci\u00f3n<\/li>\n<li><span class=\"g0-inline-suggestion\" data-g0-suggetion-diff-id=\"insertion-1526-1530\" data-feedback-type=\"grammar\">Ph<\/span>un N\u00famero<\/li>\n<li><span class=\"g0-inline-suggestion\" data-g0-suggetion-diff-id=\"insertion-1540-1544\" data-feedback-type=\"grammar\">Jo<\/span>b T\u00edtulo u otros datos de contacto<\/li>\n<li><span class=\"g0-inline-suggestion\" data-g0-suggetion-diff-id=\"insertion-1576-1580\" data-feedback-type=\"grammar\">En<\/span>contenido espec\u00edfico (como especificaciones del producto, cantidad, requisitos de entrega, etc.)<\/li>\n<\/ul>\n<p>Usted puede optar por no proporcionar cierta informaci\u00f3n, pero esto puede afectar a la integridad de nuestra capacidad para proporcionarle presupuestos, consultas o solicitar servicios.<\/p>\n<p><span class=\"g0-inline-suggestion\" data-g0-suggetion-diff-id=\"deletion-1832-1872\" data-feedback-type=\"grammar\">(2) Informaci\u00f3n recogida autom\u00e1ticamente <\/span><\/p>\n<p>Cuando usted visita este sitio web, nuestros servidores registran autom\u00e1ticamente cierta informaci\u00f3n no personal, incluyendo:<\/p>\n<ul>\n<li><span class=\"g0-inline-suggestion\" data-g0-suggetion-diff-id=\"insertion-1978-1982\" data-feedback-type=\"grammar\">IP<\/span> <span class=\"g0-inline-suggestion\" data-g0-suggetion-diff-id=\"modification-1983-1992\" data-feedback-type=\"grammar\">direcci\u00f3n<\/span><span class=\"g0-inline-suggestion\" data-g0-suggetion-diff-id=\"modification-1983-1992\" data-feedback-type=\"grammar\">ss<\/span><\/li>\n<li><span class=\"g0-inline-suggestion\" data-g0-suggetion-diff-id=\"insertion-1992-1996\" data-feedback-type=\"grammar\">H<\/span>Tipo de navegador y versi\u00f3n<\/li>\n<li><span class=\"g0-inline-suggestion\" data-g0-suggetion-diff-id=\"insertion-2018-2022\" data-feedback-type=\"grammar\">Op<\/span>sistema operativo<\/li>\n<li><span class=\"g0-inline-suggestion\" data-g0-suggetion-diff-id=\"insertion-2036-2040\" data-feedback-type=\"grammar\">Ac<\/span>hora y fecha del cese<\/li>\n<li><span class=\"g0-inline-suggestion\" data-g0-suggetion-diff-id=\"insertion-2058-2062\" data-feedback-type=\"grammar\">Pa<\/span>ges visitadas<\/li>\n<li><span class=\"g0-inline-suggestion\" data-g0-suggetion-diff-id=\"insertion-2073-2077\" data-feedback-type=\"grammar\">Re<\/span>Sitio web de origen (la p\u00e1gina desde la que accedi\u00f3 a este sitio web)<\/li>\n<\/ul>\n<p><span class=\"g0-inline-suggestion\" data-g0-suggetion-diff-id=\"deletion-2142-2179\" data-feedback-type=\"grammar\">(3) Cookies y tecnolog\u00edas similares <\/span><\/p>\n<p>Podemos utilizar cookies, balizas web o tecnolog\u00edas de seguimiento similares para mejorar la experiencia del sitio web, analizar el uso y realizar un seguimiento de las visitas. Estas tecnolog\u00edas ayudan a:<\/p>\n<ul>\n<li><span class=\"g0-inline-suggestion\" data-g0-suggetion-diff-id=\"insertion-2340-2344\" data-feedback-type=\"grammar\">Re<\/span>miembro tus preferencias<\/li>\n<li><span class=\"g0-inline-suggestion\" data-g0-suggetion-diff-id=\"insertion-2367-2371\" data-feedback-type=\"grammar\">En<\/span>analizar el tr\u00e1fico del sitio web<\/li>\n<li><span class=\"g0-inline-suggestion\" data-g0-suggetion-diff-id=\"insertion-2392-2396\" data-feedback-type=\"grammar\">Im<\/span>probar la funcionalidad del sitio web<\/li>\n<\/ul>\n<p>Los principales navegadores suelen tener activado por defecto el almacenamiento de cookies. Puede optar por rechazar o eliminar las cookies en la configuraci\u00f3n de privacidad de su navegador, pero esto puede impedirle utilizar correctamente algunos servicios del sitio web. No utilizaremos cookies para publicidad personalizada, ni llevaremos a cabo una integraci\u00f3n profunda de datos con redes publicitarias de terceros basadas en cookies.<\/p>\n<h3>2. <span class=\"g0-inline-suggestion\" data-g0-suggetion-diff-id=\"deletion-2798-2826\" data-feedback-type=\"grammar\">C\u00f3mo utilizamos su informaci\u00f3n <\/span><\/h3>\n<p>La informaci\u00f3n que recogemos se utiliza principalmente para los siguientes fines:<\/p>\n<ul>\n<li><span class=\"g0-inline-suggestion\" data-g0-suggetion-diff-id=\"insertion-2898-2902\" data-feedback-type=\"grammar\">Pr<\/span>tramitar sus consultas, facilitar presupuestos e informaci\u00f3n sobre productos<\/li>\n<li><span class=\"g0-inline-suggestion\" data-g0-suggetion-diff-id=\"insertion-2967-2971\" data-feedback-type=\"grammar\">Re<\/span>responder a sus consultas, prestar asistencia t\u00e9cnica o servicio de atenci\u00f3n al cliente<\/li>\n<li><span class=\"g0-inline-suggestion\" data-g0-suggetion-diff-id=\"insertion-3046-3050\" data-feedback-type=\"grammar\">Fu<\/span>Cumplimentaci\u00f3n de pedidos, organizaci\u00f3n de la producci\u00f3n y log\u00edstica (si procede).<\/li>\n<li><span class=\"g0-inline-suggestion\" data-g0-suggetion-diff-id=\"insertion-3117-3121\" data-feedback-type=\"grammar\">Im<\/span>probar el contenido, la funcionalidad y la experiencia del usuario del sitio web<\/li>\n<li><span class=\"g0-inline-suggestion\" data-g0-suggetion-diff-id=\"insertion-3180-3184\" data-feedback-type=\"grammar\">En<\/span>analizar el uso del sitio web para estad\u00edsticas e investigaciones internas<\/li>\n<li><span class=\"g0-inline-suggestion\" data-g0-suggetion-diff-id=\"insertion-3242-3246\" data-feedback-type=\"grammar\">Se<\/span>nv\u00edo de comunicaciones transaccionales (como confirmaciones de cotizaciones o actualizaciones de pedidos)<\/li>\n<li><span class=\"g0-inline-suggestion\" data-g0-suggetion-diff-id=\"insertion-3325-3329\" data-feedback-type=\"grammar\">Co<\/span>el cumplimiento de obligaciones legales o la protecci\u00f3n de nuestros intereses leg\u00edtimos<\/li>\n<\/ul>\n<p>No utilizaremos su informaci\u00f3n personal para fines de marketing directo o promocionales a menos que usted d\u00e9 su consentimiento expl\u00edcito (como la suscripci\u00f3n a boletines informativos, que este sitio web no ofrece actualmente).<\/p>\n<h2><span class=\"g0-inline-suggestion\" data-g0-suggetion-diff-id=\"deletion-3601-3639\" data-feedback-type=\"grammar\">3. Intercambio y divulgaci\u00f3n de informaci\u00f3n <\/span><\/h2>\n<p>No venderemos, alquilaremos ni intercambiaremos su informaci\u00f3n personal. S\u00f3lo compartimos informaci\u00f3n en las siguientes circunstancias:<\/p>\n<ul>\n<li><span class=\"g0-inline-suggestion\" data-g0-suggetion-diff-id=\"insertion-3756-3760\" data-feedback-type=\"grammar\">Sh<\/span>ar con proveedores de servicios de confianza (como alojamiento de sitios web, servicios de correo electr\u00f3nico, socios log\u00edsticos), que se limitan a utilizar la informaci\u00f3n \u00fanicamente con el fin de prestarnos servicios y est\u00e1n sujetos a obligaciones de confidencialidad.<\/li>\n<li><span class=\"g0-inline-suggestion\" data-g0-suggetion-diff-id=\"insertion-3995-3999\" data-feedback-type=\"grammar\">Sh<\/span>ar con socios comerciales (por ejemplo, durante la tramitaci\u00f3n de pedidos), s\u00f3lo en la medida necesaria.<\/li>\n<li><span class=\"g0-inline-suggestion\" data-g0-suggetion-diff-id=\"insertion-4093-4097\" data-feedback-type=\"grammar\">Di<\/span>Revelar informaci\u00f3n a agencias gubernamentales, organismos reguladores o fuerzas de seguridad cuando lo exija la ley.<\/li>\n<li><span class=\"g0-inline-suggestion\" data-g0-suggetion-diff-id=\"insertion-4198-4202\" data-feedback-type=\"grammar\">Tr<\/span>anferir como parte de un activo en transacciones comerciales como fusiones de empresas, adquisiciones o transferencias de activos.<\/li>\n<li><span class=\"g0-inline-suggestion\" data-g0-suggetion-diff-id=\"insertion-4316-4320\" data-feedback-type=\"grammar\">En<\/span>La informaci\u00f3n on\u00f3mica o agregada podr\u00e1 utilizarse con fines estad\u00edsticos o de investigaci\u00f3n y no identificar\u00e1 a las personas.<\/li>\n<li>Las pr\u00e1cticas de privacidad de sitios web de terceros (como enlaces a plataformas de pago o log\u00edstica) no se rigen por esta pol\u00edtica; consulte sus pol\u00edticas por separado.<\/li>\n<\/ul>\n<h2><span class=\"g0-inline-suggestion\" data-g0-suggetion-diff-id=\"deletion-4610-4627\" data-feedback-type=\"grammar\">4. 4. Seguridad de los datos <\/span><\/h2>\n<p>Utilizamos medios de gesti\u00f3n, t\u00e9cnicos y f\u00edsicos razonables, como cortafuegos, transmisi\u00f3n cifrada de datos y controles de acceso, para proteger su informaci\u00f3n personal. Es <span class=\"g0-inline-suggestion\" data-g0-suggetion-diff-id=\"modification-4801-4811\" data-feedback-type=\"grammar\">importante <\/span>Tenga en cuenta que el entorno de Internet no es absolutamente seguro y, por lo tanto, no podemos garantizar la seguridad de la transmisi\u00f3n de datos. Le recomendamos que tambi\u00e9n tome las precauciones adecuadas para proteger su informaci\u00f3n personal cuando utilice este sitio web. Si <span class=\"g0-inline-suggestion\" data-g0-suggetion-diff-id=\"modification-5068-5076\" data-feedback-type=\"grammar\">hay <\/span>una violaci\u00f3n de datos, lo notificaremos r\u00e1pidamente a los usuarios afectados. Cumpliremos los requisitos legales y tomaremos medidas para limitar el impacto.<\/p>\n<h2>5. Transferencia internacional de datos<\/h2>\n<p>Los servidores de nuestro sitio web est\u00e1n ubicados en China. Esto significa que los datos que proporcione en este sitio web pueden almacenarse y procesarse en China. Si usted procede de la Uni\u00f3n Europea, de fuera de China o de otras regiones con una legislaci\u00f3n estricta en materia de protecci\u00f3n de datos, es posible que sus datos deban transferirse a trav\u00e9s de las fronteras. Utilizaremos m\u00e9todos apropiados, como cl\u00e1usulas contractuales est\u00e1ndar, para garantizar que su informaci\u00f3n reciba una protecci\u00f3n razonable.<\/p>\n<h3><span class=\"g0-inline-suggestion\" data-g0-suggetion-diff-id=\"deletion-5660-5663\" data-feedback-type=\"grammar\">6. <\/span> Sus derechos<\/h3>\n<p>En funci\u00f3n de las leyes aplicables en su regi\u00f3n (como el Reglamento General de Protecci\u00f3n de Datos (GDPR), la Ley de Privacidad del Consumidor de California (CCPA) u otras normativas de protecci\u00f3n de datos), puede tener los siguientes derechos:<\/p>\n<ul>\n<li><span class=\"g0-inline-suggestion\" data-g0-suggetion-diff-id=\"insertion-5893-5897\" data-feedback-type=\"grammar\">Ac<\/span>cceso a los datos personales que obran en nuestro poder<\/li>\n<li><span class=\"g0-inline-suggestion\" data-g0-suggetion-diff-id=\"insertion-5943-5947\" data-feedback-type=\"grammar\">Co<\/span>rrecci\u00f3n de informaci\u00f3n inexacta<\/li>\n<li><span class=\"g0-inline-suggestion\" data-g0-suggetion-diff-id=\"insertion-5981-5985\" data-feedback-type=\"grammar\">Re<\/span>solicitar la supresi\u00f3n de sus datos personales (con sujeci\u00f3n a los requisitos legales de conservaci\u00f3n)<\/li>\n<li><span class=\"g0-inline-suggestion\" data-g0-suggetion-diff-id=\"insertion-6074-6078\" data-feedback-type=\"grammar\">Ob<\/span>jecci\u00f3n o restricci\u00f3n de determinados tratamientos<\/li>\n<li><span class=\"g0-inline-suggestion\" data-g0-suggetion-diff-id=\"insertion-6125-6129\" data-feedback-type=\"grammar\">En<\/span>ta portabilidad (obtenci\u00f3n de datos en un formato estructurado)<\/li>\n<li>Para ejercer estos derechos, p\u00f3ngase en contacto con nosotros a trav\u00e9s del formulario de contacto de este sitio web o utilizando la informaci\u00f3n de contacto que figura a continuaci\u00f3n. Verificaremos su identidad y le responderemos en un plazo razonable (normalmente en 30 d\u00edas).<\/li>\n<\/ul>\n<h2><span class=\"g0-inline-suggestion\" data-g0-suggetion-diff-id=\"modification-6408-6410\" data-feedback-type=\"grammar\">7.<\/span> <span class=\"g0-inline-suggestion\" data-g0-suggetion-diff-id=\"deletion-6411-6430\" data-feedback-type=\"grammar\">Privacidad infantil <\/span><\/h2>\n<p>Este sitio web no est\u00e1 destinado a ni\u00f1os menores de 13 a\u00f1os, y no recopilamos intencionadamente informaci\u00f3n personal de ni\u00f1os. Si cree que hemos recopilado inadvertidamente informaci\u00f3n de un ni\u00f1o, p\u00f3ngase en contacto con nosotros inmediatamente para que la eliminemos.<\/p>\n<h2>8. Enlaces de terceros<\/h2>\n<p>Este sitio puede contener enlaces a sitios web de terceros. Tenga en cuenta que estos sitios web tienen sus propias pol\u00edticas de privacidad y que no somos responsables de sus pr\u00e1cticas de privacidad. Le recomendamos que se familiarice con sus pol\u00edticas antes de utilizarlos.<\/p>\n<h2>9. Cambios pol\u00edticos<\/h2>\n<p>Esta pol\u00edtica podr\u00e1 actualizarse cuando sea necesario. En el caso de cambios importantes en la pol\u00edtica, se lo notificaremos mediante anuncios en el sitio web o por correo electr\u00f3nico. Si contin\u00faa utilizando este sitio web despu\u00e9s de la actualizaci\u00f3n de la pol\u00edtica, se considerar\u00e1 que ha le\u00eddo y aceptado todo el contenido actualizado.<\/p>\n<h2><span class=\"g0-inline-suggestion\" data-g0-suggetion-diff-id=\"deletion-7249-7264\" data-feedback-type=\"grammar\">10. Contacto <\/span><\/h2>\n<p>Si tiene alguna pregunta, comentario o desea ejercer sus derechos en relaci\u00f3n con esta pol\u00edtica, p\u00f3ngase en contacto con nosotros utilizando la siguiente informaci\u00f3n: Unisen (Tianjin) Co., Ltd.<\/p>\n<p><span class=\"g0-inline-suggestion\" data-g0-suggetion-diff-id=\"deletion-7434-7458\" data-feedback-type=\"grammar\">Direcci\u00f3n: Tianjin, China <\/span><\/p>\n<p>Correo electr\u00f3nico: <a href=\"mailto:export@uniasen.com\">export@uniasen.com<\/a> (o sitio web <a href=\"https:\/\/uniasen.com\/es\/contacto\/\">formulario de contacto<\/a>)<\/p>\n<p><span class=\"g0-inline-suggestion\" data-g0-suggetion-diff-id=\"modification-7508-7516\" data-feedback-type=\"grammar\">P\u00e1gina web:<\/span> <a href=\"https:\/\/uniasen.com\/es\/\"><span class=\"g0-inline-suggestion\" data-g0-suggetion-diff-id=\"deletion-7517-7538\" data-feedback-type=\"grammar\">https:\/\/uniasen.com\/<\/span><\/a><\/p>\n<p>Gracias por confiar en Unisen (Tianjin) Co. Nos comprometemos a tratar su informaci\u00f3n personal de forma responsable.<\/p>\n\t\t<\/div>\n\t\t\t\t\t<\/div>\n\n\t\n<\/div>\n\t\t<\/div>\n\n\t\t\n<style>\n#section_526381291 {\n  padding-top: 60px;\n  padding-bottom: 60px;\n}\n<\/style>\n\t<\/section>","protected":false},"excerpt":{"rendered":"","protected":false},"author":10,"featured_media":0,"parent":0,"menu_order":0,"comment_status":"closed","ping_status":"closed","template":"page-blank.php","meta":{"footnotes":""},"class_list":["post-6136","page","type-page","status-publish","hentry"],"yoast_head":"<!-- This site is optimized with the Yoast SEO plugin v23.6 - https:\/\/yoast.com\/wordpress\/plugins\/seo\/ -->\n<title>Privacy Policy - UNIASEN<\/title>\n<meta name=\"robots\" content=\"index, follow, max-snippet:-1, max-image-preview:large, max-video-preview:-1\" \/>\n<link rel=\"canonical\" href=\"https:\/\/uniasen.com\/es\/politica-de-privacidad\/\" \/>\n<meta property=\"og:locale\" content=\"es_ES\" \/>\n<meta property=\"og:type\" content=\"article\" \/>\n<meta property=\"og:title\" content=\"Privacy Policy - UNIASEN\" \/>\n<meta property=\"og:url\" content=\"https:\/\/uniasen.com\/es\/politica-de-privacidad\/\" \/>\n<meta property=\"og:site_name\" content=\"UNIASEN\" \/>\n<meta property=\"article:modified_time\" content=\"2025-12-31T09:15:00+00:00\" \/>\n<meta name=\"twitter:card\" content=\"summary_large_image\" \/>\n<meta name=\"twitter:label1\" content=\"Tiempo de lectura\" \/>\n\t<meta name=\"twitter:data1\" content=\"6 minutos\" \/>\n<script type=\"application\/ld+json\" class=\"yoast-schema-graph\">{\"@context\":\"https:\/\/schema.org\",\"@graph\":[{\"@type\":\"WebPage\",\"@id\":\"https:\/\/uniasen.com\/privacy-policy\/\",\"url\":\"https:\/\/uniasen.com\/privacy-policy\/\",\"name\":\"Privacy Policy - UNIASEN\",\"isPartOf\":{\"@id\":\"https:\/\/uniasen.com\/#website\"},\"datePublished\":\"2025-12-31T08:27:53+00:00\",\"dateModified\":\"2025-12-31T09:15:00+00:00\",\"breadcrumb\":{\"@id\":\"https:\/\/uniasen.com\/privacy-policy\/#breadcrumb\"},\"inLanguage\":\"es\",\"potentialAction\":[{\"@type\":\"ReadAction\",\"target\":[\"https:\/\/uniasen.com\/privacy-policy\/\"]}]},{\"@type\":\"BreadcrumbList\",\"@id\":\"https:\/\/uniasen.com\/privacy-policy\/#breadcrumb\",\"itemListElement\":[{\"@type\":\"ListItem\",\"position\":1,\"name\":\"Home\",\"item\":\"https:\/\/uniasen.com\/\"},{\"@type\":\"ListItem\",\"position\":2,\"name\":\"Privacy Policy\"}]},{\"@type\":\"WebSite\",\"@id\":\"https:\/\/uniasen.com\/#website\",\"url\":\"https:\/\/uniasen.com\/\",\"name\":\"UNIASEN\",\"description\":\"\",\"publisher\":{\"@id\":\"https:\/\/uniasen.com\/#organization\"},\"potentialAction\":[{\"@type\":\"SearchAction\",\"target\":{\"@type\":\"EntryPoint\",\"urlTemplate\":\"https:\/\/uniasen.com\/?s={search_term_string}\"},\"query-input\":{\"@type\":\"PropertyValueSpecification\",\"valueRequired\":true,\"valueName\":\"search_term_string\"}}],\"inLanguage\":\"es\"},{\"@type\":\"Organization\",\"@id\":\"https:\/\/uniasen.com\/#organization\",\"name\":\"UniAsen\",\"alternateName\":\"UniAsen (Tianjin) Co., Ltd.\",\"url\":\"https:\/\/uniasen.com\/\",\"logo\":{\"@type\":\"ImageObject\",\"inLanguage\":\"es\",\"@id\":\"https:\/\/uniasen.com\/#\/schema\/logo\/image\/\",\"url\":\"https:\/\/uniasen.com\/wp-content\/uploads\/2023\/11\/UNIASEN-carbon-steel-supplier-and-expertor-in-china-LOGO.webp\",\"contentUrl\":\"https:\/\/uniasen.com\/wp-content\/uploads\/2023\/11\/UNIASEN-carbon-steel-supplier-and-expertor-in-china-LOGO.webp\",\"width\":300,\"height\":300,\"caption\":\"UniAsen\"},\"image\":{\"@id\":\"https:\/\/uniasen.com\/#\/schema\/logo\/image\/\"}}]}<\/script>\n<!-- \/ Yoast SEO plugin. -->","yoast_head_json":{"title":"Privacy Policy - UNIASEN","robots":{"index":"index","follow":"follow","max-snippet":"max-snippet:-1","max-image-preview":"max-image-preview:large","max-video-preview":"max-video-preview:-1"},"canonical":"https:\/\/uniasen.com\/es\/politica-de-privacidad\/","og_locale":"es_ES","og_type":"article","og_title":"Privacy Policy - UNIASEN","og_url":"https:\/\/uniasen.com\/es\/politica-de-privacidad\/","og_site_name":"UNIASEN","article_modified_time":"2025-12-31T09:15:00+00:00","twitter_card":"summary_large_image","twitter_misc":{"Tiempo de lectura":"6 minutos"},"schema":{"@context":"https:\/\/schema.org","@graph":[{"@type":"WebPage","@id":"https:\/\/uniasen.com\/privacy-policy\/","url":"https:\/\/uniasen.com\/privacy-policy\/","name":"Privacy Policy - UNIASEN","isPartOf":{"@id":"https:\/\/uniasen.com\/#website"},"datePublished":"2025-12-31T08:27:53+00:00","dateModified":"2025-12-31T09:15:00+00:00","breadcrumb":{"@id":"https:\/\/uniasen.com\/privacy-policy\/#breadcrumb"},"inLanguage":"es","potentialAction":[{"@type":"ReadAction","target":["https:\/\/uniasen.com\/privacy-policy\/"]}]},{"@type":"BreadcrumbList","@id":"https:\/\/uniasen.com\/privacy-policy\/#breadcrumb","itemListElement":[{"@type":"ListItem","position":1,"name":"Home","item":"https:\/\/uniasen.com\/"},{"@type":"ListItem","position":2,"name":"Privacy Policy"}]},{"@type":"WebSite","@id":"https:\/\/uniasen.com\/#website","url":"https:\/\/uniasen.com\/","name":"UNIASEN","description":"","publisher":{"@id":"https:\/\/uniasen.com\/#organization"},"potentialAction":[{"@type":"SearchAction","target":{"@type":"EntryPoint","urlTemplate":"https:\/\/uniasen.com\/?s={search_term_string}"},"query-input":{"@type":"PropertyValueSpecification","valueRequired":true,"valueName":"search_term_string"}}],"inLanguage":"es"},{"@type":"Organization","@id":"https:\/\/uniasen.com\/#organization","name":"UniAsen","alternateName":"UniAsen (Tianjin) Co., Ltd.","url":"https:\/\/uniasen.com\/","logo":{"@type":"ImageObject","inLanguage":"es","@id":"https:\/\/uniasen.com\/#\/schema\/logo\/image\/","url":"https:\/\/uniasen.com\/wp-content\/uploads\/2023\/11\/UNIASEN-carbon-steel-supplier-and-expertor-in-china-LOGO.webp","contentUrl":"https:\/\/uniasen.com\/wp-content\/uploads\/2023\/11\/UNIASEN-carbon-steel-supplier-and-expertor-in-china-LOGO.webp","width":300,"height":300,"caption":"UniAsen"},"image":{"@id":"https:\/\/uniasen.com\/#\/schema\/logo\/image\/"}}]}},"_links":{"self":[{"href":"https:\/\/uniasen.com\/es\/wp-json\/wp\/v2\/pages\/6136","targetHints":{"allow":["GET"]}}],"collection":[{"href":"https:\/\/uniasen.com\/es\/wp-json\/wp\/v2\/pages"}],"about":[{"href":"https:\/\/uniasen.com\/es\/wp-json\/wp\/v2\/types\/page"}],"author":[{"embeddable":true,"href":"https:\/\/uniasen.com\/es\/wp-json\/wp\/v2\/users\/10"}],"replies":[{"embeddable":true,"href":"https:\/\/uniasen.com\/es\/wp-json\/wp\/v2\/comments?post=6136"}],"version-history":[{"count":5,"href":"https:\/\/uniasen.com\/es\/wp-json\/wp\/v2\/pages\/6136\/revisions"}],"predecessor-version":[{"id":6144,"href":"https:\/\/uniasen.com\/es\/wp-json\/wp\/v2\/pages\/6136\/revisions\/6144"}],"wp:attachment":[{"href":"https:\/\/uniasen.com\/es\/wp-json\/wp\/v2\/media?parent=6136"}],"curies":[{"name":"wp","href":"https:\/\/api.w.org\/{rel}","templated":true}]}}