{"id":6127,"date":"2025-12-31T09:46:13","date_gmt":"2025-12-31T01:46:13","guid":{"rendered":"https:\/\/uniasen.com\/?page_id=6127"},"modified":"2025-12-31T09:53:18","modified_gmt":"2025-12-31T01:53:18","slug":"terms-of-service","status":"publish","type":"page","link":"https:\/\/uniasen.com\/es\/condiciones-del-servicio\/","title":{"rendered":"Condiciones de uso"},"content":{"rendered":"<section class=\"section\" id=\"section_1532393887\">\n\t\t<div class=\"section-bg fill\" >\n\t\t\t\t\t\t\t\t\t\n\t\t\t\n\n\t\t<\/div>\n\n\t\t\n\n\t\t<div class=\"section-content relative\">\n\t\t\t\n<div class=\"row\"  id=\"row-187342376\">\n\n\t<div id=\"col-984331676\" class=\"col small-12 large-12\"  >\n\t\t\t\t<div class=\"col-inner\"  >\n\t\t\t\n\t\t\t\n<p><a href=\"https:\/\/uniasen.com\/es\/\">Hogar<\/a> \/ Condiciones de servicio<\/p>\n<h1>Condiciones de uso<\/h1>\n<p><strong>Fecha de entrada en vigor: 30 de diciembre de 2025<\/strong><\/p>\n<p>Bienvenido a <span style=\"color: #000080;\"><a style=\"color: #000080;\" href=\"https:\/\/uniasen.com\/es\/\">https:\/\/uniasen.com\/ <\/a><\/span><span class=\"g0-inline-suggestion\" data-g0-suggetion-diff-id=\"modification-67-81\" data-feedback-type=\"grammar\">(en lo sucesivo, <\/span>\"este sitio web\"). Este sitio web est\u00e1 gestionado por Uniasen (Tianjin) Co., Ltd. (en lo sucesivo, \"nosotros\", \"la empresa\" o \"Uniasen\"). Ltd. (en lo sucesivo, \"nosotros\", \"la empresa\" o \"Uniasen\"). Estas condiciones de servicio <span class=\"g0-inline-suggestion\" data-g0-suggetion-diff-id=\"modification-240-248\" data-feedback-type=\"grammar\">(llamado <\/span>\"Estas Condiciones\") describen sus derechos y obligaciones cuando utiliza este sitio web. Esto incluye <span class=\"g0-inline-suggestion\" data-g0-suggetion-diff-id=\"modification-335-342\" data-feedback-type=\"grammar\">preguntando a <\/span>sobre productos, enviar consultas o realizar compras.<\/p>\n<p>Al utilizar este sitio web, navegar por los contenidos, rellenar formularios de contacto, solicitar presupuestos o realizar pedidos, usted demuestra que ha le\u00eddo, comprendido y aceptado estas Condiciones. Si no est\u00e1 de acuerdo con alguna parte de estas Condiciones, deje de utilizar este sitio web inmediatamente.<\/p>\n<p>Nos reservamos el derecho a modificar o actualizar estas Condiciones del servicio en cualquier momento. Las condiciones modificadas se publicar\u00e1n en este sitio web y entrar\u00e1n en vigor inmediatamente despu\u00e9s de su publicaci\u00f3n. Si contin\u00faa accediendo o utilizando este sitio web despu\u00e9s de que los t\u00e9rminos hayan sido actualizados, usted indica que ha le\u00eddo y aceptado los nuevos t\u00e9rminos. Para evitar malentendidos, consulte esta p\u00e1gina con regularidad para conocer la \u00faltima versi\u00f3n de las condiciones.<\/p>\n<h2>1. Informaci\u00f3n sobre la empresa y descripci\u00f3n general del servicio<\/h2>\n<p>Uniasen (Tianjin) Co., Ltd. Ltd. (en lo sucesivo denominada <span class=\"g0-inline-suggestion\" data-g0-suggetion-diff-id=\"modification-1181-1192\" data-feedback-type=\"grammar\">\"UNIASEN\") <\/span>es un fabricante profesional, proveedor y exportador de tubos de acero al carbono con sede en Tianjin, <span class=\"g0-inline-suggestion\" data-g0-suggetion-diff-id=\"modification-1289-1294\" data-feedback-type=\"grammar\">China<\/span>. Fundada en 1998, nos hemos centrado en la investigaci\u00f3n, desarrollo, producci\u00f3n y venta de tuber\u00edas y accesorios de acero al carbono durante m\u00e1s de veinte a\u00f1os, incluyendo pero no limitado a:<\/p>\n<ul>\n<li><span style=\"color: #000080;\"><a style=\"color: #000080;\" href=\"https:\/\/uniasen.com\/es\/productos\/tubo-sin-costura\/\"><span class=\"g0-inline-suggestion\" data-g0-suggetion-diff-id=\"insertion-1474-1478\" data-feedback-type=\"grammar\">Se<\/span>Tubos de acero sin soldadura<\/a><\/span><\/li>\n<li><span style=\"color: #000080;\"><a style=\"color: #000080;\" href=\"https:\/\/uniasen.com\/es\/productos\/tubo-erw\/\"><span class=\"g0-inline-suggestion\" data-g0-suggetion-diff-id=\"insertion-1496-1500\" data-feedback-type=\"grammar\">ER<\/span>Tuber\u00edas W<\/a><\/span><\/li>\n<li><span style=\"color: #000080;\"><a style=\"color: #000080;\" href=\"https:\/\/uniasen.com\/es\/productos\/tubo-de-sierra-2\/\"><span class=\"g0-inline-suggestion\" data-g0-suggetion-diff-id=\"insertion-1507-1511\" data-feedback-type=\"grammar\">LS<\/span>Tuber\u00edas AW<\/a><\/span><\/li>\n<li><span style=\"color: #000080;\"><a style=\"color: #000080;\" href=\"https:\/\/uniasen.com\/es\/productos\/tubo-de-sierra\/\"><span class=\"g0-inline-suggestion\" data-g0-suggetion-diff-id=\"insertion-1519-1523\" data-feedback-type=\"grammar\">SS<\/span>Tuber\u00edas AW<\/a><\/span><\/li>\n<li><span style=\"color: #000080;\"><a style=\"color: #000080;\" href=\"https:\/\/uniasen.com\/es\/productos\/tuberia\/\"><span class=\"g0-inline-suggestion\" data-g0-suggetion-diff-id=\"insertion-1531-1535\" data-feedback-type=\"grammar\">Li<\/span>ne Tuber\u00edas<\/a><\/span><\/li>\n<li><span style=\"color: #000080;\"><a style=\"color: #000080;\" href=\"https:\/\/uniasen.com\/es\/productos\/tubo-de-rociadores-contra-incendios\/\"><span class=\"g0-inline-suggestion\" data-g0-suggetion-diff-id=\"insertion-1543-1547\" data-feedback-type=\"grammar\">Sp<\/span>tuber\u00edas de riego<\/a><\/span><\/li>\n<li><span style=\"color: #000080;\"><a style=\"color: #000080;\" href=\"https:\/\/uniasen.com\/es\/productos\/tubo-de-acero-estructural\/\"><span class=\"g0-inline-suggestion\" data-g0-suggetion-diff-id=\"insertion-1560-1564\" data-feedback-type=\"grammar\">San<\/span>tuber\u00edas de acero ructural<\/a><\/span><\/li>\n<li><span style=\"color: #000080;\"><a style=\"color: #000080;\" href=\"https:\/\/uniasen.com\/es\/productos\/secciones-huecas\/\"><span class=\"g0-inline-suggestion\" data-g0-suggetion-diff-id=\"insertion-1584-1588\" data-feedback-type=\"grammar\">Ho<\/span>Secciones inferiores<\/a><\/span><\/li>\n<li><span style=\"color: #000080;\"><a style=\"color: #000080;\" href=\"https:\/\/uniasen.com\/es\/productos\/accesorios-de-tuberia\/\"><span class=\"g0-inline-suggestion\" data-g0-suggetion-diff-id=\"insertion-1601-1605\" data-feedback-type=\"grammar\">Pi<\/span>pe Accesorios<\/a><\/span><\/li>\n<li><span style=\"color: #000080;\"><a style=\"color: #000080;\" href=\"https:\/\/uniasen.com\/es\/productos\/tubo-revestido\/\"><span class=\"g0-inline-suggestion\" data-g0-suggetion-diff-id=\"insertion-1616-1620\" data-feedback-type=\"grammar\">Co<\/span>a tuber\u00edas<\/a><\/span><\/li>\n<\/ul>\n<p>Nuestros productos se fabrican de acuerdo con normas internacionales como <span style=\"color: #000080;\"><a style=\"color: #000080;\" href=\"https:\/\/uniasen.com\/es\/estandares\/api-5l\/\">API 5L<\/a><\/span>, <span style=\"color: #000080;\"><a style=\"color: #000080;\" href=\"https:\/\/uniasen.com\/es\/estandares\/astm-a53\/\">ASTM A53<\/a><\/span>, y <span style=\"color: #000080;\"><a style=\"color: #000080;\" href=\"https:\/\/uniasen.com\/es\/estandares\/es-10219\/\">EN10219<\/a><\/span>Suministramos principalmente a los sectores del petr\u00f3leo y el gas, la qu\u00edmica, la construcci\u00f3n, la conservaci\u00f3n del agua y la miner\u00eda del carb\u00f3n. No s\u00f3lo suministramos productos est\u00e1ndar, sino que tambi\u00e9n ofrecemos procesamiento personalizado seg\u00fan los requisitos del cliente. Tambi\u00e9n proporcionamos soporte t\u00e9cnico de selecci\u00f3n, consultor\u00eda de calidad y servicios globales de log\u00edstica y exportaci\u00f3n. Este sitio web muestra principalmente informaci\u00f3n sobre productos, especificaciones y casos de aplicaci\u00f3n. Puede navegar en l\u00ednea, enviar consultas, hacer preguntas t\u00e9cnicas o ponerse en contacto con nosotros directamente en cualquier momento.<\/p>\n<p>Nuestro negocio se centra en las exportaciones B2B a granel, y el proceso t\u00edpico de transacci\u00f3n es: consulta del cliente \u2192 proporcionamos un presupuesto \u2192 ambas partes confirman los detalles del pedido \u2192 firman un contrato formal \u2192 organizan la producci\u00f3n y el env\u00edo.<\/p>\n<h2>2. Pedidos y ofertas<\/h2>\n<p>La informaci\u00f3n sobre los productos, las especificaciones y los precios que aparecen en el sitio web son s\u00f3lo de referencia y no constituyen un presupuesto formal. El precio de la transacci\u00f3n depende de nuestro presupuesto escrito. Puede cambiar en cualquier momento en funci\u00f3n de las condiciones del mercado, los costes de las materias primas, las fluctuaciones de los tipos de cambio y otros factores.<\/p>\n<p>Todos los pedidos deben ser confirmados por escrito por nosotros (presupuesto o confirmaci\u00f3n de pedido) antes de que se hagan efectivos. Nos reservamos el derecho a rechazar cualquier pedido sin indicar el motivo. El periodo de validez del presupuesto es el que se indica por escrito; si no se indica espec\u00edficamente ning\u00fan periodo de validez en el presupuesto, el precio puede cambiar en cualquier momento sin previo aviso. Una vez que confirmamos un pedido, \u00e9ste queda sujeto a las presentes condiciones de servicio.<\/p>\n<p>El comprador (en lo sucesivo, \"usted\") no podr\u00e1 anular unilateralmente un pedido confirmado. Deber\u00e1 <span class=\"g0-inline-suggestion\" data-g0-suggetion-diff-id=\"modification-3364-3368\" data-feedback-type=\"grammar\">consiga <\/span>nuestro permiso por escrito para cancelar. Si no lo haces, ser\u00e1s responsable de cualquier p\u00e9rdida. <span class=\"g0-inline-suggestion\" data-g0-suggetion-diff-id=\"modification-3454-3485\" data-feedback-type=\"grammar\">Esto incluye los costes de producci\u00f3n <\/span>y <span class=\"g0-inline-suggestion\" data-g0-suggetion-diff-id=\"modification-3489-3505\" data-feedback-type=\"grammar\">costes de inventario.<\/span><\/p>\n<h2>3. Precio y pago<\/h2>\n<p>Todos los precios son netos y no incluyen impuestos. Salvo que se indique lo contrario en el presupuesto, tambi\u00e9n est\u00e1n excluidos los gastos de env\u00edo, los gastos de seguro, los derechos de aduana y los gastos de despacho de aduana. El comprador es responsable de estos gastos adicionales.<\/p>\n<p>Los m\u00e9todos de pago suelen incluir transferencia telegr\u00e1fica anticipada (T\/T), giro a la vista o carta de cr\u00e9dito (L\/C), seg\u00fan se especifique en la confirmaci\u00f3n del pedido o en el contrato. El pago suele exigirse antes del env\u00edo. Para mitigar el riesgo, nos reservamos el derecho de exigir a los clientes que paguen por adelantado una parte o la totalidad del pago, o que proporcionen una garant\u00eda bancaria\/garant\u00eda de cr\u00e9dito. Si decidimos que su solvencia <span class=\"g0-inline-suggestion\" data-g0-suggetion-diff-id=\"modification-4153-4161\" data-feedback-type=\"grammar\">no <\/span>cumplan nuestras normas, podr\u00edamos pausar el trabajo o cancelar el pedido. En <span class=\"g0-inline-suggestion\" data-g0-suggetion-diff-id=\"modification-4225-4231\" data-feedback-type=\"grammar\">no <\/span>ser\u00e1 responsable de los problemas resultantes.<\/p>\n<h2>4. Entrega y transporte<\/h2>\n<p>Las condiciones de entrega suelen ser FOB puerto chino (por ejemplo, el puerto de Tianjin), a menos que se acuerde lo contrario por escrito. El riesgo y la titularidad se transfieren a usted en el momento del env\u00edo de la mercanc\u00eda.<\/p>\n<p>Las fechas de entrega son estimadas y est\u00e1n sujetas a condiciones de producci\u00f3n, transporte o fuerza mayor. Nos esforzaremos por entregar a tiempo, pero no somos responsables de los retrasos.<\/p>\n<p>Para los productos en stock, podemos organizar el env\u00edo al puerto en un plazo de 7 d\u00edas. El plazo de entrega de los productos personalizados est\u00e1 sujeto a <span class=\"g0-inline-suggestion\" data-g0-suggetion-diff-id=\"deletion-4746-4750\" data-feedback-type=\"grammar\">el <\/span>confirmaci\u00f3n.<\/p>\n<p>El transporte ser\u00e1 organizado por nosotros o por un transportista designado por usted. Usted es responsable del despacho de aduanas, aranceles y otros gastos de importaci\u00f3n.<\/p>\n<h2>5. Inspecci\u00f3n, reclamaciones y devoluciones<\/h2>\n<p>Tras la entrega, debe inspeccionar la mercanc\u00eda en un plazo razonable. Si hay defectos o discrepancias, notif\u00edquenoslo inmediatamente por escrito por correo electr\u00f3nico u otro medio y aporte pruebas.<\/p>\n<p>Si no se presentan objeciones por escrito en el plazo especificado, se considerar\u00e1 aceptada la mercanc\u00eda.<\/p>\n<p>Las devoluciones requieren nuestra autorizaci\u00f3n previa por escrito. Las devoluciones que no se deban a problemas de calidad pueden conllevar gastos de manipulaci\u00f3n y env\u00edo. Los productos personalizados no suelen ser objeto de devoluci\u00f3n.<\/p>\n<h2>6. Garant\u00eda y limitaci\u00f3n de responsabilidad<\/h2>\n<p>Nuestros productos se ajustan a las normas especificadas en el presupuesto y est\u00e1n cubiertos por la garant\u00eda est\u00e1ndar del fabricante (garant\u00eda del proveedor transferible).<\/p>\n<p>No ofrecemos garant\u00edas adicionales expresas o impl\u00edcitas. Esto incluye garant\u00edas de comerciabilidad, idoneidad para un fin espec\u00edfico o no infracci\u00f3n. En ning\u00fan caso nuestra responsabilidad superar\u00e1 el precio del producto en cuesti\u00f3n. Nosotros <span class=\"g0-inline-suggestion\" data-g0-suggetion-diff-id=\"modification-5869-5876\" data-feedback-type=\"grammar\">no son <\/span>responsable de ning\u00fan da\u00f1o indirecto, incidental, punitivo o consecuente. Esto incluye p\u00e9rdidas de beneficios o interrupciones de negocio, independientemente de si <span class=\"g0-inline-suggestion\" data-g0-suggetion-diff-id=\"modification-6035-6043\" data-feedback-type=\"grammar\">son <\/span>basada en un contrato, agravio u otros motivos.<\/p>\n<p>Debe elegir y utilizar los productos correctamente. Si se producen reclamaciones por un uso inadecuado, usted se compromete a proteger a <span class=\"g0-inline-suggestion\" data-g0-suggetion-diff-id=\"modification-6198-6201\" data-feedback-type=\"grammar\">nosotros.<\/span><\/p>\n<h2>7. Fuerza mayor<\/h2>\n<p>No seremos responsables de los retrasos o incumplimientos debidos a huelgas, cat\u00e1strofes naturales, guerras, acciones gubernamentales, retrasos de los proveedores u otros acontecimientos que escapen a nuestro control razonable.<\/p>\n<h2>8. 8. Propiedad intelectual<\/h2>\n<p>Todo el contenido de este sitio web (incluidos textos, im\u00e1genes, marcas comerciales y logotipos) es propiedad nuestra o de nuestras filiales. No puede copiarlo, modificarlo, distribuirlo ni utilizarlo con fines comerciales sin nuestro permiso por escrito.<\/p>\n<h2>9. Privacidad e informaci\u00f3n personal<\/h2>\n<p>El tratamiento de su informaci\u00f3n personal est\u00e1 sujeto a nuestra Pol\u00edtica de privacidad. Protegeremos su informaci\u00f3n y la utilizaremos \u00fanicamente para la tramitaci\u00f3n de pedidos, la comunicaci\u00f3n y fines leg\u00edtimos.<\/p>\n<h2>10. Uso prohibido<\/h2>\n<p>Queda prohibido utilizar este sitio web con fines ilegales, difundir virus, vulnerar los derechos de terceros o interferir en el funcionamiento normal del sitio web. Se podr\u00e1 cancelar el acceso a los infractores.<\/p>\n<h2>11. Ley aplicable y resoluci\u00f3n de litigios<\/h2>\n<p>Estos t\u00e9rminos y condiciones se rigen por las leyes de la Rep\u00fablica Popular China. Cualquier disputa derivada de estas condiciones o del uso de este sitio web se resolver\u00e1 en primer lugar mediante negociaci\u00f3n amistosa; si la negociaci\u00f3n fracasa, la disputa se someter\u00e1 al Tribunal Popular competente de la localidad donde se encuentra la empresa (Tianjin).<\/p>\n<h2>12. Varios<\/h2>\n<p>Las presentes condiciones constituyen el acuerdo \u00edntegro entre las partes y sustituyen a todas las comunicaciones orales o escritas anteriores.<\/p>\n<p>Si alguna parte de estas condiciones no fuera v\u00e1lida, las dem\u00e1s partes seguir\u00e1n siendo v\u00e1lidas.<\/p>\n<p>Podemos ceder nuestros derechos y obligaciones a nuestras filiales; usted no puede ceder sus derechos y obligaciones sin nuestro consentimiento.<\/p>\n<p>Si tiene alguna pregunta, por favor <span style=\"color: #000080;\"><a style=\"color: #000080;\" href=\"https:\/\/uniasen.com\/es\/contacto\/\">Cont\u00e1ctenos<\/a><\/span> a trav\u00e9s del formulario de contacto de este sitio web. \u00a1Gracias por elegir Uniasen (Tianjin) Co, Ltd.!<\/p>\n<p><strong>Uniasen (Tianjin) Co., Ltd.<\/strong><\/p>\n<p><strong>Tianjin, China<\/strong><\/p>\n\t\t<\/div>\n\t\t\t\t\t<\/div>\n\n\t\n<\/div>\n\t\t<\/div>\n\n\t\t\n<style>\n#section_1532393887 {\n  padding-top: 60px;\n  padding-bottom: 60px;\n}\n<\/style>\n\t<\/section>","protected":false},"excerpt":{"rendered":"","protected":false},"author":10,"featured_media":0,"parent":0,"menu_order":0,"comment_status":"closed","ping_status":"closed","template":"page-blank.php","meta":{"footnotes":""},"class_list":["post-6127","page","type-page","status-publish","hentry"],"yoast_head":"<!-- This site is optimized with the Yoast SEO plugin v23.6 - https:\/\/yoast.com\/wordpress\/plugins\/seo\/ -->\n<title>Terms of Service - UNIASEN<\/title>\n<meta name=\"robots\" content=\"index, follow, max-snippet:-1, max-image-preview:large, max-video-preview:-1\" \/>\n<link rel=\"canonical\" href=\"https:\/\/uniasen.com\/es\/condiciones-del-servicio\/\" \/>\n<meta property=\"og:locale\" content=\"es_ES\" \/>\n<meta property=\"og:type\" content=\"article\" \/>\n<meta property=\"og:title\" content=\"Terms of Service - UNIASEN\" \/>\n<meta property=\"og:url\" content=\"https:\/\/uniasen.com\/es\/condiciones-del-servicio\/\" \/>\n<meta property=\"og:site_name\" content=\"UNIASEN\" \/>\n<meta property=\"article:modified_time\" content=\"2025-12-31T01:53:18+00:00\" \/>\n<meta name=\"twitter:card\" content=\"summary_large_image\" \/>\n<meta name=\"twitter:label1\" content=\"Tiempo de lectura\" \/>\n\t<meta name=\"twitter:data1\" content=\"6 minutos\" \/>\n<script type=\"application\/ld+json\" class=\"yoast-schema-graph\">{\"@context\":\"https:\/\/schema.org\",\"@graph\":[{\"@type\":\"WebPage\",\"@id\":\"https:\/\/uniasen.com\/terms-of-service\/\",\"url\":\"https:\/\/uniasen.com\/terms-of-service\/\",\"name\":\"Terms of Service - UNIASEN\",\"isPartOf\":{\"@id\":\"https:\/\/uniasen.com\/#website\"},\"datePublished\":\"2025-12-31T01:46:13+00:00\",\"dateModified\":\"2025-12-31T01:53:18+00:00\",\"breadcrumb\":{\"@id\":\"https:\/\/uniasen.com\/terms-of-service\/#breadcrumb\"},\"inLanguage\":\"es\",\"potentialAction\":[{\"@type\":\"ReadAction\",\"target\":[\"https:\/\/uniasen.com\/terms-of-service\/\"]}]},{\"@type\":\"BreadcrumbList\",\"@id\":\"https:\/\/uniasen.com\/terms-of-service\/#breadcrumb\",\"itemListElement\":[{\"@type\":\"ListItem\",\"position\":1,\"name\":\"Home\",\"item\":\"https:\/\/uniasen.com\/\"},{\"@type\":\"ListItem\",\"position\":2,\"name\":\"Terms of Service\"}]},{\"@type\":\"WebSite\",\"@id\":\"https:\/\/uniasen.com\/#website\",\"url\":\"https:\/\/uniasen.com\/\",\"name\":\"UNIASEN\",\"description\":\"\",\"publisher\":{\"@id\":\"https:\/\/uniasen.com\/#organization\"},\"potentialAction\":[{\"@type\":\"SearchAction\",\"target\":{\"@type\":\"EntryPoint\",\"urlTemplate\":\"https:\/\/uniasen.com\/?s={search_term_string}\"},\"query-input\":{\"@type\":\"PropertyValueSpecification\",\"valueRequired\":true,\"valueName\":\"search_term_string\"}}],\"inLanguage\":\"es\"},{\"@type\":\"Organization\",\"@id\":\"https:\/\/uniasen.com\/#organization\",\"name\":\"UniAsen\",\"alternateName\":\"UniAsen (Tianjin) Co., Ltd.\",\"url\":\"https:\/\/uniasen.com\/\",\"logo\":{\"@type\":\"ImageObject\",\"inLanguage\":\"es\",\"@id\":\"https:\/\/uniasen.com\/#\/schema\/logo\/image\/\",\"url\":\"https:\/\/uniasen.com\/wp-content\/uploads\/2023\/11\/UNIASEN-carbon-steel-supplier-and-expertor-in-china-LOGO.webp\",\"contentUrl\":\"https:\/\/uniasen.com\/wp-content\/uploads\/2023\/11\/UNIASEN-carbon-steel-supplier-and-expertor-in-china-LOGO.webp\",\"width\":300,\"height\":300,\"caption\":\"UniAsen\"},\"image\":{\"@id\":\"https:\/\/uniasen.com\/#\/schema\/logo\/image\/\"}}]}<\/script>\n<!-- \/ Yoast SEO plugin. -->","yoast_head_json":{"title":"Terms of Service - UNIASEN","robots":{"index":"index","follow":"follow","max-snippet":"max-snippet:-1","max-image-preview":"max-image-preview:large","max-video-preview":"max-video-preview:-1"},"canonical":"https:\/\/uniasen.com\/es\/condiciones-del-servicio\/","og_locale":"es_ES","og_type":"article","og_title":"Terms of Service - UNIASEN","og_url":"https:\/\/uniasen.com\/es\/condiciones-del-servicio\/","og_site_name":"UNIASEN","article_modified_time":"2025-12-31T01:53:18+00:00","twitter_card":"summary_large_image","twitter_misc":{"Tiempo de lectura":"6 minutos"},"schema":{"@context":"https:\/\/schema.org","@graph":[{"@type":"WebPage","@id":"https:\/\/uniasen.com\/terms-of-service\/","url":"https:\/\/uniasen.com\/terms-of-service\/","name":"Terms of Service - UNIASEN","isPartOf":{"@id":"https:\/\/uniasen.com\/#website"},"datePublished":"2025-12-31T01:46:13+00:00","dateModified":"2025-12-31T01:53:18+00:00","breadcrumb":{"@id":"https:\/\/uniasen.com\/terms-of-service\/#breadcrumb"},"inLanguage":"es","potentialAction":[{"@type":"ReadAction","target":["https:\/\/uniasen.com\/terms-of-service\/"]}]},{"@type":"BreadcrumbList","@id":"https:\/\/uniasen.com\/terms-of-service\/#breadcrumb","itemListElement":[{"@type":"ListItem","position":1,"name":"Home","item":"https:\/\/uniasen.com\/"},{"@type":"ListItem","position":2,"name":"Terms of Service"}]},{"@type":"WebSite","@id":"https:\/\/uniasen.com\/#website","url":"https:\/\/uniasen.com\/","name":"UNIASEN","description":"","publisher":{"@id":"https:\/\/uniasen.com\/#organization"},"potentialAction":[{"@type":"SearchAction","target":{"@type":"EntryPoint","urlTemplate":"https:\/\/uniasen.com\/?s={search_term_string}"},"query-input":{"@type":"PropertyValueSpecification","valueRequired":true,"valueName":"search_term_string"}}],"inLanguage":"es"},{"@type":"Organization","@id":"https:\/\/uniasen.com\/#organization","name":"UniAsen","alternateName":"UniAsen (Tianjin) Co., Ltd.","url":"https:\/\/uniasen.com\/","logo":{"@type":"ImageObject","inLanguage":"es","@id":"https:\/\/uniasen.com\/#\/schema\/logo\/image\/","url":"https:\/\/uniasen.com\/wp-content\/uploads\/2023\/11\/UNIASEN-carbon-steel-supplier-and-expertor-in-china-LOGO.webp","contentUrl":"https:\/\/uniasen.com\/wp-content\/uploads\/2023\/11\/UNIASEN-carbon-steel-supplier-and-expertor-in-china-LOGO.webp","width":300,"height":300,"caption":"UniAsen"},"image":{"@id":"https:\/\/uniasen.com\/#\/schema\/logo\/image\/"}}]}},"_links":{"self":[{"href":"https:\/\/uniasen.com\/es\/wp-json\/wp\/v2\/pages\/6127","targetHints":{"allow":["GET"]}}],"collection":[{"href":"https:\/\/uniasen.com\/es\/wp-json\/wp\/v2\/pages"}],"about":[{"href":"https:\/\/uniasen.com\/es\/wp-json\/wp\/v2\/types\/page"}],"author":[{"embeddable":true,"href":"https:\/\/uniasen.com\/es\/wp-json\/wp\/v2\/users\/10"}],"replies":[{"embeddable":true,"href":"https:\/\/uniasen.com\/es\/wp-json\/wp\/v2\/comments?post=6127"}],"version-history":[{"count":8,"href":"https:\/\/uniasen.com\/es\/wp-json\/wp\/v2\/pages\/6127\/revisions"}],"predecessor-version":[{"id":6135,"href":"https:\/\/uniasen.com\/es\/wp-json\/wp\/v2\/pages\/6127\/revisions\/6135"}],"wp:attachment":[{"href":"https:\/\/uniasen.com\/es\/wp-json\/wp\/v2\/media?parent=6127"}],"curies":[{"name":"wp","href":"https:\/\/api.w.org\/{rel}","templated":true}]}}