{"id":3016,"date":"2023-10-25T15:11:48","date_gmt":"2023-10-25T07:11:48","guid":{"rendered":"https:\/\/uniasen.com\/?page_id=3016"},"modified":"2024-05-29T13:20:40","modified_gmt":"2024-05-29T05:20:40","slug":"line-pipe","status":"publish","type":"page","link":"https:\/\/uniasen.com\/es\/productos\/tuberia\/","title":{"rendered":"Tuberia"},"content":{"rendered":"<div id=\"page-header-1382815029\" class=\"page-header-wrapper\">\n  <div class=\"page-title dark featured-title\">\n\n        <div class=\"page-title-bg\">\n      <div class=\"title-bg fill bg-fill\"\n        data-parallax-container=\".page-title\"\n        data-parallax-background\n data-parallax=\"-\">\n      <\/div>\n      <div class=\"title-overlay fill\"><\/div>\n    <\/div>\n    \n    <div class=\"page-title-inner container align-center flex-row medium-flex-wrap\" >\n              <div class=\"title-wrapper flex-col text-left medium-text-center\">\n          <h1 class=\"entry-title mb-0\">\n            Tuberia          <\/h1>\n        <\/div>\n                    <div class=\"title-content flex-col flex-right text-right medium-text-center\">\n        <div class=\"title-breadcrumbs pb-half pt-half\"><\/div>      <\/div>\n    <\/div>\n\n     \n<style>\n#page-header-1382815029 .title-bg {\n  background-image: url(https:\/\/uniasen.com\/wp-content\/uploads\/2023\/11\/Uniasen-carbon-steel-pipe-manufacturer-header.webp);\n}\n<\/style>\n  <\/div>\n    <\/div>\n  \n\t<div id=\"gap-1056099305\" class=\"gap-element clearfix\" style=\"display:block; height:auto;\">\n\t\t\n<style>\n#gap-1056099305 {\n  padding-top: 4%;\n}\n<\/style>\n\t<\/div>\n\t\n\n\t<section class=\"section\" id=\"section_1127091104\">\n\t\t<div class=\"section-bg fill\" >\n\t\t\t\t\t\t\t\t\t\n\t\t\t\n\n\t\t<\/div>\n\n\t\t\n\n\t\t<div class=\"section-content relative\">\n\t\t\t\n<div class=\"row align-middle\"  id=\"row-1246674907\">\n\n\t<div id=\"col-1566234217\" class=\"col medium-6 small-12 large-6\"  >\n\t\t\t\t<div class=\"col-inner\"  >\n\t\t\t\n\t\t\t\n\t<div class=\"img has-hover x md-x lg-x y md-y lg-y\" id=\"image_1091345086\">\n\t\t\t\t\t\t\t\t<div class=\"img-inner image-cover dark\" style=\"padding-top:56.25%;\">\n\t\t\t<img loading=\"lazy\" decoding=\"async\" width=\"1000\" height=\"666\" src=\"https:\/\/uniasen.com\/wp-content\/uploads\/2023\/11\/p201706261630440400348.webp\" class=\"attachment-original size-original\" alt=\"\" srcset=\"https:\/\/uniasen.com\/wp-content\/uploads\/2023\/11\/p201706261630440400348.webp 1000w, https:\/\/uniasen.com\/wp-content\/uploads\/2023\/11\/p201706261630440400348-300x200.webp 300w, https:\/\/uniasen.com\/wp-content\/uploads\/2023\/11\/p201706261630440400348-768x511.webp 768w\" sizes=\"auto, (max-width: 1000px) 100vw, 1000px\" \/>\t\t\t\t\t\t\n\t\t\t\t\t<\/div>\n\t\t\t\t\t\t\t\t\n<style>\n#image_1091345086 {\n  width: 100%;\n}\n<\/style>\n\t<\/div>\n\t\n\t\t<\/div>\n\t\t\t\t\t<\/div>\n\n\t\n\n\t<div id=\"col-82251721\" class=\"col medium-6 small-12 large-6\"  >\n\t\t\t\t<div class=\"col-inner\"  >\n\t\t\t\n\t\t\t\n\t<div id=\"text-3772924178\" class=\"text\">\n\t\t\n<h2>Fabricante de tubos de conducci\u00f3n en China<\/h2>\n\t\t\n<style>\n#text-3772924178 {\n  text-align: center;\n}\n@media (min-width:550px) {\n  #text-3772924178 {\n    text-align: left;\n  }\n}\n<\/style>\n\t<\/div>\n\t\n<p>Nuestra tuber\u00eda de conducci\u00f3n est\u00e1 meticulosamente dise\u00f1ada para el transporte de materiales vitales a trav\u00e9s de vastos terrenos, lo que la convierte en la opci\u00f3n preferida para transportar petr\u00f3leo, gas natural, petr\u00f3leo y agua.<\/p>\n<p>Fabricadas con acero al carbono de alta resistencia y cumpliendo rigurosamente con est\u00e1ndares estimados como API SPEC 5L, ISO 3183 y GB\/T 9711, nuestras tuber\u00edas son un testimonio de durabilidad y resistencia.<\/p>\n<p>Con la capacidad de soportar altas presiones, cuando opta por los tubos de conducci\u00f3n de UNIASEN, no solo est\u00e1 eligiendo un producto; est\u00e1 invirtiendo en un legado de confiabilidad, longevidad y rendimiento incomparable.<\/p>\n\t\t<\/div>\n\t\t\t\t\t<\/div>\n\n\t\n<\/div>\n\t\t<\/div>\n\n\t\t\n<style>\n#section_1127091104 {\n  padding-top: 30px;\n  padding-bottom: 30px;\n}\n<\/style>\n\t<\/section>\n\t\n\n\t<section class=\"section\" id=\"section_276266187\">\n\t\t<div class=\"section-bg fill\" >\n\t\t\t\t\t\t\t\t\t\n\t\t\t\n\n\t\t<\/div>\n\n\t\t\n\n\t\t<div class=\"section-content relative\">\n\t\t\t\n<div class=\"row align-middle\"  id=\"row-2080065969\">\n\n\t<div id=\"col-1589183857\" class=\"col small-12 large-12\"  >\n\t\t\t\t<div class=\"col-inner\"  >\n\t\t\t\n\t\t\t\n<h2>Tama\u00f1os de tuber\u00eda<\/h2>\n<p>Los tubos de conducci\u00f3n de UNIASEN est\u00e1n dise\u00f1ados para satisfacer diversas necesidades de transporte.<\/p>\n<p>Disponible en di\u00e1metros que van desde 2 pulgadas hasta 48 pulgadas, nuestro tubo de conducci\u00f3n es lo suficientemente vers\u00e1til como para atender proyectos tanto a gran escala como a proyectos m\u00e1s peque\u00f1os.<\/p>\n<p>Ya sea que est\u00e9 construyendo una l\u00ednea principal para suministrar gas natural o tuber\u00edas m\u00e1s peque\u00f1as que se ramifiquen desde la l\u00ednea principal, nuestra tuber\u00eda ofrece el ajuste perfecto.<\/p>\n<p>El espesor de nuestra tuber\u00eda est\u00e1 meticulosamente determinado por la presi\u00f3n operativa m\u00e1xima requerida, lo que garantiza que cada cent\u00edmetro de nuestro producto cumpla con los m\u00e1s altos est\u00e1ndares de seguridad y eficiencia.<\/p>\n\t\t<\/div>\n\t\t\t\t\t<\/div>\n\n\t\n<\/div>\n\t\t<\/div>\n\n\t\t\n<style>\n#section_276266187 {\n  padding-top: 6px;\n  padding-bottom: 6px;\n}\n@media (min-width:550px) {\n  #section_276266187 {\n    padding-top: 30px;\n    padding-bottom: 30px;\n  }\n}\n<\/style>\n\t<\/section>\n\t\n\n\t<section class=\"section\" id=\"section_1213322473\">\n\t\t<div class=\"section-bg fill\" >\n\t\t\t\t\t\t\t\t\t\n\t\t\t\n\n\t\t<\/div>\n\n\t\t\n\n\t\t<div class=\"section-content relative\">\n\t\t\t\n<div class=\"row align-middle\"  id=\"row-430433906\">\n\n\t<div id=\"col-841627968\" class=\"col medium-6 small-12 large-6\"  >\n\t\t\t\t<div class=\"col-inner\"  >\n\t\t\t\n\t\t\t\n<h2>Est\u00e1ndares de tuber\u00eda<\/h2>\n<p>Nuestra tuber\u00eda de conducci\u00f3n se fabrica meticulosamente en estricta conformidad con especificaciones metal\u00fargicas reconocidas a nivel mundial, incluidas API SPEC 5L, ISO 3183 y GB\/T 9711.<\/p>\n<p>Si bien API SPEC 5L es una especificaci\u00f3n ampliamente reconocida desarrollada por el Instituto Americano del Petr\u00f3leo, ISO 3183 y GB\/T 9711 subrayan a\u00fan m\u00e1s nuestra dedicaci\u00f3n a los est\u00e1ndares internacionales y la garant\u00eda de calidad.<\/p>\n<p>Pero nuestro compromiso con la transparencia no termina aqu\u00ed. Debajo de esta secci\u00f3n, encontrar\u00e1 una lista completa de todos los est\u00e1ndares de producci\u00f3n aplicados a nuestro producto, lo que le permitir\u00e1 tener toda la informaci\u00f3n que necesita para tomar una decisi\u00f3n informada.<\/p>\n\t\t<\/div>\n\t\t\t\t\t<\/div>\n\n\t\n\n\t<div id=\"col-220647254\" class=\"col medium-6 small-12 large-6\"  >\n\t\t\t\t<div class=\"col-inner\"  >\n\t\t\t\n\t\t\t\n\t<div class=\"img has-hover x md-x lg-x y md-y lg-y\" id=\"image_1855024563\">\n\t\t\t\t\t\t\t\t<div class=\"img-inner dark\" >\n\t\t\t<img loading=\"lazy\" decoding=\"async\" width=\"1000\" height=\"583\" src=\"https:\/\/uniasen.com\/wp-content\/uploads\/2023\/11\/The-Angola-Zambia-Refined-Petroleum-Multi-Product-AZOP-Pipeline-Project.webp\" class=\"attachment-original size-original\" alt=\"fabricante de tuber\u00edas de l\u00ednea_l\u00ednea de tuber\u00eda\" srcset=\"https:\/\/uniasen.com\/wp-content\/uploads\/2023\/11\/The-Angola-Zambia-Refined-Petroleum-Multi-Product-AZOP-Pipeline-Project.webp 1000w, https:\/\/uniasen.com\/wp-content\/uploads\/2023\/11\/The-Angola-Zambia-Refined-Petroleum-Multi-Product-AZOP-Pipeline-Project-300x175.webp 300w, https:\/\/uniasen.com\/wp-content\/uploads\/2023\/11\/The-Angola-Zambia-Refined-Petroleum-Multi-Product-AZOP-Pipeline-Project-768x448.webp 768w\" sizes=\"auto, (max-width: 1000px) 100vw, 1000px\" \/>\t\t\t\t\t\t\n\t\t\t\t\t<\/div>\n\t\t\t\t\t\t\t\t\n<style>\n#image_1855024563 {\n  width: 100%;\n}\n<\/style>\n\t<\/div>\n\t\n\t\t<\/div>\n\t\t\t\t\t<\/div>\n\n\t\n<\/div>\n\t\t<\/div>\n\n\t\t\n<style>\n#section_1213322473 {\n  padding-top: 10px;\n  padding-bottom: 10px;\n}\n@media (min-width:550px) {\n  #section_1213322473 {\n    padding-top: 30px;\n    padding-bottom: 30px;\n  }\n}\n<\/style>\n\t<\/section>\n\t\n\n\t<section class=\"section\" id=\"section_575169255\">\n\t\t<div class=\"section-bg fill\" >\n\t\t\t\t\t\t\t\t\t<div class=\"section-bg-overlay absolute fill\"><\/div>\n\t\t\t\n\n\t\t<\/div>\n\n\t\t\n\n\t\t<div class=\"section-content relative\">\n\t\t\t\n<div class=\"row\"  id=\"row-523618451\">\n\n\t<div id=\"col-707570085\" class=\"col medium-9 small-11 large-9\"  >\n\t\t\t\t<div class=\"col-inner text-center\"  >\n\t\t\t\n\t\t\t\n\t<div id=\"text-2397856226\" class=\"text\">\n\t\t\n<p><strong>UNIASEN se compromete a mantener los est\u00e1ndares de producci\u00f3n m\u00e1s altos de la industria.<\/strong><br \/>\n\t\t\n<style>\n#text-2397856226 {\n  text-align: center;\n  color: rgb(255, 255, 255);\n}\n#text-2397856226 > * {\n  color: rgb(255, 255, 255);\n}\n<\/style>\n\t<\/div>\n\t\n\t\t<\/div>\n\t\t\t\t\n<style>\n#col-707570085 > .col-inner {\n  margin: 22px 0px 0px 20px;\n}\n<\/style>\n\t<\/div>\n\n\t\n\n\t<div id=\"col-902003675\" class=\"col medium-3 small-12 large-3\"  >\n\t\t\t\t<div class=\"col-inner text-center\"  >\n\t\t\t\n\t\t\t\n<a href=\"#is-pop\" class=\"button primary\"  >\n\t\t<span>\u00a1Consigue una cotizaci\u00f3n!<\/span>\n\t<\/a>\n\n\t\t<\/div>\n\t\t\t\t\n<style>\n#col-902003675 > .col-inner {\n  margin: 20px 0px 0px 0px;\n}\n<\/style>\n\t<\/div>\n\n\t\n<\/div>\n\t\t<\/div>\n\n\t\t\n<style>\n#section_575169255 {\n  padding-top: 10px;\n  padding-bottom: 10px;\n}\n#section_575169255 .section-bg-overlay {\n  background-color: rgba(115, 109, 109, 0.5);\n}\n<\/style>\n\t<\/section>\n\t\n\n\t<section class=\"section\" id=\"section_275945531\">\n\t\t<div class=\"section-bg fill\" >\n\t\t\t\t\t\t\t\t\t\n\t\t\t\n\n\t\t<\/div>\n\n\t\t\n\n\t\t<div class=\"section-content relative\">\n\t\t\t\n<div class=\"row\"  id=\"row-2011583438\">\n\n\t<div id=\"col-1237814268\" class=\"col small-12 large-12\"  >\n\t\t\t\t<div class=\"col-inner\"  >\n\t\t\t\n\t\t\t\n<h2>Procesos de fabricaci\u00f3n de tuber\u00edas<\/h2>\n<p>Nuestros procesos de fabricaci\u00f3n, incluidos SMLS (sin costura), ERW (soldadura por resistencia el\u00e9ctrica), SSAW (soldadura por arco sumergido en espiral) y LSAW (soldadura por arco sumergido longitudinal), garantizan que atendemos diversas aplicaciones con precisi\u00f3n.<\/p>\n<p>Las tuber\u00edas LSAW, conocidas por su soldadura longitudinal y resistencia a alta presi\u00f3n, son ideales para transportar hidrocarburos a largas distancias de manera eficiente.<\/p>\n<p>Por otro lado, los tubos SSAW, con su soldadura helicoidal, ofrecen flexibilidad en di\u00e1metro sin necesidad de corte.<\/p>\n<p>Las tuber\u00edas ERW aportan eficiencia con su soldadura por resistencia el\u00e9ctrica, lo que garantiza una construcci\u00f3n robusta.<\/p>\n<p>Si bien las tuber\u00edas SSAW y LSAW se someten al \u201cproceso de formaci\u00f3n JCOE y UOE\u201d, su direcci\u00f3n de soldadura difiere: las tuber\u00edas SSAW se sueldan en posici\u00f3n espiral y las tuber\u00edas LSAW en direcci\u00f3n longitudinal.<\/p>\n<p>Esta distinci\u00f3n, junto con otros factores como la tensi\u00f3n residual, la longitud de la l\u00ednea de soldadura y la precisi\u00f3n de la geometr\u00eda, hace que las tuber\u00edas LSAW sean ligeramente superiores a las tuber\u00edas SSAW en determinadas aplicaciones.<\/p>\n\t\t<\/div>\n\t\t\t\t\t<\/div>\n\n\t\n<\/div>\n\t\t<\/div>\n\n\t\t\n<style>\n#section_275945531 {\n  padding-top: 30px;\n  padding-bottom: 30px;\n}\n<\/style>\n\t<\/section>\n\t\n\n\t<section class=\"section\" id=\"section_538071039\">\n\t\t<div class=\"section-bg fill\" >\n\t\t\t\t\t\t\t\t\t\n\t\t\t\n\n\t\t<\/div>\n\n\t\t\n\n\t\t<div class=\"section-content relative\">\n\t\t\t\n<div class=\"row\"  id=\"row-748416634\">\n\n\t<div id=\"col-2092306456\" class=\"col small-12 large-12\"  >\n\t\t\t\t<div class=\"col-inner\"  >\n\t\t\t\n\t\t\t\n<h2>C\u00f3mo seleccionar la tuber\u00eda de conducci\u00f3n adecuada<\/h2>\n<p>Elegir la tuber\u00eda de conducci\u00f3n adecuada es crucial para el \u00e9xito y la seguridad de su proyecto.<\/p>\n<p>Al seleccionar una tuber\u00eda de conducci\u00f3n, considere el volumen de material que transportar\u00e1 y la presi\u00f3n que debe soportar.<\/p>\n<p>Para proyectos a gran escala, como una l\u00ednea principal que suministra gas natural, opte por una tuber\u00eda con un di\u00e1metro de entre 16 y 48 pulgadas. Para tuber\u00edas m\u00e1s peque\u00f1as que se ramifican desde la l\u00ednea principal, un di\u00e1metro de 6 a 16 pulgadas deber\u00eda ser suficiente. Priorice siempre la seguridad. Aseg\u00farese de que la tuber\u00eda que seleccione cumpla con todas las caracter\u00edsticas qu\u00edmicas, de resistencia, dureza y dimensiones del acero. Con UNIASEN, no s\u00f3lo est\u00e1s comprando un producto; est\u00e1s invirtiendo en tranquilidad.<\/p>\n\t\t<\/div>\n\t\t\t\t\t<\/div>\n\n\t\n<\/div>\n\t\t<\/div>\n\n\t\t\n<style>\n#section_538071039 {\n  padding-top: 3px;\n  padding-bottom: 3px;\n}\n@media (min-width:550px) {\n  #section_538071039 {\n    padding-top: 30px;\n    padding-bottom: 30px;\n  }\n}\n<\/style>\n\t<\/section>","protected":false},"excerpt":{"rendered":"","protected":false},"author":3,"featured_media":0,"parent":912,"menu_order":0,"comment_status":"closed","ping_status":"closed","template":"page-blank.php","meta":{"footnotes":""},"class_list":["post-3016","page","type-page","status-publish","hentry"],"yoast_head":"<!-- This site is optimized with the Yoast SEO plugin v23.6 - https:\/\/yoast.com\/wordpress\/plugins\/seo\/ -->\n<title>ERW&amp;LSAW Line Pipe Manufacturer in China - UNIASEN<\/title>\n<meta name=\"description\" content=\"UNIASEN provides line pipes. It is usually made of high-strength steel, which is resistant to high pressure and corrosion. It is suitable for long distance transportation. Mainly used for oil, natural gas and water transportation.\" \/>\n<meta name=\"robots\" content=\"index, follow, max-snippet:-1, max-image-preview:large, max-video-preview:-1\" \/>\n<link rel=\"canonical\" href=\"https:\/\/uniasen.com\/es\/productos\/tuberia\/\" \/>\n<meta property=\"og:locale\" content=\"es_ES\" \/>\n<meta property=\"og:type\" content=\"article\" \/>\n<meta property=\"og:title\" content=\"ERW&amp;LSAW Line Pipe Manufacturer in China - UNIASEN\" \/>\n<meta property=\"og:description\" content=\"UNIASEN provides line pipes. It is usually made of high-strength steel, which is resistant to high pressure and corrosion. It is suitable for long distance transportation. Mainly used for oil, natural gas and water transportation.\" \/>\n<meta property=\"og:url\" content=\"https:\/\/uniasen.com\/es\/productos\/tuberia\/\" \/>\n<meta property=\"og:site_name\" content=\"UNIASEN\" \/>\n<meta property=\"article:modified_time\" content=\"2024-05-29T05:20:40+00:00\" \/>\n<meta name=\"twitter:card\" content=\"summary_large_image\" \/>\n<meta name=\"twitter:label1\" content=\"Tiempo de lectura\" \/>\n\t<meta name=\"twitter:data1\" content=\"3 minutos\" \/>\n<script type=\"application\/ld+json\" class=\"yoast-schema-graph\">{\"@context\":\"https:\/\/schema.org\",\"@graph\":[{\"@type\":\"WebPage\",\"@id\":\"https:\/\/uniasen.com\/products\/line-pipe\/\",\"url\":\"https:\/\/uniasen.com\/products\/line-pipe\/\",\"name\":\"ERW&LSAW Line Pipe Manufacturer in China - UNIASEN\",\"isPartOf\":{\"@id\":\"https:\/\/uniasen.com\/#website\"},\"datePublished\":\"2023-10-25T07:11:48+00:00\",\"dateModified\":\"2024-05-29T05:20:40+00:00\",\"description\":\"UNIASEN provides line pipes. It is usually made of high-strength steel, which is resistant to high pressure and corrosion. It is suitable for long distance transportation. Mainly used for oil, natural gas and water transportation.\",\"breadcrumb\":{\"@id\":\"https:\/\/uniasen.com\/products\/line-pipe\/#breadcrumb\"},\"inLanguage\":\"es\",\"potentialAction\":[{\"@type\":\"ReadAction\",\"target\":[\"https:\/\/uniasen.com\/products\/line-pipe\/\"]}]},{\"@type\":\"BreadcrumbList\",\"@id\":\"https:\/\/uniasen.com\/products\/line-pipe\/#breadcrumb\",\"itemListElement\":[{\"@type\":\"ListItem\",\"position\":1,\"name\":\"Home\",\"item\":\"https:\/\/uniasen.com\/\"},{\"@type\":\"ListItem\",\"position\":2,\"name\":\"products\",\"item\":\"https:\/\/uniasen.com\/products\/\"},{\"@type\":\"ListItem\",\"position\":3,\"name\":\"Line Pipe\"}]},{\"@type\":\"WebSite\",\"@id\":\"https:\/\/uniasen.com\/#website\",\"url\":\"https:\/\/uniasen.com\/\",\"name\":\"UNIASEN\",\"description\":\"\",\"publisher\":{\"@id\":\"https:\/\/uniasen.com\/#organization\"},\"potentialAction\":[{\"@type\":\"SearchAction\",\"target\":{\"@type\":\"EntryPoint\",\"urlTemplate\":\"https:\/\/uniasen.com\/?s={search_term_string}\"},\"query-input\":{\"@type\":\"PropertyValueSpecification\",\"valueRequired\":true,\"valueName\":\"search_term_string\"}}],\"inLanguage\":\"es\"},{\"@type\":\"Organization\",\"@id\":\"https:\/\/uniasen.com\/#organization\",\"name\":\"UniAsen\",\"alternateName\":\"UniAsen (Tianjin) Co., Ltd.\",\"url\":\"https:\/\/uniasen.com\/\",\"logo\":{\"@type\":\"ImageObject\",\"inLanguage\":\"es\",\"@id\":\"https:\/\/uniasen.com\/#\/schema\/logo\/image\/\",\"url\":\"https:\/\/uniasen.com\/wp-content\/uploads\/2023\/11\/UNIASEN-carbon-steel-supplier-and-expertor-in-china-LOGO.webp\",\"contentUrl\":\"https:\/\/uniasen.com\/wp-content\/uploads\/2023\/11\/UNIASEN-carbon-steel-supplier-and-expertor-in-china-LOGO.webp\",\"width\":300,\"height\":300,\"caption\":\"UniAsen\"},\"image\":{\"@id\":\"https:\/\/uniasen.com\/#\/schema\/logo\/image\/\"}}]}<\/script>\n<!-- \/ Yoast SEO plugin. -->","yoast_head_json":{"title":"ERW&LSAW Line Pipe Manufacturer in China - UNIASEN","description":"UNIASEN provides line pipes. It is usually made of high-strength steel, which is resistant to high pressure and corrosion. It is suitable for long distance transportation. Mainly used for oil, natural gas and water transportation.","robots":{"index":"index","follow":"follow","max-snippet":"max-snippet:-1","max-image-preview":"max-image-preview:large","max-video-preview":"max-video-preview:-1"},"canonical":"https:\/\/uniasen.com\/es\/productos\/tuberia\/","og_locale":"es_ES","og_type":"article","og_title":"ERW&LSAW Line Pipe Manufacturer in China - UNIASEN","og_description":"UNIASEN provides line pipes. It is usually made of high-strength steel, which is resistant to high pressure and corrosion. It is suitable for long distance transportation. Mainly used for oil, natural gas and water transportation.","og_url":"https:\/\/uniasen.com\/es\/productos\/tuberia\/","og_site_name":"UNIASEN","article_modified_time":"2024-05-29T05:20:40+00:00","twitter_card":"summary_large_image","twitter_misc":{"Tiempo de lectura":"3 minutos"},"schema":{"@context":"https:\/\/schema.org","@graph":[{"@type":"WebPage","@id":"https:\/\/uniasen.com\/products\/line-pipe\/","url":"https:\/\/uniasen.com\/products\/line-pipe\/","name":"ERW&LSAW Line Pipe Manufacturer in China - UNIASEN","isPartOf":{"@id":"https:\/\/uniasen.com\/#website"},"datePublished":"2023-10-25T07:11:48+00:00","dateModified":"2024-05-29T05:20:40+00:00","description":"UNIASEN provides line pipes. It is usually made of high-strength steel, which is resistant to high pressure and corrosion. It is suitable for long distance transportation. Mainly used for oil, natural gas and water transportation.","breadcrumb":{"@id":"https:\/\/uniasen.com\/products\/line-pipe\/#breadcrumb"},"inLanguage":"es","potentialAction":[{"@type":"ReadAction","target":["https:\/\/uniasen.com\/products\/line-pipe\/"]}]},{"@type":"BreadcrumbList","@id":"https:\/\/uniasen.com\/products\/line-pipe\/#breadcrumb","itemListElement":[{"@type":"ListItem","position":1,"name":"Home","item":"https:\/\/uniasen.com\/"},{"@type":"ListItem","position":2,"name":"products","item":"https:\/\/uniasen.com\/products\/"},{"@type":"ListItem","position":3,"name":"Line Pipe"}]},{"@type":"WebSite","@id":"https:\/\/uniasen.com\/#website","url":"https:\/\/uniasen.com\/","name":"UNIASEN","description":"","publisher":{"@id":"https:\/\/uniasen.com\/#organization"},"potentialAction":[{"@type":"SearchAction","target":{"@type":"EntryPoint","urlTemplate":"https:\/\/uniasen.com\/?s={search_term_string}"},"query-input":{"@type":"PropertyValueSpecification","valueRequired":true,"valueName":"search_term_string"}}],"inLanguage":"es"},{"@type":"Organization","@id":"https:\/\/uniasen.com\/#organization","name":"UniAsen","alternateName":"UniAsen (Tianjin) Co., Ltd.","url":"https:\/\/uniasen.com\/","logo":{"@type":"ImageObject","inLanguage":"es","@id":"https:\/\/uniasen.com\/#\/schema\/logo\/image\/","url":"https:\/\/uniasen.com\/wp-content\/uploads\/2023\/11\/UNIASEN-carbon-steel-supplier-and-expertor-in-china-LOGO.webp","contentUrl":"https:\/\/uniasen.com\/wp-content\/uploads\/2023\/11\/UNIASEN-carbon-steel-supplier-and-expertor-in-china-LOGO.webp","width":300,"height":300,"caption":"UniAsen"},"image":{"@id":"https:\/\/uniasen.com\/#\/schema\/logo\/image\/"}}]}},"_links":{"self":[{"href":"https:\/\/uniasen.com\/es\/wp-json\/wp\/v2\/pages\/3016","targetHints":{"allow":["GET"]}}],"collection":[{"href":"https:\/\/uniasen.com\/es\/wp-json\/wp\/v2\/pages"}],"about":[{"href":"https:\/\/uniasen.com\/es\/wp-json\/wp\/v2\/types\/page"}],"author":[{"embeddable":true,"href":"https:\/\/uniasen.com\/es\/wp-json\/wp\/v2\/users\/3"}],"replies":[{"embeddable":true,"href":"https:\/\/uniasen.com\/es\/wp-json\/wp\/v2\/comments?post=3016"}],"version-history":[{"count":24,"href":"https:\/\/uniasen.com\/es\/wp-json\/wp\/v2\/pages\/3016\/revisions"}],"predecessor-version":[{"id":4357,"href":"https:\/\/uniasen.com\/es\/wp-json\/wp\/v2\/pages\/3016\/revisions\/4357"}],"up":[{"embeddable":true,"href":"https:\/\/uniasen.com\/es\/wp-json\/wp\/v2\/pages\/912"}],"wp:attachment":[{"href":"https:\/\/uniasen.com\/es\/wp-json\/wp\/v2\/media?parent=3016"}],"curies":[{"name":"wp","href":"https:\/\/api.w.org\/{rel}","templated":true}]}}