{"id":6136,"date":"2025-12-31T16:27:53","date_gmt":"2025-12-31T08:27:53","guid":{"rendered":"https:\/\/uniasen.com\/?page_id=6136"},"modified":"2025-12-31T17:15:00","modified_gmt":"2025-12-31T09:15:00","slug":"privacy-policy","status":"publish","type":"page","link":"https:\/\/uniasen.com\/de\/datenschutzbestimmungen\/","title":{"rendered":"Datenschutzbestimmungen"},"content":{"rendered":"<section class=\"section\" id=\"section_1048388850\">\n\t\t<div class=\"section-bg fill\" >\n\t\t\t\t\t\t\t\t\t\n\t\t\t\n\n\t\t<\/div>\n\n\t\t\n\n\t\t<div class=\"section-content relative\">\n\t\t\t\n<div class=\"row\"  id=\"row-1218136909\">\n\n\t<div id=\"col-1873458533\" class=\"col small-12 large-12\"  >\n\t\t\t\t<div class=\"col-inner\"  >\n\t\t\t\n\t\t\t\n<p><a href=\"https:\/\/uniasen.com\/de\/\">Startseite<\/a> \/ Allgemeine Gesch\u00e4ftsbedingungen<\/p>\n<h1>Datenschutzbestimmungen<\/h1>\n<p><strong>Datum des Inkrafttretens: Dezember <span class=\"g0-inline-suggestion\" data-g0-suggetion-diff-id=\"modification-25-29\" data-feedback-type=\"grammar\">30, <\/span>2025<\/strong><\/p>\n<p>Willkommen bei <a href=\"https:\/\/uniasen.com\/de\/\">https:\/\/uniasen.com\/<\/a> (nachstehend \"diese Website\"). Diese Website wird von Uniasen (Tianjin) Co., Ltd. verwaltet und betrieben. (im Folgenden als \"wir\" oder \"unser Unternehmen\" bezeichnet). Wir sind uns der Bedeutung des Datenschutzes f\u00fcr Sie bewusst und werden unser Bestes tun, um die von Ihnen auf dieser Website angegebenen pers\u00f6nlichen Daten zu sch\u00fctzen.<\/p>\n<p>In dieser Datenschutzrichtlinie (im Folgenden \"diese Richtlinie\") wird erl\u00e4utert, wie wir mit Ihren personenbezogenen Daten umgehen, einschlie\u00dflich der Regeln f\u00fcr deren Erhebung, Verwendung, Offenlegung, Speicherung und Schutz. Wenn Sie auf diese Website zugreifen, Webinhalte durchsuchen, Anfrageformulare \u00fcbermitteln, Angebote anfordern oder uns \u00fcber die Website kontaktieren, wird davon ausgegangen, dass Sie alle Bedingungen dieser Richtlinie gelesen und verstanden haben und damit einverstanden sind. Wenn Sie mit einer der Bestimmungen dieser Richtlinie nicht einverstanden sind, beenden Sie bitte unverz\u00fcglich die Nutzung dieser Website.<\/p>\n<p>Wir behalten uns das Recht vor, diese Richtlinie von Zeit zu Zeit zu aktualisieren. Die aktualisierte Version wird auf dieser Website ver\u00f6ffentlicht und tritt mit dem Datum der Ver\u00f6ffentlichung in Kraft. Wenn Sie diese Website weiterhin nutzen, erkl\u00e4ren Sie sich mit der \u00fcberarbeiteten Richtlinie einverstanden. Bitte besuchen Sie diese Seite regelm\u00e4\u00dfig, um sich \u00fcber die neuesten Bestimmungen zu informieren.<\/p>\n<h2>1. Wie wir Informationen sammeln<\/h2>\n<p>Wir k\u00f6nnen Ihre Daten auf folgende Weise erfassen:<\/p>\n<p>(1) Informationen, die Sie freiwillig zur Verf\u00fcgung stellen<\/p>\n<p>Wenn Sie das Kontaktformular, das Anfrageformular oder die Funktion zum Anfordern eines Angebots auf dieser Website verwenden oder per E-Mail mit uns kommunizieren, k\u00f6nnen Sie die folgenden personenbezogenen Daten angeben:<\/p>\n<ul>\n<li><span class=\"g0-inline-suggestion\" data-g0-suggetion-diff-id=\"insertion-1491-1495\" data-feedback-type=\"grammar\">Na<\/span>ich<\/li>\n<li><span class=\"g0-inline-suggestion\" data-g0-suggetion-diff-id=\"insertion-1497-1501\" data-feedback-type=\"grammar\">Co<\/span>Name des Unternehmens<\/li>\n<li><span class=\"g0-inline-suggestion\" data-g0-suggetion-diff-id=\"insertion-1511-1515\" data-feedback-type=\"grammar\">Em<\/span>ail Adresse<\/li>\n<li><span class=\"g0-inline-suggestion\" data-g0-suggetion-diff-id=\"insertion-1526-1530\" data-feedback-type=\"grammar\">Ph<\/span>eine Nummer<\/li>\n<li><span class=\"g0-inline-suggestion\" data-g0-suggetion-diff-id=\"insertion-1540-1544\" data-feedback-type=\"grammar\">Jo<\/span>b Titel oder andere Kontaktangaben<\/li>\n<li><span class=\"g0-inline-suggestion\" data-g0-suggetion-diff-id=\"insertion-1576-1580\" data-feedback-type=\"grammar\">Unter<\/span>den Inhalt (z. B. Produktspezifikationen, Menge, Lieferanforderungen usw.)<\/li>\n<\/ul>\n<p>Sie k\u00f6nnen sich daf\u00fcr entscheiden, bestimmte Informationen nicht anzugeben, aber dies kann die Vollst\u00e4ndigkeit unserer F\u00e4higkeit beeintr\u00e4chtigen, Ihnen Angebote zu unterbreiten, Sie zu beraten oder Dienstleistungen zu bestellen.<\/p>\n<p><span class=\"g0-inline-suggestion\" data-g0-suggetion-diff-id=\"deletion-1832-1872\" data-feedback-type=\"grammar\">(2) Automatisch gesammelte Informationen <\/span><\/p>\n<p>Wenn Sie diese Website besuchen, zeichnen unsere Server automatisch bestimmte nicht-personenbezogene Informationen auf, darunter:<\/p>\n<ul>\n<li><span class=\"g0-inline-suggestion\" data-g0-suggetion-diff-id=\"insertion-1978-1982\" data-feedback-type=\"grammar\">IP<\/span> <span class=\"g0-inline-suggestion\" data-g0-suggetion-diff-id=\"modification-1983-1992\" data-feedback-type=\"grammar\">Adresse<\/span><span class=\"g0-inline-suggestion\" data-g0-suggetion-diff-id=\"modification-1983-1992\" data-feedback-type=\"grammar\">ss<\/span><\/li>\n<li><span class=\"g0-inline-suggestion\" data-g0-suggetion-diff-id=\"insertion-1992-1996\" data-feedback-type=\"grammar\">Br<\/span>Serientyp und Version<\/li>\n<li><span class=\"g0-inline-suggestion\" data-g0-suggetion-diff-id=\"insertion-2018-2022\" data-feedback-type=\"grammar\">Op<\/span>Erfassungssystem<\/li>\n<li><span class=\"g0-inline-suggestion\" data-g0-suggetion-diff-id=\"insertion-2036-2040\" data-feedback-type=\"grammar\">Ac<\/span>Uhrzeit und Datum der Abrechnung<\/li>\n<li><span class=\"g0-inline-suggestion\" data-g0-suggetion-diff-id=\"insertion-2058-2062\" data-feedback-type=\"grammar\">Pa<\/span>ges besucht<\/li>\n<li><span class=\"g0-inline-suggestion\" data-g0-suggetion-diff-id=\"insertion-2073-2077\" data-feedback-type=\"grammar\">Re<\/span>ferring website (die Seite, von der aus Sie auf diese Website zugegriffen haben)<\/li>\n<\/ul>\n<p><span class=\"g0-inline-suggestion\" data-g0-suggetion-diff-id=\"deletion-2142-2179\" data-feedback-type=\"grammar\">(3) Cookies und \u00e4hnliche Technologien <\/span><\/p>\n<p>Wir k\u00f6nnen Cookies, Web Beacons oder \u00e4hnliche Tracking-Technologien verwenden, um die Website zu verbessern, die Nutzung zu analysieren und Besuche zu verfolgen. Diese Technologien helfen dabei:<\/p>\n<ul>\n<li><span class=\"g0-inline-suggestion\" data-g0-suggetion-diff-id=\"insertion-2340-2344\" data-feedback-type=\"grammar\">Re<\/span>Mitglied Ihre Pr\u00e4ferenzen<\/li>\n<li><span class=\"g0-inline-suggestion\" data-g0-suggetion-diff-id=\"insertion-2367-2371\" data-feedback-type=\"grammar\">Eine<\/span>Analyse des Website-Verkehrs<\/li>\n<li><span class=\"g0-inline-suggestion\" data-g0-suggetion-diff-id=\"insertion-2392-2396\" data-feedback-type=\"grammar\">Im<\/span>die Funktionalit\u00e4t der Website nachweisen<\/li>\n<\/ul>\n<p>Bei den g\u00e4ngigen Browsern ist die Speicherung von Cookies in der Regel standardm\u00e4\u00dfig aktiviert. Sie k\u00f6nnen Cookies in den Datenschutzeinstellungen Ihres Browsers ablehnen oder l\u00f6schen, was jedoch dazu f\u00fchren kann, dass Sie einige Dienste der Website nicht richtig nutzen k\u00f6nnen. Wir verwenden keine Cookies f\u00fcr personalisierte Werbung und f\u00fchren auch keine tiefe Datenintegration mit Werbenetzwerken Dritter auf der Grundlage von Cookies durch.<\/p>\n<h3>2. <span class=\"g0-inline-suggestion\" data-g0-suggetion-diff-id=\"deletion-2798-2826\" data-feedback-type=\"grammar\">Wie wir Ihre Informationen verwenden <\/span><\/h3>\n<p>Die von uns gesammelten Informationen werden in erster Linie f\u00fcr die folgenden Zwecke verwendet:<\/p>\n<ul>\n<li><span class=\"g0-inline-suggestion\" data-g0-suggetion-diff-id=\"insertion-2898-2902\" data-feedback-type=\"grammar\">Pr<\/span>Bearbeitung Ihrer Anfragen, Erstellung von Kostenvoranschl\u00e4gen und Produktinformation<\/li>\n<li><span class=\"g0-inline-suggestion\" data-g0-suggetion-diff-id=\"insertion-2967-2971\" data-feedback-type=\"grammar\">Re<\/span>die Beantwortung Ihrer Anfragen, die Bereitstellung von technischem Support oder Kundendienst<\/li>\n<li><span class=\"g0-inline-suggestion\" data-g0-suggetion-diff-id=\"insertion-3046-3050\" data-feedback-type=\"grammar\">Fu<\/span>Erledigung von Auftr\u00e4gen, Organisation von Produktion und Logistik (falls zutreffend)<\/li>\n<li><span class=\"g0-inline-suggestion\" data-g0-suggetion-diff-id=\"insertion-3117-3121\" data-feedback-type=\"grammar\">Im<\/span>\u00dcberpr\u00fcfung von Inhalt, Funktionalit\u00e4t und Benutzerfreundlichkeit der Website<\/li>\n<li><span class=\"g0-inline-suggestion\" data-g0-suggetion-diff-id=\"insertion-3180-3184\" data-feedback-type=\"grammar\">Eine<\/span>Analyse der Nutzung der Website f\u00fcr interne Statistiken und Forschungszwecke<\/li>\n<li><span class=\"g0-inline-suggestion\" data-g0-suggetion-diff-id=\"insertion-3242-3246\" data-feedback-type=\"grammar\">Se<\/span>Transaktionskommunikation (z. B. Kursbest\u00e4tigungen, Auftragsaktualisierungen)<\/li>\n<li><span class=\"g0-inline-suggestion\" data-g0-suggetion-diff-id=\"insertion-3325-3329\" data-feedback-type=\"grammar\">Co<\/span>Erf\u00fcllung rechtlicher Verpflichtungen oder Wahrung unserer berechtigten Interessen<\/li>\n<\/ul>\n<p>Wir verwenden Ihre personenbezogenen Daten nicht f\u00fcr Direktmarketing oder Werbezwecke, es sei denn, Sie stimmen ausdr\u00fccklich zu (z. B. f\u00fcr das Abonnieren von Newslettern, die diese Website derzeit nicht anbietet).<\/p>\n<h2><span class=\"g0-inline-suggestion\" data-g0-suggetion-diff-id=\"deletion-3601-3639\" data-feedback-type=\"grammar\">3. Informationsaustausch und Offenlegung <\/span><\/h2>\n<p>Wir werden Ihre pers\u00f6nlichen Daten nicht verkaufen, vermieten oder tauschen. Wir geben Informationen nur unter den folgenden Umst\u00e4nden weiter:<\/p>\n<ul>\n<li><span class=\"g0-inline-suggestion\" data-g0-suggetion-diff-id=\"insertion-3756-3760\" data-feedback-type=\"grammar\">Sh<\/span>Wir arbeiten mit vertrauensw\u00fcrdigen Dienstleistern zusammen (z. B. Website-Hosting, E-Mail-Dienste, Logistikpartner), die die Informationen nur f\u00fcr die Erbringung von Dienstleistungen f\u00fcr uns verwenden d\u00fcrfen und zur Vertraulichkeit verpflichtet sind.<\/li>\n<li><span class=\"g0-inline-suggestion\" data-g0-suggetion-diff-id=\"insertion-3995-3999\" data-feedback-type=\"grammar\">Sh<\/span>mit Gesch\u00e4ftspartnern (z. B. bei der Auftragsabwicklung) nur im erforderlichen Umfang.<\/li>\n<li><span class=\"g0-inline-suggestion\" data-g0-suggetion-diff-id=\"insertion-4093-4097\" data-feedback-type=\"grammar\">Di<\/span>Weitergabe an Regierungsbeh\u00f6rden, Aufsichtsbeh\u00f6rden oder Strafverfolgungsbeh\u00f6rden, wenn dies gesetzlich vorgeschrieben ist.<\/li>\n<li><span class=\"g0-inline-suggestion\" data-g0-suggetion-diff-id=\"insertion-4198-4202\" data-feedback-type=\"grammar\">Tr<\/span>als Teil eines Verm\u00f6genswertes im Rahmen von Gesch\u00e4ftstransaktionen wie Unternehmensfusionen, \u00dcbernahmen oder Verm\u00f6gens\u00fcbertragungen.<\/li>\n<li><span class=\"g0-inline-suggestion\" data-g0-suggetion-diff-id=\"insertion-4316-4320\" data-feedback-type=\"grammar\">Eine<\/span>Einzelne oder zusammengefasste Informationen k\u00f6nnen f\u00fcr statistische oder Forschungszwecke verwendet werden und identifizieren keine Einzelpersonen.<\/li>\n<li>Die Datenschutzpraktiken von Websites Dritter (z. B. Links zu Zahlungs- oder Logistikplattformen) werden von dieser Richtlinie nicht erfasst; bitte lesen Sie deren Richtlinien separat.<\/li>\n<\/ul>\n<h2><span class=\"g0-inline-suggestion\" data-g0-suggetion-diff-id=\"deletion-4610-4627\" data-feedback-type=\"grammar\">4. Datensicherheit <\/span><\/h2>\n<p>Wir setzen angemessene verwaltungstechnische, technische und physische Mittel ein, wie z. B. Firewalls, verschl\u00fcsselte Daten\u00fcbertragung und Zugangskontrollen, um Ihre pers\u00f6nlichen Daten zu sch\u00fctzen. Es ist <span class=\"g0-inline-suggestion\" data-g0-suggetion-diff-id=\"modification-4801-4811\" data-feedback-type=\"grammar\">wichtig <\/span>Wir m\u00f6chten Sie darauf hinweisen, dass die Internetumgebung nicht absolut sicher ist und wir daher keine 100% Sicherheit f\u00fcr die Daten\u00fcbertragung garantieren k\u00f6nnen. Wir empfehlen Ihnen, auch bei der Nutzung dieser Website angemessene Vorkehrungen zum Schutz Ihrer pers\u00f6nlichen Daten zu treffen. Wenn <span class=\"g0-inline-suggestion\" data-g0-suggetion-diff-id=\"modification-5068-5076\" data-feedback-type=\"grammar\">Es gibt <\/span>Wenn wir eine Datenschutzverletzung feststellen, werden wir die betroffenen Nutzer umgehend benachrichtigen. Wir werden die gesetzlichen Bestimmungen befolgen und Ma\u00dfnahmen ergreifen, um die Auswirkungen zu begrenzen.<\/p>\n<h2>5. Internationale Daten\u00fcbertragung<\/h2>\n<p>Die Server unserer Website befinden sich in China. Das bedeutet, dass die Daten, die Sie auf dieser Website eingeben, in China gespeichert und verarbeitet werden k\u00f6nnen. Wenn Sie aus der Europ\u00e4ischen Union, von au\u00dferhalb Chinas oder aus anderen Regionen mit strengen Datenschutzgesetzen kommen, m\u00fcssen Ihre Daten m\u00f6glicherweise grenz\u00fcberschreitend \u00fcbermittelt werden. Wir werden geeignete Methoden anwenden, wie z. B. Standardvertragsklauseln, um sicherzustellen, dass Ihre Daten angemessen gesch\u00fctzt werden.<\/p>\n<h3><span class=\"g0-inline-suggestion\" data-g0-suggetion-diff-id=\"deletion-5660-5663\" data-feedback-type=\"grammar\">6. <\/span> Ihre Rechte<\/h3>\n<p>Je nach den in Ihrer Region geltenden Gesetzen (z. B. der General Data Protection Regulation (GDPR), dem California Consumer Privacy Act (CCPA) oder anderen Datenschutzbestimmungen) haben Sie m\u00f6glicherweise die folgenden Rechte:<\/p>\n<ul>\n<li><span class=\"g0-inline-suggestion\" data-g0-suggetion-diff-id=\"insertion-5893-5897\" data-feedback-type=\"grammar\">Ac<\/span>Zugang zu Ihren pers\u00f6nlichen Informationen, die wir besitzen<\/li>\n<li><span class=\"g0-inline-suggestion\" data-g0-suggetion-diff-id=\"insertion-5943-5947\" data-feedback-type=\"grammar\">Co<\/span>Richtigstellung unzutreffender Informationen<\/li>\n<li><span class=\"g0-inline-suggestion\" data-g0-suggetion-diff-id=\"insertion-5981-5985\" data-feedback-type=\"grammar\">Re<\/span>Antrag auf L\u00f6schung Ihrer personenbezogenen Daten (vorbehaltlich der gesetzlichen Aufbewahrungspflichten)<\/li>\n<li><span class=\"g0-inline-suggestion\" data-g0-suggetion-diff-id=\"insertion-6074-6078\" data-feedback-type=\"grammar\">Ob<\/span>die Einschr\u00e4nkung bestimmter Verarbeitungen<\/li>\n<li><span class=\"g0-inline-suggestion\" data-g0-suggetion-diff-id=\"insertion-6125-6129\" data-feedback-type=\"grammar\">Da<\/span>\u00dcbertragbarkeit von Daten (Beschaffung von Daten in einem strukturierten Format)<\/li>\n<li>Um diese Rechte geltend zu machen, kontaktieren Sie uns bitte \u00fcber das Kontaktformular auf dieser Website oder \u00fcber die nachstehenden Kontaktinformationen.<\/li>\n<\/ul>\n<h2><span class=\"g0-inline-suggestion\" data-g0-suggetion-diff-id=\"modification-6408-6410\" data-feedback-type=\"grammar\">7.<\/span> <span class=\"g0-inline-suggestion\" data-g0-suggetion-diff-id=\"deletion-6411-6430\" data-feedback-type=\"grammar\">Datenschutz f\u00fcr Kinder <\/span><\/h2>\n<p>Diese Website ist nicht f\u00fcr Kinder unter 13 Jahren bestimmt, und wir sammeln nicht wissentlich personenbezogene Daten von Kindern. Wenn Sie glauben, dass wir versehentlich Daten von einem Kind gesammelt haben, wenden Sie sich bitte umgehend an uns, damit diese gel\u00f6scht werden.<\/p>\n<h2>8. Links von Drittanbietern<\/h2>\n<p>Diese Website kann Links zu einigen Websites Dritter enthalten. Bitte beachten Sie, dass diese Websites ihre eigenen Datenschutzrichtlinien haben und wir nicht f\u00fcr deren Datenschutzpraktiken verantwortlich sind. Wir empfehlen Ihnen, sich mit deren Richtlinien vertraut zu machen, bevor Sie sie nutzen.<\/p>\n<h2>9. \u00c4nderungen der Politik<\/h2>\n<p>Diese Richtlinie kann bei Bedarf aktualisiert werden. Bei wichtigen \u00c4nderungen werden wir Sie durch Ank\u00fcndigungen auf der Website oder per E-Mail benachrichtigen. Wenn Sie diese Website nach der Aktualisierung der Richtlinien weiter nutzen, wird davon ausgegangen, dass Sie den gesamten aktualisierten Inhalt gelesen und akzeptiert haben.<\/p>\n<h2><span class=\"g0-inline-suggestion\" data-g0-suggetion-diff-id=\"deletion-7249-7264\" data-feedback-type=\"grammar\">10. Kontakt <\/span><\/h2>\n<p>Wenn Sie Fragen oder Anmerkungen haben oder Ihre Rechte in Bezug auf diese Richtlinie aus\u00fcben m\u00f6chten, wenden Sie sich bitte an die folgenden Informationen: Unisen (Tianjin) Co., Ltd.<\/p>\n<p><span class=\"g0-inline-suggestion\" data-g0-suggetion-diff-id=\"deletion-7434-7458\" data-feedback-type=\"grammar\">Anschrift: Tianjin, China <\/span><\/p>\n<p>E-Mail: <a href=\"mailto:export@uniasen.com\">export@uniasen.com<\/a> (oder Website <a href=\"https:\/\/uniasen.com\/de\/kontakt\/\">Kontakt-Formular<\/a>)<\/p>\n<p><span class=\"g0-inline-suggestion\" data-g0-suggetion-diff-id=\"modification-7508-7516\" data-feedback-type=\"grammar\">Website:<\/span> <a href=\"https:\/\/uniasen.com\/de\/\"><span class=\"g0-inline-suggestion\" data-g0-suggetion-diff-id=\"deletion-7517-7538\" data-feedback-type=\"grammar\">https:\/\/uniasen.com\/<\/span><\/a><\/p>\n<p>Vielen Dank, dass Sie Unisen (Tianjin) Co., Ltd. Ihr Vertrauen schenken! Wir verpflichten uns zu einem verantwortungsvollen Umgang mit Ihren pers\u00f6nlichen Daten.<\/p>\n\t\t<\/div>\n\t\t\t\t\t<\/div>\n\n\t\n<\/div>\n\t\t<\/div>\n\n\t\t\n<style>\n#section_1048388850 {\n  padding-top: 60px;\n  padding-bottom: 60px;\n}\n<\/style>\n\t<\/section>","protected":false},"excerpt":{"rendered":"","protected":false},"author":10,"featured_media":0,"parent":0,"menu_order":0,"comment_status":"closed","ping_status":"closed","template":"page-blank.php","meta":{"footnotes":""},"class_list":["post-6136","page","type-page","status-publish","hentry"],"yoast_head":"<!-- This site is optimized with the Yoast SEO plugin v23.6 - https:\/\/yoast.com\/wordpress\/plugins\/seo\/ -->\n<title>Privacy Policy - UNIASEN<\/title>\n<meta name=\"robots\" content=\"index, follow, max-snippet:-1, max-image-preview:large, max-video-preview:-1\" \/>\n<link rel=\"canonical\" href=\"https:\/\/uniasen.com\/de\/datenschutzbestimmungen\/\" \/>\n<meta property=\"og:locale\" content=\"de_DE\" \/>\n<meta property=\"og:type\" content=\"article\" \/>\n<meta property=\"og:title\" content=\"Privacy Policy - UNIASEN\" \/>\n<meta property=\"og:url\" content=\"https:\/\/uniasen.com\/de\/datenschutzbestimmungen\/\" \/>\n<meta property=\"og:site_name\" content=\"UNIASEN\" \/>\n<meta property=\"article:modified_time\" content=\"2025-12-31T09:15:00+00:00\" \/>\n<meta name=\"twitter:card\" content=\"summary_large_image\" \/>\n<meta name=\"twitter:label1\" content=\"Gesch\u00e4tzte Lesezeit\" \/>\n\t<meta name=\"twitter:data1\" content=\"6\u00a0Minuten\" \/>\n<script type=\"application\/ld+json\" class=\"yoast-schema-graph\">{\"@context\":\"https:\/\/schema.org\",\"@graph\":[{\"@type\":\"WebPage\",\"@id\":\"https:\/\/uniasen.com\/privacy-policy\/\",\"url\":\"https:\/\/uniasen.com\/privacy-policy\/\",\"name\":\"Privacy Policy - UNIASEN\",\"isPartOf\":{\"@id\":\"https:\/\/uniasen.com\/#website\"},\"datePublished\":\"2025-12-31T08:27:53+00:00\",\"dateModified\":\"2025-12-31T09:15:00+00:00\",\"breadcrumb\":{\"@id\":\"https:\/\/uniasen.com\/privacy-policy\/#breadcrumb\"},\"inLanguage\":\"de\",\"potentialAction\":[{\"@type\":\"ReadAction\",\"target\":[\"https:\/\/uniasen.com\/privacy-policy\/\"]}]},{\"@type\":\"BreadcrumbList\",\"@id\":\"https:\/\/uniasen.com\/privacy-policy\/#breadcrumb\",\"itemListElement\":[{\"@type\":\"ListItem\",\"position\":1,\"name\":\"Home\",\"item\":\"https:\/\/uniasen.com\/\"},{\"@type\":\"ListItem\",\"position\":2,\"name\":\"Privacy Policy\"}]},{\"@type\":\"WebSite\",\"@id\":\"https:\/\/uniasen.com\/#website\",\"url\":\"https:\/\/uniasen.com\/\",\"name\":\"UNIASEN\",\"description\":\"\",\"publisher\":{\"@id\":\"https:\/\/uniasen.com\/#organization\"},\"potentialAction\":[{\"@type\":\"SearchAction\",\"target\":{\"@type\":\"EntryPoint\",\"urlTemplate\":\"https:\/\/uniasen.com\/?s={search_term_string}\"},\"query-input\":{\"@type\":\"PropertyValueSpecification\",\"valueRequired\":true,\"valueName\":\"search_term_string\"}}],\"inLanguage\":\"de\"},{\"@type\":\"Organization\",\"@id\":\"https:\/\/uniasen.com\/#organization\",\"name\":\"UniAsen\",\"alternateName\":\"UniAsen (Tianjin) Co., Ltd.\",\"url\":\"https:\/\/uniasen.com\/\",\"logo\":{\"@type\":\"ImageObject\",\"inLanguage\":\"de\",\"@id\":\"https:\/\/uniasen.com\/#\/schema\/logo\/image\/\",\"url\":\"https:\/\/uniasen.com\/wp-content\/uploads\/2023\/11\/UNIASEN-carbon-steel-supplier-and-expertor-in-china-LOGO.webp\",\"contentUrl\":\"https:\/\/uniasen.com\/wp-content\/uploads\/2023\/11\/UNIASEN-carbon-steel-supplier-and-expertor-in-china-LOGO.webp\",\"width\":300,\"height\":300,\"caption\":\"UniAsen\"},\"image\":{\"@id\":\"https:\/\/uniasen.com\/#\/schema\/logo\/image\/\"}}]}<\/script>\n<!-- \/ Yoast SEO plugin. -->","yoast_head_json":{"title":"Privacy Policy - UNIASEN","robots":{"index":"index","follow":"follow","max-snippet":"max-snippet:-1","max-image-preview":"max-image-preview:large","max-video-preview":"max-video-preview:-1"},"canonical":"https:\/\/uniasen.com\/de\/datenschutzbestimmungen\/","og_locale":"de_DE","og_type":"article","og_title":"Privacy Policy - UNIASEN","og_url":"https:\/\/uniasen.com\/de\/datenschutzbestimmungen\/","og_site_name":"UNIASEN","article_modified_time":"2025-12-31T09:15:00+00:00","twitter_card":"summary_large_image","twitter_misc":{"Gesch\u00e4tzte Lesezeit":"6\u00a0Minuten"},"schema":{"@context":"https:\/\/schema.org","@graph":[{"@type":"WebPage","@id":"https:\/\/uniasen.com\/privacy-policy\/","url":"https:\/\/uniasen.com\/privacy-policy\/","name":"Privacy Policy - UNIASEN","isPartOf":{"@id":"https:\/\/uniasen.com\/#website"},"datePublished":"2025-12-31T08:27:53+00:00","dateModified":"2025-12-31T09:15:00+00:00","breadcrumb":{"@id":"https:\/\/uniasen.com\/privacy-policy\/#breadcrumb"},"inLanguage":"de","potentialAction":[{"@type":"ReadAction","target":["https:\/\/uniasen.com\/privacy-policy\/"]}]},{"@type":"BreadcrumbList","@id":"https:\/\/uniasen.com\/privacy-policy\/#breadcrumb","itemListElement":[{"@type":"ListItem","position":1,"name":"Home","item":"https:\/\/uniasen.com\/"},{"@type":"ListItem","position":2,"name":"Privacy Policy"}]},{"@type":"WebSite","@id":"https:\/\/uniasen.com\/#website","url":"https:\/\/uniasen.com\/","name":"UNIASEN","description":"","publisher":{"@id":"https:\/\/uniasen.com\/#organization"},"potentialAction":[{"@type":"SearchAction","target":{"@type":"EntryPoint","urlTemplate":"https:\/\/uniasen.com\/?s={search_term_string}"},"query-input":{"@type":"PropertyValueSpecification","valueRequired":true,"valueName":"search_term_string"}}],"inLanguage":"de"},{"@type":"Organization","@id":"https:\/\/uniasen.com\/#organization","name":"UniAsen","alternateName":"UniAsen (Tianjin) Co., Ltd.","url":"https:\/\/uniasen.com\/","logo":{"@type":"ImageObject","inLanguage":"de","@id":"https:\/\/uniasen.com\/#\/schema\/logo\/image\/","url":"https:\/\/uniasen.com\/wp-content\/uploads\/2023\/11\/UNIASEN-carbon-steel-supplier-and-expertor-in-china-LOGO.webp","contentUrl":"https:\/\/uniasen.com\/wp-content\/uploads\/2023\/11\/UNIASEN-carbon-steel-supplier-and-expertor-in-china-LOGO.webp","width":300,"height":300,"caption":"UniAsen"},"image":{"@id":"https:\/\/uniasen.com\/#\/schema\/logo\/image\/"}}]}},"_links":{"self":[{"href":"https:\/\/uniasen.com\/de\/wp-json\/wp\/v2\/pages\/6136","targetHints":{"allow":["GET"]}}],"collection":[{"href":"https:\/\/uniasen.com\/de\/wp-json\/wp\/v2\/pages"}],"about":[{"href":"https:\/\/uniasen.com\/de\/wp-json\/wp\/v2\/types\/page"}],"author":[{"embeddable":true,"href":"https:\/\/uniasen.com\/de\/wp-json\/wp\/v2\/users\/10"}],"replies":[{"embeddable":true,"href":"https:\/\/uniasen.com\/de\/wp-json\/wp\/v2\/comments?post=6136"}],"version-history":[{"count":5,"href":"https:\/\/uniasen.com\/de\/wp-json\/wp\/v2\/pages\/6136\/revisions"}],"predecessor-version":[{"id":6144,"href":"https:\/\/uniasen.com\/de\/wp-json\/wp\/v2\/pages\/6136\/revisions\/6144"}],"wp:attachment":[{"href":"https:\/\/uniasen.com\/de\/wp-json\/wp\/v2\/media?parent=6136"}],"curies":[{"name":"wp","href":"https:\/\/api.w.org\/{rel}","templated":true}]}}