{"id":3016,"date":"2023-10-25T15:11:48","date_gmt":"2023-10-25T07:11:48","guid":{"rendered":"https:\/\/uniasen.com\/?page_id=3016"},"modified":"2024-05-29T13:20:40","modified_gmt":"2024-05-29T05:20:40","slug":"line-pipe","status":"publish","type":"page","link":"https:\/\/uniasen.com\/de\/produkte\/leitungsrohr\/","title":{"rendered":"Leitungsrohre"},"content":{"rendered":"<div id=\"page-header-990492410\" class=\"page-header-wrapper\">\n  <div class=\"page-title dark featured-title\">\n\n        <div class=\"page-title-bg\">\n      <div class=\"title-bg fill bg-fill\"\n        data-parallax-container=\".page-title\"\n        data-parallax-background\n data-parallax=\"-\">\n      <\/div>\n      <div class=\"title-overlay fill\"><\/div>\n    <\/div>\n    \n    <div class=\"page-title-inner container align-center flex-row medium-flex-wrap\" >\n              <div class=\"title-wrapper flex-col text-left medium-text-center\">\n          <h1 class=\"entry-title mb-0\">\n            Leitungsrohre          <\/h1>\n        <\/div>\n                    <div class=\"title-content flex-col flex-right text-right medium-text-center\">\n        <div class=\"title-breadcrumbs pb-half pt-half\"><\/div>      <\/div>\n    <\/div>\n\n     \n<style>\n#page-header-990492410 .title-bg {\n  background-image: url(https:\/\/uniasen.com\/wp-content\/uploads\/2023\/11\/Uniasen-carbon-steel-pipe-manufacturer-header.webp);\n}\n<\/style>\n  <\/div>\n    <\/div>\n  \n\t<div id=\"gap-927677990\" class=\"gap-element clearfix\" style=\"display:block; height:auto;\">\n\t\t\n<style>\n#gap-927677990 {\n  padding-top: 4%;\n}\n<\/style>\n\t<\/div>\n\t\n\n\t<section class=\"section\" id=\"section_1074021407\">\n\t\t<div class=\"section-bg fill\" >\n\t\t\t\t\t\t\t\t\t\n\t\t\t\n\n\t\t<\/div>\n\n\t\t\n\n\t\t<div class=\"section-content relative\">\n\t\t\t\n<div class=\"row align-middle\"  id=\"row-1477578285\">\n\n\t<div id=\"col-1567757500\" class=\"col medium-6 small-12 large-6\"  >\n\t\t\t\t<div class=\"col-inner\"  >\n\t\t\t\n\t\t\t\n\t<div class=\"img has-hover x md-x lg-x y md-y lg-y\" id=\"image_1910490826\">\n\t\t\t\t\t\t\t\t<div class=\"img-inner image-cover dark\" style=\"padding-top:56.25%;\">\n\t\t\t<img loading=\"lazy\" decoding=\"async\" width=\"1000\" height=\"666\" src=\"https:\/\/uniasen.com\/wp-content\/uploads\/2023\/11\/p201706261630440400348.webp\" class=\"attachment-original size-original\" alt=\"\" srcset=\"https:\/\/uniasen.com\/wp-content\/uploads\/2023\/11\/p201706261630440400348.webp 1000w, https:\/\/uniasen.com\/wp-content\/uploads\/2023\/11\/p201706261630440400348-300x200.webp 300w, https:\/\/uniasen.com\/wp-content\/uploads\/2023\/11\/p201706261630440400348-768x511.webp 768w\" sizes=\"auto, (max-width: 1000px) 100vw, 1000px\" \/>\t\t\t\t\t\t\n\t\t\t\t\t<\/div>\n\t\t\t\t\t\t\t\t\n<style>\n#image_1910490826 {\n  width: 100%;\n}\n<\/style>\n\t<\/div>\n\t\n\t\t<\/div>\n\t\t\t\t\t<\/div>\n\n\t\n\n\t<div id=\"col-2053952287\" class=\"col medium-6 small-12 large-6\"  >\n\t\t\t\t<div class=\"col-inner\"  >\n\t\t\t\n\t\t\t\n\t<div id=\"text-176701275\" class=\"text\">\n\t\t\n<h2>Hersteller von Leitungsrohren in China<\/h2>\n\t\t\n<style>\n#text-176701275 {\n  text-align: center;\n}\n@media (min-width:550px) {\n  #text-176701275 {\n    text-align: left;\n  }\n}\n<\/style>\n\t<\/div>\n\t\n<p>Unsere Leitungsrohre wurden sorgf\u00e4ltig f\u00fcr den Transport von lebenswichtigen Materialien in weitem Gel\u00e4nde entwickelt und sind daher die bevorzugte Wahl f\u00fcr den Transport von Erd\u00f6l, Erdgas, \u00d6l und Wasser.<\/p>\n<p>Gefertigt aus hochfestem Kohlenstoffstahl und unter strikter Einhaltung angesehener Normen wie API SPEC 5L, ISO 3183 und GB\/T 9711 sind unsere Leitungsrohre ein Beweis f\u00fcr Langlebigkeit und Widerstandsf\u00e4higkeit.<\/p>\n<p>Wenn Sie sich f\u00fcr UNIASEN Line Pipe entscheiden, entscheiden Sie sich nicht nur f\u00fcr ein Produkt, sondern auch f\u00fcr ein Erbe an Zuverl\u00e4ssigkeit, Langlebigkeit und unvergleichlicher Leistung.<\/p>\n\t\t<\/div>\n\t\t\t\t\t<\/div>\n\n\t\n<\/div>\n\t\t<\/div>\n\n\t\t\n<style>\n#section_1074021407 {\n  padding-top: 30px;\n  padding-bottom: 30px;\n}\n<\/style>\n\t<\/section>\n\t\n\n\t<section class=\"section\" id=\"section_1325191587\">\n\t\t<div class=\"section-bg fill\" >\n\t\t\t\t\t\t\t\t\t\n\t\t\t\n\n\t\t<\/div>\n\n\t\t\n\n\t\t<div class=\"section-content relative\">\n\t\t\t\n<div class=\"row align-middle\"  id=\"row-1019044859\">\n\n\t<div id=\"col-1652568267\" class=\"col small-12 large-12\"  >\n\t\t\t\t<div class=\"col-inner\"  >\n\t\t\t\n\t\t\t\n<h2>Gr\u00f6\u00dfen von Leitungsrohren<\/h2>\n<p>UNIASENs Leitungsrohre sind auf die unterschiedlichsten Transportanforderungen zugeschnitten.<\/p>\n<p>Erh\u00e4ltlich in Durchmessern von 2 Zoll bis zu beachtlichen 48 Zoll, sind unsere Leitungsrohre vielseitig genug, um sowohl gro\u00dfe als auch kleinere Projekte zu bew\u00e4ltigen.<\/p>\n<p>Ganz gleich, ob Sie eine Hauptleitung f\u00fcr die Lieferung von Erdgas oder kleinere, von der Hauptleitung abzweigende Rohrleitungen bauen, unsere Leitungsrohre bieten die perfekte L\u00f6sung.<\/p>\n<p>Die Dicke unserer Leitungsrohre wird sorgf\u00e4ltig durch den maximal erforderlichen Betriebsdruck bestimmt, um sicherzustellen, dass jeder Zentimeter unseres Produkts den h\u00f6chsten Standards f\u00fcr Sicherheit und Effizienz entspricht.<\/p>\n\t\t<\/div>\n\t\t\t\t\t<\/div>\n\n\t\n<\/div>\n\t\t<\/div>\n\n\t\t\n<style>\n#section_1325191587 {\n  padding-top: 6px;\n  padding-bottom: 6px;\n}\n@media (min-width:550px) {\n  #section_1325191587 {\n    padding-top: 30px;\n    padding-bottom: 30px;\n  }\n}\n<\/style>\n\t<\/section>\n\t\n\n\t<section class=\"section\" id=\"section_1247587107\">\n\t\t<div class=\"section-bg fill\" >\n\t\t\t\t\t\t\t\t\t\n\t\t\t\n\n\t\t<\/div>\n\n\t\t\n\n\t\t<div class=\"section-content relative\">\n\t\t\t\n<div class=\"row align-middle\"  id=\"row-1669971338\">\n\n\t<div id=\"col-4904654\" class=\"col medium-6 small-12 large-6\"  >\n\t\t\t\t<div class=\"col-inner\"  >\n\t\t\t\n\t\t\t\n<h2>Normen f\u00fcr Leitungsrohre<\/h2>\n<p>Unsere Leitungsrohre werden unter strenger Einhaltung weltweit anerkannter metallurgischer Spezifikationen hergestellt, darunter API SPEC 5L, ISO 3183 und GB\/T 9711.<\/p>\n<p>W\u00e4hrend API SPEC 5L eine weithin anerkannte, vom American Petroleum Institute entwickelte Spezifikation ist, unterstreichen ISO 3183 und GB\/T 9711 unser Engagement f\u00fcr internationale Standards und Qualit\u00e4tssicherung.<\/p>\n<p>Aber unser Engagement f\u00fcr Transparenz h\u00f6rt hier nicht auf. Unter diesem Abschnitt finden Sie eine umfassende Liste aller Produktionsstandards, die auf unser Produkt angewendet werden, damit Sie alle Informationen haben, die Sie f\u00fcr eine fundierte Entscheidung ben\u00f6tigen.<\/p>\n\t\t<\/div>\n\t\t\t\t\t<\/div>\n\n\t\n\n\t<div id=\"col-1981100823\" class=\"col medium-6 small-12 large-6\"  >\n\t\t\t\t<div class=\"col-inner\"  >\n\t\t\t\n\t\t\t\n\t<div class=\"img has-hover x md-x lg-x y md-y lg-y\" id=\"image_1805494609\">\n\t\t\t\t\t\t\t\t<div class=\"img-inner dark\" >\n\t\t\t<img loading=\"lazy\" decoding=\"async\" width=\"1000\" height=\"583\" src=\"https:\/\/uniasen.com\/wp-content\/uploads\/2023\/11\/The-Angola-Zambia-Refined-Petroleum-Multi-Product-AZOP-Pipeline-Project.webp\" class=\"attachment-original size-original\" alt=\"Hersteller von Leitungsrohren_Rohrleitung\" srcset=\"https:\/\/uniasen.com\/wp-content\/uploads\/2023\/11\/The-Angola-Zambia-Refined-Petroleum-Multi-Product-AZOP-Pipeline-Project.webp 1000w, https:\/\/uniasen.com\/wp-content\/uploads\/2023\/11\/The-Angola-Zambia-Refined-Petroleum-Multi-Product-AZOP-Pipeline-Project-300x175.webp 300w, https:\/\/uniasen.com\/wp-content\/uploads\/2023\/11\/The-Angola-Zambia-Refined-Petroleum-Multi-Product-AZOP-Pipeline-Project-768x448.webp 768w\" sizes=\"auto, (max-width: 1000px) 100vw, 1000px\" \/>\t\t\t\t\t\t\n\t\t\t\t\t<\/div>\n\t\t\t\t\t\t\t\t\n<style>\n#image_1805494609 {\n  width: 100%;\n}\n<\/style>\n\t<\/div>\n\t\n\t\t<\/div>\n\t\t\t\t\t<\/div>\n\n\t\n<\/div>\n\t\t<\/div>\n\n\t\t\n<style>\n#section_1247587107 {\n  padding-top: 10px;\n  padding-bottom: 10px;\n}\n@media (min-width:550px) {\n  #section_1247587107 {\n    padding-top: 30px;\n    padding-bottom: 30px;\n  }\n}\n<\/style>\n\t<\/section>\n\t\n\n\t<section class=\"section\" id=\"section_1237333277\">\n\t\t<div class=\"section-bg fill\" >\n\t\t\t\t\t\t\t\t\t<div class=\"section-bg-overlay absolute fill\"><\/div>\n\t\t\t\n\n\t\t<\/div>\n\n\t\t\n\n\t\t<div class=\"section-content relative\">\n\t\t\t\n<div class=\"row\"  id=\"row-333960\">\n\n\t<div id=\"col-256594177\" class=\"col medium-9 small-11 large-9\"  >\n\t\t\t\t<div class=\"col-inner text-center\"  >\n\t\t\t\n\t\t\t\n\t<div id=\"text-3600046091\" class=\"text\">\n\t\t\n<p><strong>UNIASEN ist bestrebt, die h\u00f6chsten Produktionsstandards in der Branche aufrechtzuerhalten.<\/strong><br \/>\n\t\t\n<style>\n#text-3600046091 {\n  text-align: center;\n  color: rgb(255, 255, 255);\n}\n#text-3600046091 > * {\n  color: rgb(255, 255, 255);\n}\n<\/style>\n\t<\/div>\n\t\n\t\t<\/div>\n\t\t\t\t\n<style>\n#col-256594177 > .col-inner {\n  margin: 22px 0px 0px 20px;\n}\n<\/style>\n\t<\/div>\n\n\t\n\n\t<div id=\"col-1107708251\" class=\"col medium-3 small-12 large-3\"  >\n\t\t\t\t<div class=\"col-inner text-center\"  >\n\t\t\t\n\t\t\t\n<a href=\"#is-pop\" class=\"button primary\"  >\n\t\t<span>Angebot einholen!<\/span>\n\t<\/a>\n\n\t\t<\/div>\n\t\t\t\t\n<style>\n#col-1107708251 > .col-inner {\n  margin: 20px 0px 0px 0px;\n}\n<\/style>\n\t<\/div>\n\n\t\n<\/div>\n\t\t<\/div>\n\n\t\t\n<style>\n#section_1237333277 {\n  padding-top: 10px;\n  padding-bottom: 10px;\n}\n#section_1237333277 .section-bg-overlay {\n  background-color: rgba(115, 109, 109, 0.5);\n}\n<\/style>\n\t<\/section>\n\t\n\n\t<section class=\"section\" id=\"section_240617325\">\n\t\t<div class=\"section-bg fill\" >\n\t\t\t\t\t\t\t\t\t\n\t\t\t\n\n\t\t<\/div>\n\n\t\t\n\n\t\t<div class=\"section-content relative\">\n\t\t\t\n<div class=\"row\"  id=\"row-724084939\">\n\n\t<div id=\"col-864799831\" class=\"col small-12 large-12\"  >\n\t\t\t\t<div class=\"col-inner\"  >\n\t\t\t\n\t\t\t\n<h2>Herstellungsverfahren f\u00fcr Leitungsrohre<\/h2>\n<p>Unsere Fertigungsverfahren, darunter SMLS (Seamless), ERW (Electric Resistance Welding), SSAW (Spiral Submerged Arc Welding) und LSAW (Longitudinal Submerged Arc Welding), gew\u00e4hrleisten, dass wir die unterschiedlichsten Anwendungen mit Pr\u00e4zision bedienen k\u00f6nnen.<\/p>\n<p>LSAW-Rohre, die f\u00fcr ihre L\u00e4ngsschwei\u00dfung und ihre hohe Druckbest\u00e4ndigkeit bekannt sind, eignen sich ideal f\u00fcr den effizienten Transport von Kohlenwasserstoffen \u00fcber lange Strecken.<\/p>\n<p>Andererseits bieten SSAW-Rohre mit ihrer spiralf\u00f6rmigen Schwei\u00dfung Flexibilit\u00e4t im Durchmesser, ohne dass ein Schneiden erforderlich ist.<\/p>\n<p>ERW-Rohre sind durch die elektrische Widerstandsschwei\u00dfung sehr effizient und gew\u00e4hrleisten eine robuste Konstruktion.<\/p>\n<p>W\u00e4hrend SSAW- und LSAW-Rohre beide dem \"JCOE- und UOE-Umformverfahren\" unterzogen werden, unterscheidet sich ihre Schwei\u00dfrichtung, wobei SSAW-Rohre in Spirallage und LSAW-Rohre in L\u00e4ngsrichtung geschwei\u00dft werden.<\/p>\n<p>Diese Unterscheidung sowie andere Faktoren wie Eigenspannung, Schwei\u00dfnahtl\u00e4nge und Geometriegenauigkeit f\u00fchren dazu, dass LSAW-Rohre bei bestimmten Anwendungen SSAW-Rohren leicht \u00fcberlegen sind.<\/p>\n\t\t<\/div>\n\t\t\t\t\t<\/div>\n\n\t\n<\/div>\n\t\t<\/div>\n\n\t\t\n<style>\n#section_240617325 {\n  padding-top: 30px;\n  padding-bottom: 30px;\n}\n<\/style>\n\t<\/section>\n\t\n\n\t<section class=\"section\" id=\"section_616823963\">\n\t\t<div class=\"section-bg fill\" >\n\t\t\t\t\t\t\t\t\t\n\t\t\t\n\n\t\t<\/div>\n\n\t\t\n\n\t\t<div class=\"section-content relative\">\n\t\t\t\n<div class=\"row\"  id=\"row-178908602\">\n\n\t<div id=\"col-1928073190\" class=\"col small-12 large-12\"  >\n\t\t\t\t<div class=\"col-inner\"  >\n\t\t\t\n\t\t\t\n<h2>Wie man das richtige Leitungsrohr ausw\u00e4hlt<\/h2>\n<p>Die Wahl des richtigen Leitungsrohrs ist entscheidend f\u00fcr den Erfolg und die Sicherheit Ihres Projekts.<\/p>\n<p>Bei der Auswahl eines Leitungsrohrs sind das Volumen des zu transportierenden Materials und der Druck, dem es standhalten muss, zu ber\u00fccksichtigen.<\/p>\n<p>F\u00fcr gro\u00dfe Projekte, wie z. B. eine Hauptleitung f\u00fcr Erdgas, sollten Sie sich f\u00fcr ein Leitungsrohr mit einem Durchmesser von 16 bis 48 Zoll entscheiden, w\u00e4hrend f\u00fcr kleinere, von der Hauptleitung abzweigende Rohrleitungen ein Durchmesser von 6 bis 16 Zoll ausreicht. Vergewissern Sie sich, dass das von Ihnen gew\u00e4hlte Leitungsrohr alle chemischen Eigenschaften, die Festigkeit, die Z\u00e4higkeit und die Dimensionen des Stahls erf\u00fcllt. Mit UNIASEN kaufen Sie nicht nur ein Produkt, sondern Sie investieren in die Sicherheit.<\/p>\n\t\t<\/div>\n\t\t\t\t\t<\/div>\n\n\t\n<\/div>\n\t\t<\/div>\n\n\t\t\n<style>\n#section_616823963 {\n  padding-top: 3px;\n  padding-bottom: 3px;\n}\n@media (min-width:550px) {\n  #section_616823963 {\n    padding-top: 30px;\n    padding-bottom: 30px;\n  }\n}\n<\/style>\n\t<\/section>","protected":false},"excerpt":{"rendered":"","protected":false},"author":3,"featured_media":0,"parent":912,"menu_order":0,"comment_status":"closed","ping_status":"closed","template":"page-blank.php","meta":{"footnotes":""},"class_list":["post-3016","page","type-page","status-publish","hentry"],"yoast_head":"<!-- This site is optimized with the Yoast SEO plugin v23.6 - https:\/\/yoast.com\/wordpress\/plugins\/seo\/ -->\n<title>ERW&amp;LSAW Line Pipe Manufacturer in China - UNIASEN<\/title>\n<meta name=\"description\" content=\"UNIASEN provides line pipes. It is usually made of high-strength steel, which is resistant to high pressure and corrosion. It is suitable for long distance transportation. Mainly used for oil, natural gas and water transportation.\" \/>\n<meta name=\"robots\" content=\"index, follow, max-snippet:-1, max-image-preview:large, max-video-preview:-1\" \/>\n<link rel=\"canonical\" href=\"https:\/\/uniasen.com\/de\/produkte\/leitungsrohr\/\" \/>\n<meta property=\"og:locale\" content=\"de_DE\" \/>\n<meta property=\"og:type\" content=\"article\" \/>\n<meta property=\"og:title\" content=\"ERW&amp;LSAW Line Pipe Manufacturer in China - UNIASEN\" \/>\n<meta property=\"og:description\" content=\"UNIASEN provides line pipes. It is usually made of high-strength steel, which is resistant to high pressure and corrosion. It is suitable for long distance transportation. Mainly used for oil, natural gas and water transportation.\" \/>\n<meta property=\"og:url\" content=\"https:\/\/uniasen.com\/de\/produkte\/leitungsrohr\/\" \/>\n<meta property=\"og:site_name\" content=\"UNIASEN\" \/>\n<meta property=\"article:modified_time\" content=\"2024-05-29T05:20:40+00:00\" \/>\n<meta name=\"twitter:card\" content=\"summary_large_image\" \/>\n<meta name=\"twitter:label1\" content=\"Gesch\u00e4tzte Lesezeit\" \/>\n\t<meta name=\"twitter:data1\" content=\"3\u00a0Minuten\" \/>\n<script type=\"application\/ld+json\" class=\"yoast-schema-graph\">{\"@context\":\"https:\/\/schema.org\",\"@graph\":[{\"@type\":\"WebPage\",\"@id\":\"https:\/\/uniasen.com\/products\/line-pipe\/\",\"url\":\"https:\/\/uniasen.com\/products\/line-pipe\/\",\"name\":\"ERW&LSAW Line Pipe Manufacturer in China - UNIASEN\",\"isPartOf\":{\"@id\":\"https:\/\/uniasen.com\/#website\"},\"datePublished\":\"2023-10-25T07:11:48+00:00\",\"dateModified\":\"2024-05-29T05:20:40+00:00\",\"description\":\"UNIASEN provides line pipes. It is usually made of high-strength steel, which is resistant to high pressure and corrosion. It is suitable for long distance transportation. Mainly used for oil, natural gas and water transportation.\",\"breadcrumb\":{\"@id\":\"https:\/\/uniasen.com\/products\/line-pipe\/#breadcrumb\"},\"inLanguage\":\"de\",\"potentialAction\":[{\"@type\":\"ReadAction\",\"target\":[\"https:\/\/uniasen.com\/products\/line-pipe\/\"]}]},{\"@type\":\"BreadcrumbList\",\"@id\":\"https:\/\/uniasen.com\/products\/line-pipe\/#breadcrumb\",\"itemListElement\":[{\"@type\":\"ListItem\",\"position\":1,\"name\":\"Home\",\"item\":\"https:\/\/uniasen.com\/\"},{\"@type\":\"ListItem\",\"position\":2,\"name\":\"products\",\"item\":\"https:\/\/uniasen.com\/products\/\"},{\"@type\":\"ListItem\",\"position\":3,\"name\":\"Line Pipe\"}]},{\"@type\":\"WebSite\",\"@id\":\"https:\/\/uniasen.com\/#website\",\"url\":\"https:\/\/uniasen.com\/\",\"name\":\"UNIASEN\",\"description\":\"\",\"publisher\":{\"@id\":\"https:\/\/uniasen.com\/#organization\"},\"potentialAction\":[{\"@type\":\"SearchAction\",\"target\":{\"@type\":\"EntryPoint\",\"urlTemplate\":\"https:\/\/uniasen.com\/?s={search_term_string}\"},\"query-input\":{\"@type\":\"PropertyValueSpecification\",\"valueRequired\":true,\"valueName\":\"search_term_string\"}}],\"inLanguage\":\"de\"},{\"@type\":\"Organization\",\"@id\":\"https:\/\/uniasen.com\/#organization\",\"name\":\"UniAsen\",\"alternateName\":\"UniAsen (Tianjin) Co., Ltd.\",\"url\":\"https:\/\/uniasen.com\/\",\"logo\":{\"@type\":\"ImageObject\",\"inLanguage\":\"de\",\"@id\":\"https:\/\/uniasen.com\/#\/schema\/logo\/image\/\",\"url\":\"https:\/\/uniasen.com\/wp-content\/uploads\/2023\/11\/UNIASEN-carbon-steel-supplier-and-expertor-in-china-LOGO.webp\",\"contentUrl\":\"https:\/\/uniasen.com\/wp-content\/uploads\/2023\/11\/UNIASEN-carbon-steel-supplier-and-expertor-in-china-LOGO.webp\",\"width\":300,\"height\":300,\"caption\":\"UniAsen\"},\"image\":{\"@id\":\"https:\/\/uniasen.com\/#\/schema\/logo\/image\/\"}}]}<\/script>\n<!-- \/ Yoast SEO plugin. -->","yoast_head_json":{"title":"ERW&LSAW Line Pipe Manufacturer in China - UNIASEN","description":"UNIASEN provides line pipes. It is usually made of high-strength steel, which is resistant to high pressure and corrosion. It is suitable for long distance transportation. Mainly used for oil, natural gas and water transportation.","robots":{"index":"index","follow":"follow","max-snippet":"max-snippet:-1","max-image-preview":"max-image-preview:large","max-video-preview":"max-video-preview:-1"},"canonical":"https:\/\/uniasen.com\/de\/produkte\/leitungsrohr\/","og_locale":"de_DE","og_type":"article","og_title":"ERW&LSAW Line Pipe Manufacturer in China - UNIASEN","og_description":"UNIASEN provides line pipes. It is usually made of high-strength steel, which is resistant to high pressure and corrosion. It is suitable for long distance transportation. Mainly used for oil, natural gas and water transportation.","og_url":"https:\/\/uniasen.com\/de\/produkte\/leitungsrohr\/","og_site_name":"UNIASEN","article_modified_time":"2024-05-29T05:20:40+00:00","twitter_card":"summary_large_image","twitter_misc":{"Gesch\u00e4tzte Lesezeit":"3\u00a0Minuten"},"schema":{"@context":"https:\/\/schema.org","@graph":[{"@type":"WebPage","@id":"https:\/\/uniasen.com\/products\/line-pipe\/","url":"https:\/\/uniasen.com\/products\/line-pipe\/","name":"ERW&LSAW Line Pipe Manufacturer in China - UNIASEN","isPartOf":{"@id":"https:\/\/uniasen.com\/#website"},"datePublished":"2023-10-25T07:11:48+00:00","dateModified":"2024-05-29T05:20:40+00:00","description":"UNIASEN provides line pipes. It is usually made of high-strength steel, which is resistant to high pressure and corrosion. It is suitable for long distance transportation. Mainly used for oil, natural gas and water transportation.","breadcrumb":{"@id":"https:\/\/uniasen.com\/products\/line-pipe\/#breadcrumb"},"inLanguage":"de","potentialAction":[{"@type":"ReadAction","target":["https:\/\/uniasen.com\/products\/line-pipe\/"]}]},{"@type":"BreadcrumbList","@id":"https:\/\/uniasen.com\/products\/line-pipe\/#breadcrumb","itemListElement":[{"@type":"ListItem","position":1,"name":"Home","item":"https:\/\/uniasen.com\/"},{"@type":"ListItem","position":2,"name":"products","item":"https:\/\/uniasen.com\/products\/"},{"@type":"ListItem","position":3,"name":"Line Pipe"}]},{"@type":"WebSite","@id":"https:\/\/uniasen.com\/#website","url":"https:\/\/uniasen.com\/","name":"UNIASEN","description":"","publisher":{"@id":"https:\/\/uniasen.com\/#organization"},"potentialAction":[{"@type":"SearchAction","target":{"@type":"EntryPoint","urlTemplate":"https:\/\/uniasen.com\/?s={search_term_string}"},"query-input":{"@type":"PropertyValueSpecification","valueRequired":true,"valueName":"search_term_string"}}],"inLanguage":"de"},{"@type":"Organization","@id":"https:\/\/uniasen.com\/#organization","name":"UniAsen","alternateName":"UniAsen (Tianjin) Co., Ltd.","url":"https:\/\/uniasen.com\/","logo":{"@type":"ImageObject","inLanguage":"de","@id":"https:\/\/uniasen.com\/#\/schema\/logo\/image\/","url":"https:\/\/uniasen.com\/wp-content\/uploads\/2023\/11\/UNIASEN-carbon-steel-supplier-and-expertor-in-china-LOGO.webp","contentUrl":"https:\/\/uniasen.com\/wp-content\/uploads\/2023\/11\/UNIASEN-carbon-steel-supplier-and-expertor-in-china-LOGO.webp","width":300,"height":300,"caption":"UniAsen"},"image":{"@id":"https:\/\/uniasen.com\/#\/schema\/logo\/image\/"}}]}},"_links":{"self":[{"href":"https:\/\/uniasen.com\/de\/wp-json\/wp\/v2\/pages\/3016","targetHints":{"allow":["GET"]}}],"collection":[{"href":"https:\/\/uniasen.com\/de\/wp-json\/wp\/v2\/pages"}],"about":[{"href":"https:\/\/uniasen.com\/de\/wp-json\/wp\/v2\/types\/page"}],"author":[{"embeddable":true,"href":"https:\/\/uniasen.com\/de\/wp-json\/wp\/v2\/users\/3"}],"replies":[{"embeddable":true,"href":"https:\/\/uniasen.com\/de\/wp-json\/wp\/v2\/comments?post=3016"}],"version-history":[{"count":24,"href":"https:\/\/uniasen.com\/de\/wp-json\/wp\/v2\/pages\/3016\/revisions"}],"predecessor-version":[{"id":4357,"href":"https:\/\/uniasen.com\/de\/wp-json\/wp\/v2\/pages\/3016\/revisions\/4357"}],"up":[{"embeddable":true,"href":"https:\/\/uniasen.com\/de\/wp-json\/wp\/v2\/pages\/912"}],"wp:attachment":[{"href":"https:\/\/uniasen.com\/de\/wp-json\/wp\/v2\/media?parent=3016"}],"curies":[{"name":"wp","href":"https:\/\/api.w.org\/{rel}","templated":true}]}}